{"id":18234,"date":"2025-04-28T13:38:16","date_gmt":"2025-04-28T13:38:16","guid":{"rendered":"https:\/\/ecenglish.com\/de\/?page_id=18234"},"modified":"2025-04-28T13:38:16","modified_gmt":"2025-04-28T13:38:16","slug":"job-seminar","status":"publish","type":"page","link":"https:\/\/ecenglish.com\/de\/job-seminar\/","title":{"rendered":"Job-Seminar"},"content":{"rendered":"","protected":false},"excerpt":{"rendered":"<p>Mach dich bereit f\u00fcr deinen Job mit unserem Job-Seminar! Lerne, wie du einen \u00fcberzeugenden Lebenslauf schreibst, selbstbewusst auf Arbeitgeber zugehst, Vorstellungsgespr\u00e4che meisterst und motiviert bleibst. Das Seminar findet zweimal im Monat statt und beinhaltet praktische Workshops, Rollenspiele und pers\u00f6nliche Beratung.<\/p>\n","protected":false},"author":38,"featured_media":18236,"parent":0,"menu_order":0,"comment_status":"closed","ping_status":"closed","template":"","meta":{"_acf_changed":false,"_trash_the_other_posts":false,"footnotes":""},"page_category":[58],"activity_category":[37],"activity_location":[204],"course_category":[],"destination_age_group":[],"destination_category":[],"lesson_category":[],"class_list":["post-18234","page","type-page","status-publish","has-post-thumbnail","hentry","page_category-travel-activities-category","activity_category-academic-workshops","activity_location-dublin"],"acf":[],"yoast_head":"<!-- This site is optimized with the Yoast SEO plugin v26.8 - https:\/\/yoast.com\/product\/yoast-seo-wordpress\/ -->\n<title>Job-Seminar - EC English ( DE )<\/title>\n<meta name=\"robots\" content=\"index, follow, max-snippet:-1, max-image-preview:large, max-video-preview:-1\" \/>\n<link rel=\"canonical\" href=\"https:\/\/ecenglish.com\/de\/job-seminar\/\" \/>\n<meta property=\"og:locale\" content=\"en_US\" \/>\n<meta property=\"og:type\" content=\"article\" \/>\n<meta property=\"og:title\" content=\"Job-Seminar - EC English ( DE )\" \/>\n<meta property=\"og:description\" content=\"Mach dich bereit f\u00fcr deinen Job mit unserem Job-Seminar! Lerne, wie du einen \u00fcberzeugenden Lebenslauf schreibst, selbstbewusst auf Arbeitgeber zugehst, Vorstellungsgespr\u00e4che meisterst und motiviert bleibst. Das Seminar findet zweimal im Monat statt und beinhaltet praktische Workshops, Rollenspiele und pers\u00f6nliche Beratung.\" \/>\n<meta property=\"og:url\" content=\"https:\/\/ecenglish.com\/de\/job-seminar\/\" \/>\n<meta property=\"og:site_name\" content=\"EC English ( DE )\" \/>\n<meta property=\"og:image\" content=\"https:\/\/ecenglish.com\/de\/wp-content\/uploads\/sites\/10\/2025\/04\/EC-Dublin-Business-workshop-1.jpg\" \/>\n\t<meta property=\"og:image:width\" content=\"1507\" \/>\n\t<meta property=\"og:image:height\" content=\"1005\" \/>\n\t<meta property=\"og:image:type\" content=\"image\/jpeg\" \/>\n<meta name=\"twitter:card\" content=\"summary_large_image\" \/>\n<meta name=\"twitter:label1\" content=\"Est. reading time\" \/>\n\t<meta name=\"twitter:data1\" content=\"1 minute\" \/>\n<script type=\"application\/ld+json\" class=\"yoast-schema-graph\">{\"@context\":\"https:\/\/schema.org\",\"@graph\":[{\"@type\":\"WebPage\",\"@id\":\"https:\/\/ecenglish.com\/de\/job-seminar\/\",\"url\":\"https:\/\/ecenglish.com\/de\/job-seminar\/\",\"name\":\"Job-Seminar - EC English ( DE )\",\"isPartOf\":{\"@id\":\"https:\/\/ecenglish.com\/de\/#website\"},\"primaryImageOfPage\":{\"@id\":\"https:\/\/ecenglish.com\/de\/job-seminar\/#primaryimage\"},\"image\":{\"@id\":\"https:\/\/ecenglish.com\/de\/job-seminar\/#primaryimage\"},\"thumbnailUrl\":\"https:\/\/ecenglish.com\/de\/wp-content\/uploads\/sites\/10\/2025\/04\/EC-Dublin-Business-workshop-1.jpg\",\"datePublished\":\"2025-04-28T13:38:16+00:00\",\"breadcrumb\":{\"@id\":\"https:\/\/ecenglish.com\/de\/job-seminar\/#breadcrumb\"},\"inLanguage\":\"en-US\",\"potentialAction\":[{\"@type\":\"ReadAction\",\"target\":[\"https:\/\/ecenglish.com\/de\/job-seminar\/\"]}]},{\"@type\":\"ImageObject\",\"inLanguage\":\"en-US\",\"@id\":\"https:\/\/ecenglish.com\/de\/job-seminar\/#primaryimage\",\"url\":\"https:\/\/ecenglish.com\/de\/wp-content\/uploads\/sites\/10\/2025\/04\/EC-Dublin-Business-workshop-1.jpg\",\"contentUrl\":\"https:\/\/ecenglish.com\/de\/wp-content\/uploads\/sites\/10\/2025\/04\/EC-Dublin-Business-workshop-1.jpg\",\"width\":1507,\"height\":1005},{\"@type\":\"BreadcrumbList\",\"@id\":\"https:\/\/ecenglish.com\/de\/job-seminar\/#breadcrumb\",\"itemListElement\":[{\"@type\":\"ListItem\",\"position\":1,\"name\":\"Home\",\"item\":\"https:\/\/ecenglish.com\/de\/\"},{\"@type\":\"ListItem\",\"position\":2,\"name\":\"Job-Seminar\"}]},{\"@type\":\"WebSite\",\"@id\":\"https:\/\/ecenglish.com\/de\/#website\",\"url\":\"https:\/\/ecenglish.com\/de\/\",\"name\":\"EC English ( DE )\",\"description\":\"\",\"potentialAction\":[{\"@type\":\"SearchAction\",\"target\":{\"@type\":\"EntryPoint\",\"urlTemplate\":\"https:\/\/ecenglish.com\/de\/?s={search_term_string}\"},\"query-input\":{\"@type\":\"PropertyValueSpecification\",\"valueRequired\":true,\"valueName\":\"search_term_string\"}}],\"inLanguage\":\"en-US\"}]}<\/script>\n<!-- \/ Yoast SEO plugin. -->","yoast_head_json":{"title":"Job-Seminar - EC English ( DE )","robots":{"index":"index","follow":"follow","max-snippet":"max-snippet:-1","max-image-preview":"max-image-preview:large","max-video-preview":"max-video-preview:-1"},"canonical":"https:\/\/ecenglish.com\/de\/job-seminar\/","og_locale":"en_US","og_type":"article","og_title":"Job-Seminar - EC English ( DE )","og_description":"Mach dich bereit f\u00fcr deinen Job mit unserem Job-Seminar! Lerne, wie du einen \u00fcberzeugenden Lebenslauf schreibst, selbstbewusst auf Arbeitgeber zugehst, Vorstellungsgespr\u00e4che meisterst und motiviert bleibst. Das Seminar findet zweimal im Monat statt und beinhaltet praktische Workshops, Rollenspiele und pers\u00f6nliche Beratung.","og_url":"https:\/\/ecenglish.com\/de\/job-seminar\/","og_site_name":"EC English ( DE )","og_image":[{"width":1507,"height":1005,"url":"https:\/\/ecenglish.com\/de\/wp-content\/uploads\/sites\/10\/2025\/04\/EC-Dublin-Business-workshop-1.jpg","type":"image\/jpeg"}],"twitter_card":"summary_large_image","twitter_misc":{"Est. reading time":"1 minute"},"schema":{"@context":"https:\/\/schema.org","@graph":[{"@type":"WebPage","@id":"https:\/\/ecenglish.com\/de\/job-seminar\/","url":"https:\/\/ecenglish.com\/de\/job-seminar\/","name":"Job-Seminar - EC English ( DE )","isPartOf":{"@id":"https:\/\/ecenglish.com\/de\/#website"},"primaryImageOfPage":{"@id":"https:\/\/ecenglish.com\/de\/job-seminar\/#primaryimage"},"image":{"@id":"https:\/\/ecenglish.com\/de\/job-seminar\/#primaryimage"},"thumbnailUrl":"https:\/\/ecenglish.com\/de\/wp-content\/uploads\/sites\/10\/2025\/04\/EC-Dublin-Business-workshop-1.jpg","datePublished":"2025-04-28T13:38:16+00:00","breadcrumb":{"@id":"https:\/\/ecenglish.com\/de\/job-seminar\/#breadcrumb"},"inLanguage":"en-US","potentialAction":[{"@type":"ReadAction","target":["https:\/\/ecenglish.com\/de\/job-seminar\/"]}]},{"@type":"ImageObject","inLanguage":"en-US","@id":"https:\/\/ecenglish.com\/de\/job-seminar\/#primaryimage","url":"https:\/\/ecenglish.com\/de\/wp-content\/uploads\/sites\/10\/2025\/04\/EC-Dublin-Business-workshop-1.jpg","contentUrl":"https:\/\/ecenglish.com\/de\/wp-content\/uploads\/sites\/10\/2025\/04\/EC-Dublin-Business-workshop-1.jpg","width":1507,"height":1005},{"@type":"BreadcrumbList","@id":"https:\/\/ecenglish.com\/de\/job-seminar\/#breadcrumb","itemListElement":[{"@type":"ListItem","position":1,"name":"Home","item":"https:\/\/ecenglish.com\/de\/"},{"@type":"ListItem","position":2,"name":"Job-Seminar"}]},{"@type":"WebSite","@id":"https:\/\/ecenglish.com\/de\/#website","url":"https:\/\/ecenglish.com\/de\/","name":"EC English ( DE )","description":"","potentialAction":[{"@type":"SearchAction","target":{"@type":"EntryPoint","urlTemplate":"https:\/\/ecenglish.com\/de\/?s={search_term_string}"},"query-input":{"@type":"PropertyValueSpecification","valueRequired":true,"valueName":"search_term_string"}}],"inLanguage":"en-US"}]}},"_links":{"self":[{"href":"https:\/\/ecenglish.com\/de\/wp-json\/wp\/v2\/pages\/18234","targetHints":{"allow":["GET"]}}],"collection":[{"href":"https:\/\/ecenglish.com\/de\/wp-json\/wp\/v2\/pages"}],"about":[{"href":"https:\/\/ecenglish.com\/de\/wp-json\/wp\/v2\/types\/page"}],"author":[{"embeddable":true,"href":"https:\/\/ecenglish.com\/de\/wp-json\/wp\/v2\/users\/38"}],"replies":[{"embeddable":true,"href":"https:\/\/ecenglish.com\/de\/wp-json\/wp\/v2\/comments?post=18234"}],"version-history":[{"count":2,"href":"https:\/\/ecenglish.com\/de\/wp-json\/wp\/v2\/pages\/18234\/revisions"}],"predecessor-version":[{"id":18251,"href":"https:\/\/ecenglish.com\/de\/wp-json\/wp\/v2\/pages\/18234\/revisions\/18251"}],"wp:featuredmedia":[{"embeddable":true,"href":"https:\/\/ecenglish.com\/de\/wp-json\/wp\/v2\/media\/18236"}],"wp:attachment":[{"href":"https:\/\/ecenglish.com\/de\/wp-json\/wp\/v2\/media?parent=18234"}],"wp:term":[{"taxonomy":"page_category","embeddable":true,"href":"https:\/\/ecenglish.com\/de\/wp-json\/wp\/v2\/page_category?post=18234"},{"taxonomy":"activity_category","embeddable":true,"href":"https:\/\/ecenglish.com\/de\/wp-json\/wp\/v2\/activity_category?post=18234"},{"taxonomy":"activity_location","embeddable":true,"href":"https:\/\/ecenglish.com\/de\/wp-json\/wp\/v2\/activity_location?post=18234"},{"taxonomy":"course_category","embeddable":true,"href":"https:\/\/ecenglish.com\/de\/wp-json\/wp\/v2\/course_category?post=18234"},{"taxonomy":"destination_age_group","embeddable":true,"href":"https:\/\/ecenglish.com\/de\/wp-json\/wp\/v2\/destination_age_group?post=18234"},{"taxonomy":"destination_category","embeddable":true,"href":"https:\/\/ecenglish.com\/de\/wp-json\/wp\/v2\/destination_category?post=18234"},{"taxonomy":"lesson_category","embeddable":true,"href":"https:\/\/ecenglish.com\/de\/wp-json\/wp\/v2\/lesson_category?post=18234"}],"curies":[{"name":"wp","href":"https:\/\/api.w.org\/{rel}","templated":true}]}}