{"id":19901,"date":"2026-02-05T11:11:24","date_gmt":"2026-02-05T11:11:24","guid":{"rendered":"https:\/\/ecenglish.com\/de\/?page_id=19901"},"modified":"2026-02-05T11:11:24","modified_gmt":"2026-02-05T11:11:24","slug":"guided-tours","status":"publish","type":"page","link":"https:\/\/ecenglish.com\/de\/travel-activities\/guided-tours\/","title":{"rendered":"Maltesisches Abendessen"},"content":{"rendered":"","protected":false},"excerpt":{"rendered":"<p>Genie\u00dfen Sie ein traditionelles maltesisches Abendessen mit lokalen Gerichten. Teilen Sie eine Mahlzeit mit Ihren Mitsch\u00fclern, lernen Sie mehr \u00fcber maltesisches Essen und genie\u00dfen Sie gute Gespr\u00e4che in entspannter Atmosph\u00e4re.<\/p>\n","protected":false},"author":11,"featured_media":19967,"parent":2241,"menu_order":0,"comment_status":"closed","ping_status":"closed","template":"","meta":{"_acf_changed":false,"_trash_the_other_posts":false,"footnotes":""},"page_category":[58],"activity_category":[40],"activity_location":[43],"course_category":[],"destination_age_group":[],"destination_category":[],"lesson_category":[],"class_list":["post-19901","page","type-page","status-publish","has-post-thumbnail","hentry","page_category-travel-activities-category","activity_category-sightseeing-culture","activity_location-malta"],"acf":[],"yoast_head":"<!-- This site is optimized with the Yoast SEO plugin v26.8 - https:\/\/yoast.com\/product\/yoast-seo-wordpress\/ -->\n<title>Maltesisches Abendessen - EC English ( DE )<\/title>\n<meta name=\"robots\" content=\"index, follow, max-snippet:-1, max-image-preview:large, max-video-preview:-1\" \/>\n<link rel=\"canonical\" href=\"https:\/\/ecenglish.com\/de\/travel-activities\/guided-tours\/\" \/>\n<meta property=\"og:locale\" content=\"en_US\" \/>\n<meta property=\"og:type\" content=\"article\" \/>\n<meta property=\"og:title\" content=\"Maltesisches Abendessen - EC English ( DE )\" \/>\n<meta property=\"og:description\" content=\"Genie\u00dfen Sie ein traditionelles maltesisches Abendessen mit lokalen Gerichten. Teilen Sie eine Mahlzeit mit Ihren Mitsch\u00fclern, lernen Sie mehr \u00fcber maltesisches Essen und genie\u00dfen Sie gute Gespr\u00e4che in entspannter Atmosph\u00e4re.\" \/>\n<meta property=\"og:url\" content=\"https:\/\/ecenglish.com\/de\/travel-activities\/guided-tours\/\" \/>\n<meta property=\"og:site_name\" content=\"EC English ( DE )\" \/>\n<meta property=\"og:image\" content=\"https:\/\/ecenglish.com\/de\/wp-content\/uploads\/sites\/10\/2026\/02\/malta-food-activity.webp\" \/>\n\t<meta property=\"og:image:width\" content=\"1536\" \/>\n\t<meta property=\"og:image:height\" content=\"1024\" \/>\n\t<meta property=\"og:image:type\" content=\"image\/webp\" \/>\n<meta name=\"twitter:card\" content=\"summary_large_image\" \/>\n<meta name=\"twitter:label1\" content=\"Est. reading time\" \/>\n\t<meta name=\"twitter:data1\" content=\"1 minute\" \/>\n<script type=\"application\/ld+json\" class=\"yoast-schema-graph\">{\"@context\":\"https:\/\/schema.org\",\"@graph\":[{\"@type\":\"WebPage\",\"@id\":\"https:\/\/ecenglish.com\/de\/travel-activities\/guided-tours\/\",\"url\":\"https:\/\/ecenglish.com\/de\/travel-activities\/guided-tours\/\",\"name\":\"Maltesisches Abendessen - EC English ( DE )\",\"isPartOf\":{\"@id\":\"https:\/\/ecenglish.com\/de\/#website\"},\"primaryImageOfPage\":{\"@id\":\"https:\/\/ecenglish.com\/de\/travel-activities\/guided-tours\/#primaryimage\"},\"image\":{\"@id\":\"https:\/\/ecenglish.com\/de\/travel-activities\/guided-tours\/#primaryimage\"},\"thumbnailUrl\":\"https:\/\/ecenglish.com\/de\/wp-content\/uploads\/sites\/10\/2026\/02\/malta-food-activity.webp\",\"datePublished\":\"2026-02-05T11:11:24+00:00\",\"breadcrumb\":{\"@id\":\"https:\/\/ecenglish.com\/de\/travel-activities\/guided-tours\/#breadcrumb\"},\"inLanguage\":\"en-US\",\"potentialAction\":[{\"@type\":\"ReadAction\",\"target\":[\"https:\/\/ecenglish.com\/de\/travel-activities\/guided-tours\/\"]}]},{\"@type\":\"ImageObject\",\"inLanguage\":\"en-US\",\"@id\":\"https:\/\/ecenglish.com\/de\/travel-activities\/guided-tours\/#primaryimage\",\"url\":\"https:\/\/ecenglish.com\/de\/wp-content\/uploads\/sites\/10\/2026\/02\/malta-food-activity.webp\",\"contentUrl\":\"https:\/\/ecenglish.com\/de\/wp-content\/uploads\/sites\/10\/2026\/02\/malta-food-activity.webp\",\"width\":1536,\"height\":1024},{\"@type\":\"BreadcrumbList\",\"@id\":\"https:\/\/ecenglish.com\/de\/travel-activities\/guided-tours\/#breadcrumb\",\"itemListElement\":[{\"@type\":\"ListItem\",\"position\":1,\"name\":\"Home\",\"item\":\"https:\/\/ecenglish.com\/de\/\"},{\"@type\":\"ListItem\",\"position\":2,\"name\":\"Travel Activities\",\"item\":\"https:\/\/ecenglish.com\/de\/travel-activities\/\"},{\"@type\":\"ListItem\",\"position\":3,\"name\":\"Maltesisches Abendessen\"}]},{\"@type\":\"WebSite\",\"@id\":\"https:\/\/ecenglish.com\/de\/#website\",\"url\":\"https:\/\/ecenglish.com\/de\/\",\"name\":\"EC English ( DE )\",\"description\":\"\",\"potentialAction\":[{\"@type\":\"SearchAction\",\"target\":{\"@type\":\"EntryPoint\",\"urlTemplate\":\"https:\/\/ecenglish.com\/de\/?s={search_term_string}\"},\"query-input\":{\"@type\":\"PropertyValueSpecification\",\"valueRequired\":true,\"valueName\":\"search_term_string\"}}],\"inLanguage\":\"en-US\"}]}<\/script>\n<!-- \/ Yoast SEO plugin. -->","yoast_head_json":{"title":"Maltesisches Abendessen - EC English ( DE )","robots":{"index":"index","follow":"follow","max-snippet":"max-snippet:-1","max-image-preview":"max-image-preview:large","max-video-preview":"max-video-preview:-1"},"canonical":"https:\/\/ecenglish.com\/de\/travel-activities\/guided-tours\/","og_locale":"en_US","og_type":"article","og_title":"Maltesisches Abendessen - EC English ( DE )","og_description":"Genie\u00dfen Sie ein traditionelles maltesisches Abendessen mit lokalen Gerichten. Teilen Sie eine Mahlzeit mit Ihren Mitsch\u00fclern, lernen Sie mehr \u00fcber maltesisches Essen und genie\u00dfen Sie gute Gespr\u00e4che in entspannter Atmosph\u00e4re.","og_url":"https:\/\/ecenglish.com\/de\/travel-activities\/guided-tours\/","og_site_name":"EC English ( DE )","og_image":[{"width":1536,"height":1024,"url":"https:\/\/ecenglish.com\/de\/wp-content\/uploads\/sites\/10\/2026\/02\/malta-food-activity.webp","type":"image\/webp"}],"twitter_card":"summary_large_image","twitter_misc":{"Est. reading time":"1 minute"},"schema":{"@context":"https:\/\/schema.org","@graph":[{"@type":"WebPage","@id":"https:\/\/ecenglish.com\/de\/travel-activities\/guided-tours\/","url":"https:\/\/ecenglish.com\/de\/travel-activities\/guided-tours\/","name":"Maltesisches Abendessen - EC English ( DE )","isPartOf":{"@id":"https:\/\/ecenglish.com\/de\/#website"},"primaryImageOfPage":{"@id":"https:\/\/ecenglish.com\/de\/travel-activities\/guided-tours\/#primaryimage"},"image":{"@id":"https:\/\/ecenglish.com\/de\/travel-activities\/guided-tours\/#primaryimage"},"thumbnailUrl":"https:\/\/ecenglish.com\/de\/wp-content\/uploads\/sites\/10\/2026\/02\/malta-food-activity.webp","datePublished":"2026-02-05T11:11:24+00:00","breadcrumb":{"@id":"https:\/\/ecenglish.com\/de\/travel-activities\/guided-tours\/#breadcrumb"},"inLanguage":"en-US","potentialAction":[{"@type":"ReadAction","target":["https:\/\/ecenglish.com\/de\/travel-activities\/guided-tours\/"]}]},{"@type":"ImageObject","inLanguage":"en-US","@id":"https:\/\/ecenglish.com\/de\/travel-activities\/guided-tours\/#primaryimage","url":"https:\/\/ecenglish.com\/de\/wp-content\/uploads\/sites\/10\/2026\/02\/malta-food-activity.webp","contentUrl":"https:\/\/ecenglish.com\/de\/wp-content\/uploads\/sites\/10\/2026\/02\/malta-food-activity.webp","width":1536,"height":1024},{"@type":"BreadcrumbList","@id":"https:\/\/ecenglish.com\/de\/travel-activities\/guided-tours\/#breadcrumb","itemListElement":[{"@type":"ListItem","position":1,"name":"Home","item":"https:\/\/ecenglish.com\/de\/"},{"@type":"ListItem","position":2,"name":"Travel Activities","item":"https:\/\/ecenglish.com\/de\/travel-activities\/"},{"@type":"ListItem","position":3,"name":"Maltesisches Abendessen"}]},{"@type":"WebSite","@id":"https:\/\/ecenglish.com\/de\/#website","url":"https:\/\/ecenglish.com\/de\/","name":"EC English ( DE )","description":"","potentialAction":[{"@type":"SearchAction","target":{"@type":"EntryPoint","urlTemplate":"https:\/\/ecenglish.com\/de\/?s={search_term_string}"},"query-input":{"@type":"PropertyValueSpecification","valueRequired":true,"valueName":"search_term_string"}}],"inLanguage":"en-US"}]}},"_links":{"self":[{"href":"https:\/\/ecenglish.com\/de\/wp-json\/wp\/v2\/pages\/19901","targetHints":{"allow":["GET"]}}],"collection":[{"href":"https:\/\/ecenglish.com\/de\/wp-json\/wp\/v2\/pages"}],"about":[{"href":"https:\/\/ecenglish.com\/de\/wp-json\/wp\/v2\/types\/page"}],"author":[{"embeddable":true,"href":"https:\/\/ecenglish.com\/de\/wp-json\/wp\/v2\/users\/11"}],"replies":[{"embeddable":true,"href":"https:\/\/ecenglish.com\/de\/wp-json\/wp\/v2\/comments?post=19901"}],"version-history":[{"count":3,"href":"https:\/\/ecenglish.com\/de\/wp-json\/wp\/v2\/pages\/19901\/revisions"}],"predecessor-version":[{"id":19915,"href":"https:\/\/ecenglish.com\/de\/wp-json\/wp\/v2\/pages\/19901\/revisions\/19915"}],"up":[{"embeddable":true,"href":"https:\/\/ecenglish.com\/de\/wp-json\/wp\/v2\/pages\/2241"}],"wp:featuredmedia":[{"embeddable":true,"href":"https:\/\/ecenglish.com\/de\/wp-json\/wp\/v2\/media\/19967"}],"wp:attachment":[{"href":"https:\/\/ecenglish.com\/de\/wp-json\/wp\/v2\/media?parent=19901"}],"wp:term":[{"taxonomy":"page_category","embeddable":true,"href":"https:\/\/ecenglish.com\/de\/wp-json\/wp\/v2\/page_category?post=19901"},{"taxonomy":"activity_category","embeddable":true,"href":"https:\/\/ecenglish.com\/de\/wp-json\/wp\/v2\/activity_category?post=19901"},{"taxonomy":"activity_location","embeddable":true,"href":"https:\/\/ecenglish.com\/de\/wp-json\/wp\/v2\/activity_location?post=19901"},{"taxonomy":"course_category","embeddable":true,"href":"https:\/\/ecenglish.com\/de\/wp-json\/wp\/v2\/course_category?post=19901"},{"taxonomy":"destination_age_group","embeddable":true,"href":"https:\/\/ecenglish.com\/de\/wp-json\/wp\/v2\/destination_age_group?post=19901"},{"taxonomy":"destination_category","embeddable":true,"href":"https:\/\/ecenglish.com\/de\/wp-json\/wp\/v2\/destination_category?post=19901"},{"taxonomy":"lesson_category","embeddable":true,"href":"https:\/\/ecenglish.com\/de\/wp-json\/wp\/v2\/lesson_category?post=19901"}],"curies":[{"name":"wp","href":"https:\/\/api.w.org\/{rel}","templated":true}]}}