{"id":19903,"date":"2026-02-05T11:09:58","date_gmt":"2026-02-05T11:09:58","guid":{"rendered":"https:\/\/ecenglish.com\/de\/?page_id=19903"},"modified":"2026-02-05T11:09:59","modified_gmt":"2026-02-05T11:09:59","slug":"sport-activities","status":"publish","type":"page","link":"https:\/\/ecenglish.com\/de\/travel-activities\/sport-activities\/","title":{"rendered":"Sportaktivit\u00e4ten"},"content":{"rendered":"","protected":false},"excerpt":{"rendered":"<p>Bleiben Sie aktiv und haben Sie Spa\u00df bei unseren Sportaktivit\u00e4ten. Spielen Sie Spiele, probieren Sie neue Sportarten aus und genie\u00dfen Sie die Zeit im Freien mit anderen Studierenden. Sport ist ideal, um nach dem Unterricht zu entspannen und Englisch ganz nat\u00fcrlich zu sprechen.<\/p>\n","protected":false},"author":11,"featured_media":19966,"parent":2241,"menu_order":0,"comment_status":"closed","ping_status":"closed","template":"","meta":{"_acf_changed":false,"_trash_the_other_posts":false,"footnotes":""},"page_category":[58],"activity_category":[40],"activity_location":[43],"course_category":[],"destination_age_group":[],"destination_category":[],"lesson_category":[],"class_list":["post-19903","page","type-page","status-publish","has-post-thumbnail","hentry","page_category-travel-activities-category","activity_category-sightseeing-culture","activity_location-malta"],"acf":[],"yoast_head":"<!-- This site is optimized with the Yoast SEO plugin v26.8 - https:\/\/yoast.com\/product\/yoast-seo-wordpress\/ -->\n<title>Sportaktivit\u00e4ten - EC English ( DE )<\/title>\n<meta name=\"robots\" content=\"index, follow, max-snippet:-1, max-image-preview:large, max-video-preview:-1\" \/>\n<link rel=\"canonical\" href=\"https:\/\/ecenglish.com\/de\/travel-activities\/sport-activities\/\" \/>\n<meta property=\"og:locale\" content=\"en_US\" \/>\n<meta property=\"og:type\" content=\"article\" \/>\n<meta property=\"og:title\" content=\"Sportaktivit\u00e4ten - EC English ( DE )\" \/>\n<meta property=\"og:description\" content=\"Bleiben Sie aktiv und haben Sie Spa\u00df bei unseren Sportaktivit\u00e4ten. Spielen Sie Spiele, probieren Sie neue Sportarten aus und genie\u00dfen Sie die Zeit im Freien mit anderen Studierenden. Sport ist ideal, um nach dem Unterricht zu entspannen und Englisch ganz nat\u00fcrlich zu sprechen.\" \/>\n<meta property=\"og:url\" content=\"https:\/\/ecenglish.com\/de\/travel-activities\/sport-activities\/\" \/>\n<meta property=\"og:site_name\" content=\"EC English ( DE )\" \/>\n<meta property=\"article:modified_time\" content=\"2026-02-05T11:09:59+00:00\" \/>\n<meta property=\"og:image\" content=\"https:\/\/ecenglish.com\/de\/wp-content\/uploads\/sites\/10\/2026\/02\/malta-sports-activities-scaled.jpg\" \/>\n\t<meta property=\"og:image:width\" content=\"1920\" \/>\n\t<meta property=\"og:image:height\" content=\"2560\" \/>\n\t<meta property=\"og:image:type\" content=\"image\/jpeg\" \/>\n<meta name=\"twitter:card\" content=\"summary_large_image\" \/>\n<meta name=\"twitter:label1\" content=\"Est. reading time\" \/>\n\t<meta name=\"twitter:data1\" content=\"1 minute\" \/>\n<script type=\"application\/ld+json\" class=\"yoast-schema-graph\">{\"@context\":\"https:\/\/schema.org\",\"@graph\":[{\"@type\":\"WebPage\",\"@id\":\"https:\/\/ecenglish.com\/de\/travel-activities\/sport-activities\/\",\"url\":\"https:\/\/ecenglish.com\/de\/travel-activities\/sport-activities\/\",\"name\":\"Sportaktivit\u00e4ten - EC English ( DE )\",\"isPartOf\":{\"@id\":\"https:\/\/ecenglish.com\/de\/#website\"},\"primaryImageOfPage\":{\"@id\":\"https:\/\/ecenglish.com\/de\/travel-activities\/sport-activities\/#primaryimage\"},\"image\":{\"@id\":\"https:\/\/ecenglish.com\/de\/travel-activities\/sport-activities\/#primaryimage\"},\"thumbnailUrl\":\"https:\/\/ecenglish.com\/de\/wp-content\/uploads\/sites\/10\/2026\/02\/malta-sports-activities-scaled.jpg\",\"datePublished\":\"2026-02-05T11:09:58+00:00\",\"dateModified\":\"2026-02-05T11:09:59+00:00\",\"breadcrumb\":{\"@id\":\"https:\/\/ecenglish.com\/de\/travel-activities\/sport-activities\/#breadcrumb\"},\"inLanguage\":\"en-US\",\"potentialAction\":[{\"@type\":\"ReadAction\",\"target\":[\"https:\/\/ecenglish.com\/de\/travel-activities\/sport-activities\/\"]}]},{\"@type\":\"ImageObject\",\"inLanguage\":\"en-US\",\"@id\":\"https:\/\/ecenglish.com\/de\/travel-activities\/sport-activities\/#primaryimage\",\"url\":\"https:\/\/ecenglish.com\/de\/wp-content\/uploads\/sites\/10\/2026\/02\/malta-sports-activities-scaled.jpg\",\"contentUrl\":\"https:\/\/ecenglish.com\/de\/wp-content\/uploads\/sites\/10\/2026\/02\/malta-sports-activities-scaled.jpg\",\"width\":1920,\"height\":2560,\"caption\":\"sports\"},{\"@type\":\"BreadcrumbList\",\"@id\":\"https:\/\/ecenglish.com\/de\/travel-activities\/sport-activities\/#breadcrumb\",\"itemListElement\":[{\"@type\":\"ListItem\",\"position\":1,\"name\":\"Home\",\"item\":\"https:\/\/ecenglish.com\/de\/\"},{\"@type\":\"ListItem\",\"position\":2,\"name\":\"Travel Activities\",\"item\":\"https:\/\/ecenglish.com\/de\/travel-activities\/\"},{\"@type\":\"ListItem\",\"position\":3,\"name\":\"Sportaktivit\u00e4ten\"}]},{\"@type\":\"WebSite\",\"@id\":\"https:\/\/ecenglish.com\/de\/#website\",\"url\":\"https:\/\/ecenglish.com\/de\/\",\"name\":\"EC English ( DE )\",\"description\":\"\",\"potentialAction\":[{\"@type\":\"SearchAction\",\"target\":{\"@type\":\"EntryPoint\",\"urlTemplate\":\"https:\/\/ecenglish.com\/de\/?s={search_term_string}\"},\"query-input\":{\"@type\":\"PropertyValueSpecification\",\"valueRequired\":true,\"valueName\":\"search_term_string\"}}],\"inLanguage\":\"en-US\"}]}<\/script>\n<!-- \/ Yoast SEO plugin. -->","yoast_head_json":{"title":"Sportaktivit\u00e4ten - EC English ( DE )","robots":{"index":"index","follow":"follow","max-snippet":"max-snippet:-1","max-image-preview":"max-image-preview:large","max-video-preview":"max-video-preview:-1"},"canonical":"https:\/\/ecenglish.com\/de\/travel-activities\/sport-activities\/","og_locale":"en_US","og_type":"article","og_title":"Sportaktivit\u00e4ten - EC English ( DE )","og_description":"Bleiben Sie aktiv und haben Sie Spa\u00df bei unseren Sportaktivit\u00e4ten. Spielen Sie Spiele, probieren Sie neue Sportarten aus und genie\u00dfen Sie die Zeit im Freien mit anderen Studierenden. Sport ist ideal, um nach dem Unterricht zu entspannen und Englisch ganz nat\u00fcrlich zu sprechen.","og_url":"https:\/\/ecenglish.com\/de\/travel-activities\/sport-activities\/","og_site_name":"EC English ( DE )","article_modified_time":"2026-02-05T11:09:59+00:00","og_image":[{"width":1920,"height":2560,"url":"https:\/\/ecenglish.com\/de\/wp-content\/uploads\/sites\/10\/2026\/02\/malta-sports-activities-scaled.jpg","type":"image\/jpeg"}],"twitter_card":"summary_large_image","twitter_misc":{"Est. reading time":"1 minute"},"schema":{"@context":"https:\/\/schema.org","@graph":[{"@type":"WebPage","@id":"https:\/\/ecenglish.com\/de\/travel-activities\/sport-activities\/","url":"https:\/\/ecenglish.com\/de\/travel-activities\/sport-activities\/","name":"Sportaktivit\u00e4ten - EC English ( DE )","isPartOf":{"@id":"https:\/\/ecenglish.com\/de\/#website"},"primaryImageOfPage":{"@id":"https:\/\/ecenglish.com\/de\/travel-activities\/sport-activities\/#primaryimage"},"image":{"@id":"https:\/\/ecenglish.com\/de\/travel-activities\/sport-activities\/#primaryimage"},"thumbnailUrl":"https:\/\/ecenglish.com\/de\/wp-content\/uploads\/sites\/10\/2026\/02\/malta-sports-activities-scaled.jpg","datePublished":"2026-02-05T11:09:58+00:00","dateModified":"2026-02-05T11:09:59+00:00","breadcrumb":{"@id":"https:\/\/ecenglish.com\/de\/travel-activities\/sport-activities\/#breadcrumb"},"inLanguage":"en-US","potentialAction":[{"@type":"ReadAction","target":["https:\/\/ecenglish.com\/de\/travel-activities\/sport-activities\/"]}]},{"@type":"ImageObject","inLanguage":"en-US","@id":"https:\/\/ecenglish.com\/de\/travel-activities\/sport-activities\/#primaryimage","url":"https:\/\/ecenglish.com\/de\/wp-content\/uploads\/sites\/10\/2026\/02\/malta-sports-activities-scaled.jpg","contentUrl":"https:\/\/ecenglish.com\/de\/wp-content\/uploads\/sites\/10\/2026\/02\/malta-sports-activities-scaled.jpg","width":1920,"height":2560,"caption":"sports"},{"@type":"BreadcrumbList","@id":"https:\/\/ecenglish.com\/de\/travel-activities\/sport-activities\/#breadcrumb","itemListElement":[{"@type":"ListItem","position":1,"name":"Home","item":"https:\/\/ecenglish.com\/de\/"},{"@type":"ListItem","position":2,"name":"Travel Activities","item":"https:\/\/ecenglish.com\/de\/travel-activities\/"},{"@type":"ListItem","position":3,"name":"Sportaktivit\u00e4ten"}]},{"@type":"WebSite","@id":"https:\/\/ecenglish.com\/de\/#website","url":"https:\/\/ecenglish.com\/de\/","name":"EC English ( DE )","description":"","potentialAction":[{"@type":"SearchAction","target":{"@type":"EntryPoint","urlTemplate":"https:\/\/ecenglish.com\/de\/?s={search_term_string}"},"query-input":{"@type":"PropertyValueSpecification","valueRequired":true,"valueName":"search_term_string"}}],"inLanguage":"en-US"}]}},"_links":{"self":[{"href":"https:\/\/ecenglish.com\/de\/wp-json\/wp\/v2\/pages\/19903","targetHints":{"allow":["GET"]}}],"collection":[{"href":"https:\/\/ecenglish.com\/de\/wp-json\/wp\/v2\/pages"}],"about":[{"href":"https:\/\/ecenglish.com\/de\/wp-json\/wp\/v2\/types\/page"}],"author":[{"embeddable":true,"href":"https:\/\/ecenglish.com\/de\/wp-json\/wp\/v2\/users\/11"}],"replies":[{"embeddable":true,"href":"https:\/\/ecenglish.com\/de\/wp-json\/wp\/v2\/comments?post=19903"}],"version-history":[{"count":2,"href":"https:\/\/ecenglish.com\/de\/wp-json\/wp\/v2\/pages\/19903\/revisions"}],"predecessor-version":[{"id":19912,"href":"https:\/\/ecenglish.com\/de\/wp-json\/wp\/v2\/pages\/19903\/revisions\/19912"}],"up":[{"embeddable":true,"href":"https:\/\/ecenglish.com\/de\/wp-json\/wp\/v2\/pages\/2241"}],"wp:featuredmedia":[{"embeddable":true,"href":"https:\/\/ecenglish.com\/de\/wp-json\/wp\/v2\/media\/19966"}],"wp:attachment":[{"href":"https:\/\/ecenglish.com\/de\/wp-json\/wp\/v2\/media?parent=19903"}],"wp:term":[{"taxonomy":"page_category","embeddable":true,"href":"https:\/\/ecenglish.com\/de\/wp-json\/wp\/v2\/page_category?post=19903"},{"taxonomy":"activity_category","embeddable":true,"href":"https:\/\/ecenglish.com\/de\/wp-json\/wp\/v2\/activity_category?post=19903"},{"taxonomy":"activity_location","embeddable":true,"href":"https:\/\/ecenglish.com\/de\/wp-json\/wp\/v2\/activity_location?post=19903"},{"taxonomy":"course_category","embeddable":true,"href":"https:\/\/ecenglish.com\/de\/wp-json\/wp\/v2\/course_category?post=19903"},{"taxonomy":"destination_age_group","embeddable":true,"href":"https:\/\/ecenglish.com\/de\/wp-json\/wp\/v2\/destination_age_group?post=19903"},{"taxonomy":"destination_category","embeddable":true,"href":"https:\/\/ecenglish.com\/de\/wp-json\/wp\/v2\/destination_category?post=19903"},{"taxonomy":"lesson_category","embeddable":true,"href":"https:\/\/ecenglish.com\/de\/wp-json\/wp\/v2\/lesson_category?post=19903"}],"curies":[{"name":"wp","href":"https:\/\/api.w.org\/{rel}","templated":true}]}}