{"id":3787,"date":"2025-01-20T14:35:05","date_gmt":"2025-01-20T14:35:05","guid":{"rendered":"https:\/\/ecenglish.com\/de\/?page_id=3787"},"modified":"2025-02-05T11:43:30","modified_gmt":"2025-02-05T11:43:30","slug":"la-jolla","status":"publish","type":"page","link":"https:\/\/ecenglish.com\/de\/travel-activities\/la-jolla\/","title":{"rendered":"La Jolla"},"content":{"rendered":"","protected":false},"excerpt":{"rendered":"<p>La Jolla ist ein wundersch\u00f6ner Ort in San Diego. Hier gibt es viele schicke Gesch\u00e4fte, Restaurants und Kunstgalerien. Man kann Robben beim Spielen im Wasser beobachten, an sch\u00f6nen Str\u00e4nden spazieren gehen und die Aussicht von den Klippen aus genie\u00dfen.<\/p>\n","protected":false},"author":9,"featured_media":3807,"parent":2241,"menu_order":0,"comment_status":"closed","ping_status":"closed","template":"","meta":{"_acf_changed":false,"_trash_the_other_posts":false,"footnotes":""},"page_category":[58],"activity_category":[40,42],"activity_location":[199,197],"course_category":[],"destination_age_group":[],"destination_category":[],"lesson_category":[],"class_list":["post-3787","page","type-page","status-publish","has-post-thumbnail","hentry","page_category-travel-activities-category","activity_category-sightseeing-culture","activity_category-sports-outdoor","activity_location-san-diego","activity_location-usa"],"acf":[],"yoast_head":"<!-- This site is optimized with the Yoast SEO plugin v26.8 - https:\/\/yoast.com\/product\/yoast-seo-wordpress\/ -->\n<title>La Jolla - EC English ( DE )<\/title>\n<meta name=\"robots\" content=\"noindex, follow\" \/>\n<meta property=\"og:locale\" content=\"en_US\" \/>\n<meta property=\"og:type\" content=\"article\" \/>\n<meta property=\"og:title\" content=\"La Jolla - EC English ( DE )\" \/>\n<meta property=\"og:description\" content=\"La Jolla ist ein wundersch\u00f6ner Ort in San Diego. Hier gibt es viele schicke Gesch\u00e4fte, Restaurants und Kunstgalerien. Man kann Robben beim Spielen im Wasser beobachten, an sch\u00f6nen Str\u00e4nden spazieren gehen und die Aussicht von den Klippen aus genie\u00dfen.\" \/>\n<meta property=\"og:url\" content=\"https:\/\/ecenglish.com\/de\/travel-activities\/la-jolla\/\" \/>\n<meta property=\"og:site_name\" content=\"EC English ( DE )\" \/>\n<meta property=\"article:modified_time\" content=\"2025-02-05T11:43:30+00:00\" \/>\n<meta property=\"og:image\" content=\"https:\/\/ecenglish.com\/de\/wp-content\/uploads\/sites\/10\/2025\/01\/La-Jolla-3.jpg\" \/>\n\t<meta property=\"og:image:width\" content=\"5140\" \/>\n\t<meta property=\"og:image:height\" content=\"2882\" \/>\n\t<meta property=\"og:image:type\" content=\"image\/jpeg\" \/>\n<meta name=\"twitter:card\" content=\"summary_large_image\" \/>\n<meta name=\"twitter:label1\" content=\"Est. reading time\" \/>\n\t<meta name=\"twitter:data1\" content=\"1 minute\" \/>\n<script type=\"application\/ld+json\" class=\"yoast-schema-graph\">{\"@context\":\"https:\/\/schema.org\",\"@graph\":[{\"@type\":\"WebPage\",\"@id\":\"https:\/\/ecenglish.com\/de\/travel-activities\/la-jolla\/\",\"url\":\"https:\/\/ecenglish.com\/de\/travel-activities\/la-jolla\/\",\"name\":\"La Jolla - EC English ( DE )\",\"isPartOf\":{\"@id\":\"https:\/\/ecenglish.com\/de\/#website\"},\"primaryImageOfPage\":{\"@id\":\"https:\/\/ecenglish.com\/de\/travel-activities\/la-jolla\/#primaryimage\"},\"image\":{\"@id\":\"https:\/\/ecenglish.com\/de\/travel-activities\/la-jolla\/#primaryimage\"},\"thumbnailUrl\":\"https:\/\/ecenglish.com\/de\/wp-content\/uploads\/sites\/10\/2025\/01\/La-Jolla-3-scaled.jpg\",\"datePublished\":\"2025-01-20T14:35:05+00:00\",\"dateModified\":\"2025-02-05T11:43:30+00:00\",\"breadcrumb\":{\"@id\":\"https:\/\/ecenglish.com\/de\/travel-activities\/la-jolla\/#breadcrumb\"},\"inLanguage\":\"en-US\",\"potentialAction\":[{\"@type\":\"ReadAction\",\"target\":[\"https:\/\/ecenglish.com\/de\/travel-activities\/la-jolla\/\"]}]},{\"@type\":\"ImageObject\",\"inLanguage\":\"en-US\",\"@id\":\"https:\/\/ecenglish.com\/de\/travel-activities\/la-jolla\/#primaryimage\",\"url\":\"https:\/\/ecenglish.com\/de\/wp-content\/uploads\/sites\/10\/2025\/01\/La-Jolla-3-scaled.jpg\",\"contentUrl\":\"https:\/\/ecenglish.com\/de\/wp-content\/uploads\/sites\/10\/2025\/01\/La-Jolla-3-scaled.jpg\",\"width\":2560,\"height\":1435},{\"@type\":\"BreadcrumbList\",\"@id\":\"https:\/\/ecenglish.com\/de\/travel-activities\/la-jolla\/#breadcrumb\",\"itemListElement\":[{\"@type\":\"ListItem\",\"position\":1,\"name\":\"Home\",\"item\":\"https:\/\/ecenglish.com\/de\/\"},{\"@type\":\"ListItem\",\"position\":2,\"name\":\"Travel Activities\",\"item\":\"https:\/\/ecenglish.com\/de\/travel-activities\/\"},{\"@type\":\"ListItem\",\"position\":3,\"name\":\"La Jolla\"}]},{\"@type\":\"WebSite\",\"@id\":\"https:\/\/ecenglish.com\/de\/#website\",\"url\":\"https:\/\/ecenglish.com\/de\/\",\"name\":\"EC English ( DE )\",\"description\":\"\",\"potentialAction\":[{\"@type\":\"SearchAction\",\"target\":{\"@type\":\"EntryPoint\",\"urlTemplate\":\"https:\/\/ecenglish.com\/de\/?s={search_term_string}\"},\"query-input\":{\"@type\":\"PropertyValueSpecification\",\"valueRequired\":true,\"valueName\":\"search_term_string\"}}],\"inLanguage\":\"en-US\"}]}<\/script>\n<!-- \/ Yoast SEO plugin. -->","yoast_head_json":{"title":"La Jolla - EC English ( DE )","robots":{"index":"noindex","follow":"follow"},"og_locale":"en_US","og_type":"article","og_title":"La Jolla - EC English ( DE )","og_description":"La Jolla ist ein wundersch\u00f6ner Ort in San Diego. Hier gibt es viele schicke Gesch\u00e4fte, Restaurants und Kunstgalerien. Man kann Robben beim Spielen im Wasser beobachten, an sch\u00f6nen Str\u00e4nden spazieren gehen und die Aussicht von den Klippen aus genie\u00dfen.","og_url":"https:\/\/ecenglish.com\/de\/travel-activities\/la-jolla\/","og_site_name":"EC English ( DE )","article_modified_time":"2025-02-05T11:43:30+00:00","og_image":[{"width":5140,"height":2882,"url":"https:\/\/ecenglish.com\/de\/wp-content\/uploads\/sites\/10\/2025\/01\/La-Jolla-3.jpg","type":"image\/jpeg"}],"twitter_card":"summary_large_image","twitter_misc":{"Est. reading time":"1 minute"},"schema":{"@context":"https:\/\/schema.org","@graph":[{"@type":"WebPage","@id":"https:\/\/ecenglish.com\/de\/travel-activities\/la-jolla\/","url":"https:\/\/ecenglish.com\/de\/travel-activities\/la-jolla\/","name":"La Jolla - EC English ( DE )","isPartOf":{"@id":"https:\/\/ecenglish.com\/de\/#website"},"primaryImageOfPage":{"@id":"https:\/\/ecenglish.com\/de\/travel-activities\/la-jolla\/#primaryimage"},"image":{"@id":"https:\/\/ecenglish.com\/de\/travel-activities\/la-jolla\/#primaryimage"},"thumbnailUrl":"https:\/\/ecenglish.com\/de\/wp-content\/uploads\/sites\/10\/2025\/01\/La-Jolla-3-scaled.jpg","datePublished":"2025-01-20T14:35:05+00:00","dateModified":"2025-02-05T11:43:30+00:00","breadcrumb":{"@id":"https:\/\/ecenglish.com\/de\/travel-activities\/la-jolla\/#breadcrumb"},"inLanguage":"en-US","potentialAction":[{"@type":"ReadAction","target":["https:\/\/ecenglish.com\/de\/travel-activities\/la-jolla\/"]}]},{"@type":"ImageObject","inLanguage":"en-US","@id":"https:\/\/ecenglish.com\/de\/travel-activities\/la-jolla\/#primaryimage","url":"https:\/\/ecenglish.com\/de\/wp-content\/uploads\/sites\/10\/2025\/01\/La-Jolla-3-scaled.jpg","contentUrl":"https:\/\/ecenglish.com\/de\/wp-content\/uploads\/sites\/10\/2025\/01\/La-Jolla-3-scaled.jpg","width":2560,"height":1435},{"@type":"BreadcrumbList","@id":"https:\/\/ecenglish.com\/de\/travel-activities\/la-jolla\/#breadcrumb","itemListElement":[{"@type":"ListItem","position":1,"name":"Home","item":"https:\/\/ecenglish.com\/de\/"},{"@type":"ListItem","position":2,"name":"Travel Activities","item":"https:\/\/ecenglish.com\/de\/travel-activities\/"},{"@type":"ListItem","position":3,"name":"La Jolla"}]},{"@type":"WebSite","@id":"https:\/\/ecenglish.com\/de\/#website","url":"https:\/\/ecenglish.com\/de\/","name":"EC English ( DE )","description":"","potentialAction":[{"@type":"SearchAction","target":{"@type":"EntryPoint","urlTemplate":"https:\/\/ecenglish.com\/de\/?s={search_term_string}"},"query-input":{"@type":"PropertyValueSpecification","valueRequired":true,"valueName":"search_term_string"}}],"inLanguage":"en-US"}]}},"_links":{"self":[{"href":"https:\/\/ecenglish.com\/de\/wp-json\/wp\/v2\/pages\/3787","targetHints":{"allow":["GET"]}}],"collection":[{"href":"https:\/\/ecenglish.com\/de\/wp-json\/wp\/v2\/pages"}],"about":[{"href":"https:\/\/ecenglish.com\/de\/wp-json\/wp\/v2\/types\/page"}],"author":[{"embeddable":true,"href":"https:\/\/ecenglish.com\/de\/wp-json\/wp\/v2\/users\/9"}],"replies":[{"embeddable":true,"href":"https:\/\/ecenglish.com\/de\/wp-json\/wp\/v2\/comments?post=3787"}],"version-history":[{"count":2,"href":"https:\/\/ecenglish.com\/de\/wp-json\/wp\/v2\/pages\/3787\/revisions"}],"predecessor-version":[{"id":5297,"href":"https:\/\/ecenglish.com\/de\/wp-json\/wp\/v2\/pages\/3787\/revisions\/5297"}],"up":[{"embeddable":true,"href":"https:\/\/ecenglish.com\/de\/wp-json\/wp\/v2\/pages\/2241"}],"wp:featuredmedia":[{"embeddable":true,"href":"https:\/\/ecenglish.com\/de\/wp-json\/wp\/v2\/media\/3807"}],"wp:attachment":[{"href":"https:\/\/ecenglish.com\/de\/wp-json\/wp\/v2\/media?parent=3787"}],"wp:term":[{"taxonomy":"page_category","embeddable":true,"href":"https:\/\/ecenglish.com\/de\/wp-json\/wp\/v2\/page_category?post=3787"},{"taxonomy":"activity_category","embeddable":true,"href":"https:\/\/ecenglish.com\/de\/wp-json\/wp\/v2\/activity_category?post=3787"},{"taxonomy":"activity_location","embeddable":true,"href":"https:\/\/ecenglish.com\/de\/wp-json\/wp\/v2\/activity_location?post=3787"},{"taxonomy":"course_category","embeddable":true,"href":"https:\/\/ecenglish.com\/de\/wp-json\/wp\/v2\/course_category?post=3787"},{"taxonomy":"destination_age_group","embeddable":true,"href":"https:\/\/ecenglish.com\/de\/wp-json\/wp\/v2\/destination_age_group?post=3787"},{"taxonomy":"destination_category","embeddable":true,"href":"https:\/\/ecenglish.com\/de\/wp-json\/wp\/v2\/destination_category?post=3787"},{"taxonomy":"lesson_category","embeddable":true,"href":"https:\/\/ecenglish.com\/de\/wp-json\/wp\/v2\/lesson_category?post=3787"}],"curies":[{"name":"wp","href":"https:\/\/api.w.org\/{rel}","templated":true}]}}