{"id":4170,"date":"2025-01-21T14:16:27","date_gmt":"2025-01-21T14:16:27","guid":{"rendered":"https:\/\/ecenglish.com\/de\/?page_id=4170"},"modified":"2025-02-24T19:41:13","modified_gmt":"2025-02-24T19:41:13","slug":"cookie-richtlinien","status":"publish","type":"page","link":"https:\/\/ecenglish.com\/de\/cookie-richtlinien\/","title":{"rendered":"Cookie-Richtlinie\u00a0"},"content":{"rendered":"\n<div class=\"wp-block-group alignwide has-global-padding is-layout-constrained wp-block-group-is-layout-constrained\" style=\"padding-top:var(--wp--preset--spacing--xs);padding-bottom:var(--wp--preset--spacing--xs)\">\n<div class=\"wp-block-group alignwide has-global-padding is-content-justification-left is-layout-constrained wp-container-core-group-is-layout-12dd3699 wp-block-group-is-layout-constrained\"><div class=\"yoast-breadcrumbs\"><span><span><a href=\"https:\/\/ecenglish.com\/de\/\">Home<\/a><\/span> <svg viewBox=\"0 0 4 6\" xmlns=\"http:\/\/www.w3.org\/2000\/svg\"><path d=\"M.863 1.78a.659.659 0 0 1 0-.937.673.673 0 0 1 .946 0l1.976 1.96a.727.727 0 0 1 0 1.032l-1.97 1.953a.673.673 0 0 1-1.091-.215.659.659 0 0 1 .145-.723l1.545-1.531L.863 1.78Z\"\/><\/svg> <span class=\"breadcrumb_last\" aria-current=\"page\">Cookie-Richtlinie\u00a0<\/span><\/span><\/div><\/div>\n<\/div>\n\n\n\n<div class=\"wp-block-group alignwide has-global-padding is-layout-constrained wp-block-group-is-layout-constrained\" style=\"margin-top:var(--wp--preset--spacing--xxl);margin-bottom:var(--wp--preset--spacing--xxl)\">\n<div class=\"wp-block-group alignwide is-layout-flow wp-container-core-group-is-layout-07b55995 wp-block-group-is-layout-flow\" style=\"margin-top:0;margin-bottom:0\">\n<h1 class=\"wp-block-heading\"><strong><strong>Cookie-Richtlinie\u00a0<\/strong><\/strong><\/h1>\n\n\n\n<h2 class=\"wp-block-heading\"><strong><strong>EC English Language Centres<\/strong><\/strong><\/h2>\n\n\n\n<p style=\"padding-top:var(--wp--preset--spacing--s);padding-bottom:var(--wp--preset--spacing--s)\" class=\"\"><strong>Was ist ein Cookie?\u00a0<\/strong><\/p>\n\n\n\n<p class=\"\">Cookies sind kleine Textdateien oder Informationen, die auf Ihrem Computer oder Mobilger\u00e4t gespeichert werden, wenn Sie unsere Website besuchen. Ein Cookie enth\u00e4lt den Namen der Website und einen Wert, der f\u00fcr eine Vielzahl von Zwecken verwendet werden kann.\u00a0<\/p>\n\n\n\n<p class=\"\">&#8220;Session&#8221;-Cookies werden im Speicher gehalten und existieren nur w\u00e4hrend Ihres Besuchs auf unserer Website. &#8220;Dauerhafte&#8221; Cookies werden auf Ihrem Ger\u00e4t gespeichert, bis sie ablaufen, und k\u00f6nnen daher von unserer Website bei Ihren n\u00e4chsten Besuchen verwendet werden. Alle dauerhaften Cookies haben eine &#8220;Lebensdauer&#8221;, die angibt, wie lange das Cookie auf Ihrem Ger\u00e4t aktiv bleibt.\u00a0<\/p>\n\n\n\n<p class=\"\">Unsere Cookies enthalten keine Daten, die dazu dienen k\u00f6nnten, Sie pers\u00f6nlich zu identifizieren.\u00a0<\/p>\n\n\n\n<p class=\"\"><strong>Wozu verwenden wir Cookies?\u00a0<\/strong><\/p>\n\n\n\n<p class=\"\">Wir verwenden Cookies, um die Nutzung unserer Website zu erleichtern und die Inhalte, die Sie sehen, relevanter zu gestalten. Cookies erm\u00f6glichen es uns, wichtige Informationen \u00fcber Ihren Besuch aufzuzeichnen, die uns helfen, die Website f\u00fcr Sie und andere Besucher zu verbessern.\u00a0<\/p>\n\n\n\n<p class=\"\">Wir verwenden Cookies auch, um Statistiken zu erstellen, die uns helfen, die Struktur und den Inhalt unserer Website zu verbessern. Wir k\u00f6nnen Sie anhand dieser Informationen nicht pers\u00f6nlich identifizieren.\u00a0<\/p>\n\n\n\n<p class=\"\"><strong>Cookies von Dritten\u00a0<\/strong><\/p>\n\n\n\n<p class=\"\">Wir verwenden eine Reihe von Systemen, die von externen Anbietern bereitgestellt werden. In einigen F\u00e4llen k\u00f6nnen auch diese in unserem Namen Cookies auf Ihrem Ger\u00e4t ablegen, wenn Sie unsere Website besuchen.\u00a0<\/p>\n\n\n\n<p class=\"\"><strong>Verwaltung von Cookies\u00a0<\/strong><\/p>\n\n\n\n<p class=\"\">Alle modernen Webbrowser erm\u00f6glichen es Ihnen, die Verwendung von Cookies auf Ihrem Ger\u00e4t zu kontrollieren. Sie haben auch die M\u00f6glichkeit, bestehende Cookies und andere gespeicherte Daten auf Ihrem Ger\u00e4t zu l\u00f6schen, wenn Sie dies w\u00fcnschen.\u00a0<\/p>\n\n\n\n<p class=\"\"><a href=\"https:\/\/support.google.com\/accounts\/answer\/61416?hl=en\" target=\"_blank\" rel=\"noreferrer noopener\">Anleitung f\u00fcr Google Chrome<\/a>\u00a0<\/p>\n\n\n\n<p class=\"\"><a href=\"https:\/\/support.mozilla.org\/en-US\/kb\/cookies-information-websites-store-on-your-computer\" target=\"_blank\" rel=\"noreferrer noopener\">Anleitung f\u00fcr Firefox<\/a>\u00a0<\/p>\n\n\n\n<p class=\"\"><a href=\"http:\/\/windows.microsoft.com\/en-gb\/internet-explorer\/delete-manage-cookies\" target=\"_blank\" rel=\"noreferrer noopener\">Anleitungen f\u00fcr Internet Explorer<\/a>\u00a0<\/p>\n\n\n\n<p class=\"\"><a href=\"http:\/\/windows.microsoft.com\/en-us\/windows-10\/edge-privacy-faq\" target=\"_blank\" rel=\"noreferrer noopener\">Anleitung f\u00fcr Microsoft Edge<\/a>\u00a0<\/p>\n\n\n\n<p class=\"\">Cookies verbessern Ihr Erlebnis auf unserer Website und wir empfehlen Ihnen, sie aktiviert zu lassen.\u00a0<\/p>\n\n\n\n<p class=\"\">Unsere Cookies\u00a0<\/p>\n\n\n\n<p class=\"\"><strong>Wesentliche Cookies\u00a0<\/strong><\/p>\n\n\n\n<p class=\"\">Diese sind f\u00fcr das Funktionieren unserer Website erforderlich. Wenn Sie sich entscheiden, Cookies f\u00fcr unsere Website zu deaktivieren, k\u00f6nnen Sie viele Funktionen nicht nutzen.\u00a0<\/p>\n\n\n\n<p class=\"\">Beispiele hierf\u00fcr sind:\u00a0<\/p>\n\n\n\n<ul class=\"wp-block-list\">\n<li>Sitzungs-Cookies, die sich an Ihre Aktionen erinnern, w\u00e4hrend Sie auf unseren Websites navigieren.\u00a0<\/li>\n<\/ul>\n\n\n\n<ul class=\"wp-block-list\">\n<li>Sicherheits-Cookies, die die G\u00fcltigkeit Ihrer Aktionen w\u00e4hrend Ihres Besuchs \u00fcberpr\u00fcfen und dazu beitragen, dass unsere Websites und Dienste sicher sind.\u00a0<\/li>\n<\/ul>\n\n\n\n<p class=\"\"><strong>Analyse- und Leistungs-Cookies\u00a0<\/strong><\/p>\n\n\n\n<p class=\"\">Diese Cookies helfen uns dabei, Informationen dar\u00fcber zu sammeln, wie Sie unsere Websites im Laufe der Zeit nutzen: die Bereiche, die Sie besuchen, die Zeit, die Sie auf unseren Websites verbringen, sowie Probleme und Fehler, auf die Sie m\u00f6glicherweise sto\u00dfen. Diese Informationen helfen uns, die von uns bereitgestellten Informationen und die Leistung unserer Websites und Dienste kontinuierlich zu verbessern.\u00a0<\/p>\n\n\n\n<p class=\"\"><strong>Cookies f\u00fcr Funktionen und Dienste\u00a0<\/strong><\/p>\n\n\n\n<p class=\"\">Wir nutzen Funktionen und Dienste, die von Dritten bereitgestellt werden, die m\u00f6glicherweise Cookies in unserem Namen setzen. In der Regel sind solche Dienste in unsere Webseiten eingebettet, um Funktionen wie Videoplayer und Tools zum Teilen von sozialen Medien bereitzustellen. Diese Dienste Dritter k\u00f6nnen ihre eigenen Cookies setzen, die wir nicht kontrollieren oder auf die wir keinen Zugriff haben.\u00a0<\/p>\n\n\n\n<p class=\"\">Diese Dienste erm\u00f6glichen es uns beispielsweise, Ihnen auf der Grundlage Ihrer fr\u00fcheren Besuche oder Ihres Standorts ein personalisiertes Erlebnis zu bieten, Ihnen die M\u00f6glichkeit zu geben, unsere Blog-Beitr\u00e4ge einfach \u00fcber Ihr Facebook-Konto zu kommentieren, mit sozialen Tools zu interagieren oder die Felder in unseren Online-Formularen bequem vorauszuf\u00fcllen.\u00a0<\/p>\n\n\n\n<p class=\"\"><strong>Cookies f\u00fcr Werbung und Marketing\u00a0<\/strong><\/p>\n\n\n\n<p class=\"\">Diese Cookies werden verwendet, um die Effektivit\u00e4t von Werbung zu messen und Inhalte zu liefern, die f\u00fcr Ihre Interessen relevant sind. Sie k\u00f6nnen verwendet werden, um verhaltensbezogene\/zielgerichtete Werbung auf anderen von Ihnen besuchten Websites zu schalten oder um Inhalte und Dienste hervorzuheben, die unserer Meinung nach aufgrund Ihrer Aktivit\u00e4ten auf unseren Websites und\/oder anderen Websites innerhalb unserer Werbenetzwerke f\u00fcr Sie von Interesse sind.\u00a0<\/p>\n\n\n\n<p class=\"\">Pixel-Tags\u00a0<\/p>\n\n\n\n<p class=\"\">Wir verwenden Pixel-Tags (Clear Gifs), die an Dritte weitergegeben werden, um bestimmte Marketingaktivit\u00e4ten zu erm\u00f6glichen. Die von uns erfassten Informationen helfen uns, die auf unserer Website erscheinenden Anzeigen und Werbeaktionen gezielt zu gestalten.\u00a0<\/p>\n\n\n\n<p class=\"\">Wie bei Cookies k\u00f6nnen die Informationen, die wir \u00fcber Z\u00e4hlpixel erfassen, nicht dazu verwendet werden, Sie pers\u00f6nlich zu identifizieren.\u00a0<\/p>\n\n\n\n<p class=\"\">Wenn Sie Fragen haben, kontaktieren Sie uns bitte.\u00a0<\/p>\n\n\n\n<p class=\"\"><em>Wir verwenden AdRoll, um Anzeigen f\u00fcr Retargeting und Werbung zu schalten. Weitere Informationen \u00fcber die Verwendung Ihrer pers\u00f6nlichen Daten finden Sie unter folgendem Link:\u202f<a href=\"https:\/\/www.adrollgroup.com\/privacy\u00a0\">https:\/\/www.adrollgroup.com\/privacy\u00a0<\/a><\/em><\/p>\n<\/div>\n<\/div>\n","protected":false},"excerpt":{"rendered":"<p>Cookie-Richtlinie\u00a0 EC English Language Centres Was ist ein Cookie?\u00a0 Cookies sind kleine Textdateien oder Informationen, die auf Ihrem Computer oder<\/p>\n","protected":false},"author":12,"featured_media":0,"parent":0,"menu_order":0,"comment_status":"closed","ping_status":"closed","template":"","meta":{"_acf_changed":false,"_trash_the_other_posts":false,"footnotes":""},"page_category":[],"activity_category":[],"activity_location":[],"course_category":[],"destination_age_group":[],"destination_category":[],"lesson_category":[],"class_list":["post-4170","page","type-page","status-publish","hentry"],"acf":[],"yoast_head":"<!-- This site is optimized with the Yoast SEO plugin v26.8 - https:\/\/yoast.com\/product\/yoast-seo-wordpress\/ -->\n<title>Cookie-Richtlinie - EC English Language Centres<\/title>\n<meta name=\"description\" content=\"EC English School Cookie-Richtlinie. Wir verwenden Cookies, um die Nutzung unserer Website zu erleichtern und die Inhalte, die Sie sehen, relevanter zu gestalten.\" \/>\n<meta name=\"robots\" content=\"index, follow, max-snippet:-1, max-image-preview:large, max-video-preview:-1\" \/>\n<link rel=\"canonical\" href=\"https:\/\/ecenglish.com\/de\/cookie-richtlinien\/\" \/>\n<meta property=\"og:locale\" content=\"en_US\" \/>\n<meta property=\"og:type\" content=\"article\" \/>\n<meta property=\"og:title\" content=\"Cookie-Richtlinie - EC English Language Centres\" \/>\n<meta property=\"og:description\" content=\"EC English School Cookie-Richtlinie. Wir verwenden Cookies, um die Nutzung unserer Website zu erleichtern und die Inhalte, die Sie sehen, relevanter zu gestalten.\" \/>\n<meta property=\"og:url\" content=\"https:\/\/ecenglish.com\/de\/cookie-richtlinien\/\" \/>\n<meta property=\"og:site_name\" content=\"EC English ( DE )\" \/>\n<meta property=\"article:modified_time\" content=\"2025-02-24T19:41:13+00:00\" \/>\n<meta name=\"twitter:card\" content=\"summary_large_image\" \/>\n<meta name=\"twitter:label1\" content=\"Est. reading time\" \/>\n\t<meta name=\"twitter:data1\" content=\"3 minutes\" \/>\n<script type=\"application\/ld+json\" class=\"yoast-schema-graph\">{\"@context\":\"https:\/\/schema.org\",\"@graph\":[{\"@type\":\"WebPage\",\"@id\":\"https:\/\/ecenglish.com\/de\/cookie-richtlinien\/\",\"url\":\"https:\/\/ecenglish.com\/de\/cookie-richtlinien\/\",\"name\":\"Cookie-Richtlinie - EC English Language Centres\",\"isPartOf\":{\"@id\":\"https:\/\/ecenglish.com\/de\/#website\"},\"datePublished\":\"2025-01-21T14:16:27+00:00\",\"dateModified\":\"2025-02-24T19:41:13+00:00\",\"description\":\"EC English School Cookie-Richtlinie. Wir verwenden Cookies, um die Nutzung unserer Website zu erleichtern und die Inhalte, die Sie sehen, relevanter zu gestalten.\",\"breadcrumb\":{\"@id\":\"https:\/\/ecenglish.com\/de\/cookie-richtlinien\/#breadcrumb\"},\"inLanguage\":\"en-US\",\"potentialAction\":[{\"@type\":\"ReadAction\",\"target\":[\"https:\/\/ecenglish.com\/de\/cookie-richtlinien\/\"]}]},{\"@type\":\"BreadcrumbList\",\"@id\":\"https:\/\/ecenglish.com\/de\/cookie-richtlinien\/#breadcrumb\",\"itemListElement\":[{\"@type\":\"ListItem\",\"position\":1,\"name\":\"Home\",\"item\":\"https:\/\/ecenglish.com\/de\/\"},{\"@type\":\"ListItem\",\"position\":2,\"name\":\"Cookie-Richtlinie\u00a0\"}]},{\"@type\":\"WebSite\",\"@id\":\"https:\/\/ecenglish.com\/de\/#website\",\"url\":\"https:\/\/ecenglish.com\/de\/\",\"name\":\"EC English ( DE )\",\"description\":\"\",\"potentialAction\":[{\"@type\":\"SearchAction\",\"target\":{\"@type\":\"EntryPoint\",\"urlTemplate\":\"https:\/\/ecenglish.com\/de\/?s={search_term_string}\"},\"query-input\":{\"@type\":\"PropertyValueSpecification\",\"valueRequired\":true,\"valueName\":\"search_term_string\"}}],\"inLanguage\":\"en-US\"}]}<\/script>\n<!-- \/ Yoast SEO plugin. -->","yoast_head_json":{"title":"Cookie-Richtlinie - EC English Language Centres","description":"EC English School Cookie-Richtlinie. Wir verwenden Cookies, um die Nutzung unserer Website zu erleichtern und die Inhalte, die Sie sehen, relevanter zu gestalten.","robots":{"index":"index","follow":"follow","max-snippet":"max-snippet:-1","max-image-preview":"max-image-preview:large","max-video-preview":"max-video-preview:-1"},"canonical":"https:\/\/ecenglish.com\/de\/cookie-richtlinien\/","og_locale":"en_US","og_type":"article","og_title":"Cookie-Richtlinie - EC English Language Centres","og_description":"EC English School Cookie-Richtlinie. Wir verwenden Cookies, um die Nutzung unserer Website zu erleichtern und die Inhalte, die Sie sehen, relevanter zu gestalten.","og_url":"https:\/\/ecenglish.com\/de\/cookie-richtlinien\/","og_site_name":"EC English ( DE )","article_modified_time":"2025-02-24T19:41:13+00:00","twitter_card":"summary_large_image","twitter_misc":{"Est. reading time":"3 minutes"},"schema":{"@context":"https:\/\/schema.org","@graph":[{"@type":"WebPage","@id":"https:\/\/ecenglish.com\/de\/cookie-richtlinien\/","url":"https:\/\/ecenglish.com\/de\/cookie-richtlinien\/","name":"Cookie-Richtlinie - EC English Language Centres","isPartOf":{"@id":"https:\/\/ecenglish.com\/de\/#website"},"datePublished":"2025-01-21T14:16:27+00:00","dateModified":"2025-02-24T19:41:13+00:00","description":"EC English School Cookie-Richtlinie. Wir verwenden Cookies, um die Nutzung unserer Website zu erleichtern und die Inhalte, die Sie sehen, relevanter zu gestalten.","breadcrumb":{"@id":"https:\/\/ecenglish.com\/de\/cookie-richtlinien\/#breadcrumb"},"inLanguage":"en-US","potentialAction":[{"@type":"ReadAction","target":["https:\/\/ecenglish.com\/de\/cookie-richtlinien\/"]}]},{"@type":"BreadcrumbList","@id":"https:\/\/ecenglish.com\/de\/cookie-richtlinien\/#breadcrumb","itemListElement":[{"@type":"ListItem","position":1,"name":"Home","item":"https:\/\/ecenglish.com\/de\/"},{"@type":"ListItem","position":2,"name":"Cookie-Richtlinie\u00a0"}]},{"@type":"WebSite","@id":"https:\/\/ecenglish.com\/de\/#website","url":"https:\/\/ecenglish.com\/de\/","name":"EC English ( DE )","description":"","potentialAction":[{"@type":"SearchAction","target":{"@type":"EntryPoint","urlTemplate":"https:\/\/ecenglish.com\/de\/?s={search_term_string}"},"query-input":{"@type":"PropertyValueSpecification","valueRequired":true,"valueName":"search_term_string"}}],"inLanguage":"en-US"}]}},"_links":{"self":[{"href":"https:\/\/ecenglish.com\/de\/wp-json\/wp\/v2\/pages\/4170","targetHints":{"allow":["GET"]}}],"collection":[{"href":"https:\/\/ecenglish.com\/de\/wp-json\/wp\/v2\/pages"}],"about":[{"href":"https:\/\/ecenglish.com\/de\/wp-json\/wp\/v2\/types\/page"}],"author":[{"embeddable":true,"href":"https:\/\/ecenglish.com\/de\/wp-json\/wp\/v2\/users\/12"}],"replies":[{"embeddable":true,"href":"https:\/\/ecenglish.com\/de\/wp-json\/wp\/v2\/comments?post=4170"}],"version-history":[{"count":16,"href":"https:\/\/ecenglish.com\/de\/wp-json\/wp\/v2\/pages\/4170\/revisions"}],"predecessor-version":[{"id":15862,"href":"https:\/\/ecenglish.com\/de\/wp-json\/wp\/v2\/pages\/4170\/revisions\/15862"}],"wp:attachment":[{"href":"https:\/\/ecenglish.com\/de\/wp-json\/wp\/v2\/media?parent=4170"}],"wp:term":[{"taxonomy":"page_category","embeddable":true,"href":"https:\/\/ecenglish.com\/de\/wp-json\/wp\/v2\/page_category?post=4170"},{"taxonomy":"activity_category","embeddable":true,"href":"https:\/\/ecenglish.com\/de\/wp-json\/wp\/v2\/activity_category?post=4170"},{"taxonomy":"activity_location","embeddable":true,"href":"https:\/\/ecenglish.com\/de\/wp-json\/wp\/v2\/activity_location?post=4170"},{"taxonomy":"course_category","embeddable":true,"href":"https:\/\/ecenglish.com\/de\/wp-json\/wp\/v2\/course_category?post=4170"},{"taxonomy":"destination_age_group","embeddable":true,"href":"https:\/\/ecenglish.com\/de\/wp-json\/wp\/v2\/destination_age_group?post=4170"},{"taxonomy":"destination_category","embeddable":true,"href":"https:\/\/ecenglish.com\/de\/wp-json\/wp\/v2\/destination_category?post=4170"},{"taxonomy":"lesson_category","embeddable":true,"href":"https:\/\/ecenglish.com\/de\/wp-json\/wp\/v2\/lesson_category?post=4170"}],"curies":[{"name":"wp","href":"https:\/\/api.w.org\/{rel}","templated":true}]}}