{"id":4217,"date":"2025-01-21T16:01:02","date_gmt":"2025-01-21T16:01:02","guid":{"rendered":"https:\/\/ecenglish.com\/de\/?page_id=4217"},"modified":"2025-02-23T20:11:43","modified_gmt":"2025-02-23T20:11:43","slug":"unter-18","status":"publish","type":"page","link":"https:\/\/ecenglish.com\/de\/richtlinien\/unter-18\/","title":{"rendered":"Unter 18-J\u00e4hrige an EC-Schulen"},"content":{"rendered":"\n<div class=\"wp-block-group alignwide has-global-padding is-layout-constrained wp-block-group-is-layout-constrained\" style=\"padding-top:var(--wp--preset--spacing--xs);padding-bottom:var(--wp--preset--spacing--xs)\">\n<div class=\"wp-block-group alignwide has-global-padding is-content-justification-left is-layout-constrained wp-container-core-group-is-layout-12dd3699 wp-block-group-is-layout-constrained\"><div class=\"yoast-breadcrumbs\"><span><span><a href=\"https:\/\/ecenglish.com\/de\/\">Home<\/a><\/span> <svg viewBox=\"0 0 4 6\" xmlns=\"http:\/\/www.w3.org\/2000\/svg\"><path d=\"M.863 1.78a.659.659 0 0 1 0-.937.673.673 0 0 1 .946 0l1.976 1.96a.727.727 0 0 1 0 1.032l-1.97 1.953a.673.673 0 0 1-1.091-.215.659.659 0 0 1 .145-.723l1.545-1.531L.863 1.78Z\"\/><\/svg> <span><a href=\"https:\/\/ecenglish.com\/de\/richtlinien\/\">Policy Documents<\/a><\/span> <svg viewBox=\"0 0 4 6\" xmlns=\"http:\/\/www.w3.org\/2000\/svg\"><path d=\"M.863 1.78a.659.659 0 0 1 0-.937.673.673 0 0 1 .946 0l1.976 1.96a.727.727 0 0 1 0 1.032l-1.97 1.953a.673.673 0 0 1-1.091-.215.659.659 0 0 1 .145-.723l1.545-1.531L.863 1.78Z\"\/><\/svg> <span class=\"breadcrumb_last\" aria-current=\"page\">Unter 18-J\u00e4hrige an EC-Schulen<\/span><\/span><\/div><\/div>\n<\/div>\n\n\n\n<div class=\"wp-block-group alignwide has-global-padding is-layout-constrained wp-block-group-is-layout-constrained\" style=\"margin-top:var(--wp--preset--spacing--xxl);margin-bottom:var(--wp--preset--spacing--xxl)\">\n<div class=\"wp-block-group alignwide is-layout-flow wp-container-core-group-is-layout-07b55995 wp-block-group-is-layout-flow\" style=\"margin-top:0;margin-bottom:0\">\n<h1 class=\"wp-block-heading\"><strong><strong>Unter 18-J\u00e4hrige an EC UK-Schulen Politik<\/strong><\/strong><\/h1>\n\n\n\n<p style=\"padding-top:var(--wp--preset--spacing--s);padding-bottom:var(--wp--preset--spacing--s)\" class=\"\">Obwohl die EC-Zentren und -Kurse in erster Linie f\u00fcr Sch\u00fcler ab 18 Jahren konzipiert sind, sind in allen unseren Zentren im Vereinigten K\u00f6nigreich auch Sch\u00fcler ab 16 Jahren willkommen. Bitte beachten Sie jedoch, dass EC keine 24-Stunden-Betreuung anbietet. Die Fahrt zur und von der Schule erfolgt unbeaufsichtigt und auf Kosten des Sch\u00fclers. Zur Sicherheit der Sch\u00fcler sind die Gastfamilien verpflichtet, die Ankunft nach der Sperrstunde an 7 Tagen in der Woche zu melden, und die Lehrer werden jede Abwesenheit innerhalb von 30 Minuten nach Unterrichtsbeginn melden, um den Aufenthaltsort des Sch\u00fclers zu best\u00e4tigen. Sch\u00fcler unter 18 Jahren, die ein EC-Zentrum besuchen und eine Unterkunft bei EC buchen m\u00f6chten, m\u00fcssen in einer Gastfamilie mit Halbpension wohnen (die Sch\u00fcler m\u00fcssen ihr Mittagessen selbst bezahlen, was bis zu 6,00 \u00a3 pro Tag kostet).<\/p>\n\n\n\n<p class=\"\">Die folgenden Hinweise wurden f\u00fcr Eltern und Erziehungsberechtigte von Sch\u00fclern unter 18 Jahren erstellt, damit sie wissen, was sie erwartet, wenn ihr Kind bei EC studiert. Die Eltern\/Erziehungsberechtigten werden gebeten, diese Hinweise zu lesen, bevor sie ihr Kind f\u00fcr einen Kurs in unseren Zentren anmelden.\u00a0<\/p>\n\n\n\n<p class=\"\">Einweisung f\u00fcr Sch\u00fcler unter 18 Jahren<strong>\u00a0<\/strong><\/p>\n\n\n\n<p class=\"\">Wenn sie zu uns kommen, erhalten Sch\u00fcler unter 18 Jahren eine Einweisung durch die f\u00fcr die unter 18-J\u00e4hrigen zust\u00e4ndigen Mitarbeiter des Zentrums. Diese Einweisung umfasst wichtige Informationen, wie z. B. die Regeln der Schule und des Vereinigten K\u00f6nigreichs in Bezug auf Jugendliche unter 18 Jahren, Sperrstunden, Notrufnummern sowie die von EC angebotenen Unterst\u00fctzungsdienste und die Ansprechpartner, an die sich die Sch\u00fcler wenden k\u00f6nnen, wenn sie Hilfe ben\u00f6tigen.\u00a0<\/p>\n\n\n\n<p class=\"\">Die Sperrstunde f\u00fcr 16- bis 17-J\u00e4hrige ist um 23:00 Uhr\u00a0<\/p>\n\n\n\n<p class=\"\">Sch\u00fcler unter 18 Jahren erhalten eine Informationsbrosch\u00fcre, wenn sie an der EC studieren.\u00a0<\/p>\n\n\n\n<p class=\"\">W\u00f6chentliche Treffen f\u00fcr Sch\u00fcler unter 18 Jahren.<\/p>\n\n\n\n<p class=\"\">Sch\u00fcler, die unter 18 Jahre alt sind und ein EC-Zentrum besuchen, haben ein w\u00f6chentliches Treffen mit den f\u00fcr die unter 18-J\u00e4hrigen zust\u00e4ndigen Mitarbeitern des Zentrums, um sich \u00fcber ihr Wohlbefinden zu informieren. Bei diesem Treffen k\u00f6nnen auch Probleme oder Fragen besprochen werden, die die Sch\u00fcler m\u00f6glicherweise haben.\u00a0<\/p>\n\n\n\n<p class=\"\">Einverst\u00e4ndniserkl\u00e4rung der Eltern f\u00fcr Sch\u00fcler unter 18 Jahren, die im Vereinigten K\u00f6nigreich studieren.<\/p>\n\n\n\n<p class=\"\">Eltern\/Erziehungsberechtigte von Sch\u00fclern unter 18 Jahren, die an EC-Zentren studieren, werden gebeten, zum Zeitpunkt der Buchung eine elterliche Erlaubnis und eine medizinische Einverst\u00e4ndniserkl\u00e4rung auszuf\u00fcllen.\u00a0<\/p>\n\n\n\n<p class=\"\"><strong>Reisen f\u00fcr Sch\u00fcler unter 18 Jahren, die im Vereinigten K\u00f6nigreich studieren\u00a0<\/strong><\/p>\n\n\n\n<p class=\"\">EC verlangt, dass Sch\u00fcler im Alter von 16 und 17 Jahren, die zwischen 20 Uhr und 8 Uhr morgens im Vereinigten K\u00f6nigreich ankommen, bei ihrer Ankunft einen Flughafentransfer von der Schule organisieren lassen. Wir empfehlen, dass Sch\u00fcler im Alter von 16 und 17 Jahren, die au\u00dferhalb dieses Zeitrahmens ankommen, einen von der Schule organisierten Flughafentransfer buchen. Wir bestehen jedoch nicht darauf, vorausgesetzt, die Schule erh\u00e4lt im Voraus die Reisedaten des Sch\u00fclers (Flugzeiten und -nummern), eine Kontakttelefonnummer und eine Best\u00e4tigung, wie der Sch\u00fcler vom Flughafen zu seiner Unterkunft gelangen wird, sowie die voraussichtliche Ankunftszeit am Zielort. Die EG empfiehlt au\u00dferdem, dass Sch\u00fcler im Alter von 16 und 17 Jahren bei der Abreise einen Flughafentransfer buchen.\u00a0<\/p>\n\n\n\n<p class=\"\"><strong><strong>Sicherheitsvorkehrungen und Kinderschutz\u00a0<\/strong><\/strong>\u00a0<\/p>\n\n\n\n<p class=\"\">EC UK hat eine Sicherheits- und Kinderschutzpolitik sowie eine E-Safety-Politik zum Schutz der Sch\u00fcler, einschlie\u00dflich der unter 18-J\u00e4hrigen, die in unseren Zentren lernen.\u00a0<\/p>\n\n\n\n<p class=\"\"><a href=\"https:\/\/ecenglish.com\/de\/wp-content\/uploads\/sites\/10\/2025\/02\/ec-safety-and-child-protection-policy_v2.22.pdf\">Sicherheits- und Kinderschutzpolitik &#8211; UK\u00a0<\/a><\/p>\n\n\n\n<p class=\"\"><a href=\"https:\/\/ecenglish.com\/de\/wp-content\/uploads\/sites\/10\/2025\/02\/esafety_policy_uk.pdf\" target=\"_blank\" rel=\"noreferrer noopener\">E-Sicherheitspolitik UK\u00a0<\/a><\/p>\n\n\n\n<p class=\"\"><a href=\"https:\/\/ecenglish.com\/de\/wp-content\/uploads\/sites\/10\/2025\/02\/safeguarding_who_brighton.pdf\" target=\"_blank\" rel=\"noreferrer noopener\">Brighton &#8211; Schutz und Vorbeugung &#8211; Who&#8217;s Who<\/a><\/p>\n\n\n\n<p class=\"\"><a href=\"https:\/\/ecenglish.com\/de\/wp-content\/uploads\/sites\/10\/2025\/02\/safeguarding_who_bristol.pdf\" target=\"_blank\" rel=\"noreferrer noopener\">Bristol &#8211; Schutz und Vorbeugung &#8211; Who&#8217;s Who\u00a0<\/a><\/p>\n\n\n\n<p class=\"\"><a href=\"https:\/\/ecenglish.com\/de\/wp-content\/uploads\/sites\/10\/2025\/02\/safeguarding_who_cambridge.pdf\" target=\"_blank\" rel=\"noreferrer noopener\">Cambridge &#8211; Schutz und Vorbeugung &#8211; Who&#8217;s Who\u00a0\u00a0<\/a><\/p>\n\n\n\n<p class=\"\"><a href=\"https:\/\/ecenglish.com\/de\/wp-content\/uploads\/sites\/10\/2025\/02\/safeguarding_who_cambridge.pdf\">London &#8211; Schutz und Vorbeugung &#8211; Who&#8217;s Who\u00a0<\/a><\/p>\n\n\n\n<p class=\"\"><a href=\"https:\/\/ecenglish.com\/de\/wp-content\/uploads\/sites\/10\/2025\/02\/safeguarding_who_manchester.pdf\">Manchester &#8211; Schutz und Vorbeugung &#8211; Who&#8217;s Who<\/a><\/p>\n\n\n\n<p class=\"\"><a href=\"https:\/\/ecenglish.com\/de\/wp-content\/uploads\/sites\/10\/2025\/02\/parentalconsentform.pdf\">Formular f\u00fcr die elterliche Erlaubnis\u00a0<\/a><\/p>\n<\/div>\n<\/div>\n","protected":false},"excerpt":{"rendered":"<p>Unter 18-J\u00e4hrige an EC UK-Schulen Politik Obwohl die EC-Zentren und -Kurse in erster Linie f\u00fcr Sch\u00fcler ab 18 Jahren konzipiert<\/p>\n","protected":false},"author":9,"featured_media":0,"parent":4215,"menu_order":0,"comment_status":"closed","ping_status":"closed","template":"","meta":{"_acf_changed":false,"_trash_the_other_posts":false,"footnotes":""},"page_category":[],"activity_category":[],"activity_location":[],"course_category":[],"destination_age_group":[],"destination_category":[],"lesson_category":[],"class_list":["post-4217","page","type-page","status-publish","hentry"],"acf":[],"yoast_head":"<!-- This site is optimized with the Yoast SEO plugin v26.8 - https:\/\/yoast.com\/product\/yoast-seo-wordpress\/ -->\n<title>EC English - Politische Dokumente UK unter 18 Jahren<\/title>\n<meta name=\"description\" content=\"Grundsatzdokumente UK unter 18 Jahren\u202f bei EC English UK\" \/>\n<meta name=\"robots\" content=\"index, follow, max-snippet:-1, max-image-preview:large, max-video-preview:-1\" \/>\n<link rel=\"canonical\" href=\"https:\/\/ecenglish.com\/de\/richtlinien\/unter-18\/\" \/>\n<meta property=\"og:locale\" content=\"en_US\" \/>\n<meta property=\"og:type\" content=\"article\" \/>\n<meta property=\"og:title\" content=\"EC English - Politische Dokumente UK unter 18 Jahren\" \/>\n<meta property=\"og:description\" content=\"Grundsatzdokumente UK unter 18 Jahren\u202f bei EC English UK\" \/>\n<meta property=\"og:url\" content=\"https:\/\/ecenglish.com\/de\/richtlinien\/unter-18\/\" \/>\n<meta property=\"og:site_name\" content=\"EC English ( DE )\" \/>\n<meta property=\"article:modified_time\" content=\"2025-02-23T20:11:43+00:00\" \/>\n<meta name=\"twitter:card\" content=\"summary_large_image\" \/>\n<meta name=\"twitter:label1\" content=\"Est. reading time\" \/>\n\t<meta name=\"twitter:data1\" content=\"3 minutes\" \/>\n<script type=\"application\/ld+json\" class=\"yoast-schema-graph\">{\"@context\":\"https:\/\/schema.org\",\"@graph\":[{\"@type\":\"WebPage\",\"@id\":\"https:\/\/ecenglish.com\/de\/richtlinien\/unter-18\/\",\"url\":\"https:\/\/ecenglish.com\/de\/richtlinien\/unter-18\/\",\"name\":\"EC English - Politische Dokumente UK unter 18 Jahren\",\"isPartOf\":{\"@id\":\"https:\/\/ecenglish.com\/de\/#website\"},\"datePublished\":\"2025-01-21T16:01:02+00:00\",\"dateModified\":\"2025-02-23T20:11:43+00:00\",\"description\":\"Grundsatzdokumente UK unter 18 Jahren\u202f bei EC English UK\",\"breadcrumb\":{\"@id\":\"https:\/\/ecenglish.com\/de\/richtlinien\/unter-18\/#breadcrumb\"},\"inLanguage\":\"en-US\",\"potentialAction\":[{\"@type\":\"ReadAction\",\"target\":[\"https:\/\/ecenglish.com\/de\/richtlinien\/unter-18\/\"]}]},{\"@type\":\"BreadcrumbList\",\"@id\":\"https:\/\/ecenglish.com\/de\/richtlinien\/unter-18\/#breadcrumb\",\"itemListElement\":[{\"@type\":\"ListItem\",\"position\":1,\"name\":\"Home\",\"item\":\"https:\/\/ecenglish.com\/de\/\"},{\"@type\":\"ListItem\",\"position\":2,\"name\":\"Policy Documents\",\"item\":\"https:\/\/ecenglish.com\/de\/richtlinien\/\"},{\"@type\":\"ListItem\",\"position\":3,\"name\":\"Unter 18-J\u00e4hrige an EC-Schulen\"}]},{\"@type\":\"WebSite\",\"@id\":\"https:\/\/ecenglish.com\/de\/#website\",\"url\":\"https:\/\/ecenglish.com\/de\/\",\"name\":\"EC English ( DE )\",\"description\":\"\",\"potentialAction\":[{\"@type\":\"SearchAction\",\"target\":{\"@type\":\"EntryPoint\",\"urlTemplate\":\"https:\/\/ecenglish.com\/de\/?s={search_term_string}\"},\"query-input\":{\"@type\":\"PropertyValueSpecification\",\"valueRequired\":true,\"valueName\":\"search_term_string\"}}],\"inLanguage\":\"en-US\"}]}<\/script>\n<!-- \/ Yoast SEO plugin. -->","yoast_head_json":{"title":"EC English - Politische Dokumente UK unter 18 Jahren","description":"Grundsatzdokumente UK unter 18 Jahren\u202f bei EC English UK","robots":{"index":"index","follow":"follow","max-snippet":"max-snippet:-1","max-image-preview":"max-image-preview:large","max-video-preview":"max-video-preview:-1"},"canonical":"https:\/\/ecenglish.com\/de\/richtlinien\/unter-18\/","og_locale":"en_US","og_type":"article","og_title":"EC English - Politische Dokumente UK unter 18 Jahren","og_description":"Grundsatzdokumente UK unter 18 Jahren\u202f bei EC English UK","og_url":"https:\/\/ecenglish.com\/de\/richtlinien\/unter-18\/","og_site_name":"EC English ( DE )","article_modified_time":"2025-02-23T20:11:43+00:00","twitter_card":"summary_large_image","twitter_misc":{"Est. reading time":"3 minutes"},"schema":{"@context":"https:\/\/schema.org","@graph":[{"@type":"WebPage","@id":"https:\/\/ecenglish.com\/de\/richtlinien\/unter-18\/","url":"https:\/\/ecenglish.com\/de\/richtlinien\/unter-18\/","name":"EC English - Politische Dokumente UK unter 18 Jahren","isPartOf":{"@id":"https:\/\/ecenglish.com\/de\/#website"},"datePublished":"2025-01-21T16:01:02+00:00","dateModified":"2025-02-23T20:11:43+00:00","description":"Grundsatzdokumente UK unter 18 Jahren\u202f bei EC English UK","breadcrumb":{"@id":"https:\/\/ecenglish.com\/de\/richtlinien\/unter-18\/#breadcrumb"},"inLanguage":"en-US","potentialAction":[{"@type":"ReadAction","target":["https:\/\/ecenglish.com\/de\/richtlinien\/unter-18\/"]}]},{"@type":"BreadcrumbList","@id":"https:\/\/ecenglish.com\/de\/richtlinien\/unter-18\/#breadcrumb","itemListElement":[{"@type":"ListItem","position":1,"name":"Home","item":"https:\/\/ecenglish.com\/de\/"},{"@type":"ListItem","position":2,"name":"Policy Documents","item":"https:\/\/ecenglish.com\/de\/richtlinien\/"},{"@type":"ListItem","position":3,"name":"Unter 18-J\u00e4hrige an EC-Schulen"}]},{"@type":"WebSite","@id":"https:\/\/ecenglish.com\/de\/#website","url":"https:\/\/ecenglish.com\/de\/","name":"EC English ( DE )","description":"","potentialAction":[{"@type":"SearchAction","target":{"@type":"EntryPoint","urlTemplate":"https:\/\/ecenglish.com\/de\/?s={search_term_string}"},"query-input":{"@type":"PropertyValueSpecification","valueRequired":true,"valueName":"search_term_string"}}],"inLanguage":"en-US"}]}},"_links":{"self":[{"href":"https:\/\/ecenglish.com\/de\/wp-json\/wp\/v2\/pages\/4217","targetHints":{"allow":["GET"]}}],"collection":[{"href":"https:\/\/ecenglish.com\/de\/wp-json\/wp\/v2\/pages"}],"about":[{"href":"https:\/\/ecenglish.com\/de\/wp-json\/wp\/v2\/types\/page"}],"author":[{"embeddable":true,"href":"https:\/\/ecenglish.com\/de\/wp-json\/wp\/v2\/users\/9"}],"replies":[{"embeddable":true,"href":"https:\/\/ecenglish.com\/de\/wp-json\/wp\/v2\/comments?post=4217"}],"version-history":[{"count":10,"href":"https:\/\/ecenglish.com\/de\/wp-json\/wp\/v2\/pages\/4217\/revisions"}],"predecessor-version":[{"id":15469,"href":"https:\/\/ecenglish.com\/de\/wp-json\/wp\/v2\/pages\/4217\/revisions\/15469"}],"up":[{"embeddable":true,"href":"https:\/\/ecenglish.com\/de\/wp-json\/wp\/v2\/pages\/4215"}],"wp:attachment":[{"href":"https:\/\/ecenglish.com\/de\/wp-json\/wp\/v2\/media?parent=4217"}],"wp:term":[{"taxonomy":"page_category","embeddable":true,"href":"https:\/\/ecenglish.com\/de\/wp-json\/wp\/v2\/page_category?post=4217"},{"taxonomy":"activity_category","embeddable":true,"href":"https:\/\/ecenglish.com\/de\/wp-json\/wp\/v2\/activity_category?post=4217"},{"taxonomy":"activity_location","embeddable":true,"href":"https:\/\/ecenglish.com\/de\/wp-json\/wp\/v2\/activity_location?post=4217"},{"taxonomy":"course_category","embeddable":true,"href":"https:\/\/ecenglish.com\/de\/wp-json\/wp\/v2\/course_category?post=4217"},{"taxonomy":"destination_age_group","embeddable":true,"href":"https:\/\/ecenglish.com\/de\/wp-json\/wp\/v2\/destination_age_group?post=4217"},{"taxonomy":"destination_category","embeddable":true,"href":"https:\/\/ecenglish.com\/de\/wp-json\/wp\/v2\/destination_category?post=4217"},{"taxonomy":"lesson_category","embeddable":true,"href":"https:\/\/ecenglish.com\/de\/wp-json\/wp\/v2\/lesson_category?post=4217"}],"curies":[{"name":"wp","href":"https:\/\/api.w.org\/{rel}","templated":true}]}}