{"id":4632,"date":"2025-01-23T11:32:38","date_gmt":"2025-01-23T11:32:38","guid":{"rendered":"https:\/\/ecenglish.com\/de\/?page_id=4632"},"modified":"2025-03-20T10:16:25","modified_gmt":"2025-03-20T10:16:25","slug":"unterkunft","status":"publish","type":"page","link":"https:\/\/ecenglish.com\/de\/richtlinien\/unterkunft\/","title":{"rendered":"Unterkunftsbestimmungen"},"content":{"rendered":"\n<div class=\"wp-block-group alignwide has-global-padding is-layout-constrained wp-block-group-is-layout-constrained\" style=\"padding-top:var(--wp--preset--spacing--xs);padding-bottom:var(--wp--preset--spacing--xs)\">\n<div class=\"wp-block-group alignwide has-global-padding is-content-justification-left is-layout-constrained wp-container-core-group-is-layout-12dd3699 wp-block-group-is-layout-constrained\"><div class=\"yoast-breadcrumbs\"><span><span><a href=\"https:\/\/ecenglish.com\/de\/\">Home<\/a><\/span> <svg viewBox=\"0 0 4 6\" xmlns=\"http:\/\/www.w3.org\/2000\/svg\"><path d=\"M.863 1.78a.659.659 0 0 1 0-.937.673.673 0 0 1 .946 0l1.976 1.96a.727.727 0 0 1 0 1.032l-1.97 1.953a.673.673 0 0 1-1.091-.215.659.659 0 0 1 .145-.723l1.545-1.531L.863 1.78Z\"\/><\/svg> <span><a href=\"https:\/\/ecenglish.com\/de\/richtlinien\/\">Policy Documents<\/a><\/span> <svg viewBox=\"0 0 4 6\" xmlns=\"http:\/\/www.w3.org\/2000\/svg\"><path d=\"M.863 1.78a.659.659 0 0 1 0-.937.673.673 0 0 1 .946 0l1.976 1.96a.727.727 0 0 1 0 1.032l-1.97 1.953a.673.673 0 0 1-1.091-.215.659.659 0 0 1 .145-.723l1.545-1.531L.863 1.78Z\"\/><\/svg> <span class=\"breadcrumb_last\" aria-current=\"page\">Unterkunftsbestimmungen<\/span><\/span><\/div><\/div>\n<\/div>\n\n\n\n<div class=\"wp-block-group alignwide has-global-padding is-layout-constrained wp-block-group-is-layout-constrained\" style=\"margin-top:var(--wp--preset--spacing--xxl);margin-bottom:var(--wp--preset--spacing--xxl)\">\n<div class=\"wp-block-group alignwide is-layout-flow wp-container-core-group-is-layout-07b55995 wp-block-group-is-layout-flow\" style=\"margin-top:0;margin-bottom:0\">\n<h1 class=\"wp-block-heading\"><strong><strong><strong>Unterkunftsbestimmungen<\/strong><\/strong><\/strong><\/h1>\n\n\n\n<h2 class=\"wp-block-heading\"><strong><strong>Allgemeine Gesch\u00e4ftsbedingungen f\u00fcr EC-Sch<\/strong><\/strong>\u00fcler:innen<\/h2>\n\n\n\n<p style=\"padding-top:var(--wp--preset--spacing--s);padding-bottom:var(--wp--preset--spacing--s)\" class=\"\">UNTERKUNFTSRICHTLINIEN&nbsp;<\/p>\n\n\n\n<ul class=\"wp-block-list\">\n<li>Studierende, die zwischen 22:00 und 8:00 Uhr in ihrer Gastfamilie oder ihrem Wohnheim ankommen, m\u00fcssen m\u00f6glicherweise aufgrund einer versp\u00e4teten\/fr\u00fchen Ankunft f\u00fcr die erste Nacht eine alternative Unterkunft in einem Hotel buchen. Einige Unterk\u00fcnfte erheben m\u00f6glicherweise Zuschl\u00e4ge\/Geb\u00fchren f\u00fcr die versp\u00e4tete Ankunft. Diese Informationen sind zum Zeitpunkt der Buchung verf\u00fcgbar.<\/li>\n\n\n\n<li>Bei der Ankunft kann von Studierenden, die eine Unterkunft im Wohnheim buchen, eine r\u00fcckzahlbare Kaution verlangt werden. Bitte beachten Sie, dass die Kautionsgeb\u00fchren je nach Schulstandort variieren. Die Geb\u00fchren und das Verfahren sind im Informationsblatt zu den Wohnheimen aufgef\u00fchrt.<\/li>\n\n\n\n<li>F\u00fcr eine angebrochene Woche zwischen 3 und 6 N\u00e4chten wird eine Woche berechnet. Aufenthalte von 1 oder 2 N\u00e4chten unterliegen der Verf\u00fcgbarkeit und werden pro Nacht berechnet.<\/li>\n\n\n\n<li>Auf spezielle Ern\u00e4hrungsw\u00fcnsche wird nach M\u00f6glichkeit R\u00fccksicht genommen. Verf\u00fcgbarkeit und ggf. anfallende Geb\u00fchren werden auf Anfrage best\u00e4tigt.<\/li>\n\n\n\n<li>EC kann sorgf\u00e4ltig ausgew\u00e4hlte Partner einsetzen, um Studierende bei geeigneten Homestay-Anbietern unterzubringen.<\/li>\n\n\n\n<li>Sollte EC weniger als 7 Werktage vor der Ankunft ein positives Ergebnis f\u00fcr den Visumsantrag erhalten, beh\u00e4lt sich EC das Recht vor, eine alternative Unterkunft anzubieten, f\u00fcr die zus\u00e4tzliche Kosten anfallen k\u00f6nnen.<\/li>\n\n\n\n<li>Sollte sich der Anreisetag aufgrund versp\u00e4teter Visaantr\u00e4ge verschieben, kann die EC die urspr\u00fcngliche Unterkunftszuteilung nicht garantieren.<\/li>\n\n\n\n<li>Sollten EC aufgrund von \u00c4nderungen des Visastatus Kosten bei der Reservierung der Unterkunft f\u00fcr den Studenten entstanden sein, beh\u00e4lt sich EC das Recht vor, diese Kosten weiterzugeben.<\/li>\n\n\n\n<li>Verl\u00e4ngerungen der Unterkunft nach der Ankunft sind abh\u00e4ngig von der Verf\u00fcgbarkeit und k\u00f6nnen nicht garantiert werden. Bitte beachten Sie, dass bei kurzfristigen Verl\u00e4ngerungen Preiserh\u00f6hungen m\u00f6glich sind.<\/li>\n\n\n\n<li>F\u00fcr Unterkunftsanfragen f\u00fcr das kommende Kalenderjahr gelten die Preise des Folgejahres. Sollte EC das best\u00e4tigte Unterkunftsangebot einstellen, bieten die Schulen eine vergleichbare Alternative an.<\/li>\n\n\n\n<li>Unterkunftsanfragen f\u00fcr mehr als 2 Kalenderjahre im Voraus k\u00f6nnen nur best\u00e4tigt werden, bei Privatunterk\u00fcnften gelten die Preise des Folgejahres.<\/li>\n\n\n\n<li>Der Preis f\u00fcr das Buchungsjahr kann bei Verschiebungen nur bis zu 12 Monate ab dem urspr\u00fcnglichen Buchungsbeginn garantiert werden. Sollte EC das best\u00e4tigte Unterkunftsprodukt nicht mehr anbieten, bieten die Schulen eine vergleichbare Alternative an. Bei einer weiteren Verschiebung der Buchung gelten die neuen Preise, und die Studierenden werden gebeten, die Differenz f\u00fcr ein Upgrade zu zahlen.<\/li>\n\n\n\n<li>Wir garantieren keine gemeinsame Unterbringung von Sch\u00fclern nur eines Geschlechts. Studierende, die sich ein Zimmer teilen, sind jedoch nur eines Geschlechts. Ausnahmen gelten f\u00fcr erwachsene Paare oder Geschwister, die in eine Gastfamilie\/ein Wohnheim reisen und um die Unterbringung im selben Zimmer bitten. Anfragen f\u00fcr Geschwister unterschiedlichen Geschlechts, die sich in einer Gastfamilie unterbringen, wenn einer oder beide minderj\u00e4hrig sind, k\u00f6nnen im Einzelfall genehmigt werden.<\/li>\n\n\n\n<li>Die Schulen bem\u00fchen sich, Sch\u00fcler nicht mit Gleichsprachlern in einem Zimmer\/Apartment unterzubringen. Dies h\u00e4ngt jedoch von der Verf\u00fcgbarkeit ab und ist m\u00f6glicherweise nicht betrieblich m\u00f6glich. F\u00fcr Langzeitsch\u00fcler sind Zahlungspl\u00e4ne verf\u00fcgbar.<\/li>\n<\/ul>\n\n\n\n<p class=\"\"><strong>UNTERKUNFTSPRECHUNGEN F\u00dcR MINDERJ\u00c4HRIGE (UNTER 18 JAHREN)<\/strong>&nbsp;<\/p>\n\n\n\n<ul class=\"wp-block-list\">\n<li>Bei einem Aufenthalt in einer EC-Unterkunft m\u00fcssen unter 18-J\u00e4hrige (U18) im selben Zimmer wie die Eltern oder Erziehungsberechtigten wohnen.<\/li>\n\n\n\n<li>Der Antrag auf Unterbringung von Geschwistern unterschiedlichen Geschlechts in derselben Gastfamilie, wenn einer oder beide minderj\u00e4hrig sind, kann im Einzelfall genehmigt werden.<\/li>\n\n\n\n<li>Minderj\u00e4hrige m\u00fcssen f\u00fcr die Dauer ihres Aufenthalts bis zum 18. Geburtstag eine Gastfamilie mit Halbpension bei EC buchen. Zweibettzimmer sind m\u00f6glich, wenn zwei gemeinsam reisende Sch\u00fcler gleichen Geschlechts sind. Ausnahmen gelten nur, wenn Minderj\u00e4hrige mit ihren Eltern oder Erziehungsberechtigten ab 25 Jahren (wie durch die Einverst\u00e4ndniserkl\u00e4rung der Eltern best\u00e4tigt) in einer Unterkunft \u00fcbernachten. Sch\u00fcler, die einen Erwachsenenkurs gebucht haben und nicht in Begleitung eines Elternteils oder Erziehungsberechtigten reisen und zwischen 20:00 und 8:00 Uhr ankommen oder abreisen, m\u00fcssen Transfers \u00fcber EC buchen.<\/li>\n<\/ul>\n\n\n\n<p class=\"\"><strong>VERTREIBUNG<\/strong>&nbsp;<\/p>\n\n\n\n<p class=\"\">EC beh\u00e4lt sich das Recht vor, Studierende aufgrund inakzeptablen oder rechtswidrigen Verhaltens oder mangelnder Anwesenheit von einem EC-Kurs und\/oder einer EC-Unterkunft auszuschlie\u00dfen. Es erfolgt keine R\u00fcckerstattung, und nicht bezahlte Geb\u00fchren sind sofort f\u00e4llig (ausgenommen USA und Vancouver). Die Kosten f\u00fcr die R\u00fcckf\u00fchrung tr\u00e4gt der Studierende. Studierende, die von einem EC-Kurs ausgeschlossen werden, haben keinen Anspruch mehr auf eine EC-Unterkunft. Es gelten die R\u00fcckerstattungsrichtlinien f\u00fcr die Unterkunft. EC verfolgt eine Null-Toleranz-Politik gegen\u00fcber Diskriminierung, Mobbing und Bel\u00e4stigung am Arbeitsplatz, im Unterricht und in der Unterkunft. EC erwartet von den Studierenden ein r\u00fccksichtsvolles Verhalten gegen\u00fcber ihren Mitmenschen. Unangemessenes Verhalten umfasst unter anderem:<\/p>\n\n\n\n<ol class=\"wp-block-list\">\n<li>St\u00f6rungen der Lernumgebung oder der von EC bereitgestellten Wohnumgebung (z. B. Verwendung von Schimpfw\u00f6rtern, Bel\u00e4stigung usw.)<\/li>\n<\/ol>\n\n\n\n<p class=\"\">2. vors\u00e4tzliche Zerst\u00f6rung, Missbrauch oder Diebstahl von EC-Eigentum, EC-Unterk\u00fcnften oder dem Eigentum von Mitsch\u00fclern, Gastfamilien oder Mitbewohnern.<\/p>\n\n\n\n<p class=\"\">3. Gewalt oder Androhung von Gewalt gegen Personen oder Eigentum von Sch\u00fclern oder Schulpersonal.<\/p>\n\n\n\n<p class=\"\">4. sexuelle Bel\u00e4stigung, einschlie\u00dflich unerw\u00fcnschter Ann\u00e4herungsversuche oder sonstiger unangemessener Verhaltensweisen sexueller Art.<\/p>\n\n\n\n<p class=\"\">5. Missbrauch des E-Mail- oder Internetzugangs.<\/p>\n\n\n\n<p class=\"\">6. Nichteinhaltung von Urheberrechtsgesetzen.<\/p>\n\n\n\n<p class=\"\">7. Konsum von Drogen (einschlie\u00dflich Marihuana, sofern legal) oder Alkohol auf dem Gel\u00e4nde der EG, einschlie\u00dflich der Unterk\u00fcnfte der EG und\/oder wenn Sie minderj\u00e4hrig sind<\/p>\n\n\n\n<p class=\"\"><strong>SACHSCH\u00c4DEN<\/strong>&nbsp;<\/p>\n\n\n\n<p class=\"\">Studierende m\u00fcssen f\u00fcr von ihnen verursachte Sachsch\u00e4den die vollen Kosten tragen. F\u00fcr bestimmte Unterkunftsarten kann eine Kaution erhoben werden. Diese ist beim Check-in oder am ersten Schultag zu entrichten.<\/p>\n\n\n\n<p class=\"\"><strong>HAFTUNG<\/strong>&nbsp;<\/p>\n\n\n\n<p class=\"\">EC und seine Mitarbeiter und Vertreter haften nicht f\u00fcr Verluste, Sch\u00e4den oder Verletzungen von Personen oder Eigentum, gleich welcher Art, es sei denn, die Haftung ist gesetzlich ausdr\u00fccklich vorgeschrieben. EC haftet nicht, wenn die Erbringung einer von EC vertraglich vereinbarten Dienstleistung aus Gr\u00fcnden, die au\u00dferhalb der Kontrolle von EC liegen, unm\u00f6glich wird.<\/p>\n\n\n\n<p class=\"\"><strong>STORNIERUNG DER UNTERKUNFT VOR DER ANKUNFT<\/strong>&nbsp;<\/p>\n\n\n\n<p class=\"\">Studierende, die ihre Unterkunft 14 Tage oder weniger vor dem geplanten Aufenthalt stornieren oder verschieben, aus anderen Gr\u00fcnden als einer Visumsverweigerung, m\u00fcssen eine zweiw\u00f6chige Unterkunftsgeb\u00fchr gem\u00e4\u00df der Preisliste f\u00fcr die gebuchte Unterkunft zuz\u00fcglich der Vermittlungsgeb\u00fchr zahlen. \u00dcber EC gebuchte Unterk\u00fcnfte, f\u00fcr die nicht die Standard-Stornierungsbedingungen gelten, m\u00fcssen gem\u00e4\u00df den zum Zeitpunkt der Buchung angegebenen Stornierungsbedingungen storniert oder verschoben werden, um eine Stornierungsgeb\u00fchr zu vermeiden, die bis zum vollen Aufenthaltskosten betragen kann. Bitte beachten Sie auch die Allgemeinen Gesch\u00e4ftsbedingungen der einzelnen Unterk\u00fcnfte, die Sie auf den entsprechenden Informationsbl\u00e4ttern auf ecenglish.com finden, oder wenden Sie sich an Ihren EC-Vertreter.<\/p>\n\n\n\n<p class=\"\"><strong>Stornierung der Unterkunft, Reduzierung nach der Ankunft oder Nichterscheinen<\/strong>&nbsp;<\/p>\n\n\n\n<p class=\"\">Studierende, die ihre Unterkunft verlassen, m\u00fcssen dies 4 Wochen vor der K\u00fcndigung schriftlich mitteilen. Wird die 4-w\u00f6chige K\u00fcndigungsfrist nicht eingehalten, f\u00e4llt eine Stornogeb\u00fchr in H\u00f6he der 4-w\u00f6chigen Unterkunftskosten an. Nach Abzug des in der Preisliste angegebenen Unterkunftspreises, einschlie\u00dflich der erforderlichen K\u00fcndigungsfrist zum gleichen Preis, werden den Studierenden die restlichen Unterkunftskosten erstattet. Bitte beachten Sie: F\u00fcr bestimmte Unterkunftsoptionen k\u00f6nnen andere Stornierungsgeb\u00fchren anfallen. Sollten diese von den oben genannten abweichen, werden die Studierenden bei der Buchung dar\u00fcber informiert. Bitte beachten Sie auch die Allgemeinen Gesch\u00e4ftsbedingungen der einzelnen Wohnheime. Diese finden Sie auf den entsprechenden Informationsbl\u00e4ttern auf den Websites unserer Partner oder wenden Sie sich an Ihren EC-Vertreter.<\/p>\n\n\n\n<p class=\"\"><strong>\u00c4NDERUNGEN DER UNTERKUNFT<\/strong>&nbsp;<\/p>\n\n\n\n<p class=\"\">EC beh\u00e4lt sich das Recht vor, bei jeder \u00c4nderung oder Verschiebung der Unterkunft eine Verwaltungsgeb\u00fchr von 150 $\/50 GBP\/80 EUR zu erheben, nachdem EC die gew\u00fcnschte Unterkunft best\u00e4tigt hat.&nbsp;<\/p>\n<\/div>\n<\/div>\n","protected":false},"excerpt":{"rendered":"<p>Unterkunftsbestimmungen Allgemeine Gesch\u00e4ftsbedingungen f\u00fcr EC-Sch\u00fcler:innen UNTERKUNFTSRICHTLINIEN&nbsp; UNTERKUNFTSPRECHUNGEN F\u00dcR MINDERJ\u00c4HRIGE (UNTER 18 JAHREN)&nbsp; VERTREIBUNG&nbsp; EC beh\u00e4lt sich das Recht vor, Studierende<\/p>\n","protected":false},"author":9,"featured_media":0,"parent":4215,"menu_order":0,"comment_status":"closed","ping_status":"closed","template":"","meta":{"_acf_changed":false,"_trash_the_other_posts":false,"footnotes":""},"page_category":[],"activity_category":[],"activity_location":[],"course_category":[],"destination_age_group":[],"destination_category":[],"lesson_category":[],"class_list":["post-4632","page","type-page","status-publish","hentry"],"acf":[],"yoast_head":"<!-- This site is optimized with the Yoast SEO plugin v26.8 - https:\/\/yoast.com\/product\/yoast-seo-wordpress\/ -->\n<title>Unterkunftspolitik EC English<\/title>\n<meta name=\"description\" content=\"EC English Unterk\u00fcnfte AGBs und Richtlinien\" \/>\n<meta name=\"robots\" content=\"index, follow, max-snippet:-1, max-image-preview:large, max-video-preview:-1\" \/>\n<link rel=\"canonical\" href=\"https:\/\/ecenglish.com\/de\/richtlinien\/unterkunft\/\" \/>\n<meta property=\"og:locale\" content=\"en_US\" \/>\n<meta property=\"og:type\" content=\"article\" \/>\n<meta property=\"og:title\" content=\"Unterkunftspolitik EC English\" \/>\n<meta property=\"og:description\" content=\"EC English Unterk\u00fcnfte AGBs und Richtlinien\" \/>\n<meta property=\"og:url\" content=\"https:\/\/ecenglish.com\/de\/richtlinien\/unterkunft\/\" \/>\n<meta property=\"og:site_name\" content=\"EC English ( DE )\" \/>\n<meta property=\"article:modified_time\" content=\"2025-03-20T10:16:25+00:00\" \/>\n<meta name=\"twitter:card\" content=\"summary_large_image\" \/>\n<meta name=\"twitter:label1\" content=\"Est. reading time\" \/>\n\t<meta name=\"twitter:data1\" content=\"10 minutes\" \/>\n<script type=\"application\/ld+json\" class=\"yoast-schema-graph\">{\"@context\":\"https:\/\/schema.org\",\"@graph\":[{\"@type\":\"WebPage\",\"@id\":\"https:\/\/ecenglish.com\/de\/richtlinien\/unterkunft\/\",\"url\":\"https:\/\/ecenglish.com\/de\/richtlinien\/unterkunft\/\",\"name\":\"Unterkunftspolitik EC English\",\"isPartOf\":{\"@id\":\"https:\/\/ecenglish.com\/de\/#website\"},\"datePublished\":\"2025-01-23T11:32:38+00:00\",\"dateModified\":\"2025-03-20T10:16:25+00:00\",\"description\":\"EC English Unterk\u00fcnfte AGBs und Richtlinien\",\"breadcrumb\":{\"@id\":\"https:\/\/ecenglish.com\/de\/richtlinien\/unterkunft\/#breadcrumb\"},\"inLanguage\":\"en-US\",\"potentialAction\":[{\"@type\":\"ReadAction\",\"target\":[\"https:\/\/ecenglish.com\/de\/richtlinien\/unterkunft\/\"]}]},{\"@type\":\"BreadcrumbList\",\"@id\":\"https:\/\/ecenglish.com\/de\/richtlinien\/unterkunft\/#breadcrumb\",\"itemListElement\":[{\"@type\":\"ListItem\",\"position\":1,\"name\":\"Home\",\"item\":\"https:\/\/ecenglish.com\/de\/\"},{\"@type\":\"ListItem\",\"position\":2,\"name\":\"Policy Documents\",\"item\":\"https:\/\/ecenglish.com\/de\/richtlinien\/\"},{\"@type\":\"ListItem\",\"position\":3,\"name\":\"Unterkunftsbestimmungen\"}]},{\"@type\":\"WebSite\",\"@id\":\"https:\/\/ecenglish.com\/de\/#website\",\"url\":\"https:\/\/ecenglish.com\/de\/\",\"name\":\"EC English ( DE )\",\"description\":\"\",\"potentialAction\":[{\"@type\":\"SearchAction\",\"target\":{\"@type\":\"EntryPoint\",\"urlTemplate\":\"https:\/\/ecenglish.com\/de\/?s={search_term_string}\"},\"query-input\":{\"@type\":\"PropertyValueSpecification\",\"valueRequired\":true,\"valueName\":\"search_term_string\"}}],\"inLanguage\":\"en-US\"}]}<\/script>\n<!-- \/ Yoast SEO plugin. -->","yoast_head_json":{"title":"Unterkunftspolitik EC English","description":"EC English Unterk\u00fcnfte AGBs und Richtlinien","robots":{"index":"index","follow":"follow","max-snippet":"max-snippet:-1","max-image-preview":"max-image-preview:large","max-video-preview":"max-video-preview:-1"},"canonical":"https:\/\/ecenglish.com\/de\/richtlinien\/unterkunft\/","og_locale":"en_US","og_type":"article","og_title":"Unterkunftspolitik EC English","og_description":"EC English Unterk\u00fcnfte AGBs und Richtlinien","og_url":"https:\/\/ecenglish.com\/de\/richtlinien\/unterkunft\/","og_site_name":"EC English ( DE )","article_modified_time":"2025-03-20T10:16:25+00:00","twitter_card":"summary_large_image","twitter_misc":{"Est. reading time":"10 minutes"},"schema":{"@context":"https:\/\/schema.org","@graph":[{"@type":"WebPage","@id":"https:\/\/ecenglish.com\/de\/richtlinien\/unterkunft\/","url":"https:\/\/ecenglish.com\/de\/richtlinien\/unterkunft\/","name":"Unterkunftspolitik EC English","isPartOf":{"@id":"https:\/\/ecenglish.com\/de\/#website"},"datePublished":"2025-01-23T11:32:38+00:00","dateModified":"2025-03-20T10:16:25+00:00","description":"EC English Unterk\u00fcnfte AGBs und Richtlinien","breadcrumb":{"@id":"https:\/\/ecenglish.com\/de\/richtlinien\/unterkunft\/#breadcrumb"},"inLanguage":"en-US","potentialAction":[{"@type":"ReadAction","target":["https:\/\/ecenglish.com\/de\/richtlinien\/unterkunft\/"]}]},{"@type":"BreadcrumbList","@id":"https:\/\/ecenglish.com\/de\/richtlinien\/unterkunft\/#breadcrumb","itemListElement":[{"@type":"ListItem","position":1,"name":"Home","item":"https:\/\/ecenglish.com\/de\/"},{"@type":"ListItem","position":2,"name":"Policy Documents","item":"https:\/\/ecenglish.com\/de\/richtlinien\/"},{"@type":"ListItem","position":3,"name":"Unterkunftsbestimmungen"}]},{"@type":"WebSite","@id":"https:\/\/ecenglish.com\/de\/#website","url":"https:\/\/ecenglish.com\/de\/","name":"EC English ( DE )","description":"","potentialAction":[{"@type":"SearchAction","target":{"@type":"EntryPoint","urlTemplate":"https:\/\/ecenglish.com\/de\/?s={search_term_string}"},"query-input":{"@type":"PropertyValueSpecification","valueRequired":true,"valueName":"search_term_string"}}],"inLanguage":"en-US"}]}},"_links":{"self":[{"href":"https:\/\/ecenglish.com\/de\/wp-json\/wp\/v2\/pages\/4632","targetHints":{"allow":["GET"]}}],"collection":[{"href":"https:\/\/ecenglish.com\/de\/wp-json\/wp\/v2\/pages"}],"about":[{"href":"https:\/\/ecenglish.com\/de\/wp-json\/wp\/v2\/types\/page"}],"author":[{"embeddable":true,"href":"https:\/\/ecenglish.com\/de\/wp-json\/wp\/v2\/users\/9"}],"replies":[{"embeddable":true,"href":"https:\/\/ecenglish.com\/de\/wp-json\/wp\/v2\/comments?post=4632"}],"version-history":[{"count":13,"href":"https:\/\/ecenglish.com\/de\/wp-json\/wp\/v2\/pages\/4632\/revisions"}],"predecessor-version":[{"id":17825,"href":"https:\/\/ecenglish.com\/de\/wp-json\/wp\/v2\/pages\/4632\/revisions\/17825"}],"up":[{"embeddable":true,"href":"https:\/\/ecenglish.com\/de\/wp-json\/wp\/v2\/pages\/4215"}],"wp:attachment":[{"href":"https:\/\/ecenglish.com\/de\/wp-json\/wp\/v2\/media?parent=4632"}],"wp:term":[{"taxonomy":"page_category","embeddable":true,"href":"https:\/\/ecenglish.com\/de\/wp-json\/wp\/v2\/page_category?post=4632"},{"taxonomy":"activity_category","embeddable":true,"href":"https:\/\/ecenglish.com\/de\/wp-json\/wp\/v2\/activity_category?post=4632"},{"taxonomy":"activity_location","embeddable":true,"href":"https:\/\/ecenglish.com\/de\/wp-json\/wp\/v2\/activity_location?post=4632"},{"taxonomy":"course_category","embeddable":true,"href":"https:\/\/ecenglish.com\/de\/wp-json\/wp\/v2\/course_category?post=4632"},{"taxonomy":"destination_age_group","embeddable":true,"href":"https:\/\/ecenglish.com\/de\/wp-json\/wp\/v2\/destination_age_group?post=4632"},{"taxonomy":"destination_category","embeddable":true,"href":"https:\/\/ecenglish.com\/de\/wp-json\/wp\/v2\/destination_category?post=4632"},{"taxonomy":"lesson_category","embeddable":true,"href":"https:\/\/ecenglish.com\/de\/wp-json\/wp\/v2\/lesson_category?post=4632"}],"curies":[{"name":"wp","href":"https:\/\/api.w.org\/{rel}","templated":true}]}}