{"id":4682,"date":"2025-01-23T11:58:24","date_gmt":"2025-01-23T11:58:24","guid":{"rendered":"https:\/\/ecenglish.com\/de\/?page_id=4682"},"modified":"2025-02-24T19:11:04","modified_gmt":"2025-02-24T19:11:04","slug":"kursunterbrechungsrichtlinien","status":"publish","type":"page","link":"https:\/\/ecenglish.com\/de\/richtlinien\/kursunterbrechungsrichtlinien\/","title":{"rendered":"Sitzungspausenpolitik"},"content":{"rendered":"\n<div class=\"wp-block-group alignwide has-global-padding is-layout-constrained wp-block-group-is-layout-constrained\" style=\"padding-top:var(--wp--preset--spacing--xs);padding-bottom:var(--wp--preset--spacing--xs)\">\n<div class=\"wp-block-group alignwide has-global-padding is-content-justification-left is-layout-constrained wp-container-core-group-is-layout-12dd3699 wp-block-group-is-layout-constrained\"><div class=\"yoast-breadcrumbs\"><span><span><a href=\"https:\/\/ecenglish.com\/de\/\">Home<\/a><\/span> <svg viewBox=\"0 0 4 6\" xmlns=\"http:\/\/www.w3.org\/2000\/svg\"><path d=\"M.863 1.78a.659.659 0 0 1 0-.937.673.673 0 0 1 .946 0l1.976 1.96a.727.727 0 0 1 0 1.032l-1.97 1.953a.673.673 0 0 1-1.091-.215.659.659 0 0 1 .145-.723l1.545-1.531L.863 1.78Z\"\/><\/svg> <span><a href=\"https:\/\/ecenglish.com\/de\/richtlinien\/\">Policy Documents<\/a><\/span> <svg viewBox=\"0 0 4 6\" xmlns=\"http:\/\/www.w3.org\/2000\/svg\"><path d=\"M.863 1.78a.659.659 0 0 1 0-.937.673.673 0 0 1 .946 0l1.976 1.96a.727.727 0 0 1 0 1.032l-1.97 1.953a.673.673 0 0 1-1.091-.215.659.659 0 0 1 .145-.723l1.545-1.531L.863 1.78Z\"\/><\/svg> <span class=\"breadcrumb_last\" aria-current=\"page\">Sitzungspausenpolitik<\/span><\/span><\/div><\/div>\n<\/div>\n\n\n\n<div class=\"wp-block-group alignwide has-global-padding is-layout-constrained wp-block-group-is-layout-constrained\" style=\"margin-top:var(--wp--preset--spacing--xxl);margin-bottom:var(--wp--preset--spacing--xxl)\">\n<div class=\"wp-block-group alignwide is-layout-flow wp-container-core-group-is-layout-07b55995 wp-block-group-is-layout-flow\" style=\"margin-top:0;margin-bottom:0\">\n<h1 class=\"wp-block-heading\"><strong><strong><strong>Sitzungspausenpolitik<\/strong><\/strong><\/strong><\/h1>\n\n\n\n<p style=\"padding-top:var(--wp--preset--spacing--s);padding-bottom:var(--wp--preset--spacing--s)\" class=\"\">L\u00e4ngerfristig Studierende, die an allen EC-Zentren studieren, k\u00f6nnen gerne eine Sitzungspause einlegen, um ihre Freizeit zu genie\u00dfen und zu reisen oder f\u00fcr einen kurzen Besuch nach Hause zur\u00fcckzukehren. Es ist zu beachten, dass die Regeln f\u00fcr die Sitzungspause je nach Standort variieren und auf den \u00f6rtlichen Visabestimmungen beruhen. Sch\u00fcler, die aus ihrer Sitzungspause zur\u00fcckkehren, k\u00f6nnen nicht erwarten, dass sie in dieselbe Klasse, denselben Lehrer oder dieselbe Unterkunft zur\u00fcckkehren. F\u00fcr die Unterbringung w\u00e4hrend der Sitzungspause wird kein Kredit gew\u00e4hrt. Student:innen, die ein Visum f\u00fcr ein Studium ben\u00f6tigen, m\u00fcssen sicherstellen, dass ihr Visum f\u00fcr die richtigen Daten ausgestellt ist, um die Sitzungspausen zu ber\u00fccksichtigen.<\/p>\n\n\n\n<p class=\"\">Die Richtlinien f\u00fcr Sitzungspausen nach Standort finden Sie unten. Bei weiteren Fragen wenden Sie sich bitte an Ihren EC-Kontakt.<\/p>\n\n\n\n<p class=\"\"><strong>Student:innen, die mit einem Touristenvisum an der EC Malta studieren und sich 90 Tage lang aufhalten:\u00a0<\/strong><\/p>\n\n\n\n<ul class=\"wp-block-list\">\n<li>Student:innen m\u00fcssen f\u00fcr einen 8-w\u00f6chigen Kurs oder l\u00e4nger gebucht sein, um eine Sitzungspause in Anspruch nehmen zu k\u00f6nnen.\u00a0<\/li>\n<\/ul>\n\n\n\n<ul class=\"wp-block-list\">\n<li>Student:innen, die einen 8- bis 23-w\u00f6chigen Kurs gebucht haben, d\u00fcrfen maximal 2 Wochen Pause machen.\u00a0<\/li>\n<\/ul>\n\n\n\n<p class=\"\"><strong>Student:innen, die in der EC UK, EC Kanada, EC Malta (ohne Touristenvisum) und EC S\u00fcdafrika studieren:\u00a0<\/strong><\/p>\n\n\n\n<ul class=\"wp-block-list\">\n<li>Studierende m\u00fcssen mindestens einen 12-w\u00f6chigen Kurs gebucht haben, um Anspruch auf eine Sitzungspause zu haben.\u00a0<\/li>\n<\/ul>\n\n\n\n<ul class=\"wp-block-list\">\n<li>Sch\u00fcler:innen, die einen 12-23-w\u00f6chigen Kurs gebucht haben, k\u00f6nnen maximal 2 Wochen Pause machen.\u00a0<\/li>\n<\/ul>\n\n\n\n<ul class=\"wp-block-list\">\n<li>Sch\u00fcler:innen, die einen Kurs von mehr als 24 Wochen gebucht haben, k\u00f6nnen maximal 4 Wochen Pause machen.\u00a0<\/li>\n<\/ul>\n\n\n\n<ul class=\"wp-block-list\">\n<li>Studierende, die eine Anwesenheit von 80 % oder weniger aufweisen, k\u00f6nnen keine Sitzungspause beantragen.\u00a0<\/li>\n<\/ul>\n\n\n\n<ul class=\"wp-block-list\">\n<li>Die Kursteilnehmer k\u00f6nnen die Unterbrechungswochen einzeln oder auf einmal nutzen.\u00a0<\/li>\n<\/ul>\n\n\n\n<ul class=\"wp-block-list\">\n<li>Die Sch\u00fcler:innen k\u00f6nnen die Sitzungspause jederzeit in Anspruch nehmen, au\u00dfer w\u00e4hrend der Pr\u00fcfungsvorbereitung.\u00a0<\/li>\n<\/ul>\n\n\n\n<ul class=\"wp-block-list\">\n<li>Die Student:innen m\u00fcssen eine 2-w\u00f6chige K\u00fcndigungsfrist einhalten.\u00a0<\/li>\n<\/ul>\n\n\n\n<ul class=\"wp-block-list\">\n<li>Die Studierenden sind allein daf\u00fcr verantwortlich, dass ihr Visum f\u00fcr die korrekten Daten ausgestellt wird, die eine Sitzungspause beinhalten.\u00a0<\/li>\n<\/ul>\n\n\n\n<ul class=\"wp-block-list\">\n<li>Studienwochen werden verschoben, gehen aber nicht verloren, wenn sie 2 Wochen im Voraus angek\u00fcndigt werden (bei Unterk\u00fcnften gelten die Stornierungsbedingungen der EG, insbesondere f\u00fcr Studentenwohnheime. F\u00fcr die Unterkunft wird keine Gutschrift erteilt).\u00a0<\/li>\n<\/ul>\n\n\n\n<ul class=\"wp-block-list\">\n<li>Die Anzahl der erforderlichen Studienwochen zwischen den Ferien betr\u00e4gt 4 Wochen.<\/li>\n<\/ul>\n\n\n\n<p class=\"\"><strong>Student:innen, die bei EC Dublin studieren:\u00a0<\/strong><\/p>\n\n\n\n<ul class=\"wp-block-list\">\n<li>Student:innen m\u00fcssen f\u00fcr einen 8-w\u00f6chigen Kurs oder l\u00e4nger gebucht sein, um eine Sitzungspause in Anspruch nehmen zu k\u00f6nnen.\u00a0<\/li>\n<\/ul>\n\n\n\n<ul class=\"wp-block-list\">\n<li>EU\/WHV-Studenten, die einen 8- bis 12-w\u00f6chigen Kurs gebucht haben, k\u00f6nnen<em>unter<\/em>\u202feine Pause in H\u00f6he eines Drittels ihres Kurses einlegen. (bis zu 4 Wochen)\u00a0<\/li>\n<\/ul>\n\n\n\n<ul class=\"wp-block-list\">\n<li>EU\/WHV-Studenten, die einen 13- bis 24-w\u00f6chigen Kurs buchen, k\u00f6nnen eine<em>Pause von<\/em>\u202feinlegen, die einem Drittel des Kurses entspricht\u202f(bis zu 8 Wochen)\u00a0<\/li>\n<\/ul>\n\n\n\n<ul class=\"wp-block-list\">\n<li>Studenten aus Nicht-EU-L\u00e4ndern, die ein Akademisches Jahr \/ ILEP \u00fcber 25 Wochen buchen, haben Anspruch auf Urlaub gem\u00e4\u00df den INIS-Vorschriften.\u202f<em>* Siehe unten.<\/em>\u00a0<\/li>\n<\/ul>\n\n\n\n<ul class=\"wp-block-list\">\n<li>Student:innen m\u00fcssen eine Anwesenheitsquote von 85% oder mehr aufweisen, um sich f\u00fcr eine Pause zu qualifizieren (falls w\u00e4hrend des Kurses gebucht)\u00a0<\/li>\n<\/ul>\n\n\n\n<ul class=\"wp-block-list\">\n<li>Die Student:innen m\u00fcssen eine Pause 2 Wochen im Voraus buchen.\u00a0<\/li>\n<\/ul>\n\n\n\n<ul class=\"wp-block-list\">\n<li>Sitzungspausen k\u00f6nnen \u00fcber MyEC und per E-Mail beantragt werden.\u00a0<\/li>\n<\/ul>\n\n\n\n<ul class=\"wp-block-list\">\n<li>Sitzungspausen k\u00f6nnen nicht w\u00e4hrend der Pr\u00fcfungsvorbereitung gebucht werden.\u00a0<\/li>\n<\/ul>\n\n\n\n<ul class=\"wp-block-list\">\n<li>Studienwochen werden verschoben, gehen aber nicht verloren, sofern sie 2 Wochen im Voraus angek\u00fcndigt werden (im Falle von Unterk\u00fcnften gelten die Stornierungsbedingungen der EG, insbesondere f\u00fcr Studentenwohnheime. F\u00fcr die Unterkunft wird keine Gutschrift erteilt).\u00a0<\/li>\n<\/ul>\n\n\n\n<ul class=\"wp-block-list\">\n<li>Die Studierenden sind allein daf\u00fcr verantwortlich, dass ihr Visum f\u00fcr die korrekten Daten ausgestellt wird, einschlie\u00dflich etwaiger Sitzungspausen.\u00a0<\/li>\n<\/ul>\n\n\n\n<ul class=\"wp-block-list\">\n<li>Studierende, die ein Visum ben\u00f6tigen (keine Aufenthaltsgenehmigung), m\u00fcssen ein Mehrfach-\/Wiedereinreisevisum beantragen, bevor sie Irland verlassen.\u00a0<\/li>\n<\/ul>\n\n\n\n<p class=\"\">*<strong><em>Die in diesem Dokument enthaltenen Informationen zu Nicht-EU-Studenten in Irland stammen aus dem INIS Policy Statement (Stand: 14.9.2018)\u00a0<\/em><\/strong><\/p>\n\n\n\n<p class=\"\"><strong>EU \/ Working Holiday Student:innen<\/strong><\/p>\n\n\n\n<ul class=\"wp-block-list\">\n<li>Gem\u00e4\u00df der EG-Richtlinie f\u00fcr Sitzungspausen.\u00a0<\/li>\n<\/ul>\n\n\n\n<ul class=\"wp-block-list\">\n<li>Das Working Holiday Visum muss vor der Buchung des Urlaubs vorgelegt werden.\u00a0<\/li>\n<\/ul>\n\n\n\n<ul class=\"wp-block-list\">\n<li>HINWEIS: WHV-Studenten k\u00f6nnen nur bis zu 6 Monate lang studieren.\u00a0<\/li>\n<\/ul>\n\n\n\n<p class=\"\"><strong>Student:innen mit Visumspflicht und Visa Waiver (Erlaubnis zum Aufenthalt):\u00a0<\/strong><\/p>\n\n\n\n<ul class=\"wp-block-list\">\n<li>Im Einklang mit der EG-Politik\u00a0<\/li>\n<\/ul>\n\n\n\n<p class=\"\"><strong>Plus<\/strong>&nbsp;<\/p>\n\n\n\n<ul class=\"wp-block-list\">\n<li>Bei der Einschreibung erhalten die Sch\u00fcler einen schriftlichen Stundenplan, in dem die t\u00e4glichen und w\u00f6chentlichen Unterrichtszeiten und -daten aufgef\u00fchrt sind.\u00a0<\/li>\n<\/ul>\n\n\n\n<ul class=\"wp-block-list\">\n<li>Der Zeitplan des Programms, einschlie\u00dflich der Ferienzeiten, wird in Studentenbriefen dargelegt, die vor der Immigrationsregistrierung ausgeh\u00e4ndigt werden.\u00a0\u00a0<br>o\u202f\u202fBriefe k\u00f6nnen \u00fcber MyEC angefordert und innerhalb von 24-48 Stunden nach der Anforderung an der Rezeption der EC Dublin abgeholt werden.\u00a0<br>Notfallbriefe k\u00f6nnen auf Anfrage ausgestellt werden.\u00a0\u00a0<\/li>\n<\/ul>\n\n\n\n<ul class=\"wp-block-list\">\n<li>Urlaubszeiten m\u00fcssen vor der Immigrationsregistrierung \u00fcber MyEC oder per E-Mail gebucht werden:\u00a0\u00a0<br>o\u202f\u202fWenn m\u00f6glich, sollten Urlaubszeiten w\u00e4hrend der Immatrikulation gebucht werden<br>o\u202f\u202fUrlaubszeiten, die nicht w\u00e4hrend der Immatrikulation gebucht werden, m\u00fcssen vor der Abholung der INIS-Registrierungsunterlagen per E-Mail oder MyEC-Anfrage best\u00e4tigt werden.\u00a0<br>o\u202f Urlaubsantr\u00e4ge werden vom Studiendirektor oder Zentrumsleiter in \u00dcbereinstimmung mit den INIS-Anforderungen genehmigt.\u00a0<\/li>\n<\/ul>\n\n\n\n<ul class=\"wp-block-list\">\n<li>Ferien k\u00f6nnen nicht innerhalb der ersten 8 Wochen des Programms gebucht werden.\u202f\u00a0\u202f\u00a0<\/li>\n<\/ul>\n\n\n\n<ul class=\"wp-block-list\">\n<li>Der Urlaub darf nicht mehr als 1\/3 der insgesamt verstrichenen Wochen betragen:\u00a0<br>o\u202f Z.B. 10 Wochen Studium = 3 Wochen Urlaub erlaubt.\u00a0<br>o\u202f 12 Wochen = 4 Wochen Urlaub erlaubt.<\/li>\n<\/ul>\n\n\n\n<ul class=\"wp-block-list\">\n<li>\u00c4nderungen des Stundenplans werden im Voraus mit den Studierenden vereinbart.\u00a0<\/li>\n<\/ul>\n\n\n\n<ul class=\"wp-block-list\">\n<li>Au\u00dfer in dokumentierten F\u00e4llen von Krankheit oder einem nahen Todesfall in der Familie und in \u00dcbereinstimmung mit den Regeln der GNIB werden keine au\u00dferplanm\u00e4\u00dfigen Pausen genehmigt.\u202f\u00a0\u00a0\u00a0<br>o\u202f Die Umst\u00e4nde, unter denen diese Antr\u00e4ge in Betracht gezogen werden k\u00f6nnen, sind in der Krankenversicherungspolice zu finden.\u00a0<br>o\u202fDie Kriterien f\u00fcr die Annahme oder Ablehnung eines Antrags werden dokumentiert, einschlie\u00dflich des Entscheidungsprozesses.\u00a0<br>o\u202f Der Name der Person, die f\u00fcr solche Entscheidungen verantwortlich ist, wird dokumentiert und \u00f6ffentlich zug\u00e4nglich gemacht.\u202f<\/li>\n<\/ul>\n\n\n\n<p class=\"\"><strong><em>Die obigen Informationen zu den Ferienzeiten wurden in \u00dcbereinstimmung mit den INIS-Anforderungen verfasst und ersetzen die Schulpolitik im Falle von Sch\u00fclern, die ein Visum ben\u00f6tigen oder von der Visumspflicht befreit sind.\u202f\u00a0<\/em><\/strong><\/p>\n\n\n\n<p class=\"\"><strong>Student:innen, die mit einem F-1 Studentenvisum an EC US-Zentren studieren:\u00a0<\/strong><\/p>\n\n\n\n<ul class=\"wp-block-list\">\n<li>Die Student:innen m\u00fcssen f\u00fcr einen Kurs von mindestens 12 Wochen gebucht sein, um sich f\u00fcr eine Sitzungspause zu qualifizieren.\u00a0<\/li>\n<\/ul>\n\n\n\n<ul class=\"wp-block-list\">\n<li>Die Student:innen k\u00f6nnen bis zu zwei Wochen Pause machen, nachdem sie 12 aufeinanderfolgende Kurswochen absolviert haben. Die Pausen k\u00f6nnen nicht kombiniert werden, und sollte ein Student nicht die vollen 2 Wochen in Anspruch nehmen, geht die zweite Woche verloren.\u202f\u00a0<\/li>\n<\/ul>\n\n\n\n<ul class=\"wp-block-list\">\n<li>Die Sch\u00fcler:innen m\u00fcssen bei ihrer R\u00fcckkehr aus der Pause mindestens 4 Wochen Kurse gebucht und bezahlt haben.\u00a0<\/li>\n<\/ul>\n\n\n\n<ul class=\"wp-block-list\">\n<li>Die Sch\u00fcler:innen m\u00fcssen insgesamt eine Anwesenheit von mindestens 80 % aufweisen, um sich f\u00fcr eine Sitzungspause zu qualifizieren.\u00a0<\/li>\n<\/ul>\n\n\n\n<ul class=\"wp-block-list\">\n<li>W\u00e4hrend der Pr\u00fcfungsvorbereitungen k\u00f6nnen die Studenten die Sitzungspause nicht in Anspruch nehmen.\u00a0<\/li>\n<\/ul>\n\n\n\n<ul class=\"wp-block-list\">\n<li>Studierende, die von einem EC-Zentrum zu einem anderen wechseln, ohne eine Pause zwischen den Standorten einzulegen, k\u00f6nnen die Wochen an ihrem ersten Zentrum auf die 12 Wochen kontinuierlichen Studiums anrechnen. Entscheidet sich ein Student f\u00fcr eine Pause zwischen den Standorten, muss er 12 Wochen ununterbrochenen Lernens an seinem neuen Zentrum absolvieren, bevor er Anspruch auf eine Sitzungspause hat.\u00a0<\/li>\n<\/ul>\n\n\n\n<ul class=\"wp-block-list\">\n<li>Die Sch\u00fcler:innen werden gebeten, eine Pause von 2 Wochen im Voraus anzuk\u00fcndigen.\u00a0<\/li>\n<\/ul>\n\n\n\n<ul class=\"wp-block-list\">\n<li>Student:innen, die planen, das Land w\u00e4hrend der Ferien zu verlassen, ben\u00f6tigen f\u00fcr die Reise die Unterschrift des DSO der Schule.\u00a0<\/li>\n<\/ul>\n\n\n\n<ul class=\"wp-block-list\">\n<li>Student:innen, die das Land verlassen wollen und weniger als 80 % Anwesenheit aufweisen, d\u00fcrfen das Land verlassen, solange wir das aktuelle I-20 aufheben und ein I-20 f\u00fcr ihre R\u00fcckkehr ausstellen. Die Berechnung der Anwesenheit beginnt von neuem, sobald sie mit dem neuen I-20 wieder einreisen.\u00a0<\/li>\n<\/ul>\n\n\n\n<p style=\"padding-top:var(--wp--preset--spacing--s);padding-bottom:var(--wp--preset--spacing--s)\" class=\"\">Studierende, die wegen eines famili\u00e4ren\/medizinischen Notfalls in ihr Heimatland zur\u00fcckkehren m\u00fcssen, k\u00f6nnen eine Beurlaubung von bis zu 5 Monaten au\u00dferhalb der USA beantragen. Alle Beurlaubungen m\u00fcssen von der DSO genehmigt werden und werden von Fall zu Fall behandelt. Sch\u00fcler, die l\u00e4nger als 6 Wochen beurlaubt sind, m\u00fcssen unter Umst\u00e4nden den Einstufungstest wiederholen und k\u00f6nnen nach ihrer R\u00fcckkehr als neu angemeldet gelten.\u00a0<\/p>\n<\/div>\n<\/div>\n","protected":false},"excerpt":{"rendered":"<p>Sitzungspausenpolitik L\u00e4ngerfristig Studierende, die an allen EC-Zentren studieren, k\u00f6nnen gerne eine Sitzungspause einlegen, um ihre Freizeit zu genie\u00dfen und zu<\/p>\n","protected":false},"author":9,"featured_media":0,"parent":4215,"menu_order":0,"comment_status":"closed","ping_status":"closed","template":"","meta":{"_acf_changed":false,"_trash_the_other_posts":false,"footnotes":""},"page_category":[],"activity_category":[],"activity_location":[],"course_category":[],"destination_age_group":[],"destination_category":[],"lesson_category":[],"class_list":["post-4682","page","type-page","status-publish","hentry"],"acf":[],"yoast_head":"<!-- This site is optimized with the Yoast SEO plugin v26.8 - https:\/\/yoast.com\/product\/yoast-seo-wordpress\/ -->\n<title>Sitzungspausenpolitik - EC English Schulen<\/title>\n<meta name=\"description\" content=\"Sitzungspausenrichtlinien nach Zielort f\u00fcr Sch\u00fcler von EC English.\" \/>\n<meta name=\"robots\" content=\"index, follow, max-snippet:-1, max-image-preview:large, max-video-preview:-1\" \/>\n<link rel=\"canonical\" href=\"https:\/\/ecenglish.com\/de\/richtlinien\/kursunterbrechungsrichtlinien\/\" \/>\n<meta property=\"og:locale\" content=\"en_US\" \/>\n<meta property=\"og:type\" content=\"article\" \/>\n<meta property=\"og:title\" content=\"Sitzungspausenpolitik - EC English Schulen\" \/>\n<meta property=\"og:description\" content=\"Sitzungspausenrichtlinien nach Zielort f\u00fcr Sch\u00fcler von EC English.\" \/>\n<meta property=\"og:url\" content=\"https:\/\/ecenglish.com\/de\/richtlinien\/kursunterbrechungsrichtlinien\/\" \/>\n<meta property=\"og:site_name\" content=\"EC English ( DE )\" \/>\n<meta property=\"article:modified_time\" content=\"2025-02-24T19:11:04+00:00\" \/>\n<meta name=\"twitter:card\" content=\"summary_large_image\" \/>\n<meta name=\"twitter:label1\" content=\"Est. reading time\" \/>\n\t<meta name=\"twitter:data1\" content=\"6 minutes\" \/>\n<script type=\"application\/ld+json\" class=\"yoast-schema-graph\">{\"@context\":\"https:\/\/schema.org\",\"@graph\":[{\"@type\":\"WebPage\",\"@id\":\"https:\/\/ecenglish.com\/de\/richtlinien\/kursunterbrechungsrichtlinien\/\",\"url\":\"https:\/\/ecenglish.com\/de\/richtlinien\/kursunterbrechungsrichtlinien\/\",\"name\":\"Sitzungspausenpolitik - EC English Schulen\",\"isPartOf\":{\"@id\":\"https:\/\/ecenglish.com\/de\/#website\"},\"datePublished\":\"2025-01-23T11:58:24+00:00\",\"dateModified\":\"2025-02-24T19:11:04+00:00\",\"description\":\"Sitzungspausenrichtlinien nach Zielort f\u00fcr Sch\u00fcler von EC English.\",\"breadcrumb\":{\"@id\":\"https:\/\/ecenglish.com\/de\/richtlinien\/kursunterbrechungsrichtlinien\/#breadcrumb\"},\"inLanguage\":\"en-US\",\"potentialAction\":[{\"@type\":\"ReadAction\",\"target\":[\"https:\/\/ecenglish.com\/de\/richtlinien\/kursunterbrechungsrichtlinien\/\"]}]},{\"@type\":\"BreadcrumbList\",\"@id\":\"https:\/\/ecenglish.com\/de\/richtlinien\/kursunterbrechungsrichtlinien\/#breadcrumb\",\"itemListElement\":[{\"@type\":\"ListItem\",\"position\":1,\"name\":\"Home\",\"item\":\"https:\/\/ecenglish.com\/de\/\"},{\"@type\":\"ListItem\",\"position\":2,\"name\":\"Policy Documents\",\"item\":\"https:\/\/ecenglish.com\/de\/richtlinien\/\"},{\"@type\":\"ListItem\",\"position\":3,\"name\":\"Sitzungspausenpolitik\"}]},{\"@type\":\"WebSite\",\"@id\":\"https:\/\/ecenglish.com\/de\/#website\",\"url\":\"https:\/\/ecenglish.com\/de\/\",\"name\":\"EC English ( DE )\",\"description\":\"\",\"potentialAction\":[{\"@type\":\"SearchAction\",\"target\":{\"@type\":\"EntryPoint\",\"urlTemplate\":\"https:\/\/ecenglish.com\/de\/?s={search_term_string}\"},\"query-input\":{\"@type\":\"PropertyValueSpecification\",\"valueRequired\":true,\"valueName\":\"search_term_string\"}}],\"inLanguage\":\"en-US\"}]}<\/script>\n<!-- \/ Yoast SEO plugin. -->","yoast_head_json":{"title":"Sitzungspausenpolitik - EC English Schulen","description":"Sitzungspausenrichtlinien nach Zielort f\u00fcr Sch\u00fcler von EC English.","robots":{"index":"index","follow":"follow","max-snippet":"max-snippet:-1","max-image-preview":"max-image-preview:large","max-video-preview":"max-video-preview:-1"},"canonical":"https:\/\/ecenglish.com\/de\/richtlinien\/kursunterbrechungsrichtlinien\/","og_locale":"en_US","og_type":"article","og_title":"Sitzungspausenpolitik - EC English Schulen","og_description":"Sitzungspausenrichtlinien nach Zielort f\u00fcr Sch\u00fcler von EC English.","og_url":"https:\/\/ecenglish.com\/de\/richtlinien\/kursunterbrechungsrichtlinien\/","og_site_name":"EC English ( DE )","article_modified_time":"2025-02-24T19:11:04+00:00","twitter_card":"summary_large_image","twitter_misc":{"Est. reading time":"6 minutes"},"schema":{"@context":"https:\/\/schema.org","@graph":[{"@type":"WebPage","@id":"https:\/\/ecenglish.com\/de\/richtlinien\/kursunterbrechungsrichtlinien\/","url":"https:\/\/ecenglish.com\/de\/richtlinien\/kursunterbrechungsrichtlinien\/","name":"Sitzungspausenpolitik - EC English Schulen","isPartOf":{"@id":"https:\/\/ecenglish.com\/de\/#website"},"datePublished":"2025-01-23T11:58:24+00:00","dateModified":"2025-02-24T19:11:04+00:00","description":"Sitzungspausenrichtlinien nach Zielort f\u00fcr Sch\u00fcler von EC English.","breadcrumb":{"@id":"https:\/\/ecenglish.com\/de\/richtlinien\/kursunterbrechungsrichtlinien\/#breadcrumb"},"inLanguage":"en-US","potentialAction":[{"@type":"ReadAction","target":["https:\/\/ecenglish.com\/de\/richtlinien\/kursunterbrechungsrichtlinien\/"]}]},{"@type":"BreadcrumbList","@id":"https:\/\/ecenglish.com\/de\/richtlinien\/kursunterbrechungsrichtlinien\/#breadcrumb","itemListElement":[{"@type":"ListItem","position":1,"name":"Home","item":"https:\/\/ecenglish.com\/de\/"},{"@type":"ListItem","position":2,"name":"Policy Documents","item":"https:\/\/ecenglish.com\/de\/richtlinien\/"},{"@type":"ListItem","position":3,"name":"Sitzungspausenpolitik"}]},{"@type":"WebSite","@id":"https:\/\/ecenglish.com\/de\/#website","url":"https:\/\/ecenglish.com\/de\/","name":"EC English ( DE )","description":"","potentialAction":[{"@type":"SearchAction","target":{"@type":"EntryPoint","urlTemplate":"https:\/\/ecenglish.com\/de\/?s={search_term_string}"},"query-input":{"@type":"PropertyValueSpecification","valueRequired":true,"valueName":"search_term_string"}}],"inLanguage":"en-US"}]}},"_links":{"self":[{"href":"https:\/\/ecenglish.com\/de\/wp-json\/wp\/v2\/pages\/4682","targetHints":{"allow":["GET"]}}],"collection":[{"href":"https:\/\/ecenglish.com\/de\/wp-json\/wp\/v2\/pages"}],"about":[{"href":"https:\/\/ecenglish.com\/de\/wp-json\/wp\/v2\/types\/page"}],"author":[{"embeddable":true,"href":"https:\/\/ecenglish.com\/de\/wp-json\/wp\/v2\/users\/9"}],"replies":[{"embeddable":true,"href":"https:\/\/ecenglish.com\/de\/wp-json\/wp\/v2\/comments?post=4682"}],"version-history":[{"count":27,"href":"https:\/\/ecenglish.com\/de\/wp-json\/wp\/v2\/pages\/4682\/revisions"}],"predecessor-version":[{"id":15831,"href":"https:\/\/ecenglish.com\/de\/wp-json\/wp\/v2\/pages\/4682\/revisions\/15831"}],"up":[{"embeddable":true,"href":"https:\/\/ecenglish.com\/de\/wp-json\/wp\/v2\/pages\/4215"}],"wp:attachment":[{"href":"https:\/\/ecenglish.com\/de\/wp-json\/wp\/v2\/media?parent=4682"}],"wp:term":[{"taxonomy":"page_category","embeddable":true,"href":"https:\/\/ecenglish.com\/de\/wp-json\/wp\/v2\/page_category?post=4682"},{"taxonomy":"activity_category","embeddable":true,"href":"https:\/\/ecenglish.com\/de\/wp-json\/wp\/v2\/activity_category?post=4682"},{"taxonomy":"activity_location","embeddable":true,"href":"https:\/\/ecenglish.com\/de\/wp-json\/wp\/v2\/activity_location?post=4682"},{"taxonomy":"course_category","embeddable":true,"href":"https:\/\/ecenglish.com\/de\/wp-json\/wp\/v2\/course_category?post=4682"},{"taxonomy":"destination_age_group","embeddable":true,"href":"https:\/\/ecenglish.com\/de\/wp-json\/wp\/v2\/destination_age_group?post=4682"},{"taxonomy":"destination_category","embeddable":true,"href":"https:\/\/ecenglish.com\/de\/wp-json\/wp\/v2\/destination_category?post=4682"},{"taxonomy":"lesson_category","embeddable":true,"href":"https:\/\/ecenglish.com\/de\/wp-json\/wp\/v2\/lesson_category?post=4682"}],"curies":[{"name":"wp","href":"https:\/\/api.w.org\/{rel}","templated":true}]}}