{"id":4170,"date":"2025-01-21T14:16:27","date_gmt":"2025-01-21T14:16:27","guid":{"rendered":"https:\/\/ecenglish.com\/es\/?page_id=4170"},"modified":"2025-03-06T13:15:59","modified_gmt":"2025-03-06T13:15:59","slug":"politica-de-cookies","status":"publish","type":"page","link":"https:\/\/ecenglish.com\/es\/politica-de-cookies\/","title":{"rendered":"Pol\u00edtica de cookies"},"content":{"rendered":"\n<div class=\"wp-block-group alignwide has-global-padding is-layout-constrained wp-block-group-is-layout-constrained\" style=\"padding-top:var(--wp--preset--spacing--xs);padding-bottom:var(--wp--preset--spacing--xs)\">\n<div class=\"wp-block-group alignwide has-global-padding is-content-justification-left is-layout-constrained wp-container-core-group-is-layout-12dd3699 wp-block-group-is-layout-constrained\"><div class=\"yoast-breadcrumbs\"><span><span><a href=\"https:\/\/ecenglish.com\/es\/\">Home<\/a><\/span> <svg viewBox=\"0 0 4 6\" xmlns=\"http:\/\/www.w3.org\/2000\/svg\"><path d=\"M.863 1.78a.659.659 0 0 1 0-.937.673.673 0 0 1 .946 0l1.976 1.96a.727.727 0 0 1 0 1.032l-1.97 1.953a.673.673 0 0 1-1.091-.215.659.659 0 0 1 .145-.723l1.545-1.531L.863 1.78Z\"\/><\/svg> <span class=\"breadcrumb_last\" aria-current=\"page\">Pol\u00edtica de cookies<\/span><\/span><\/div><\/div>\n<\/div>\n\n\n\n<div class=\"wp-block-group alignwide has-global-padding is-layout-constrained wp-block-group-is-layout-constrained\" style=\"margin-top:var(--wp--preset--spacing--xxl);margin-bottom:var(--wp--preset--spacing--xxl)\">\n<div class=\"wp-block-group alignwide is-layout-flow wp-container-core-group-is-layout-07b55995 wp-block-group-is-layout-flow\" style=\"margin-top:0;margin-bottom:0\">\n<h1 class=\"wp-block-heading\">Pol\u00edtica de cookies<\/h1>\n\n\n\n<h2 class=\"wp-block-heading\"><strong>EC English Language Centres<\/strong> <\/h2>\n\n\n\n<p style=\"padding-top:var(--wp--preset--spacing--s);padding-bottom:var(--wp--preset--spacing--s)\" class=\"\"><strong>\u00bfQu\u00e9 es una cookie?<\/strong><\/p>\n\n\n\n<p class=\"\">Las cookies son peque\u00f1os archivos de texto o fragmentos de informaci\u00f3n que se almacenan en su computadora o dispositivo m\u00f3vil cuando visita nuestro sitio web. Una cookie contiene el nombre del sitio web y un valor, que se puede utilizar para una variedad de prop\u00f3sitos.<\/p>\n\n\n\n<p class=\"\">Las cookies de &#8220;sesi\u00f3n&#8221; se almacenan en la memoria y solo existen durante su visita a nuestro sitio web. Las cookies &#8220;persistentes&#8221; se almacenan en su dispositivo hasta que caducan y, por lo tanto, nuestro sitio web puede usarlas en sus visitas posteriores. Todas las cookies persistentes tienen una &#8220;vida \u00fatil&#8221; que dicta cu\u00e1nto tiempo permanecer\u00e1 activa la cookie en su dispositivo.<\/p>\n\n\n\n<p class=\"\">Nuestras cookies no contienen ning\u00fan dato que pueda usarse para identificarlo personalmente.<\/p>\n\n\n\n<p class=\"\">\u00bfPara qu\u00e9 usamos las cookies?<\/p>\n\n\n\n<p class=\"\">Usamos cookies para hacer que nuestro sitio web sea m\u00e1s f\u00e1cil de usar y para que el contenido que ve sea m\u00e1s relevante. Las cookies nos permiten registrar informaci\u00f3n importante sobre su visita y esto nos ayuda a mejorar el sitio web para usted y para otros visitantes.<\/p>\n\n\n\n<p class=\"\">Tambi\u00e9n usamos cookies para crear estad\u00edsticas que nos ayudan a mejorar la estructura y el contenido de nuestro sitio web. No podemos identificarlo personalmente a partir de esta informaci\u00f3n.<\/p>\n\n\n\n<p class=\"\">Cookies de terceros<\/p>\n\n\n\n<p class=\"\">Utilizamos varios sistemas proporcionados por proveedores externos. En algunos casos, tambi\u00e9n pueden instalar cookies en su dispositivo en nuestro nombre cuando visita nuestro sitio web.<\/p>\n\n\n\n<p class=\"\">Administraci\u00f3n de cookies<\/p>\n\n\n\n<p class=\"\">Todos los navegadores web modernos le permiten controlar el uso de cookies en su dispositivo. Tambi\u00e9n puede eliminar las cookies existentes y otros datos almacenados en su dispositivo si lo desea.<\/p>\n\n\n\n<p class=\"content-type-p\">Instrucciones para Google Chrome<\/p>\n\n\n\n<p class=\"content-type-p\">Instrucciones para Firefox<\/p>\n\n\n\n<p class=\"content-type-p\">Instrucciones para Internet Explorer<\/p>\n\n\n\n<p class=\"content-type-p\">Instrucciones para Microsoft Edge<\/p>\n\n\n\n<p class=\"\">Las cookies mejoran su experiencia en nuestro sitio web y le recomendamos que las deje habilitadas.<\/p>\n\n\n\n<p class=\"\">Nuestras cookies<\/p>\n\n\n\n<p class=\"\"><strong>Cookies esenciales<\/strong><\/p>\n\n\n\n<p class=\"\">Son necesarias para que nuestro sitio web funcione. Si elige desactivar las cookies de nuestro sitio web, no podr\u00e1 utilizar muchas de las funciones.<\/p>\n\n\n\n<p class=\"\">Algunos ejemplos incluyen:<\/p>\n\n\n\n<p class=\"\">Cookies de sesi\u00f3n que recuerdan sus acciones mientras navega por nuestros sitios web.<\/p>\n\n\n\n<p class=\"\">Cookies de seguridad que verifican la validez de sus acciones durante su visita, lo que ayuda a mantener nuestros sitios web y servicios seguros.<\/p>\n\n\n\n<p class=\"\"><strong>Cookies de an\u00e1lisis y rendimiento<\/strong><\/p>\n\n\n\n<p class=\"\">Estas cookies nos ayudan a recopilar informaci\u00f3n sobre c\u00f3mo utiliza nuestros sitios web a lo largo del tiempo; las \u00e1reas que visita, el tiempo que pasa en nuestros sitios web y los problemas y errores que puede encontrar. Esta informaci\u00f3n nos ayuda a mejorar continuamente la informaci\u00f3n que brindamos y el rendimiento de nuestros sitios web y servicios.<\/p>\n\n\n\n<p class=\"\"><strong>Cookies de funciones y servicios<\/strong><\/p>\n\n\n\n<p class=\"\">Usamos funciones y servicios proporcionados por terceros que pueden configurar cookies en nuestro nombre. Com\u00fanmente, dichos servicios est\u00e1n integrados en nuestras p\u00e1ginas web para proporcionar funciones como reproductores de video y herramientas para compartir en redes sociales. Estos servicios de terceros pueden configurar sus propias cookies que no podemos controlar ni acceder.<\/p>\n\n\n\n<p class=\"\">Por ejemplo, estos servicios nos permiten ofrecer una experiencia personalizada en funci\u00f3n de sus visitas o ubicaci\u00f3n anteriores, le permiten comentar f\u00e1cilmente nuestras publicaciones de blog utilizando su cuenta de Facebook, interactuar con herramientas sociales o rellenar previamente de forma c\u00f3moda los campos de nuestros formularios en l\u00ednea.<\/p>\n\n\n\n<p class=\"\"><strong>Cookies de publicidad y marketing<\/strong><\/p>\n\n\n\n<p class=\"\">Estas cookies se utilizan para medir la eficacia de la publicidad y para ofrecer contenido que sea relevante para sus intereses. Pueden utilizarse para ofrecer publicidad dirigida o basada en el comportamiento en otros sitios web que visite o para destacar contenido y servicios que consideremos de su inter\u00e9s en funci\u00f3n de su actividad en nuestros sitios web u otros sitios web dentro de nuestras redes publicitarias.<\/p>\n\n\n\n<p class=\"\"><strong>Etiquetas de p\u00edxeles<\/strong><\/p>\n\n\n\n<p class=\"\">Utilizamos etiquetas de p\u00edxeles (gifs transparentes) que se comparten con terceros para permitir determinadas actividades de marketing. La informaci\u00f3n que recopilamos nos ayuda a orientar los anuncios y promociones que aparecen en nuestro sitio web.<\/p>\n\n\n\n<p class=\"\">Al igual que con las cookies, la informaci\u00f3n que capturamos a trav\u00e9s de las etiquetas de p\u00edxeles no se puede utilizar para identificarlo personalmente.<\/p>\n\n\n\n<p class=\"\">Si tiene alguna pregunta, p\u00f3ngase en contacto con nosotros.<\/p>\n\n\n\n<p class=\"\">Utilizamos AdRoll para publicar anuncios de redireccionamiento y publicidad. Para ver m\u00e1s informaci\u00f3n sobre c\u00f3mo se utilizan sus datos personales, haga clic en el siguiente enlace: https:\/\/www.adrollgroup.com\/privacy<\/p>\n<\/div>\n<\/div>\n","protected":false},"excerpt":{"rendered":"<p>Pol\u00edtica de cookies EC English Language Centres \u00bfQu\u00e9 es una cookie? Las cookies son peque\u00f1os archivos de texto o fragmentos<\/p>\n","protected":false},"author":12,"featured_media":0,"parent":0,"menu_order":0,"comment_status":"closed","ping_status":"closed","template":"","meta":{"_acf_changed":false,"_trash_the_other_posts":false,"footnotes":""},"page_category":[],"activity_category":[],"activity_location":[],"course_category":[],"destination_age_group":[],"destination_category":[],"lesson_category":[],"class_list":["post-4170","page","type-page","status-publish","hentry"],"acf":[],"yoast_head":"<!-- This site is optimized with the Yoast SEO plugin v26.8 - https:\/\/yoast.com\/product\/yoast-seo-wordpress\/ -->\n<title>Pol\u00edtica de cookies - EC English Language Centres<\/title>\n<meta name=\"description\" content=\"Pol\u00edtica de cookies de EC. Utilizamos cookies para que nuestro sitio web sea m\u00e1s f\u00e1cil de usar y para que el contenido que ves sea m\u00e1s relevante.\" \/>\n<meta name=\"robots\" content=\"index, follow, max-snippet:-1, max-image-preview:large, max-video-preview:-1\" \/>\n<link rel=\"canonical\" href=\"https:\/\/ecenglish.com\/es\/politica-de-cookies\/\" \/>\n<meta property=\"og:locale\" content=\"en_US\" \/>\n<meta property=\"og:type\" content=\"article\" \/>\n<meta property=\"og:title\" content=\"Pol\u00edtica de cookies - EC English Language Centres\" \/>\n<meta property=\"og:description\" content=\"Pol\u00edtica de cookies de EC. Utilizamos cookies para que nuestro sitio web sea m\u00e1s f\u00e1cil de usar y para que el contenido que ves sea m\u00e1s relevante.\" \/>\n<meta property=\"og:url\" content=\"https:\/\/ecenglish.com\/es\/politica-de-cookies\/\" \/>\n<meta property=\"og:site_name\" content=\"EC English ( ES )\" \/>\n<meta property=\"article:modified_time\" content=\"2025-03-06T13:15:59+00:00\" \/>\n<meta name=\"twitter:card\" content=\"summary_large_image\" \/>\n<meta name=\"twitter:label1\" content=\"Est. reading time\" \/>\n\t<meta name=\"twitter:data1\" content=\"7 minutes\" \/>\n<script type=\"application\/ld+json\" class=\"yoast-schema-graph\">{\"@context\":\"https:\/\/schema.org\",\"@graph\":[{\"@type\":\"WebPage\",\"@id\":\"https:\/\/ecenglish.com\/es\/politica-de-cookies\/\",\"url\":\"https:\/\/ecenglish.com\/es\/politica-de-cookies\/\",\"name\":\"Pol\u00edtica de cookies - EC English Language Centres\",\"isPartOf\":{\"@id\":\"https:\/\/ecenglish.com\/es\/#website\"},\"datePublished\":\"2025-01-21T14:16:27+00:00\",\"dateModified\":\"2025-03-06T13:15:59+00:00\",\"description\":\"Pol\u00edtica de cookies de EC. Utilizamos cookies para que nuestro sitio web sea m\u00e1s f\u00e1cil de usar y para que el contenido que ves sea m\u00e1s relevante.\",\"breadcrumb\":{\"@id\":\"https:\/\/ecenglish.com\/es\/politica-de-cookies\/#breadcrumb\"},\"inLanguage\":\"en-US\",\"potentialAction\":[{\"@type\":\"ReadAction\",\"target\":[\"https:\/\/ecenglish.com\/es\/politica-de-cookies\/\"]}]},{\"@type\":\"BreadcrumbList\",\"@id\":\"https:\/\/ecenglish.com\/es\/politica-de-cookies\/#breadcrumb\",\"itemListElement\":[{\"@type\":\"ListItem\",\"position\":1,\"name\":\"Home\",\"item\":\"https:\/\/ecenglish.com\/es\/\"},{\"@type\":\"ListItem\",\"position\":2,\"name\":\"Pol\u00edtica de cookies\"}]},{\"@type\":\"WebSite\",\"@id\":\"https:\/\/ecenglish.com\/es\/#website\",\"url\":\"https:\/\/ecenglish.com\/es\/\",\"name\":\"EC English ( ES )\",\"description\":\"\",\"potentialAction\":[{\"@type\":\"SearchAction\",\"target\":{\"@type\":\"EntryPoint\",\"urlTemplate\":\"https:\/\/ecenglish.com\/es\/?s={search_term_string}\"},\"query-input\":{\"@type\":\"PropertyValueSpecification\",\"valueRequired\":true,\"valueName\":\"search_term_string\"}}],\"inLanguage\":\"en-US\"}]}<\/script>\n<!-- \/ Yoast SEO plugin. -->","yoast_head_json":{"title":"Pol\u00edtica de cookies - EC English Language Centres","description":"Pol\u00edtica de cookies de EC. Utilizamos cookies para que nuestro sitio web sea m\u00e1s f\u00e1cil de usar y para que el contenido que ves sea m\u00e1s relevante.","robots":{"index":"index","follow":"follow","max-snippet":"max-snippet:-1","max-image-preview":"max-image-preview:large","max-video-preview":"max-video-preview:-1"},"canonical":"https:\/\/ecenglish.com\/es\/politica-de-cookies\/","og_locale":"en_US","og_type":"article","og_title":"Pol\u00edtica de cookies - EC English Language Centres","og_description":"Pol\u00edtica de cookies de EC. Utilizamos cookies para que nuestro sitio web sea m\u00e1s f\u00e1cil de usar y para que el contenido que ves sea m\u00e1s relevante.","og_url":"https:\/\/ecenglish.com\/es\/politica-de-cookies\/","og_site_name":"EC English ( ES )","article_modified_time":"2025-03-06T13:15:59+00:00","twitter_card":"summary_large_image","twitter_misc":{"Est. reading time":"7 minutes"},"schema":{"@context":"https:\/\/schema.org","@graph":[{"@type":"WebPage","@id":"https:\/\/ecenglish.com\/es\/politica-de-cookies\/","url":"https:\/\/ecenglish.com\/es\/politica-de-cookies\/","name":"Pol\u00edtica de cookies - EC English Language Centres","isPartOf":{"@id":"https:\/\/ecenglish.com\/es\/#website"},"datePublished":"2025-01-21T14:16:27+00:00","dateModified":"2025-03-06T13:15:59+00:00","description":"Pol\u00edtica de cookies de EC. Utilizamos cookies para que nuestro sitio web sea m\u00e1s f\u00e1cil de usar y para que el contenido que ves sea m\u00e1s relevante.","breadcrumb":{"@id":"https:\/\/ecenglish.com\/es\/politica-de-cookies\/#breadcrumb"},"inLanguage":"en-US","potentialAction":[{"@type":"ReadAction","target":["https:\/\/ecenglish.com\/es\/politica-de-cookies\/"]}]},{"@type":"BreadcrumbList","@id":"https:\/\/ecenglish.com\/es\/politica-de-cookies\/#breadcrumb","itemListElement":[{"@type":"ListItem","position":1,"name":"Home","item":"https:\/\/ecenglish.com\/es\/"},{"@type":"ListItem","position":2,"name":"Pol\u00edtica de cookies"}]},{"@type":"WebSite","@id":"https:\/\/ecenglish.com\/es\/#website","url":"https:\/\/ecenglish.com\/es\/","name":"EC English ( ES )","description":"","potentialAction":[{"@type":"SearchAction","target":{"@type":"EntryPoint","urlTemplate":"https:\/\/ecenglish.com\/es\/?s={search_term_string}"},"query-input":{"@type":"PropertyValueSpecification","valueRequired":true,"valueName":"search_term_string"}}],"inLanguage":"en-US"}]}},"_links":{"self":[{"href":"https:\/\/ecenglish.com\/es\/wp-json\/wp\/v2\/pages\/4170","targetHints":{"allow":["GET"]}}],"collection":[{"href":"https:\/\/ecenglish.com\/es\/wp-json\/wp\/v2\/pages"}],"about":[{"href":"https:\/\/ecenglish.com\/es\/wp-json\/wp\/v2\/types\/page"}],"author":[{"embeddable":true,"href":"https:\/\/ecenglish.com\/es\/wp-json\/wp\/v2\/users\/12"}],"replies":[{"embeddable":true,"href":"https:\/\/ecenglish.com\/es\/wp-json\/wp\/v2\/comments?post=4170"}],"version-history":[{"count":10,"href":"https:\/\/ecenglish.com\/es\/wp-json\/wp\/v2\/pages\/4170\/revisions"}],"predecessor-version":[{"id":13850,"href":"https:\/\/ecenglish.com\/es\/wp-json\/wp\/v2\/pages\/4170\/revisions\/13850"}],"wp:attachment":[{"href":"https:\/\/ecenglish.com\/es\/wp-json\/wp\/v2\/media?parent=4170"}],"wp:term":[{"taxonomy":"page_category","embeddable":true,"href":"https:\/\/ecenglish.com\/es\/wp-json\/wp\/v2\/page_category?post=4170"},{"taxonomy":"activity_category","embeddable":true,"href":"https:\/\/ecenglish.com\/es\/wp-json\/wp\/v2\/activity_category?post=4170"},{"taxonomy":"activity_location","embeddable":true,"href":"https:\/\/ecenglish.com\/es\/wp-json\/wp\/v2\/activity_location?post=4170"},{"taxonomy":"course_category","embeddable":true,"href":"https:\/\/ecenglish.com\/es\/wp-json\/wp\/v2\/course_category?post=4170"},{"taxonomy":"destination_age_group","embeddable":true,"href":"https:\/\/ecenglish.com\/es\/wp-json\/wp\/v2\/destination_age_group?post=4170"},{"taxonomy":"destination_category","embeddable":true,"href":"https:\/\/ecenglish.com\/es\/wp-json\/wp\/v2\/destination_category?post=4170"},{"taxonomy":"lesson_category","embeddable":true,"href":"https:\/\/ecenglish.com\/es\/wp-json\/wp\/v2\/lesson_category?post=4170"}],"curies":[{"name":"wp","href":"https:\/\/api.w.org\/{rel}","templated":true}]}}