{"id":4215,"date":"2025-01-21T16:00:23","date_gmt":"2025-01-21T16:00:23","guid":{"rendered":"https:\/\/ecenglish.com\/es\/?page_id=4215"},"modified":"2025-05-19T07:54:34","modified_gmt":"2025-05-19T07:54:34","slug":"terminos-condiciones-policy","status":"publish","type":"page","link":"https:\/\/ecenglish.com\/es\/terminos-condiciones-policy\/","title":{"rendered":"Policy Documents"},"content":{"rendered":"\n<div class=\"wp-block-group alignwide has-global-padding is-layout-constrained wp-block-group-is-layout-constrained\" style=\"padding-top:var(--wp--preset--spacing--xs);padding-bottom:var(--wp--preset--spacing--xs)\">\n<div class=\"wp-block-group alignwide has-global-padding is-content-justification-left is-layout-constrained wp-container-core-group-is-layout-12dd3699 wp-block-group-is-layout-constrained\"><div class=\"yoast-breadcrumbs\"><span><span><a href=\"https:\/\/ecenglish.com\/es\/\">Home<\/a><\/span> <svg viewBox=\"0 0 4 6\" xmlns=\"http:\/\/www.w3.org\/2000\/svg\"><path d=\"M.863 1.78a.659.659 0 0 1 0-.937.673.673 0 0 1 .946 0l1.976 1.96a.727.727 0 0 1 0 1.032l-1.97 1.953a.673.673 0 0 1-1.091-.215.659.659 0 0 1 .145-.723l1.545-1.531L.863 1.78Z\"\/><\/svg> <span class=\"breadcrumb_last\" aria-current=\"page\">Policy Documents<\/span><\/span><\/div><\/div>\n<\/div>\n\n\n\n<div class=\"wp-block-group alignwide has-global-padding is-layout-constrained wp-block-group-is-layout-constrained\" style=\"margin-top:var(--wp--preset--spacing--xxl);margin-bottom:var(--wp--preset--spacing--xxl)\">\n<div class=\"wp-block-group alignwide is-layout-flow wp-container-core-group-is-layout-07b55995 wp-block-group-is-layout-flow\" style=\"margin-top:0;margin-bottom:0\">\n<h1 class=\"wp-block-heading has-text-align-center\"><strong>Policy Documents<\/strong><\/h1>\n\n\n\n<p class=\"has-text-align-center content-type-h3\"><strong>EC English Language Centres<\/strong><\/p>\n\n\n\n<p class=\"has-text-align-center\" style=\"padding-top:var(--wp--preset--spacing--s);padding-bottom:var(--wp--preset--spacing--s)\"><strong>Policy Documents and Helpful Information<\/strong>&nbsp;<\/p>\n\n\n\n<p class=\"has-text-align-center\">Access and read policy documents for EC English Language Centres below.&nbsp;<\/p>\n\n\n\n<p class=\"has-text-align-center\"><strong>General<\/strong>&nbsp;<\/p>\n\n\n\n<p class=\"has-text-align-center\"><a href=\"https:\/\/ecenglish.com\/es\/politica-de-privacidad\/\">Privacy Policy\u00a0<\/a><\/p>\n\n\n\n<p class=\"has-text-align-center\"><a href=\"https:\/\/ecenglish.com\/es\/politica-de-cookies\/\">Cookie Policy\u00a0<\/a><\/p>\n\n\n\n<p class=\"has-text-align-center\"><a href=\"https:\/\/ecenglish.com\/es\/terminos-condiciones\/\">Terms and Conditions\u00a0<\/a><\/p>\n\n\n\n<p class=\"has-text-align-center\"><a href=\"https:\/\/ecenglish.com\/es\/terminos-condiciones-policy\/codigo-de-conducta\/\">Student Code of Conduct\u00a0<\/a><\/p>\n\n\n\n<p class=\"has-text-align-center\"><strong>Destination Specific<\/strong>&nbsp;<\/p>\n\n\n\n<p class=\"has-text-align-center\"><strong>United Kingdom<\/strong>&nbsp;<\/p>\n\n\n\n<p class=\"has-text-align-center\"><a href=\"https:\/\/ecenglish.com\/es\/terminos-condiciones-policy\/menores-de-18-anos\/\">Under 18s Supervision at UK Schools\u00a0<\/a><\/p>\n\n\n\n<p class=\"has-text-align-center\"><a href=\"https:\/\/ecenglish.com\/es\/terminos-condiciones-policy\/documentos-de-politica-de-brighton\/\">EC Brighton Policy Documents\u00a0<\/a><\/p>\n\n\n\n<p class=\"has-text-align-center\"><a href=\"https:\/\/ecenglish.com\/es\/terminos-condiciones-policy\/documentos-de-politica-de-bristol\/\">EC Bristol Policy Documents\u00a0<\/a><\/p>\n\n\n\n<p class=\"has-text-align-center\"><a href=\"https:\/\/ecenglish.com\/es\/terminos-condiciones-policy\/documentos-de-politica-de-cambridge\/\">EC Cambridge Policy Documents\u00a0<\/a><\/p>\n\n\n\n<p class=\"has-text-align-center\"><a href=\"https:\/\/ecenglish.com\/es\/terminos-condiciones-policy\/documentos-de-politica-de-londres\/\">EC London Policy Documents\u00a0<\/a><\/p>\n\n\n\n<p class=\"has-text-align-center\"><a href=\"https:\/\/ecenglish.com\/es\/terminos-condiciones-policy\/documentos-de-politica-de-londres\/\">EC London 30+ Policy Documents\u00a0<\/a><\/p>\n\n\n\n<p class=\"has-text-align-center\"><a href=\"https:\/\/ecenglish.com\/es\/terminos-condiciones-policy\/documentos-de-politica-de-manchester\/\">EC Manchester Policy Documents\u00a0<\/a><\/p>\n\n\n\n<p class=\"has-text-align-center\"><strong>Ireland<\/strong>&nbsp;<\/p>\n\n\n\n<p class=\"has-text-align-center\"><a href=\"https:\/\/ecenglish.com\/es\/terminos-condiciones-policy\/politica-de-asistencia-de-irlanda\/\">Ireland Attendance Policy\u00a0<\/a><\/p>\n\n\n\n<p class=\"has-text-align-center\"><strong>Malta<\/strong>&nbsp;<\/p>\n\n\n\n<p class=\"has-text-align-center\"><a href=\"https:\/\/ecenglish.com\/es\/terminos-condiciones-policy\/documentos-de-politica-de-malta\/\">EC Malta Policy Documents\u00a0<\/a><\/p>\n\n\n\n<p class=\"has-text-align-center\"><a href=\"https:\/\/ecenglish.com\/es\/terminos-condiciones-policy\/documentos-de-politica-de-malta\/\">EC Malta 30+ Policy Documents\u00a0<\/a><\/p>\n\n\n\n<p class=\"has-text-align-center\"><strong>Canada<\/strong>&nbsp;<\/p>\n\n\n\n<p class=\"has-text-align-center\"><a href=\"https:\/\/ecenglish.com\/es\/terminos-condiciones-policy\/documentos-de-politica-de-vancouver\/\">EC Vancouver Policy Documents\u00a0<\/a><\/p>\n\n\n\n<p class=\"has-text-align-center\"><a href=\"https:\/\/ecenglish.com\/en\/wp-content\/uploads\/sites\/4\/2025\/02\/toronto-student-handbook.pdf\">EC Toronto Student Handbook\u00a0<\/a><\/p>\n\n\n\n<p class=\"has-text-align-center\"><strong>South Africa<\/strong>&nbsp;<\/p>\n\n\n\n<p class=\"has-text-align-center\"><a href=\"https:\/\/ecenglish.com\/en\/wp-content\/uploads\/sites\/4\/2025\/02\/paia-guide-english_20210905.pdf\">Cape Town: PAIA Guide (English)\u00a0<\/a><\/p>\n\n\n\n<p class=\"has-text-align-center\"><strong>Be Inspired by Our Students&#8217; Journeys<\/strong>&nbsp;<\/p>\n\n\n\n<p class=\"has-text-align-center\" style=\"padding-top:var(--wp--preset--spacing--s);padding-bottom:var(--wp--preset--spacing--s)\">Discover how our students turned their first steps in language learning into milestones that transformed their lives. Let their stories inspire you to achieve your own language success.&nbsp;<\/p>\n<\/div>\n<\/div>\n\n\n\n<div class=\"wp-block-group alignfull is-style-alignfull-side-margins has-pale-blue-background-color has-background has-global-padding is-layout-constrained wp-block-group-is-layout-constrained\" style=\"margin-top:1.25rem;margin-bottom:1.25rem;padding-top:var(--wp--preset--spacing--xl);padding-bottom:var(--wp--preset--spacing--xl)\">\n<figure class=\"wp-block-image aligncenter size-large is-resized\"><img fetchpriority=\"low\" decoding=\"async\" loading=\"lazy\" src=\"https:\/\/ecenglish.com\/ru\/wp-content\/uploads\/sites\/8\/2025\/01\/launch.svg?w=1024\" alt=\"\" class=\"wp-image-6006\" style=\"width:80px;height:auto\"\/><\/figure>\n\n\n\n<h3 class=\"wp-block-heading has-text-align-center\" style=\"margin-top:var(--wp--preset--spacing--s);margin-bottom:0\">\u00bfListo para empezar tu historia?<\/h3>\n\n\n\n<div class=\"wp-block-group alignwide has-global-padding is-layout-constrained wp-container-core-group-is-layout-8ac6f9e3 wp-block-group-is-layout-constrained\" style=\"margin-top:var(--wp--preset--spacing--s)\">\n<p class=\"has-text-align-center has-extra-large-font-size\">Hagamos de tu viaje de aprendizaje del ingl\u00e9s una aventura inolvidable.<\/p>\n<\/div>\n\n\n\n<div class=\"wp-block-buttons is-content-justification-center is-layout-flex wp-container-core-buttons-is-layout-869c76b3 wp-block-buttons-is-layout-flex\" style=\"margin-top:var(--wp--preset--spacing--l)\">\n<div class=\"wp-block-button has-dark-blue-background-hover-color has-dark-blue-background-hover-color\"><a class=\"wp-block-button__link has-digital-blue-background-color has-background wp-element-button\" href=\"https:\/\/ecenglish.com\/es\/contactanos\/\">Cont\u00e1ctanos<\/a><\/div>\n<\/div>\n<\/div>\n","protected":false},"excerpt":{"rendered":"<p>Policy Documents EC English Language Centres Policy Documents and Helpful Information&nbsp; Access and read policy documents for EC English Language<\/p>\n","protected":false},"author":9,"featured_media":0,"parent":0,"menu_order":0,"comment_status":"closed","ping_status":"closed","template":"","meta":{"_acf_changed":false,"_trash_the_other_posts":false,"footnotes":""},"page_category":[],"activity_category":[],"activity_location":[],"course_category":[],"destination_age_group":[],"destination_category":[],"lesson_category":[],"class_list":["post-4215","page","type-page","status-publish","hentry"],"acf":[],"yoast_head":"<!-- This site is optimized with the Yoast SEO plugin v26.8 - https:\/\/yoast.com\/product\/yoast-seo-wordpress\/ -->\n<title>Documentos normativos - Centros de lengua inglesa EC<\/title>\n<meta name=\"description\" content=\"Documentos sobre la pol\u00edtica de ingl\u00e9s de la EC. Informaci\u00f3n \u00fatil que debe conocer antes de viajar al extranjero para aprender ingl\u00e9s.\" \/>\n<meta name=\"robots\" content=\"noindex, follow\" \/>\n<meta property=\"og:locale\" content=\"en_US\" \/>\n<meta property=\"og:type\" content=\"article\" \/>\n<meta property=\"og:title\" content=\"Documentos normativos - Centros de lengua inglesa EC\" \/>\n<meta property=\"og:description\" content=\"Documentos sobre la pol\u00edtica de ingl\u00e9s de la EC. Informaci\u00f3n \u00fatil que debe conocer antes de viajar al extranjero para aprender ingl\u00e9s.\" \/>\n<meta property=\"og:url\" content=\"https:\/\/ecenglish.com\/es\/terminos-condiciones-policy\/\" \/>\n<meta property=\"og:site_name\" content=\"EC English ( ES )\" \/>\n<meta property=\"article:modified_time\" content=\"2025-05-19T07:54:34+00:00\" \/>\n<meta name=\"twitter:card\" content=\"summary_large_image\" \/>\n<meta name=\"twitter:label1\" content=\"Est. reading time\" \/>\n\t<meta name=\"twitter:data1\" content=\"1 minute\" \/>\n<script type=\"application\/ld+json\" class=\"yoast-schema-graph\">{\"@context\":\"https:\/\/schema.org\",\"@graph\":[{\"@type\":\"WebPage\",\"@id\":\"https:\/\/ecenglish.com\/es\/terminos-condiciones-policy\/\",\"url\":\"https:\/\/ecenglish.com\/es\/terminos-condiciones-policy\/\",\"name\":\"Documentos normativos - Centros de lengua inglesa EC\",\"isPartOf\":{\"@id\":\"https:\/\/ecenglish.com\/es\/#website\"},\"datePublished\":\"2025-01-21T16:00:23+00:00\",\"dateModified\":\"2025-05-19T07:54:34+00:00\",\"description\":\"Documentos sobre la pol\u00edtica de ingl\u00e9s de la EC. Informaci\u00f3n \u00fatil que debe conocer antes de viajar al extranjero para aprender ingl\u00e9s.\",\"breadcrumb\":{\"@id\":\"https:\/\/ecenglish.com\/es\/terminos-condiciones-policy\/#breadcrumb\"},\"inLanguage\":\"en-US\",\"potentialAction\":[{\"@type\":\"ReadAction\",\"target\":[\"https:\/\/ecenglish.com\/es\/terminos-condiciones-policy\/\"]}]},{\"@type\":\"BreadcrumbList\",\"@id\":\"https:\/\/ecenglish.com\/es\/terminos-condiciones-policy\/#breadcrumb\",\"itemListElement\":[{\"@type\":\"ListItem\",\"position\":1,\"name\":\"Home\",\"item\":\"https:\/\/ecenglish.com\/es\/\"},{\"@type\":\"ListItem\",\"position\":2,\"name\":\"Policy Documents\"}]},{\"@type\":\"WebSite\",\"@id\":\"https:\/\/ecenglish.com\/es\/#website\",\"url\":\"https:\/\/ecenglish.com\/es\/\",\"name\":\"EC English ( ES )\",\"description\":\"\",\"potentialAction\":[{\"@type\":\"SearchAction\",\"target\":{\"@type\":\"EntryPoint\",\"urlTemplate\":\"https:\/\/ecenglish.com\/es\/?s={search_term_string}\"},\"query-input\":{\"@type\":\"PropertyValueSpecification\",\"valueRequired\":true,\"valueName\":\"search_term_string\"}}],\"inLanguage\":\"en-US\"}]}<\/script>\n<!-- \/ Yoast SEO plugin. -->","yoast_head_json":{"title":"Documentos normativos - Centros de lengua inglesa EC","description":"Documentos sobre la pol\u00edtica de ingl\u00e9s de la EC. Informaci\u00f3n \u00fatil que debe conocer antes de viajar al extranjero para aprender ingl\u00e9s.","robots":{"index":"noindex","follow":"follow"},"og_locale":"en_US","og_type":"article","og_title":"Documentos normativos - Centros de lengua inglesa EC","og_description":"Documentos sobre la pol\u00edtica de ingl\u00e9s de la EC. Informaci\u00f3n \u00fatil que debe conocer antes de viajar al extranjero para aprender ingl\u00e9s.","og_url":"https:\/\/ecenglish.com\/es\/terminos-condiciones-policy\/","og_site_name":"EC English ( ES )","article_modified_time":"2025-05-19T07:54:34+00:00","twitter_card":"summary_large_image","twitter_misc":{"Est. reading time":"1 minute"},"schema":{"@context":"https:\/\/schema.org","@graph":[{"@type":"WebPage","@id":"https:\/\/ecenglish.com\/es\/terminos-condiciones-policy\/","url":"https:\/\/ecenglish.com\/es\/terminos-condiciones-policy\/","name":"Documentos normativos - Centros de lengua inglesa EC","isPartOf":{"@id":"https:\/\/ecenglish.com\/es\/#website"},"datePublished":"2025-01-21T16:00:23+00:00","dateModified":"2025-05-19T07:54:34+00:00","description":"Documentos sobre la pol\u00edtica de ingl\u00e9s de la EC. Informaci\u00f3n \u00fatil que debe conocer antes de viajar al extranjero para aprender ingl\u00e9s.","breadcrumb":{"@id":"https:\/\/ecenglish.com\/es\/terminos-condiciones-policy\/#breadcrumb"},"inLanguage":"en-US","potentialAction":[{"@type":"ReadAction","target":["https:\/\/ecenglish.com\/es\/terminos-condiciones-policy\/"]}]},{"@type":"BreadcrumbList","@id":"https:\/\/ecenglish.com\/es\/terminos-condiciones-policy\/#breadcrumb","itemListElement":[{"@type":"ListItem","position":1,"name":"Home","item":"https:\/\/ecenglish.com\/es\/"},{"@type":"ListItem","position":2,"name":"Policy Documents"}]},{"@type":"WebSite","@id":"https:\/\/ecenglish.com\/es\/#website","url":"https:\/\/ecenglish.com\/es\/","name":"EC English ( ES )","description":"","potentialAction":[{"@type":"SearchAction","target":{"@type":"EntryPoint","urlTemplate":"https:\/\/ecenglish.com\/es\/?s={search_term_string}"},"query-input":{"@type":"PropertyValueSpecification","valueRequired":true,"valueName":"search_term_string"}}],"inLanguage":"en-US"}]}},"_links":{"self":[{"href":"https:\/\/ecenglish.com\/es\/wp-json\/wp\/v2\/pages\/4215","targetHints":{"allow":["GET"]}}],"collection":[{"href":"https:\/\/ecenglish.com\/es\/wp-json\/wp\/v2\/pages"}],"about":[{"href":"https:\/\/ecenglish.com\/es\/wp-json\/wp\/v2\/types\/page"}],"author":[{"embeddable":true,"href":"https:\/\/ecenglish.com\/es\/wp-json\/wp\/v2\/users\/9"}],"replies":[{"embeddable":true,"href":"https:\/\/ecenglish.com\/es\/wp-json\/wp\/v2\/comments?post=4215"}],"version-history":[{"count":7,"href":"https:\/\/ecenglish.com\/es\/wp-json\/wp\/v2\/pages\/4215\/revisions"}],"predecessor-version":[{"id":16949,"href":"https:\/\/ecenglish.com\/es\/wp-json\/wp\/v2\/pages\/4215\/revisions\/16949"}],"wp:attachment":[{"href":"https:\/\/ecenglish.com\/es\/wp-json\/wp\/v2\/media?parent=4215"}],"wp:term":[{"taxonomy":"page_category","embeddable":true,"href":"https:\/\/ecenglish.com\/es\/wp-json\/wp\/v2\/page_category?post=4215"},{"taxonomy":"activity_category","embeddable":true,"href":"https:\/\/ecenglish.com\/es\/wp-json\/wp\/v2\/activity_category?post=4215"},{"taxonomy":"activity_location","embeddable":true,"href":"https:\/\/ecenglish.com\/es\/wp-json\/wp\/v2\/activity_location?post=4215"},{"taxonomy":"course_category","embeddable":true,"href":"https:\/\/ecenglish.com\/es\/wp-json\/wp\/v2\/course_category?post=4215"},{"taxonomy":"destination_age_group","embeddable":true,"href":"https:\/\/ecenglish.com\/es\/wp-json\/wp\/v2\/destination_age_group?post=4215"},{"taxonomy":"destination_category","embeddable":true,"href":"https:\/\/ecenglish.com\/es\/wp-json\/wp\/v2\/destination_category?post=4215"},{"taxonomy":"lesson_category","embeddable":true,"href":"https:\/\/ecenglish.com\/es\/wp-json\/wp\/v2\/lesson_category?post=4215"}],"curies":[{"name":"wp","href":"https:\/\/api.w.org\/{rel}","templated":true}]}}