{"id":4682,"date":"2025-01-23T11:58:24","date_gmt":"2025-01-23T11:58:24","guid":{"rendered":"https:\/\/ecenglish.com\/es\/?page_id=4682"},"modified":"2025-02-21T13:55:37","modified_gmt":"2025-02-21T13:55:37","slug":"festivos-anuales","status":"publish","type":"page","link":"https:\/\/ecenglish.com\/es\/terminos-condiciones-policy\/festivos-anuales\/","title":{"rendered":"Pol\u00edtica de recesos de sesi\u00f3n &#8211; EC English Schools\u00a0"},"content":{"rendered":"\n<div class=\"wp-block-group alignwide has-global-padding is-layout-constrained wp-block-group-is-layout-constrained\" style=\"padding-top:var(--wp--preset--spacing--xs);padding-bottom:var(--wp--preset--spacing--xs)\">\n<div class=\"wp-block-group alignwide has-global-padding is-content-justification-left is-layout-constrained wp-container-core-group-is-layout-12dd3699 wp-block-group-is-layout-constrained\"><div class=\"yoast-breadcrumbs\"><span><span><a href=\"https:\/\/ecenglish.com\/es\/\">Home<\/a><\/span> <svg viewBox=\"0 0 4 6\" xmlns=\"http:\/\/www.w3.org\/2000\/svg\"><path d=\"M.863 1.78a.659.659 0 0 1 0-.937.673.673 0 0 1 .946 0l1.976 1.96a.727.727 0 0 1 0 1.032l-1.97 1.953a.673.673 0 0 1-1.091-.215.659.659 0 0 1 .145-.723l1.545-1.531L.863 1.78Z\"\/><\/svg> <span><a href=\"https:\/\/ecenglish.com\/es\/terminos-condiciones-policy\/\">Policy Documents<\/a><\/span> <svg viewBox=\"0 0 4 6\" xmlns=\"http:\/\/www.w3.org\/2000\/svg\"><path d=\"M.863 1.78a.659.659 0 0 1 0-.937.673.673 0 0 1 .946 0l1.976 1.96a.727.727 0 0 1 0 1.032l-1.97 1.953a.673.673 0 0 1-1.091-.215.659.659 0 0 1 .145-.723l1.545-1.531L.863 1.78Z\"\/><\/svg> <span class=\"breadcrumb_last\" aria-current=\"page\">Pol\u00edtica de recesos de sesi\u00f3n &#8211; EC English Schools\u00a0<\/span><\/span><\/div><\/div>\n<\/div>\n\n\n\n<div class=\"wp-block-group alignwide has-global-padding is-layout-constrained wp-block-group-is-layout-constrained\" style=\"margin-top:var(--wp--preset--spacing--xxl);margin-bottom:var(--wp--preset--spacing--xxl)\">\n<div class=\"wp-block-group alignwide is-layout-flow wp-container-core-group-is-layout-07b55995 wp-block-group-is-layout-flow\" style=\"margin-top:0;margin-bottom:0\">\n<h1 class=\"wp-block-heading\"><strong><strong>Pol\u00edtica de recesos de sesi\u00f3n<\/strong><\/strong><\/h1>\n\n\n\n<p style=\"padding-top:var(--wp--preset--spacing--s);padding-bottom:var(--wp--preset--spacing--s)\" class=\"\">Los estudiantes de larga duraci\u00f3n que estudian en todos los centros de EC English pueden tomarse un descanso para disfrutar de tiempo libre viajando o volviendo a casa para una breve visita. Hay que tener en cuenta que las normas de las pausas var\u00edan seg\u00fan el centro y se basan en la normativa local sobre visados. Los estudiantes que regresen de su descanso de sesi\u00f3n no pueden esperar volver a la misma clase, profesor o alojamiento. No se conceder\u00e1n cr\u00e9ditos por el alojamiento durante las pausas. Los estudiantes que necesiten un visado para estudiar deben asegurarse de que su visado se expide para las fechas correctas para incluir cualquier interrupci\u00f3n de sesi\u00f3n.&nbsp;<\/p>\n\n\n\n<p class=\"\">A continuaci\u00f3n se detallan las pol\u00edticas de interrupci\u00f3n de las sesiones por centro. Para m\u00e1s informaci\u00f3n, p\u00f3ngase en contacto con su representante de EC.&nbsp;<\/p>\n\n\n\n<p class=\"\"><strong>Estudiantes que estudian en EC Malta con un visado de turista y una estancia de 90 d\u00edas:<\/strong>&nbsp;<\/p>\n\n\n\n<ul class=\"wp-block-list\">\n<li>Los estudiantes deben reservar un curso de 8 semanas o m\u00e1s para tener derecho a un descanso de sesi\u00f3n.\u00a0<\/li>\n<\/ul>\n\n\n\n<ul class=\"wp-block-list\">\n<li>Los estudiantes que reserven un curso de 8 a 23 semanas tienen derecho a un m\u00e1ximo de 2 semanas de descanso.\u00a0<\/li>\n<\/ul>\n\n\n\n<p class=\"\"><strong>Estudiantes que estudian en EC Reino Unido, EC Canad\u00e1, EC Malta (visado no tur\u00edstico) y EC Sud\u00e1frica:<\/strong>&nbsp;<\/p>\n\n\n\n<ul class=\"wp-block-list\">\n<li>Los estudiantes deben haber reservado un curso de al menos 12 semanas para tener derecho a una pausa de sesi\u00f3n.\u00a0<\/li>\n<\/ul>\n\n\n\n<ul class=\"wp-block-list\">\n<li>Los estudiantes que hayan reservado un curso de 12-23 semanas pueden disfrutar de un m\u00e1ximo de 2 semanas de descanso.\u00a0<\/li>\n<\/ul>\n\n\n\n<ul class=\"wp-block-list\">\n<li>Los estudiantes que hayan reservado un curso de 24 semanas o m\u00e1s podr\u00e1n disfrutar de una pausa de 4 semanas como m\u00e1ximo.\u00a0<\/li>\n<\/ul>\n\n\n\n<ul class=\"wp-block-list\">\n<li>Los estudiantes que tengan una asistencia del 80% o inferior no pueden solicitar un descanso de sesi\u00f3n.\u00a0<\/li>\n<\/ul>\n\n\n\n<ul class=\"wp-block-list\">\n<li>Los estudiantes pueden utilizar las semanas de descanso por separado o a la vez.\u00a0<\/li>\n<\/ul>\n\n\n\n<ul class=\"wp-block-list\">\n<li>Los estudiantes pueden utilizar el periodo de descanso de sesi\u00f3n en cualquier momento, excepto durante la preparaci\u00f3n de ex\u00e1menes.\u00a0<\/li>\n<\/ul>\n\n\n\n<ul class=\"wp-block-list\">\n<li>Los estudiantes deben avisar con 2 semanas de antelaci\u00f3n.\u00a0<\/li>\n<\/ul>\n\n\n\n<ul class=\"wp-block-list\">\n<li>Los estudiantes son los \u00fanicos responsables de asegurarse de que su visado se expide para las fechas correctas para incluir cualquier pausa de sesi\u00f3n.\u00a0<\/li>\n<\/ul>\n\n\n\n<ul class=\"wp-block-list\">\n<li>Las semanas de estudio se posponen, no se pierden, siempre que se avise con 2 semanas de antelaci\u00f3n (en caso de alojamiento, se sigue la pol\u00edtica de cancelaci\u00f3n de la CE, especialmente para los alojados en residencias de estudiantes. No se concede ning\u00fan cr\u00e9dito por alojamiento).\u00a0<\/li>\n<\/ul>\n\n\n\n<ul class=\"wp-block-list\">\n<li>El n\u00famero de semanas de estudio necesarias entre vacaciones es de 4 semanas.\u00a0<\/li>\n<\/ul>\n\n\n\n<p class=\"\"><strong>Estudiantes que estudian en EC Dubl\u00edn:<\/strong>&nbsp;<br><strong><\/strong>&nbsp;<\/p>\n\n\n\n<ul class=\"wp-block-list\">\n<li>Los estudiantes deben reservar un curso de 8 semanas o m\u00e1s para tener derecho a un descanso de sesi\u00f3n.\u00a0<\/li>\n<\/ul>\n\n\n\n<ul class=\"wp-block-list\">\n<li>Los estudiantes de la UE\/WHV que reserven un curso de 8 a 12 semanas tienen derecho a una<em>pausa de sesi\u00f3n en<\/em>\u202fequivalente a un tercio de su curso. (hasta 4 semanas)\u00a0<\/li>\n<\/ul>\n\n\n\n<ul class=\"wp-block-list\">\n<li>Los estudiantes de la UE\/WHV que reserven un curso de 13 a 24 semanas pueden hacer una<em>pausa en la sesi\u00f3n<\/em>\u202fequivalente a un tercio de su curso\u202f(hasta 8 semanas)\u00a0<\/li>\n<\/ul>\n\n\n\n<ul class=\"wp-block-list\">\n<li>Los estudiantes no comunitarios de A\u00f1o Acad\u00e9mico \/ ILEP de m\u00e1s de 25 semanas tienen derecho a vacaciones seg\u00fan la normativa INIS.\u202f<em>* V\u00e9ase m\u00e1s abajo.<\/em>\u00a0<\/li>\n<\/ul>\n\n\n\n<ul class=\"wp-block-list\">\n<li>Los estudiantes deben tener un nivel de asistencia general del 85% o superior para tener derecho a una pausa de sesi\u00f3n (si se reserva durante el curso)\u00a0<\/li>\n<\/ul>\n\n\n\n<ul class=\"wp-block-list\">\n<li>Los estudiantes deben avisar con 2 semanas de antelaci\u00f3n cuando reserven una pausa de sesi\u00f3n.\u00a0<\/li>\n<\/ul>\n\n\n\n<ul class=\"wp-block-list\">\n<li>Las pausas pueden solicitarse a trav\u00e9s de MyEC y por correo electr\u00f3nico.\u00a0<\/li>\n<\/ul>\n\n\n\n<ul class=\"wp-block-list\">\n<li>Las pausas no pueden reservarse durante la preparaci\u00f3n de ex\u00e1menes.\u00a0<\/li>\n<\/ul>\n\n\n\n<ul class=\"wp-block-list\">\n<li>Las semanas de estudio se posponen, no se pierden, siempre que se avise con 2 semanas de antelaci\u00f3n (en caso de Alojamiento, se sigue la pol\u00edtica de cancelaci\u00f3n de la CE especialmente para los que est\u00e1n en residencias de estudiantes. No se concede ning\u00fan cr\u00e9dito por alojamiento).\u00a0<\/li>\n<\/ul>\n\n\n\n<ul class=\"wp-block-list\">\n<li>Los estudiantes son los \u00fanicos responsables de asegurarse de que su visado se expide para las fechas correctas para incluir cualquier interrupci\u00f3n de la sesi\u00f3n.\u00a0<\/li>\n<\/ul>\n\n\n\n<ul class=\"wp-block-list\">\n<li>Los estudiantes que necesiten un visado (no un permiso de estancia) deben solicitar un visado de reingreso o m\u00faltiple antes de organizar su salida de Irlanda.\u00a0<\/li>\n<\/ul>\n\n\n\n<p class=\"\"><strong><em>* La informaci\u00f3n relativa a los estudiantes no comunitarios en Irlanda contenida en este documento se ha extra\u00eddo de la Declaraci\u00f3n de Pol\u00edtica del INIS a 14.9.2018<\/em><\/strong>&nbsp;<\/p>\n\n\n\n<p class=\"\"><strong>Estudiantes de la UE \/ Working Holiday<\/strong>&nbsp;<\/p>\n\n\n\n<ul class=\"wp-block-list\">\n<li>Seg\u00fan la pol\u00edtica de interrupci\u00f3n de sesi\u00f3n de la CE.\u00a0<\/li>\n<\/ul>\n\n\n\n<ul class=\"wp-block-list\">\n<li>El visado Working Holiday debe proporcionarse antes de reservar las vacaciones.\u00a0<\/li>\n<\/ul>\n\n\n\n<ul class=\"wp-block-list\">\n<li>NOTA: Los estudiantes WHV s\u00f3lo pueden estudiar hasta 6 meses.\u00a0<\/li>\n<\/ul>\n\n\n\n<p class=\"\"><strong>Estudiantes con visado obligatorio y estudiantes con exenci\u00f3n de visado (permiso de estancia):<\/strong>&nbsp;<\/p>\n\n\n\n<ul class=\"wp-block-list\">\n<li>De acuerdo con la pol\u00edtica de la EC\u00a0<\/li>\n<\/ul>\n\n\n\n<p class=\"\"><strong>M\u00e1s<\/strong>&nbsp;<\/p>\n\n\n\n<ul class=\"wp-block-list\">\n<li>En el momento de la inscripci\u00f3n, se proporcionar\u00e1 a los estudiantes un horario por escrito con los horarios y fechas de las clases diarias y semanales.\u00a0<\/li>\n<\/ul>\n\n\n\n<ul class=\"wp-block-list\">\n<li>El horario del programa, incluidos los periodos de vacaciones, se indicar\u00e1 en las cartas de estudiante, que se entregar\u00e1n antes de la inscripci\u00f3n de inmigraci\u00f3n.\u00a0<br>o\u202f\u202fLas cartas pueden solicitarse a trav\u00e9s de MyEC y recogerse en la recepci\u00f3n de Dubl\u00edn de la CE en un plazo de 24-48 horas a partir de la solicitud.\u00a0<br>o\u202f\u202fLas cartas de emergencia pueden facilitarse previa solicitud.\u00a0<\/li>\n<\/ul>\n\n\n\n<ul class=\"wp-block-list\">\n<li>Los periodos de vacaciones deben reservarse con antelaci\u00f3n al registro de inmigraci\u00f3n a trav\u00e9s de MyEC o por correo electr\u00f3nico:\u00a0<br>o\u202f \u202fSi es posible, los periodos de vacaciones deben reservarse durante la matr\u00edcula\u00a0<br>o\u202f\u202fLos periodos de vacaciones no reservados durante la matr\u00edcula deben confirmarse por correo electr\u00f3nico o solicitud a MyEC antes de la recogida de la documentaci\u00f3n de registro INIS.\u00a0<br>o\u202f\u202fLas solicitudes de vacaciones ser\u00e1n aprobadas por el Director de Estudios o el Director del Centro de acuerdo con los requisitos INIS.\u00a0<\/li>\n<\/ul>\n\n\n\n<ul class=\"wp-block-list\">\n<li>Las vacaciones no pueden reservarse dentro de las 8 primeras semanas del programa.\u202f\u00a0<\/li>\n<\/ul>\n\n\n\n<ul class=\"wp-block-list\">\n<li>El periodo de vacaciones no puede superar 1\/3 del total de semanas transcurridas:\u00a0<br>o\u202f\u00a0 Por ejemplo, 10 semanas estudiadas = 3 semanas de vacaciones permitidas.\u00a0<br>o\u202f12 semanas = 4 semanas de vacaciones permitidas.\u00a0<\/li>\n<\/ul>\n\n\n\n<ul class=\"wp-block-list\">\n<li>Cualquier cambio en el horario se acordar\u00e1 previamente con los estudiantes.\u00a0<\/li>\n<\/ul>\n\n\n\n<ul class=\"wp-block-list\">\n<li>No se permitir\u00e1n pausas no programadas, excepto en casos documentados de enfermedad o duelo de un familiar cercano y de acuerdo con las normas de la GNIB.\u202f\u00a0\u00a0 \u00a0<br>o\u202fLas circunstancias en las que estas solicitudes pueden ser consideradas se pueden encontrar en la Pol\u00edtica de Enfermedad.\u00a0<br>o\u202fLos criterios para aceptar o rechazar una solicitud estar\u00e1n documentados, incluyendo el proceso de toma de decisiones.\u00a0<br>o\u202fEl nombre de la persona responsable de tomar tales decisiones estar\u00e1 documentado y a disposici\u00f3n del p\u00fablico.\u202f\u00a0<\/li>\n<\/ul>\n\n\n\n<p class=\"\"><strong><em>La informaci\u00f3n anterior sobre las vacaciones se ha redactado en cumplimiento de los requisitos del INIS y sustituir\u00e1 a la pol\u00edtica del centro en el caso de los estudiantes que necesiten visado y los que est\u00e9n exentos de visado.\u202f<\/em><\/strong>&nbsp;<\/p>\n\n\n\n<p class=\"\"><strong>Estudiantes que estudian en centros de EC US con un visado de estudiante F-1:<\/strong>&nbsp;<\/p>\n\n\n\n<ul class=\"wp-block-list\">\n<li>Los estudiantes deben estar matriculados en un curso de 12 semanas o m\u00e1s para tener derecho a una pausa de sesi\u00f3n.\u00a0<\/li>\n<\/ul>\n\n\n\n<ul class=\"wp-block-list\">\n<li>Los estudiantes pueden tomarse hasta dos semanas de descanso despu\u00e9s de haber completado 12 semanas consecutivas de estudio. Las pausas no pueden combinarse y, si un estudiante decide no tomarse las 2 semanas disponibles, perder\u00e1 la segunda semana.\u202f\u00a0<\/li>\n<\/ul>\n\n\n\n<ul class=\"wp-block-list\">\n<li>Los estudiantes deben tener al menos 4 semanas de cursos reservadas y pagadas a la vuelta de su descanso.\u00a0<\/li>\n<\/ul>\n\n\n\n<ul class=\"wp-block-list\">\n<li>Los estudiantes deben tener una asistencia general del 80% o superior para tener derecho a una pausa de sesi\u00f3n.\u00a0<\/li>\n<\/ul>\n\n\n\n<ul class=\"wp-block-list\">\n<li>Los estudiantes no podr\u00e1n disfrutar del periodo de descanso durante la preparaci\u00f3n de ex\u00e1menes.\u00a0<\/li>\n<\/ul>\n\n\n\n<ul class=\"wp-block-list\">\n<li>Los estudiantes que se trasladen de un centro de la CE a otro sin hacer una pausa entre centros, pueden contar las semanas en su primer centro para sus 12 semanas de estudio continuo. Si un estudiante opta por hacer una pausa entre centros, deber\u00e1 realizar 12 semanas de estudio continuo en su nuevo centro antes de poder optar a una pausa de sesi\u00f3n.\u00a0<\/li>\n<\/ul>\n\n\n\n<ul class=\"wp-block-list\">\n<li>Se ruega a los estudiantes que avisen con 2 semanas de antelaci\u00f3n antes de hacer una pausa.\u00a0<\/li>\n<\/ul>\n\n\n\n<ul class=\"wp-block-list\">\n<li>Los estudiantes que tengan previsto salir del pa\u00eds durante sus vacaciones, necesitar\u00e1n la firma del DSO del centro para viajar.\u00a0<\/li>\n<\/ul>\n\n\n\n<ul class=\"wp-block-list\">\n<li>Los estudiantes que planeen salir del pa\u00eds y tengan menos del 80% de asistencia podr\u00e1n marcharse, siempre y cuando cancelemos el I-20 actual y emitamos un I-20 para su regreso. El c\u00e1lculo de la asistencia comenzar\u00e1 de nuevo una vez que reingresen con el nuevo I-20.\u00a0<\/li>\n<\/ul>\n\n\n\n<p style=\"padding-top:var(--wp--preset--spacing--s);padding-bottom:var(--wp--preset--spacing--s)\" class=\"\">Los estudiantes que necesiten regresar a su pa\u00eds de origen por una emergencia familiar\/m\u00e9dica pueden tomar un permiso de ausencia de hasta 5 meses fuera de EE.UU.. Todas las excedencias deben ser aprobadas por la DSO y se gestionan caso por caso. Los estudiantes en excedencia por m\u00e1s de 6 semanas, pueden ser obligados a volver a realizar la prueba de nivel y podr\u00edan ser considerados como una nueva reserva a su regreso.\u00a0<\/p>\n<\/div>\n<\/div>\n","protected":false},"excerpt":{"rendered":"<p>Pol\u00edtica de recesos de sesi\u00f3n Los estudiantes de larga duraci\u00f3n que estudian en todos los centros de EC English pueden<\/p>\n","protected":false},"author":9,"featured_media":0,"parent":4215,"menu_order":0,"comment_status":"closed","ping_status":"closed","template":"","meta":{"_acf_changed":false,"_trash_the_other_posts":false,"footnotes":""},"page_category":[],"activity_category":[],"activity_location":[],"course_category":[],"destination_age_group":[],"destination_category":[],"lesson_category":[],"class_list":["post-4682","page","type-page","status-publish","hentry"],"acf":[],"yoast_head":"<!-- This site is optimized with the Yoast SEO plugin v26.8 - https:\/\/yoast.com\/product\/yoast-seo-wordpress\/ -->\n<title>Session Break Policy - EC English Schools<\/title>\n<meta name=\"description\" content=\"Session break policies by destination for students of EC English.\" \/>\n<meta name=\"robots\" content=\"index, follow, max-snippet:-1, max-image-preview:large, max-video-preview:-1\" \/>\n<link rel=\"canonical\" href=\"https:\/\/ecenglish.com\/es\/terminos-condiciones-policy\/festivos-anuales\/\" \/>\n<meta property=\"og:locale\" content=\"en_US\" \/>\n<meta property=\"og:type\" content=\"article\" \/>\n<meta property=\"og:title\" content=\"Session Break Policy - EC English Schools\" \/>\n<meta property=\"og:description\" content=\"Session break policies by destination for students of EC English.\" \/>\n<meta property=\"og:url\" content=\"https:\/\/ecenglish.com\/es\/terminos-condiciones-policy\/festivos-anuales\/\" \/>\n<meta property=\"og:site_name\" content=\"EC English ( ES )\" \/>\n<meta property=\"article:modified_time\" content=\"2025-02-21T13:55:37+00:00\" \/>\n<meta name=\"twitter:card\" content=\"summary_large_image\" \/>\n<meta name=\"twitter:label1\" content=\"Est. reading time\" \/>\n\t<meta name=\"twitter:data1\" content=\"7 minutes\" \/>\n<script type=\"application\/ld+json\" class=\"yoast-schema-graph\">{\"@context\":\"https:\/\/schema.org\",\"@graph\":[{\"@type\":\"WebPage\",\"@id\":\"https:\/\/ecenglish.com\/es\/terminos-condiciones-policy\/festivos-anuales\/\",\"url\":\"https:\/\/ecenglish.com\/es\/terminos-condiciones-policy\/festivos-anuales\/\",\"name\":\"Session Break Policy - EC English Schools\",\"isPartOf\":{\"@id\":\"https:\/\/ecenglish.com\/es\/#website\"},\"datePublished\":\"2025-01-23T11:58:24+00:00\",\"dateModified\":\"2025-02-21T13:55:37+00:00\",\"description\":\"Session break policies by destination for students of EC English.\",\"breadcrumb\":{\"@id\":\"https:\/\/ecenglish.com\/es\/terminos-condiciones-policy\/festivos-anuales\/#breadcrumb\"},\"inLanguage\":\"en-US\",\"potentialAction\":[{\"@type\":\"ReadAction\",\"target\":[\"https:\/\/ecenglish.com\/es\/terminos-condiciones-policy\/festivos-anuales\/\"]}]},{\"@type\":\"BreadcrumbList\",\"@id\":\"https:\/\/ecenglish.com\/es\/terminos-condiciones-policy\/festivos-anuales\/#breadcrumb\",\"itemListElement\":[{\"@type\":\"ListItem\",\"position\":1,\"name\":\"Home\",\"item\":\"https:\/\/ecenglish.com\/es\/\"},{\"@type\":\"ListItem\",\"position\":2,\"name\":\"Policy Documents\",\"item\":\"https:\/\/ecenglish.com\/es\/terminos-condiciones-policy\/\"},{\"@type\":\"ListItem\",\"position\":3,\"name\":\"Pol\u00edtica de recesos de sesi\u00f3n &#8211; EC English Schools\u00a0\"}]},{\"@type\":\"WebSite\",\"@id\":\"https:\/\/ecenglish.com\/es\/#website\",\"url\":\"https:\/\/ecenglish.com\/es\/\",\"name\":\"EC English ( ES )\",\"description\":\"\",\"potentialAction\":[{\"@type\":\"SearchAction\",\"target\":{\"@type\":\"EntryPoint\",\"urlTemplate\":\"https:\/\/ecenglish.com\/es\/?s={search_term_string}\"},\"query-input\":{\"@type\":\"PropertyValueSpecification\",\"valueRequired\":true,\"valueName\":\"search_term_string\"}}],\"inLanguage\":\"en-US\"}]}<\/script>\n<!-- \/ Yoast SEO plugin. -->","yoast_head_json":{"title":"Session Break Policy - EC English Schools","description":"Session break policies by destination for students of EC English.","robots":{"index":"index","follow":"follow","max-snippet":"max-snippet:-1","max-image-preview":"max-image-preview:large","max-video-preview":"max-video-preview:-1"},"canonical":"https:\/\/ecenglish.com\/es\/terminos-condiciones-policy\/festivos-anuales\/","og_locale":"en_US","og_type":"article","og_title":"Session Break Policy - EC English Schools","og_description":"Session break policies by destination for students of EC English.","og_url":"https:\/\/ecenglish.com\/es\/terminos-condiciones-policy\/festivos-anuales\/","og_site_name":"EC English ( ES )","article_modified_time":"2025-02-21T13:55:37+00:00","twitter_card":"summary_large_image","twitter_misc":{"Est. reading time":"7 minutes"},"schema":{"@context":"https:\/\/schema.org","@graph":[{"@type":"WebPage","@id":"https:\/\/ecenglish.com\/es\/terminos-condiciones-policy\/festivos-anuales\/","url":"https:\/\/ecenglish.com\/es\/terminos-condiciones-policy\/festivos-anuales\/","name":"Session Break Policy - EC English Schools","isPartOf":{"@id":"https:\/\/ecenglish.com\/es\/#website"},"datePublished":"2025-01-23T11:58:24+00:00","dateModified":"2025-02-21T13:55:37+00:00","description":"Session break policies by destination for students of EC English.","breadcrumb":{"@id":"https:\/\/ecenglish.com\/es\/terminos-condiciones-policy\/festivos-anuales\/#breadcrumb"},"inLanguage":"en-US","potentialAction":[{"@type":"ReadAction","target":["https:\/\/ecenglish.com\/es\/terminos-condiciones-policy\/festivos-anuales\/"]}]},{"@type":"BreadcrumbList","@id":"https:\/\/ecenglish.com\/es\/terminos-condiciones-policy\/festivos-anuales\/#breadcrumb","itemListElement":[{"@type":"ListItem","position":1,"name":"Home","item":"https:\/\/ecenglish.com\/es\/"},{"@type":"ListItem","position":2,"name":"Policy Documents","item":"https:\/\/ecenglish.com\/es\/terminos-condiciones-policy\/"},{"@type":"ListItem","position":3,"name":"Pol\u00edtica de recesos de sesi\u00f3n &#8211; EC English Schools\u00a0"}]},{"@type":"WebSite","@id":"https:\/\/ecenglish.com\/es\/#website","url":"https:\/\/ecenglish.com\/es\/","name":"EC English ( ES )","description":"","potentialAction":[{"@type":"SearchAction","target":{"@type":"EntryPoint","urlTemplate":"https:\/\/ecenglish.com\/es\/?s={search_term_string}"},"query-input":{"@type":"PropertyValueSpecification","valueRequired":true,"valueName":"search_term_string"}}],"inLanguage":"en-US"}]}},"_links":{"self":[{"href":"https:\/\/ecenglish.com\/es\/wp-json\/wp\/v2\/pages\/4682","targetHints":{"allow":["GET"]}}],"collection":[{"href":"https:\/\/ecenglish.com\/es\/wp-json\/wp\/v2\/pages"}],"about":[{"href":"https:\/\/ecenglish.com\/es\/wp-json\/wp\/v2\/types\/page"}],"author":[{"embeddable":true,"href":"https:\/\/ecenglish.com\/es\/wp-json\/wp\/v2\/users\/9"}],"replies":[{"embeddable":true,"href":"https:\/\/ecenglish.com\/es\/wp-json\/wp\/v2\/comments?post=4682"}],"version-history":[{"count":5,"href":"https:\/\/ecenglish.com\/es\/wp-json\/wp\/v2\/pages\/4682\/revisions"}],"predecessor-version":[{"id":14664,"href":"https:\/\/ecenglish.com\/es\/wp-json\/wp\/v2\/pages\/4682\/revisions\/14664"}],"up":[{"embeddable":true,"href":"https:\/\/ecenglish.com\/es\/wp-json\/wp\/v2\/pages\/4215"}],"wp:attachment":[{"href":"https:\/\/ecenglish.com\/es\/wp-json\/wp\/v2\/media?parent=4682"}],"wp:term":[{"taxonomy":"page_category","embeddable":true,"href":"https:\/\/ecenglish.com\/es\/wp-json\/wp\/v2\/page_category?post=4682"},{"taxonomy":"activity_category","embeddable":true,"href":"https:\/\/ecenglish.com\/es\/wp-json\/wp\/v2\/activity_category?post=4682"},{"taxonomy":"activity_location","embeddable":true,"href":"https:\/\/ecenglish.com\/es\/wp-json\/wp\/v2\/activity_location?post=4682"},{"taxonomy":"course_category","embeddable":true,"href":"https:\/\/ecenglish.com\/es\/wp-json\/wp\/v2\/course_category?post=4682"},{"taxonomy":"destination_age_group","embeddable":true,"href":"https:\/\/ecenglish.com\/es\/wp-json\/wp\/v2\/destination_age_group?post=4682"},{"taxonomy":"destination_category","embeddable":true,"href":"https:\/\/ecenglish.com\/es\/wp-json\/wp\/v2\/destination_category?post=4682"},{"taxonomy":"lesson_category","embeddable":true,"href":"https:\/\/ecenglish.com\/es\/wp-json\/wp\/v2\/lesson_category?post=4682"}],"curies":[{"name":"wp","href":"https:\/\/api.w.org\/{rel}","templated":true}]}}