{"id":18101,"date":"2026-02-04T14:38:47","date_gmt":"2026-02-04T14:38:47","guid":{"rendered":"https:\/\/ecenglish.com\/fr\/?page_id=18101"},"modified":"2026-02-04T14:38:47","modified_gmt":"2026-02-04T14:38:47","slug":"guided-tours","status":"publish","type":"page","link":"https:\/\/ecenglish.com\/fr\/travel-activities\/guided-tours\/","title":{"rendered":"Visites guid\u00e9es"},"content":{"rendered":"","protected":false},"excerpt":{"rendered":"<p>D\u00e9couvrez Malte avec nos guides sympathiques. Visitez des lieux c\u00e9l\u00e8bres, apprenez l\u2019histoire locale et \u00e9coutez des histoires int\u00e9ressantes. Les visites guid\u00e9es sont un excellent moyen de pratiquer l\u2019anglais, poser des questions et d\u00e9couvrir la culture maltaise avec vos camarades.<\/p>\n","protected":false},"author":11,"featured_media":7795,"parent":2241,"menu_order":0,"comment_status":"closed","ping_status":"closed","template":"","meta":{"_acf_changed":false,"_trash_the_other_posts":false,"footnotes":""},"page_category":[58],"activity_category":[40],"activity_location":[43],"course_category":[],"destination_age_group":[],"destination_category":[],"lesson_category":[],"class_list":["post-18101","page","type-page","status-publish","has-post-thumbnail","hentry","page_category-travel-activities-category","activity_category-visites-touristiques-culture","activity_location-malta"],"acf":[],"yoast_head":"<!-- This site is optimized with the Yoast SEO plugin v26.8 - https:\/\/yoast.com\/product\/yoast-seo-wordpress\/ -->\n<title>Visites guid\u00e9es - EC English ( FR )<\/title>\n<meta name=\"robots\" content=\"index, follow, max-snippet:-1, max-image-preview:large, max-video-preview:-1\" \/>\n<link rel=\"canonical\" href=\"https:\/\/ecenglish.com\/fr\/travel-activities\/guided-tours\/\" \/>\n<meta property=\"og:locale\" content=\"en_US\" \/>\n<meta property=\"og:type\" content=\"article\" \/>\n<meta property=\"og:title\" content=\"Visites guid\u00e9es - EC English ( FR )\" \/>\n<meta property=\"og:description\" content=\"D\u00e9couvrez Malte avec nos guides sympathiques. Visitez des lieux c\u00e9l\u00e8bres, apprenez l\u2019histoire locale et \u00e9coutez des histoires int\u00e9ressantes. Les visites guid\u00e9es sont un excellent moyen de pratiquer l\u2019anglais, poser des questions et d\u00e9couvrir la culture maltaise avec vos camarades.\" \/>\n<meta property=\"og:url\" content=\"https:\/\/ecenglish.com\/fr\/travel-activities\/guided-tours\/\" \/>\n<meta property=\"og:site_name\" content=\"EC English ( FR )\" \/>\n<meta property=\"og:image\" content=\"https:\/\/ecenglish.com\/fr\/wp-content\/uploads\/sites\/9\/2025\/01\/Malta-aerial-shot-manuel-island-scaled.jpg\" \/>\n\t<meta property=\"og:image:width\" content=\"2560\" \/>\n\t<meta property=\"og:image:height\" content=\"1917\" \/>\n\t<meta property=\"og:image:type\" content=\"image\/jpeg\" \/>\n<meta name=\"twitter:card\" content=\"summary_large_image\" \/>\n<meta name=\"twitter:label1\" content=\"Est. reading time\" \/>\n\t<meta name=\"twitter:data1\" content=\"1 minute\" \/>\n<script type=\"application\/ld+json\" class=\"yoast-schema-graph\">{\"@context\":\"https:\/\/schema.org\",\"@graph\":[{\"@type\":\"WebPage\",\"@id\":\"https:\/\/ecenglish.com\/fr\/travel-activities\/guided-tours\/\",\"url\":\"https:\/\/ecenglish.com\/fr\/travel-activities\/guided-tours\/\",\"name\":\"Visites guid\u00e9es - EC English ( FR )\",\"isPartOf\":{\"@id\":\"https:\/\/ecenglish.com\/fr\/#website\"},\"primaryImageOfPage\":{\"@id\":\"https:\/\/ecenglish.com\/fr\/travel-activities\/guided-tours\/#primaryimage\"},\"image\":{\"@id\":\"https:\/\/ecenglish.com\/fr\/travel-activities\/guided-tours\/#primaryimage\"},\"thumbnailUrl\":\"https:\/\/ecenglish.com\/fr\/wp-content\/uploads\/sites\/9\/2025\/01\/Malta-aerial-shot-manuel-island-scaled.jpg\",\"datePublished\":\"2026-02-04T14:38:47+00:00\",\"breadcrumb\":{\"@id\":\"https:\/\/ecenglish.com\/fr\/travel-activities\/guided-tours\/#breadcrumb\"},\"inLanguage\":\"en-US\",\"potentialAction\":[{\"@type\":\"ReadAction\",\"target\":[\"https:\/\/ecenglish.com\/fr\/travel-activities\/guided-tours\/\"]}]},{\"@type\":\"ImageObject\",\"inLanguage\":\"en-US\",\"@id\":\"https:\/\/ecenglish.com\/fr\/travel-activities\/guided-tours\/#primaryimage\",\"url\":\"https:\/\/ecenglish.com\/fr\/wp-content\/uploads\/sites\/9\/2025\/01\/Malta-aerial-shot-manuel-island-scaled.jpg\",\"contentUrl\":\"https:\/\/ecenglish.com\/fr\/wp-content\/uploads\/sites\/9\/2025\/01\/Malta-aerial-shot-manuel-island-scaled.jpg\",\"width\":2560,\"height\":1917},{\"@type\":\"BreadcrumbList\",\"@id\":\"https:\/\/ecenglish.com\/fr\/travel-activities\/guided-tours\/#breadcrumb\",\"itemListElement\":[{\"@type\":\"ListItem\",\"position\":1,\"name\":\"Home\",\"item\":\"https:\/\/ecenglish.com\/fr\/\"},{\"@type\":\"ListItem\",\"position\":2,\"name\":\"Travel Activities\",\"item\":\"https:\/\/ecenglish.com\/fr\/travel-activities\/\"},{\"@type\":\"ListItem\",\"position\":3,\"name\":\"Visites guid\u00e9es\"}]},{\"@type\":\"WebSite\",\"@id\":\"https:\/\/ecenglish.com\/fr\/#website\",\"url\":\"https:\/\/ecenglish.com\/fr\/\",\"name\":\"EC English ( FR )\",\"description\":\"\",\"potentialAction\":[{\"@type\":\"SearchAction\",\"target\":{\"@type\":\"EntryPoint\",\"urlTemplate\":\"https:\/\/ecenglish.com\/fr\/?s={search_term_string}\"},\"query-input\":{\"@type\":\"PropertyValueSpecification\",\"valueRequired\":true,\"valueName\":\"search_term_string\"}}],\"inLanguage\":\"en-US\"}]}<\/script>\n<!-- \/ Yoast SEO plugin. -->","yoast_head_json":{"title":"Visites guid\u00e9es - EC English ( FR )","robots":{"index":"index","follow":"follow","max-snippet":"max-snippet:-1","max-image-preview":"max-image-preview:large","max-video-preview":"max-video-preview:-1"},"canonical":"https:\/\/ecenglish.com\/fr\/travel-activities\/guided-tours\/","og_locale":"en_US","og_type":"article","og_title":"Visites guid\u00e9es - EC English ( FR )","og_description":"D\u00e9couvrez Malte avec nos guides sympathiques. Visitez des lieux c\u00e9l\u00e8bres, apprenez l\u2019histoire locale et \u00e9coutez des histoires int\u00e9ressantes. Les visites guid\u00e9es sont un excellent moyen de pratiquer l\u2019anglais, poser des questions et d\u00e9couvrir la culture maltaise avec vos camarades.","og_url":"https:\/\/ecenglish.com\/fr\/travel-activities\/guided-tours\/","og_site_name":"EC English ( FR )","og_image":[{"width":2560,"height":1917,"url":"https:\/\/ecenglish.com\/fr\/wp-content\/uploads\/sites\/9\/2025\/01\/Malta-aerial-shot-manuel-island-scaled.jpg","type":"image\/jpeg"}],"twitter_card":"summary_large_image","twitter_misc":{"Est. reading time":"1 minute"},"schema":{"@context":"https:\/\/schema.org","@graph":[{"@type":"WebPage","@id":"https:\/\/ecenglish.com\/fr\/travel-activities\/guided-tours\/","url":"https:\/\/ecenglish.com\/fr\/travel-activities\/guided-tours\/","name":"Visites guid\u00e9es - EC English ( FR )","isPartOf":{"@id":"https:\/\/ecenglish.com\/fr\/#website"},"primaryImageOfPage":{"@id":"https:\/\/ecenglish.com\/fr\/travel-activities\/guided-tours\/#primaryimage"},"image":{"@id":"https:\/\/ecenglish.com\/fr\/travel-activities\/guided-tours\/#primaryimage"},"thumbnailUrl":"https:\/\/ecenglish.com\/fr\/wp-content\/uploads\/sites\/9\/2025\/01\/Malta-aerial-shot-manuel-island-scaled.jpg","datePublished":"2026-02-04T14:38:47+00:00","breadcrumb":{"@id":"https:\/\/ecenglish.com\/fr\/travel-activities\/guided-tours\/#breadcrumb"},"inLanguage":"en-US","potentialAction":[{"@type":"ReadAction","target":["https:\/\/ecenglish.com\/fr\/travel-activities\/guided-tours\/"]}]},{"@type":"ImageObject","inLanguage":"en-US","@id":"https:\/\/ecenglish.com\/fr\/travel-activities\/guided-tours\/#primaryimage","url":"https:\/\/ecenglish.com\/fr\/wp-content\/uploads\/sites\/9\/2025\/01\/Malta-aerial-shot-manuel-island-scaled.jpg","contentUrl":"https:\/\/ecenglish.com\/fr\/wp-content\/uploads\/sites\/9\/2025\/01\/Malta-aerial-shot-manuel-island-scaled.jpg","width":2560,"height":1917},{"@type":"BreadcrumbList","@id":"https:\/\/ecenglish.com\/fr\/travel-activities\/guided-tours\/#breadcrumb","itemListElement":[{"@type":"ListItem","position":1,"name":"Home","item":"https:\/\/ecenglish.com\/fr\/"},{"@type":"ListItem","position":2,"name":"Travel Activities","item":"https:\/\/ecenglish.com\/fr\/travel-activities\/"},{"@type":"ListItem","position":3,"name":"Visites guid\u00e9es"}]},{"@type":"WebSite","@id":"https:\/\/ecenglish.com\/fr\/#website","url":"https:\/\/ecenglish.com\/fr\/","name":"EC English ( FR )","description":"","potentialAction":[{"@type":"SearchAction","target":{"@type":"EntryPoint","urlTemplate":"https:\/\/ecenglish.com\/fr\/?s={search_term_string}"},"query-input":{"@type":"PropertyValueSpecification","valueRequired":true,"valueName":"search_term_string"}}],"inLanguage":"en-US"}]}},"_links":{"self":[{"href":"https:\/\/ecenglish.com\/fr\/wp-json\/wp\/v2\/pages\/18101","targetHints":{"allow":["GET"]}}],"collection":[{"href":"https:\/\/ecenglish.com\/fr\/wp-json\/wp\/v2\/pages"}],"about":[{"href":"https:\/\/ecenglish.com\/fr\/wp-json\/wp\/v2\/types\/page"}],"author":[{"embeddable":true,"href":"https:\/\/ecenglish.com\/fr\/wp-json\/wp\/v2\/users\/11"}],"replies":[{"embeddable":true,"href":"https:\/\/ecenglish.com\/fr\/wp-json\/wp\/v2\/comments?post=18101"}],"version-history":[{"count":1,"href":"https:\/\/ecenglish.com\/fr\/wp-json\/wp\/v2\/pages\/18101\/revisions"}],"predecessor-version":[{"id":18110,"href":"https:\/\/ecenglish.com\/fr\/wp-json\/wp\/v2\/pages\/18101\/revisions\/18110"}],"up":[{"embeddable":true,"href":"https:\/\/ecenglish.com\/fr\/wp-json\/wp\/v2\/pages\/2241"}],"wp:featuredmedia":[{"embeddable":true,"href":"https:\/\/ecenglish.com\/fr\/wp-json\/wp\/v2\/media\/7795"}],"wp:attachment":[{"href":"https:\/\/ecenglish.com\/fr\/wp-json\/wp\/v2\/media?parent=18101"}],"wp:term":[{"taxonomy":"page_category","embeddable":true,"href":"https:\/\/ecenglish.com\/fr\/wp-json\/wp\/v2\/page_category?post=18101"},{"taxonomy":"activity_category","embeddable":true,"href":"https:\/\/ecenglish.com\/fr\/wp-json\/wp\/v2\/activity_category?post=18101"},{"taxonomy":"activity_location","embeddable":true,"href":"https:\/\/ecenglish.com\/fr\/wp-json\/wp\/v2\/activity_location?post=18101"},{"taxonomy":"course_category","embeddable":true,"href":"https:\/\/ecenglish.com\/fr\/wp-json\/wp\/v2\/course_category?post=18101"},{"taxonomy":"destination_age_group","embeddable":true,"href":"https:\/\/ecenglish.com\/fr\/wp-json\/wp\/v2\/destination_age_group?post=18101"},{"taxonomy":"destination_category","embeddable":true,"href":"https:\/\/ecenglish.com\/fr\/wp-json\/wp\/v2\/destination_category?post=18101"},{"taxonomy":"lesson_category","embeddable":true,"href":"https:\/\/ecenglish.com\/fr\/wp-json\/wp\/v2\/lesson_category?post=18101"}],"curies":[{"name":"wp","href":"https:\/\/api.w.org\/{rel}","templated":true}]}}