{"id":18102,"date":"2026-02-05T11:16:54","date_gmt":"2026-02-05T11:16:54","guid":{"rendered":"https:\/\/ecenglish.com\/fr\/?page_id=18102"},"modified":"2026-02-05T11:16:56","modified_gmt":"2026-02-05T11:16:56","slug":"maltese-beer-tasting","status":"publish","type":"page","link":"https:\/\/ecenglish.com\/fr\/travel-activities\/maltese-beer-tasting\/","title":{"rendered":"D\u00e9gustation de bi\u00e8re maltaise"},"content":{"rendered":"","protected":false},"excerpt":{"rendered":"<p>Go\u00fbtez des bi\u00e8res locales maltaises et d\u00e9couvrez comment elles sont fabriqu\u00e9es. Cette activit\u00e9 d\u00e9tendue vous permet d\u2019essayer de nouvelles saveurs tout en discutant avec d\u2019autres \u00e9tudiants. C\u2019est une fa\u00e7on amusante et sociale de d\u00e9couvrir la culture maltaise.<\/p>\n","protected":false},"author":11,"featured_media":18161,"parent":2241,"menu_order":0,"comment_status":"closed","ping_status":"closed","template":"","meta":{"_acf_changed":false,"_trash_the_other_posts":false,"footnotes":""},"page_category":[58],"activity_category":[40],"activity_location":[43],"course_category":[],"destination_age_group":[],"destination_category":[],"lesson_category":[],"class_list":["post-18102","page","type-page","status-publish","has-post-thumbnail","hentry","page_category-travel-activities-category","activity_category-visites-touristiques-culture","activity_location-malta"],"acf":[],"yoast_head":"<!-- This site is optimized with the Yoast SEO plugin v26.8 - https:\/\/yoast.com\/product\/yoast-seo-wordpress\/ -->\n<title>D\u00e9gustation de bi\u00e8re maltaise - EC English ( FR )<\/title>\n<meta name=\"robots\" content=\"index, follow, max-snippet:-1, max-image-preview:large, max-video-preview:-1\" \/>\n<link rel=\"canonical\" href=\"https:\/\/ecenglish.com\/fr\/travel-activities\/maltese-beer-tasting\/\" \/>\n<meta property=\"og:locale\" content=\"en_US\" \/>\n<meta property=\"og:type\" content=\"article\" \/>\n<meta property=\"og:title\" content=\"D\u00e9gustation de bi\u00e8re maltaise - EC English ( FR )\" \/>\n<meta property=\"og:description\" content=\"Go\u00fbtez des bi\u00e8res locales maltaises et d\u00e9couvrez comment elles sont fabriqu\u00e9es. Cette activit\u00e9 d\u00e9tendue vous permet d\u2019essayer de nouvelles saveurs tout en discutant avec d\u2019autres \u00e9tudiants. C\u2019est une fa\u00e7on amusante et sociale de d\u00e9couvrir la culture maltaise.\" \/>\n<meta property=\"og:url\" content=\"https:\/\/ecenglish.com\/fr\/travel-activities\/maltese-beer-tasting\/\" \/>\n<meta property=\"og:site_name\" content=\"EC English ( FR )\" \/>\n<meta property=\"article:modified_time\" content=\"2026-02-05T11:16:56+00:00\" \/>\n<meta property=\"og:image\" content=\"https:\/\/ecenglish.com\/fr\/wp-content\/uploads\/sites\/9\/2026\/02\/beer-tasting.jpg\" \/>\n\t<meta property=\"og:image:width\" content=\"2000\" \/>\n\t<meta property=\"og:image:height\" content=\"1125\" \/>\n\t<meta property=\"og:image:type\" content=\"image\/jpeg\" \/>\n<meta name=\"twitter:card\" content=\"summary_large_image\" \/>\n<meta name=\"twitter:label1\" content=\"Est. reading time\" \/>\n\t<meta name=\"twitter:data1\" content=\"1 minute\" \/>\n<script type=\"application\/ld+json\" class=\"yoast-schema-graph\">{\"@context\":\"https:\/\/schema.org\",\"@graph\":[{\"@type\":\"WebPage\",\"@id\":\"https:\/\/ecenglish.com\/fr\/travel-activities\/maltese-beer-tasting\/\",\"url\":\"https:\/\/ecenglish.com\/fr\/travel-activities\/maltese-beer-tasting\/\",\"name\":\"D\u00e9gustation de bi\u00e8re maltaise - EC English ( FR )\",\"isPartOf\":{\"@id\":\"https:\/\/ecenglish.com\/fr\/#website\"},\"primaryImageOfPage\":{\"@id\":\"https:\/\/ecenglish.com\/fr\/travel-activities\/maltese-beer-tasting\/#primaryimage\"},\"image\":{\"@id\":\"https:\/\/ecenglish.com\/fr\/travel-activities\/maltese-beer-tasting\/#primaryimage\"},\"thumbnailUrl\":\"https:\/\/ecenglish.com\/fr\/wp-content\/uploads\/sites\/9\/2026\/02\/beer-tasting.jpg\",\"datePublished\":\"2026-02-05T11:16:54+00:00\",\"dateModified\":\"2026-02-05T11:16:56+00:00\",\"breadcrumb\":{\"@id\":\"https:\/\/ecenglish.com\/fr\/travel-activities\/maltese-beer-tasting\/#breadcrumb\"},\"inLanguage\":\"en-US\",\"potentialAction\":[{\"@type\":\"ReadAction\",\"target\":[\"https:\/\/ecenglish.com\/fr\/travel-activities\/maltese-beer-tasting\/\"]}]},{\"@type\":\"ImageObject\",\"inLanguage\":\"en-US\",\"@id\":\"https:\/\/ecenglish.com\/fr\/travel-activities\/maltese-beer-tasting\/#primaryimage\",\"url\":\"https:\/\/ecenglish.com\/fr\/wp-content\/uploads\/sites\/9\/2026\/02\/beer-tasting.jpg\",\"contentUrl\":\"https:\/\/ecenglish.com\/fr\/wp-content\/uploads\/sites\/9\/2026\/02\/beer-tasting.jpg\",\"width\":2000,\"height\":1125,\"caption\":\"cisk-beer-tasting\"},{\"@type\":\"BreadcrumbList\",\"@id\":\"https:\/\/ecenglish.com\/fr\/travel-activities\/maltese-beer-tasting\/#breadcrumb\",\"itemListElement\":[{\"@type\":\"ListItem\",\"position\":1,\"name\":\"Home\",\"item\":\"https:\/\/ecenglish.com\/fr\/\"},{\"@type\":\"ListItem\",\"position\":2,\"name\":\"Travel Activities\",\"item\":\"https:\/\/ecenglish.com\/fr\/travel-activities\/\"},{\"@type\":\"ListItem\",\"position\":3,\"name\":\"D\u00e9gustation de bi\u00e8re maltaise\"}]},{\"@type\":\"WebSite\",\"@id\":\"https:\/\/ecenglish.com\/fr\/#website\",\"url\":\"https:\/\/ecenglish.com\/fr\/\",\"name\":\"EC English ( FR )\",\"description\":\"\",\"potentialAction\":[{\"@type\":\"SearchAction\",\"target\":{\"@type\":\"EntryPoint\",\"urlTemplate\":\"https:\/\/ecenglish.com\/fr\/?s={search_term_string}\"},\"query-input\":{\"@type\":\"PropertyValueSpecification\",\"valueRequired\":true,\"valueName\":\"search_term_string\"}}],\"inLanguage\":\"en-US\"}]}<\/script>\n<!-- \/ Yoast SEO plugin. -->","yoast_head_json":{"title":"D\u00e9gustation de bi\u00e8re maltaise - EC English ( FR )","robots":{"index":"index","follow":"follow","max-snippet":"max-snippet:-1","max-image-preview":"max-image-preview:large","max-video-preview":"max-video-preview:-1"},"canonical":"https:\/\/ecenglish.com\/fr\/travel-activities\/maltese-beer-tasting\/","og_locale":"en_US","og_type":"article","og_title":"D\u00e9gustation de bi\u00e8re maltaise - EC English ( FR )","og_description":"Go\u00fbtez des bi\u00e8res locales maltaises et d\u00e9couvrez comment elles sont fabriqu\u00e9es. Cette activit\u00e9 d\u00e9tendue vous permet d\u2019essayer de nouvelles saveurs tout en discutant avec d\u2019autres \u00e9tudiants. C\u2019est une fa\u00e7on amusante et sociale de d\u00e9couvrir la culture maltaise.","og_url":"https:\/\/ecenglish.com\/fr\/travel-activities\/maltese-beer-tasting\/","og_site_name":"EC English ( FR )","article_modified_time":"2026-02-05T11:16:56+00:00","og_image":[{"width":2000,"height":1125,"url":"https:\/\/ecenglish.com\/fr\/wp-content\/uploads\/sites\/9\/2026\/02\/beer-tasting.jpg","type":"image\/jpeg"}],"twitter_card":"summary_large_image","twitter_misc":{"Est. reading time":"1 minute"},"schema":{"@context":"https:\/\/schema.org","@graph":[{"@type":"WebPage","@id":"https:\/\/ecenglish.com\/fr\/travel-activities\/maltese-beer-tasting\/","url":"https:\/\/ecenglish.com\/fr\/travel-activities\/maltese-beer-tasting\/","name":"D\u00e9gustation de bi\u00e8re maltaise - EC English ( FR )","isPartOf":{"@id":"https:\/\/ecenglish.com\/fr\/#website"},"primaryImageOfPage":{"@id":"https:\/\/ecenglish.com\/fr\/travel-activities\/maltese-beer-tasting\/#primaryimage"},"image":{"@id":"https:\/\/ecenglish.com\/fr\/travel-activities\/maltese-beer-tasting\/#primaryimage"},"thumbnailUrl":"https:\/\/ecenglish.com\/fr\/wp-content\/uploads\/sites\/9\/2026\/02\/beer-tasting.jpg","datePublished":"2026-02-05T11:16:54+00:00","dateModified":"2026-02-05T11:16:56+00:00","breadcrumb":{"@id":"https:\/\/ecenglish.com\/fr\/travel-activities\/maltese-beer-tasting\/#breadcrumb"},"inLanguage":"en-US","potentialAction":[{"@type":"ReadAction","target":["https:\/\/ecenglish.com\/fr\/travel-activities\/maltese-beer-tasting\/"]}]},{"@type":"ImageObject","inLanguage":"en-US","@id":"https:\/\/ecenglish.com\/fr\/travel-activities\/maltese-beer-tasting\/#primaryimage","url":"https:\/\/ecenglish.com\/fr\/wp-content\/uploads\/sites\/9\/2026\/02\/beer-tasting.jpg","contentUrl":"https:\/\/ecenglish.com\/fr\/wp-content\/uploads\/sites\/9\/2026\/02\/beer-tasting.jpg","width":2000,"height":1125,"caption":"cisk-beer-tasting"},{"@type":"BreadcrumbList","@id":"https:\/\/ecenglish.com\/fr\/travel-activities\/maltese-beer-tasting\/#breadcrumb","itemListElement":[{"@type":"ListItem","position":1,"name":"Home","item":"https:\/\/ecenglish.com\/fr\/"},{"@type":"ListItem","position":2,"name":"Travel Activities","item":"https:\/\/ecenglish.com\/fr\/travel-activities\/"},{"@type":"ListItem","position":3,"name":"D\u00e9gustation de bi\u00e8re maltaise"}]},{"@type":"WebSite","@id":"https:\/\/ecenglish.com\/fr\/#website","url":"https:\/\/ecenglish.com\/fr\/","name":"EC English ( FR )","description":"","potentialAction":[{"@type":"SearchAction","target":{"@type":"EntryPoint","urlTemplate":"https:\/\/ecenglish.com\/fr\/?s={search_term_string}"},"query-input":{"@type":"PropertyValueSpecification","valueRequired":true,"valueName":"search_term_string"}}],"inLanguage":"en-US"}]}},"_links":{"self":[{"href":"https:\/\/ecenglish.com\/fr\/wp-json\/wp\/v2\/pages\/18102","targetHints":{"allow":["GET"]}}],"collection":[{"href":"https:\/\/ecenglish.com\/fr\/wp-json\/wp\/v2\/pages"}],"about":[{"href":"https:\/\/ecenglish.com\/fr\/wp-json\/wp\/v2\/types\/page"}],"author":[{"embeddable":true,"href":"https:\/\/ecenglish.com\/fr\/wp-json\/wp\/v2\/users\/11"}],"replies":[{"embeddable":true,"href":"https:\/\/ecenglish.com\/fr\/wp-json\/wp\/v2\/comments?post=18102"}],"version-history":[{"count":2,"href":"https:\/\/ecenglish.com\/fr\/wp-json\/wp\/v2\/pages\/18102\/revisions"}],"predecessor-version":[{"id":18113,"href":"https:\/\/ecenglish.com\/fr\/wp-json\/wp\/v2\/pages\/18102\/revisions\/18113"}],"up":[{"embeddable":true,"href":"https:\/\/ecenglish.com\/fr\/wp-json\/wp\/v2\/pages\/2241"}],"wp:featuredmedia":[{"embeddable":true,"href":"https:\/\/ecenglish.com\/fr\/wp-json\/wp\/v2\/media\/18161"}],"wp:attachment":[{"href":"https:\/\/ecenglish.com\/fr\/wp-json\/wp\/v2\/media?parent=18102"}],"wp:term":[{"taxonomy":"page_category","embeddable":true,"href":"https:\/\/ecenglish.com\/fr\/wp-json\/wp\/v2\/page_category?post=18102"},{"taxonomy":"activity_category","embeddable":true,"href":"https:\/\/ecenglish.com\/fr\/wp-json\/wp\/v2\/activity_category?post=18102"},{"taxonomy":"activity_location","embeddable":true,"href":"https:\/\/ecenglish.com\/fr\/wp-json\/wp\/v2\/activity_location?post=18102"},{"taxonomy":"course_category","embeddable":true,"href":"https:\/\/ecenglish.com\/fr\/wp-json\/wp\/v2\/course_category?post=18102"},{"taxonomy":"destination_age_group","embeddable":true,"href":"https:\/\/ecenglish.com\/fr\/wp-json\/wp\/v2\/destination_age_group?post=18102"},{"taxonomy":"destination_category","embeddable":true,"href":"https:\/\/ecenglish.com\/fr\/wp-json\/wp\/v2\/destination_category?post=18102"},{"taxonomy":"lesson_category","embeddable":true,"href":"https:\/\/ecenglish.com\/fr\/wp-json\/wp\/v2\/lesson_category?post=18102"}],"curies":[{"name":"wp","href":"https:\/\/api.w.org\/{rel}","templated":true}]}}