{"id":4682,"date":"2025-01-23T11:58:24","date_gmt":"2025-01-23T11:58:24","guid":{"rendered":"https:\/\/ecenglish.com\/fr\/?page_id=4682"},"modified":"2025-02-21T14:24:34","modified_gmt":"2025-02-21T14:24:34","slug":"conditions-de-pause-de-session","status":"publish","type":"page","link":"https:\/\/ecenglish.com\/fr\/privacy-policy\/conditions-de-pause-de-session\/","title":{"rendered":"Politique de pause-session"},"content":{"rendered":"\n<div class=\"wp-block-group alignwide has-global-padding is-layout-constrained wp-block-group-is-layout-constrained\" style=\"padding-top:var(--wp--preset--spacing--xs);padding-bottom:var(--wp--preset--spacing--xs)\">\n<div class=\"wp-block-group alignwide has-global-padding is-content-justification-left is-layout-constrained wp-container-core-group-is-layout-12dd3699 wp-block-group-is-layout-constrained\"><div class=\"yoast-breadcrumbs\"><span><span><a href=\"https:\/\/ecenglish.com\/fr\/\">Home<\/a><\/span> <svg viewBox=\"0 0 4 6\" xmlns=\"http:\/\/www.w3.org\/2000\/svg\"><path d=\"M.863 1.78a.659.659 0 0 1 0-.937.673.673 0 0 1 .946 0l1.976 1.96a.727.727 0 0 1 0 1.032l-1.97 1.953a.673.673 0 0 1-1.091-.215.659.659 0 0 1 .145-.723l1.545-1.531L.863 1.78Z\"\/><\/svg> <span><a href=\"https:\/\/ecenglish.com\/fr\/privacy-policy\/\">Policy Documents<\/a><\/span> <svg viewBox=\"0 0 4 6\" xmlns=\"http:\/\/www.w3.org\/2000\/svg\"><path d=\"M.863 1.78a.659.659 0 0 1 0-.937.673.673 0 0 1 .946 0l1.976 1.96a.727.727 0 0 1 0 1.032l-1.97 1.953a.673.673 0 0 1-1.091-.215.659.659 0 0 1 .145-.723l1.545-1.531L.863 1.78Z\"\/><\/svg> <span class=\"breadcrumb_last\" aria-current=\"page\">Politique de pause-session<\/span><\/span><\/div><\/div>\n<\/div>\n\n\n\n<div class=\"wp-block-group alignwide has-global-padding is-layout-constrained wp-block-group-is-layout-constrained\" style=\"margin-top:var(--wp--preset--spacing--xxl);margin-bottom:var(--wp--preset--spacing--xxl)\">\n<div class=\"wp-block-group alignwide is-layout-flow wp-container-core-group-is-layout-07b55995 wp-block-group-is-layout-flow\" style=\"margin-top:0;margin-bottom:0\">\n<h1 class=\"wp-block-heading\"><strong><strong>Politique <strong>en mati\u00e8re<\/strong> de pause-session<\/strong><\/strong><\/h1>\n\n\n\n<p style=\"padding-top:var(--wp--preset--spacing--s);padding-bottom:var(--wp--preset--spacing--s)\" class=\"\">Les \u00e9tudiants \u00e0 long terme qui \u00e9tudient dans tous les centres EC sont invit\u00e9s \u00e0 faire une pause de session pour profiter d&#8217;un peu de temps libre en voyageant ou en rentrant chez eux pour une courte visite. Il convient de noter que les r\u00e8gles relatives aux pauses de session varient selon le lieu et sont bas\u00e9es sur les r\u00e9glementations locales en mati\u00e8re de visas. Les \u00e9tudiants qui reviennent de leur pause ne peuvent pas s&#8217;attendre \u00e0 retourner dans la m\u00eame classe, le m\u00eame enseignant ou le m\u00eame logement. Aucun cr\u00e9dit n&#8217;est accord\u00e9 pour l&#8217;h\u00e9bergement pendant les pauses-session. Les \u00e9tudiants qui ont besoin d&#8217;un visa pour \u00e9tudier doivent s&#8217;assurer que leur visa est d\u00e9livr\u00e9 aux dates correctes pour inclure les pauses-session.<\/p>\n\n\n\n<p class=\"\">Les politiques relatives aux pauses de session par lieu se trouvent ci-dessous. Pour toute autre question, veuillez vous adresser \u00e0 votre contact EC.<\/p>\n\n\n\n<p class=\"\"><\/p>\n\n\n\n<p class=\"\"><strong>\u00c9tudiants qui \u00e9tudient \u00e0 EC Malta avec un visa touristique et s\u00e9journant 90 jours\u00a0:<\/strong><\/p>\n\n\n\n<p class=\"\"><strong>\u2022<\/strong> Les \u00e9tudiants doivent s&#8217;inscrire \u00e0 un cours de 8 semaines ou plus pour avoir droit \u00e0 une pause de session.<\/p>\n\n\n\n<p class=\"\"><strong>\u2022<\/strong> Les \u00e9tudiants qui r\u00e9servent un cours de 8 \u00e0 23 semaines ont droit \u00e0 une pause de session de 2 semaines maximum.<\/p>\n\n\n\n<p class=\"\"><\/p>\n\n\n\n<p class=\"\"><strong>\u00c9tudiants qui <strong>\u00e9tudient <\/strong>\u00e0 EC UK, EC Canada, EC Malte (visa non touristique) et EC Afrique du Sud\u00a0:<\/strong><\/p>\n\n\n\n<p class=\"\"><strong>\u2022<\/strong> Les \u00e9tudiants doivent \u00eatre inscrits pour au moins un cours de 12 semaines afin de pouvoir b\u00e9n\u00e9ficier d&#8217;une pause de session.<\/p>\n\n\n\n<p class=\"\"><strong>\u2022<\/strong> Les \u00e9tudiants qui ont r\u00e9serv\u00e9 un cours de 12 \u00e0 23 semaines peuvent b\u00e9n\u00e9ficier d&#8217;une pause de session maximale de 2 semaines.<\/p>\n\n\n\n<p class=\"\"><strong>\u2022<\/strong> Les \u00e9tudiants qui ont r\u00e9serv\u00e9 24 semaines et plus peuvent b\u00e9n\u00e9ficier d&#8217;une pause de session maximale de 4 semaines.<\/p>\n\n\n\n<p class=\"\"><strong>\u2022<\/strong> Les \u00e9tudiants dont le taux de pr\u00e9sence est de 80% ou moins ne peuvent pas demander de pause de session.<\/p>\n\n\n\n<p class=\"\"><strong>\u2022<\/strong> Les \u00e9tudiants peuvent utiliser les semaines de pause de session s\u00e9par\u00e9ment ou en une seule fois.<\/p>\n\n\n\n<p class=\"\"><strong>\u2022<\/strong> Les \u00e9tudiants peuvent utiliser la p\u00e9riode de pause de session \u00e0 tout moment, sauf pendant la pr\u00e9paration aux examens.<\/p>\n\n\n\n<p class=\"\"><strong>\u2022<\/strong> Les \u00e9tudiants doivent donner un pr\u00e9avis de 2 semaines.<\/p>\n\n\n\n<p class=\"\"><strong>\u2022<\/strong> Les \u00e9tudiants sont seuls responsables de s&#8217;assurer que leur visa est d\u00e9livr\u00e9 aux dates correctes pour inclure toute pause de session.<\/p>\n\n\n\n<p class=\"\"><strong>\u2022<\/strong> Les semaines d&#8217;\u00e9tudes sont report\u00e9es et non perdues \u00e0 condition de donner un pr\u00e9avis de 2 semaines (en cas d&#8217;h\u00e9bergement, la politique d&#8217;annulation d&#8217;EC est suivie, en particulier pour les personnes en r\u00e9sidence \u00e9tudiante. Aucun cr\u00e9dit n&#8217;est accord\u00e9 pour l&#8217;h\u00e9bergement).<\/p>\n\n\n\n<p class=\"\"><strong>\u2022<\/strong> Le nombre de semaines d&#8217;\u00e9tudes requises entre les vacances est de 4 semaines.<\/p>\n\n\n\n<p class=\"\"><\/p>\n\n\n\n<p class=\"\"><strong><strong>\u00c9tudiants qui <strong>\u00e9tudient <\/strong>\u00e0<\/strong> EC Dublin:<\/strong>\u00a0<br>\u00a0<\/p>\n\n\n\n<p class=\"\"><strong>\u2022<\/strong> Les \u00e9tudiants doivent \u00eatre inscrits \u00e0 un cours de 8 semaines ou plus pour avoir droit \u00e0 une pause de session.<\/p>\n\n\n\n<p class=\"\"><strong>\u2022<\/strong> Les \u00e9tudiants de l&#8217;UE\/WHV qui r\u00e9servent un cours de 8 \u00e0 12 semaines ont droit \u00e0 une pause de session \u00e9gale \u00e0 un tiers de leur cours. (jusqu&#8217;\u00e0 4 semaines)<\/p>\n\n\n\n<p class=\"\"><strong>\u2022<\/strong> Les \u00e9tudiants de l&#8217;UE\/WHV qui r\u00e9servent un cours de 13 \u00e0 24 semaines ont droit \u00e0 une pause de session \u00e9gale \u00e0 un tiers de leur cours (jusqu&#8217;\u00e0 8 semaines)<\/p>\n\n\n\n<p class=\"\"><strong>\u2022<\/strong> Les \u00e9tudiants de l&#8217;ann\u00e9e acad\u00e9mique hors UE\/ILEP de 25 semaines et plus ont droit \u00e0 des vacances conform\u00e9ment \u00e0 la r\u00e9glementation INIS. * Voir ci-dessous.<\/p>\n\n\n\n<p class=\"\"><strong>\u2022<\/strong> Les \u00e9tudiants doivent avoir un niveau de pr\u00e9sence global de 85% ou plus pour avoir droit \u00e0 une pause de session (si r\u00e9serv\u00e9 pendant le cours)<\/p>\n\n\n\n<p class=\"\"><strong>\u2022<\/strong> Les \u00e9tudiants doivent donner un pr\u00e9avis de 2 semaines lors de la r\u00e9servation d&#8217;une pause de session.<\/p>\n\n\n\n<p class=\"\"><strong>\u2022<\/strong> Les pauses de session peuvent \u00eatre demand\u00e9es via MyEC et par e-mail.<\/p>\n\n\n\n<p class=\"\"><strong>\u2022<\/strong> Les pauses de session ne peuvent pas \u00eatre r\u00e9serv\u00e9es pendant la pr\u00e9paration aux examens.<\/p>\n\n\n\n<p class=\"\"><strong>\u2022<\/strong> Les semaines d&#8217;\u00e9tudes sont report\u00e9es, et non perdues, \u00e0 condition de donner un pr\u00e9avis de 2 semaines (en cas d&#8217;h\u00e9bergement, la politique d&#8217;annulation d&#8217;EC est suivie, en particulier pour les personnes en r\u00e9sidence \u00e9tudiante. Aucun cr\u00e9dit n&#8217;est accord\u00e9 pour l&#8217;h\u00e9bergement).<\/p>\n\n\n\n<p class=\"\"><strong>\u2022<\/strong> Les \u00e9tudiants sont seuls responsables de s&#8217;assurer que leur visa est d\u00e9livr\u00e9 aux dates correctes pour inclure les \u00e9ventuelles pauses de session.<\/p>\n\n\n\n<p class=\"\"><strong>\u2022<\/strong> Les \u00e9tudiants qui ont besoin d&#8217;un visa (et non d&#8217;une autorisation de s\u00e9jour) doivent demander un visa multi-entr\u00e9es\/de r\u00e9entr\u00e9e avant de prendre des dispositions pour quitter l&#8217;Irlande.<\/p>\n\n\n\n<p class=\"\">*<strong>Les informations concernant les \u00e9tudiants non europ\u00e9ens en Irlande contenues dans ce document sont tir\u00e9es de la d\u00e9claration de politique de l&#8217;INIS au 14.9.2018.<\/strong><\/p>\n\n\n\n<p class=\"\"><strong>UE \/ \u00c9tudiants vacances-travail<\/strong><\/p>\n\n\n\n<p class=\"\"><strong>\u2022<\/strong> Conform\u00e9ment \u00e0 la politique de pause de session d&#8217;EC.<\/p>\n\n\n\n<p class=\"\"><strong>\u2022<\/strong> Le visa vacances-travail doit \u00eatre fourni avant la r\u00e9servation des vacances.<\/p>\n\n\n\n<p class=\"\"><strong>REMARQUE<\/strong>: Les \u00e9tudiants WHV ne peuvent \u00e9tudier que pendant 6 mois maximum.<\/p>\n\n\n\n<p class=\"\"><\/p>\n\n\n\n<p class=\"\"><strong>Visa requis et dispense de visa (autorisation de s\u00e9jour) pour les \u00e9tudiants\u00a0:<\/strong><\/p>\n\n\n\n<p class=\"\"><strong>\u2022<\/strong> Conform\u00e9ment \u00e0 la politique d&#8217;EC<\/p>\n\n\n\n<p class=\"\"><strong>Plus<\/strong><\/p>\n\n\n\n<p class=\"\"><strong>\u2022<\/strong> Lors de l&#8217;inscription, les \u00e9tudiants recevront un emploi du temps \u00e9crit indiquant les heures et les dates des cours quotidiens et hebdomadaires.<\/p>\n\n\n\n<p class=\"\"><strong>\u2022<\/strong> Le programme, y compris les p\u00e9riodes de vacances, sera d\u00e9crit dans les lettres des \u00e9tudiants, fournies avant l&#8217;enregistrement de l&#8217;immigration.<\/p>\n\n\n\n<p class=\"\">oLes lettres peuvent \u00eatre demand\u00e9es via MyEC et r\u00e9cup\u00e9r\u00e9es \u00e0 la r\u00e9ception d&#8217;EC Dublin dans les 24 \u00e0 48 heures suivant la demande.<\/p>\n\n\n\n<p class=\"\">oLes lettres d&#8217;urgence peuvent \u00eatre fournies sur demande.<\/p>\n\n\n\n<p class=\"\"><strong>\u2022<\/strong> Les p\u00e9riodes de vacances doivent \u00eatre r\u00e9serv\u00e9es avant l&#8217;enregistrement de l&#8217;immigration via MyEC ou par e-mail\u00a0:<\/p>\n\n\n\n<p class=\"\">oSi possible, les p\u00e9riodes de vacances doivent \u00eatre r\u00e9serv\u00e9es pendant l&#8217;inscription.<br>oLes p\u00e9riodes de vacances non r\u00e9serv\u00e9es pendant l&#8217;inscription doivent \u00eatre confirm\u00e9es par e-mail ou par demande MyEC avant le retrait des documents d&#8217;inscription INIS.<\/p>\n\n\n\n<p class=\"\">oLes demandes de vacances seront approuv\u00e9es par le directeur des \u00e9tudes ou le directeur du centre conform\u00e9ment aux exigences de l&#8217;INIS.<\/p>\n\n\n\n<p class=\"\"><strong>\u2022<\/strong> Les vacances ne peuvent pas \u00eatre r\u00e9serv\u00e9es dans les 8 premi\u00e8res semaines du programme.<\/p>\n\n\n\n<p class=\"\"><strong>\u2022<\/strong> La p\u00e9riode de vacances ne peut pas d\u00e9passer 1\/3 du total des semaines \u00e9coul\u00e9es\u00a0:<\/p>\n\n\n\n<p class=\"\">o Par ex. 10 semaines \u00e9tudi\u00e9es = 3 semaines de vacances autoris\u00e9es.<br>o 12 semaines = 4 semaines de vacances autoris\u00e9es.<\/p>\n\n\n\n<ul class=\"wp-block-list\">\n<li>Tout changement d\u2019horaire sera convenu \u00e0 l\u2019avance avec les \u00e9tudiants.<\/li>\n<\/ul>\n\n\n\n<ul class=\"wp-block-list\">\n<li>Aucune pause non programm\u00e9e ne sera autoris\u00e9e, sauf dans les cas document\u00e9s de maladie ou de deuil familial proche et conform\u00e9ment aux r\u00e8gles du GNIB.<\/li>\n\n\n\n<li>o\u202f Les circonstances dans lesquelles ces demandes peuvent \u00eatre prises en consid\u00e9ration peuvent \u00eatre trouv\u00e9es dans la politique relative aux cong\u00e9s de maladie.<br>o\u202f Les crit\u00e8res d\u2019acceptation ou de refus d\u2019une demande seront document\u00e9s, y compris le processus d\u00e9cisionnel.\u00a0<br>o\u202f Le nom de la personne charg\u00e9e de prendre ces d\u00e9cisions sera document\u00e9 et rendu public.\u00a0<\/li>\n<\/ul>\n\n\n\n<p class=\"\"><strong><em>Les informations sur les vacances ci-dessus ont \u00e9t\u00e9 r\u00e9dig\u00e9es conform\u00e9ment aux exigences de l&#8217;INIS et remplaceront la politique de l&#8217;\u00e9cole dans le cas des \u00e9tudiants soumis \u00e0 un visa et \u00e0 une dispense de visa.<\/em><\/strong><\/p>\n\n\n\n<p class=\"\"><\/p>\n\n\n\n<p class=\"\"><strong>\u00c9tudiants qui \u00e9tudient dans les centres EC US avec un visa \u00e9tudiant F-1\u00a0:<\/strong><\/p>\n\n\n\n<p class=\"\"><strong>\u2022<\/strong> Les \u00e9tudiants doivent \u00eatre inscrits \u00e0 un cours de 12 semaines ou plus pour pouvoir b\u00e9n\u00e9ficier d&#8217;une pause de session.<\/p>\n\n\n\n<p class=\"\"><strong>\u2022<\/strong> Les \u00e9tudiants sont autoris\u00e9s \u00e0 prendre jusqu&#8217;\u00e0 deux semaines de pause de session apr\u00e8s avoir termin\u00e9 12 semaines d&#8217;\u00e9tudes cons\u00e9cutives. Les pauses ne peuvent pas \u00eatre combin\u00e9es et si un \u00e9tudiant choisit de ne pas prendre les 2 semaines compl\u00e8tes disponibles, la deuxi\u00e8me semaine sera perdue.<\/p>\n\n\n\n<p class=\"\"><strong>\u2022<\/strong> Les \u00e9tudiants doivent avoir au moins 4 semaines de cours r\u00e9serv\u00e9es et pay\u00e9es \u00e0 leur retour de leur pause.<\/p>\n\n\n\n<p class=\"\"><strong>\u2022<\/strong> Les \u00e9tudiants doivent avoir une pr\u00e9sence globale de 80% ou plus pour pouvoir b\u00e9n\u00e9ficier d&#8217;une pause de session.<\/p>\n\n\n\n<p class=\"\"><strong>\u2022<\/strong> Les \u00e9tudiants ne peuvent pas prendre la p\u00e9riode de pause de session pendant les pr\u00e9parations aux examens.<\/p>\n\n\n\n<p class=\"\"><strong>\u2022<\/strong> Les \u00e9tudiants transf\u00e9r\u00e9s d&#8217;un centre EC \u00e0 un autre sans pause entre les sites peuvent compter les semaines dans leur premier centre dans leurs 12 semaines d&#8217;\u00e9tudes continues. Si un \u00e9tudiant choisit de faire une pause entre les sites, il doit faire 12 semaines d&#8217;\u00e9tudes continues dans son nouveau centre avant d&#8217;\u00eatre \u00e9ligible \u00e0 une pause de session.<\/p>\n\n\n\n<p class=\"\"><strong>\u2022<\/strong> Les \u00e9tudiants sont pri\u00e9s de donner un pr\u00e9avis de 2 semaines avant de prendre une pause de session.<\/p>\n\n\n\n<p class=\"\"><strong>\u2022<\/strong> Les \u00e9tudiants qui pr\u00e9voient de quitter le pays pendant leurs vacances devront obtenir la signature du DSO de l&#8217;\u00e9cole pour voyager.<\/p>\n\n\n\n<p class=\"\"><strong>\u2022<\/strong> Les \u00e9tudiants qui pr\u00e9voient de quitter le pays et dont le taux de pr\u00e9sence est inf\u00e9rieur \u00e0 80% sont autoris\u00e9s \u00e0 partir, \u00e0 condition que nous mettions fin \u00e0 l&#8217;actuel I-20 et que nous \u00e9mettions un I-20 pour leur retour. Le calcul de la pr\u00e9sence recommencera une fois qu&#8217;ils seront rentr\u00e9s sur le nouveau I-20.<\/p>\n\n\n\n<p style=\"padding-top:var(--wp--preset--spacing--s);padding-bottom:var(--wp--preset--spacing--s)\" class=\"\">Les \u00e9tudiants qui doivent retourner dans leur pays d&#8217;origine pour une urgence familiale\/m\u00e9dicale peuvent prendre un cong\u00e9 jusqu&#8217;\u00e0 5 mois en dehors des \u00c9tats-Unis. Tous les cong\u00e9s doivent \u00eatre approuv\u00e9s par le DSO et sont trait\u00e9s au cas par cas. Les \u00e9tudiants en cong\u00e9 de plus de 6 semaines peuvent \u00eatre tenus de repasser le test de placement et pourraient \u00eatre consid\u00e9r\u00e9s comme une nouvelle r\u00e9servation \u00e0 leur retour.<\/p>\n<\/div>\n\n\n\n<p class=\"\"><\/p>\n<\/div>\n","protected":false},"excerpt":{"rendered":"<p>Politique en mati\u00e8re de pause-session Les \u00e9tudiants \u00e0 long terme qui \u00e9tudient dans tous les centres EC sont invit\u00e9s \u00e0<\/p>\n","protected":false},"author":9,"featured_media":0,"parent":4215,"menu_order":0,"comment_status":"closed","ping_status":"closed","template":"","meta":{"_acf_changed":false,"_trash_the_other_posts":false,"footnotes":""},"page_category":[],"activity_category":[],"activity_location":[],"course_category":[],"destination_age_group":[],"destination_category":[],"lesson_category":[],"class_list":["post-4682","page","type-page","status-publish","hentry"],"acf":[],"yoast_head":"<!-- This site is optimized with the Yoast SEO plugin v26.8 - https:\/\/yoast.com\/product\/yoast-seo-wordpress\/ -->\n<title>Politique en mati\u00e8re de pause-session - EC English Schools<\/title>\n<meta name=\"description\" content=\"Politique d&#039;interruption de s\u00e9ance par destination pour les \u00e9tudiants d&#039;EC English.\" \/>\n<meta name=\"robots\" content=\"index, follow, max-snippet:-1, max-image-preview:large, max-video-preview:-1\" \/>\n<link rel=\"canonical\" href=\"https:\/\/ecenglish.com\/fr\/privacy-policy\/conditions-de-pause-de-session\/\" \/>\n<meta property=\"og:locale\" content=\"en_US\" \/>\n<meta property=\"og:type\" content=\"article\" \/>\n<meta property=\"og:title\" content=\"Politique en mati\u00e8re de pause-session - EC English Schools\" \/>\n<meta property=\"og:description\" content=\"Politique d&#039;interruption de s\u00e9ance par destination pour les \u00e9tudiants d&#039;EC English.\" \/>\n<meta property=\"og:url\" content=\"https:\/\/ecenglish.com\/fr\/privacy-policy\/conditions-de-pause-de-session\/\" \/>\n<meta property=\"og:site_name\" content=\"EC English ( FR )\" \/>\n<meta property=\"article:modified_time\" content=\"2025-02-21T14:24:34+00:00\" \/>\n<meta name=\"twitter:card\" content=\"summary_large_image\" \/>\n<meta name=\"twitter:label1\" content=\"Est. reading time\" \/>\n\t<meta name=\"twitter:data1\" content=\"7 minutes\" \/>\n<script type=\"application\/ld+json\" class=\"yoast-schema-graph\">{\"@context\":\"https:\/\/schema.org\",\"@graph\":[{\"@type\":\"WebPage\",\"@id\":\"https:\/\/ecenglish.com\/fr\/privacy-policy\/conditions-de-pause-de-session\/\",\"url\":\"https:\/\/ecenglish.com\/fr\/privacy-policy\/conditions-de-pause-de-session\/\",\"name\":\"Politique en mati\u00e8re de pause-session - EC English Schools\",\"isPartOf\":{\"@id\":\"https:\/\/ecenglish.com\/fr\/#website\"},\"datePublished\":\"2025-01-23T11:58:24+00:00\",\"dateModified\":\"2025-02-21T14:24:34+00:00\",\"description\":\"Politique d'interruption de s\u00e9ance par destination pour les \u00e9tudiants d'EC English.\",\"breadcrumb\":{\"@id\":\"https:\/\/ecenglish.com\/fr\/privacy-policy\/conditions-de-pause-de-session\/#breadcrumb\"},\"inLanguage\":\"en-US\",\"potentialAction\":[{\"@type\":\"ReadAction\",\"target\":[\"https:\/\/ecenglish.com\/fr\/privacy-policy\/conditions-de-pause-de-session\/\"]}]},{\"@type\":\"BreadcrumbList\",\"@id\":\"https:\/\/ecenglish.com\/fr\/privacy-policy\/conditions-de-pause-de-session\/#breadcrumb\",\"itemListElement\":[{\"@type\":\"ListItem\",\"position\":1,\"name\":\"Home\",\"item\":\"https:\/\/ecenglish.com\/fr\/\"},{\"@type\":\"ListItem\",\"position\":2,\"name\":\"Policy Documents\",\"item\":\"https:\/\/ecenglish.com\/fr\/privacy-policy\/\"},{\"@type\":\"ListItem\",\"position\":3,\"name\":\"Politique de pause-session\"}]},{\"@type\":\"WebSite\",\"@id\":\"https:\/\/ecenglish.com\/fr\/#website\",\"url\":\"https:\/\/ecenglish.com\/fr\/\",\"name\":\"EC English ( FR )\",\"description\":\"\",\"potentialAction\":[{\"@type\":\"SearchAction\",\"target\":{\"@type\":\"EntryPoint\",\"urlTemplate\":\"https:\/\/ecenglish.com\/fr\/?s={search_term_string}\"},\"query-input\":{\"@type\":\"PropertyValueSpecification\",\"valueRequired\":true,\"valueName\":\"search_term_string\"}}],\"inLanguage\":\"en-US\"}]}<\/script>\n<!-- \/ Yoast SEO plugin. -->","yoast_head_json":{"title":"Politique en mati\u00e8re de pause-session - EC English Schools","description":"Politique d'interruption de s\u00e9ance par destination pour les \u00e9tudiants d'EC English.","robots":{"index":"index","follow":"follow","max-snippet":"max-snippet:-1","max-image-preview":"max-image-preview:large","max-video-preview":"max-video-preview:-1"},"canonical":"https:\/\/ecenglish.com\/fr\/privacy-policy\/conditions-de-pause-de-session\/","og_locale":"en_US","og_type":"article","og_title":"Politique en mati\u00e8re de pause-session - EC English Schools","og_description":"Politique d'interruption de s\u00e9ance par destination pour les \u00e9tudiants d'EC English.","og_url":"https:\/\/ecenglish.com\/fr\/privacy-policy\/conditions-de-pause-de-session\/","og_site_name":"EC English ( FR )","article_modified_time":"2025-02-21T14:24:34+00:00","twitter_card":"summary_large_image","twitter_misc":{"Est. reading time":"7 minutes"},"schema":{"@context":"https:\/\/schema.org","@graph":[{"@type":"WebPage","@id":"https:\/\/ecenglish.com\/fr\/privacy-policy\/conditions-de-pause-de-session\/","url":"https:\/\/ecenglish.com\/fr\/privacy-policy\/conditions-de-pause-de-session\/","name":"Politique en mati\u00e8re de pause-session - EC English Schools","isPartOf":{"@id":"https:\/\/ecenglish.com\/fr\/#website"},"datePublished":"2025-01-23T11:58:24+00:00","dateModified":"2025-02-21T14:24:34+00:00","description":"Politique d'interruption de s\u00e9ance par destination pour les \u00e9tudiants d'EC English.","breadcrumb":{"@id":"https:\/\/ecenglish.com\/fr\/privacy-policy\/conditions-de-pause-de-session\/#breadcrumb"},"inLanguage":"en-US","potentialAction":[{"@type":"ReadAction","target":["https:\/\/ecenglish.com\/fr\/privacy-policy\/conditions-de-pause-de-session\/"]}]},{"@type":"BreadcrumbList","@id":"https:\/\/ecenglish.com\/fr\/privacy-policy\/conditions-de-pause-de-session\/#breadcrumb","itemListElement":[{"@type":"ListItem","position":1,"name":"Home","item":"https:\/\/ecenglish.com\/fr\/"},{"@type":"ListItem","position":2,"name":"Policy Documents","item":"https:\/\/ecenglish.com\/fr\/privacy-policy\/"},{"@type":"ListItem","position":3,"name":"Politique de pause-session"}]},{"@type":"WebSite","@id":"https:\/\/ecenglish.com\/fr\/#website","url":"https:\/\/ecenglish.com\/fr\/","name":"EC English ( FR )","description":"","potentialAction":[{"@type":"SearchAction","target":{"@type":"EntryPoint","urlTemplate":"https:\/\/ecenglish.com\/fr\/?s={search_term_string}"},"query-input":{"@type":"PropertyValueSpecification","valueRequired":true,"valueName":"search_term_string"}}],"inLanguage":"en-US"}]}},"_links":{"self":[{"href":"https:\/\/ecenglish.com\/fr\/wp-json\/wp\/v2\/pages\/4682","targetHints":{"allow":["GET"]}}],"collection":[{"href":"https:\/\/ecenglish.com\/fr\/wp-json\/wp\/v2\/pages"}],"about":[{"href":"https:\/\/ecenglish.com\/fr\/wp-json\/wp\/v2\/types\/page"}],"author":[{"embeddable":true,"href":"https:\/\/ecenglish.com\/fr\/wp-json\/wp\/v2\/users\/9"}],"replies":[{"embeddable":true,"href":"https:\/\/ecenglish.com\/fr\/wp-json\/wp\/v2\/comments?post=4682"}],"version-history":[{"count":7,"href":"https:\/\/ecenglish.com\/fr\/wp-json\/wp\/v2\/pages\/4682\/revisions"}],"predecessor-version":[{"id":14474,"href":"https:\/\/ecenglish.com\/fr\/wp-json\/wp\/v2\/pages\/4682\/revisions\/14474"}],"up":[{"embeddable":true,"href":"https:\/\/ecenglish.com\/fr\/wp-json\/wp\/v2\/pages\/4215"}],"wp:attachment":[{"href":"https:\/\/ecenglish.com\/fr\/wp-json\/wp\/v2\/media?parent=4682"}],"wp:term":[{"taxonomy":"page_category","embeddable":true,"href":"https:\/\/ecenglish.com\/fr\/wp-json\/wp\/v2\/page_category?post=4682"},{"taxonomy":"activity_category","embeddable":true,"href":"https:\/\/ecenglish.com\/fr\/wp-json\/wp\/v2\/activity_category?post=4682"},{"taxonomy":"activity_location","embeddable":true,"href":"https:\/\/ecenglish.com\/fr\/wp-json\/wp\/v2\/activity_location?post=4682"},{"taxonomy":"course_category","embeddable":true,"href":"https:\/\/ecenglish.com\/fr\/wp-json\/wp\/v2\/course_category?post=4682"},{"taxonomy":"destination_age_group","embeddable":true,"href":"https:\/\/ecenglish.com\/fr\/wp-json\/wp\/v2\/destination_age_group?post=4682"},{"taxonomy":"destination_category","embeddable":true,"href":"https:\/\/ecenglish.com\/fr\/wp-json\/wp\/v2\/destination_category?post=4682"},{"taxonomy":"lesson_category","embeddable":true,"href":"https:\/\/ecenglish.com\/fr\/wp-json\/wp\/v2\/lesson_category?post=4682"}],"curies":[{"name":"wp","href":"https:\/\/api.w.org\/{rel}","templated":true}]}}