{"id":5202,"date":"2025-01-24T11:39:37","date_gmt":"2025-01-24T11:39:37","guid":{"rendered":"https:\/\/ecenglish.com\/fr\/?page_id=5202"},"modified":"2025-02-05T11:40:46","modified_gmt":"2025-02-05T11:40:46","slug":"free-english-workshop","status":"publish","type":"page","link":"https:\/\/ecenglish.com\/fr\/travel-activities\/free-english-workshop\/","title":{"rendered":"Atelier d&#8217;anglais gratuit"},"content":{"rendered":"","protected":false},"excerpt":{"rendered":"<p>Pratiquez votre anglais \u00e0 l&#8217;\u00e9cole et rencontrez d&#8217;autres \u00e9tudiants de l&#8217;EC San Francisco venus du monde entier.<\/p>\n","protected":false},"author":12,"featured_media":5099,"parent":2241,"menu_order":0,"comment_status":"closed","ping_status":"closed","template":"","meta":{"_acf_changed":false,"_trash_the_other_posts":false,"footnotes":""},"page_category":[58],"activity_category":[37],"activity_location":[201,197],"course_category":[],"destination_age_group":[],"destination_category":[],"lesson_category":[],"class_list":["post-5202","page","type-page","status-publish","has-post-thumbnail","hentry","page_category-travel-activities-category","activity_category-ateliers-academiques","activity_location-san-francisco","activity_location-usa"],"acf":[],"yoast_head":"<!-- This site is optimized with the Yoast SEO plugin v26.8 - https:\/\/yoast.com\/product\/yoast-seo-wordpress\/ -->\n<title>Atelier d&#039;anglais gratuit - EC English ( FR )<\/title>\n<meta name=\"robots\" content=\"noindex, follow\" \/>\n<meta property=\"og:locale\" content=\"en_US\" \/>\n<meta property=\"og:type\" content=\"article\" \/>\n<meta property=\"og:title\" content=\"Atelier d&#039;anglais gratuit - EC English ( FR )\" \/>\n<meta property=\"og:description\" content=\"Pratiquez votre anglais \u00e0 l&#039;\u00e9cole et rencontrez d&#039;autres \u00e9tudiants de l&#039;EC San Francisco venus du monde entier.\" \/>\n<meta property=\"og:url\" content=\"https:\/\/ecenglish.com\/fr\/travel-activities\/free-english-workshop\/\" \/>\n<meta property=\"og:site_name\" content=\"EC English ( FR )\" \/>\n<meta property=\"article:modified_time\" content=\"2025-02-05T11:40:46+00:00\" \/>\n<meta property=\"og:image\" content=\"https:\/\/ecenglish.com\/fr\/wp-content\/uploads\/sites\/9\/2025\/01\/EC-Student-reviewing-IELTS-tips-San-Francisco.jpg\" \/>\n\t<meta property=\"og:image:width\" content=\"1620\" \/>\n\t<meta property=\"og:image:height\" content=\"1080\" \/>\n\t<meta property=\"og:image:type\" content=\"image\/jpeg\" \/>\n<meta name=\"twitter:card\" content=\"summary_large_image\" \/>\n<meta name=\"twitter:label1\" content=\"Est. reading time\" \/>\n\t<meta name=\"twitter:data1\" content=\"1 minute\" \/>\n<script type=\"application\/ld+json\" class=\"yoast-schema-graph\">{\"@context\":\"https:\/\/schema.org\",\"@graph\":[{\"@type\":\"WebPage\",\"@id\":\"https:\/\/ecenglish.com\/fr\/travel-activities\/free-english-workshop\/\",\"url\":\"https:\/\/ecenglish.com\/fr\/travel-activities\/free-english-workshop\/\",\"name\":\"Atelier d'anglais gratuit - EC English ( FR )\",\"isPartOf\":{\"@id\":\"https:\/\/ecenglish.com\/fr\/#website\"},\"primaryImageOfPage\":{\"@id\":\"https:\/\/ecenglish.com\/fr\/travel-activities\/free-english-workshop\/#primaryimage\"},\"image\":{\"@id\":\"https:\/\/ecenglish.com\/fr\/travel-activities\/free-english-workshop\/#primaryimage\"},\"thumbnailUrl\":\"https:\/\/ecenglish.com\/fr\/wp-content\/uploads\/sites\/9\/2025\/01\/EC-Student-reviewing-IELTS-tips-San-Francisco.jpg\",\"datePublished\":\"2025-01-24T11:39:37+00:00\",\"dateModified\":\"2025-02-05T11:40:46+00:00\",\"breadcrumb\":{\"@id\":\"https:\/\/ecenglish.com\/fr\/travel-activities\/free-english-workshop\/#breadcrumb\"},\"inLanguage\":\"en-US\",\"potentialAction\":[{\"@type\":\"ReadAction\",\"target\":[\"https:\/\/ecenglish.com\/fr\/travel-activities\/free-english-workshop\/\"]}]},{\"@type\":\"ImageObject\",\"inLanguage\":\"en-US\",\"@id\":\"https:\/\/ecenglish.com\/fr\/travel-activities\/free-english-workshop\/#primaryimage\",\"url\":\"https:\/\/ecenglish.com\/fr\/wp-content\/uploads\/sites\/9\/2025\/01\/EC-Student-reviewing-IELTS-tips-San-Francisco.jpg\",\"contentUrl\":\"https:\/\/ecenglish.com\/fr\/wp-content\/uploads\/sites\/9\/2025\/01\/EC-Student-reviewing-IELTS-tips-San-Francisco.jpg\",\"width\":1620,\"height\":1080,\"caption\":\"EC San Francisco 2017\"},{\"@type\":\"BreadcrumbList\",\"@id\":\"https:\/\/ecenglish.com\/fr\/travel-activities\/free-english-workshop\/#breadcrumb\",\"itemListElement\":[{\"@type\":\"ListItem\",\"position\":1,\"name\":\"Home\",\"item\":\"https:\/\/ecenglish.com\/fr\/\"},{\"@type\":\"ListItem\",\"position\":2,\"name\":\"Travel Activities\",\"item\":\"https:\/\/ecenglish.com\/fr\/travel-activities\/\"},{\"@type\":\"ListItem\",\"position\":3,\"name\":\"Atelier d&#8217;anglais gratuit\"}]},{\"@type\":\"WebSite\",\"@id\":\"https:\/\/ecenglish.com\/fr\/#website\",\"url\":\"https:\/\/ecenglish.com\/fr\/\",\"name\":\"EC English ( FR )\",\"description\":\"\",\"potentialAction\":[{\"@type\":\"SearchAction\",\"target\":{\"@type\":\"EntryPoint\",\"urlTemplate\":\"https:\/\/ecenglish.com\/fr\/?s={search_term_string}\"},\"query-input\":{\"@type\":\"PropertyValueSpecification\",\"valueRequired\":true,\"valueName\":\"search_term_string\"}}],\"inLanguage\":\"en-US\"}]}<\/script>\n<!-- \/ Yoast SEO plugin. -->","yoast_head_json":{"title":"Atelier d'anglais gratuit - EC English ( FR )","robots":{"index":"noindex","follow":"follow"},"og_locale":"en_US","og_type":"article","og_title":"Atelier d'anglais gratuit - EC English ( FR )","og_description":"Pratiquez votre anglais \u00e0 l'\u00e9cole et rencontrez d'autres \u00e9tudiants de l'EC San Francisco venus du monde entier.","og_url":"https:\/\/ecenglish.com\/fr\/travel-activities\/free-english-workshop\/","og_site_name":"EC English ( FR )","article_modified_time":"2025-02-05T11:40:46+00:00","og_image":[{"width":1620,"height":1080,"url":"https:\/\/ecenglish.com\/fr\/wp-content\/uploads\/sites\/9\/2025\/01\/EC-Student-reviewing-IELTS-tips-San-Francisco.jpg","type":"image\/jpeg"}],"twitter_card":"summary_large_image","twitter_misc":{"Est. reading time":"1 minute"},"schema":{"@context":"https:\/\/schema.org","@graph":[{"@type":"WebPage","@id":"https:\/\/ecenglish.com\/fr\/travel-activities\/free-english-workshop\/","url":"https:\/\/ecenglish.com\/fr\/travel-activities\/free-english-workshop\/","name":"Atelier d'anglais gratuit - EC English ( FR )","isPartOf":{"@id":"https:\/\/ecenglish.com\/fr\/#website"},"primaryImageOfPage":{"@id":"https:\/\/ecenglish.com\/fr\/travel-activities\/free-english-workshop\/#primaryimage"},"image":{"@id":"https:\/\/ecenglish.com\/fr\/travel-activities\/free-english-workshop\/#primaryimage"},"thumbnailUrl":"https:\/\/ecenglish.com\/fr\/wp-content\/uploads\/sites\/9\/2025\/01\/EC-Student-reviewing-IELTS-tips-San-Francisco.jpg","datePublished":"2025-01-24T11:39:37+00:00","dateModified":"2025-02-05T11:40:46+00:00","breadcrumb":{"@id":"https:\/\/ecenglish.com\/fr\/travel-activities\/free-english-workshop\/#breadcrumb"},"inLanguage":"en-US","potentialAction":[{"@type":"ReadAction","target":["https:\/\/ecenglish.com\/fr\/travel-activities\/free-english-workshop\/"]}]},{"@type":"ImageObject","inLanguage":"en-US","@id":"https:\/\/ecenglish.com\/fr\/travel-activities\/free-english-workshop\/#primaryimage","url":"https:\/\/ecenglish.com\/fr\/wp-content\/uploads\/sites\/9\/2025\/01\/EC-Student-reviewing-IELTS-tips-San-Francisco.jpg","contentUrl":"https:\/\/ecenglish.com\/fr\/wp-content\/uploads\/sites\/9\/2025\/01\/EC-Student-reviewing-IELTS-tips-San-Francisco.jpg","width":1620,"height":1080,"caption":"EC San Francisco 2017"},{"@type":"BreadcrumbList","@id":"https:\/\/ecenglish.com\/fr\/travel-activities\/free-english-workshop\/#breadcrumb","itemListElement":[{"@type":"ListItem","position":1,"name":"Home","item":"https:\/\/ecenglish.com\/fr\/"},{"@type":"ListItem","position":2,"name":"Travel Activities","item":"https:\/\/ecenglish.com\/fr\/travel-activities\/"},{"@type":"ListItem","position":3,"name":"Atelier d&#8217;anglais gratuit"}]},{"@type":"WebSite","@id":"https:\/\/ecenglish.com\/fr\/#website","url":"https:\/\/ecenglish.com\/fr\/","name":"EC English ( FR )","description":"","potentialAction":[{"@type":"SearchAction","target":{"@type":"EntryPoint","urlTemplate":"https:\/\/ecenglish.com\/fr\/?s={search_term_string}"},"query-input":{"@type":"PropertyValueSpecification","valueRequired":true,"valueName":"search_term_string"}}],"inLanguage":"en-US"}]}},"_links":{"self":[{"href":"https:\/\/ecenglish.com\/fr\/wp-json\/wp\/v2\/pages\/5202","targetHints":{"allow":["GET"]}}],"collection":[{"href":"https:\/\/ecenglish.com\/fr\/wp-json\/wp\/v2\/pages"}],"about":[{"href":"https:\/\/ecenglish.com\/fr\/wp-json\/wp\/v2\/types\/page"}],"author":[{"embeddable":true,"href":"https:\/\/ecenglish.com\/fr\/wp-json\/wp\/v2\/users\/12"}],"replies":[{"embeddable":true,"href":"https:\/\/ecenglish.com\/fr\/wp-json\/wp\/v2\/comments?post=5202"}],"version-history":[{"count":1,"href":"https:\/\/ecenglish.com\/fr\/wp-json\/wp\/v2\/pages\/5202\/revisions"}],"predecessor-version":[{"id":5203,"href":"https:\/\/ecenglish.com\/fr\/wp-json\/wp\/v2\/pages\/5202\/revisions\/5203"}],"up":[{"embeddable":true,"href":"https:\/\/ecenglish.com\/fr\/wp-json\/wp\/v2\/pages\/2241"}],"wp:featuredmedia":[{"embeddable":true,"href":"https:\/\/ecenglish.com\/fr\/wp-json\/wp\/v2\/media\/5099"}],"wp:attachment":[{"href":"https:\/\/ecenglish.com\/fr\/wp-json\/wp\/v2\/media?parent=5202"}],"wp:term":[{"taxonomy":"page_category","embeddable":true,"href":"https:\/\/ecenglish.com\/fr\/wp-json\/wp\/v2\/page_category?post=5202"},{"taxonomy":"activity_category","embeddable":true,"href":"https:\/\/ecenglish.com\/fr\/wp-json\/wp\/v2\/activity_category?post=5202"},{"taxonomy":"activity_location","embeddable":true,"href":"https:\/\/ecenglish.com\/fr\/wp-json\/wp\/v2\/activity_location?post=5202"},{"taxonomy":"course_category","embeddable":true,"href":"https:\/\/ecenglish.com\/fr\/wp-json\/wp\/v2\/course_category?post=5202"},{"taxonomy":"destination_age_group","embeddable":true,"href":"https:\/\/ecenglish.com\/fr\/wp-json\/wp\/v2\/destination_age_group?post=5202"},{"taxonomy":"destination_category","embeddable":true,"href":"https:\/\/ecenglish.com\/fr\/wp-json\/wp\/v2\/destination_category?post=5202"},{"taxonomy":"lesson_category","embeddable":true,"href":"https:\/\/ecenglish.com\/fr\/wp-json\/wp\/v2\/lesson_category?post=5202"}],"curies":[{"name":"wp","href":"https:\/\/api.w.org\/{rel}","templated":true}]}}