{"id":4630,"date":"2025-01-23T11:31:14","date_gmt":"2025-01-23T11:31:14","guid":{"rendered":"https:\/\/ecenglish.com\/it\/?page_id=4630"},"modified":"2025-03-04T12:09:24","modified_gmt":"2025-03-04T12:09:24","slug":"codice-di-comportamento","status":"publish","type":"page","link":"https:\/\/ecenglish.com\/it\/politiche\/codice-di-comportamento\/","title":{"rendered":"Codice di condotta"},"content":{"rendered":"\n<div class=\"wp-block-group alignwide has-global-padding is-layout-constrained wp-block-group-is-layout-constrained\" style=\"padding-top:var(--wp--preset--spacing--xs);padding-bottom:var(--wp--preset--spacing--xs)\">\n<div class=\"wp-block-group alignwide has-global-padding is-content-justification-left is-layout-constrained wp-container-core-group-is-layout-12dd3699 wp-block-group-is-layout-constrained\"><div class=\"yoast-breadcrumbs\"><span><span><a href=\"https:\/\/ecenglish.com\/it\/\">Home<\/a><\/span> <svg viewBox=\"0 0 4 6\" xmlns=\"http:\/\/www.w3.org\/2000\/svg\"><path d=\"M.863 1.78a.659.659 0 0 1 0-.937.673.673 0 0 1 .946 0l1.976 1.96a.727.727 0 0 1 0 1.032l-1.97 1.953a.673.673 0 0 1-1.091-.215.659.659 0 0 1 .145-.723l1.545-1.531L.863 1.78Z\"\/><\/svg> <span><a href=\"https:\/\/ecenglish.com\/it\/politiche\/\">Policy Documents<\/a><\/span> <svg viewBox=\"0 0 4 6\" xmlns=\"http:\/\/www.w3.org\/2000\/svg\"><path d=\"M.863 1.78a.659.659 0 0 1 0-.937.673.673 0 0 1 .946 0l1.976 1.96a.727.727 0 0 1 0 1.032l-1.97 1.953a.673.673 0 0 1-1.091-.215.659.659 0 0 1 .145-.723l1.545-1.531L.863 1.78Z\"\/><\/svg> <span class=\"breadcrumb_last\" aria-current=\"page\">Codice di condotta<\/span><\/span><\/div><\/div>\n<\/div>\n\n\n\n<div class=\"wp-block-group alignwide has-global-padding is-layout-constrained wp-block-group-is-layout-constrained\" style=\"margin-top:var(--wp--preset--spacing--xxl);margin-bottom:var(--wp--preset--spacing--xxl)\">\n<div class=\"wp-block-group alignwide is-layout-flow wp-container-core-group-is-layout-07b55995 wp-block-group-is-layout-flow\" style=\"margin-top:0;margin-bottom:0\">\n<h1 class=\"wp-block-heading\"><strong>Codice di condotta degli studenti EC<\/strong><\/h1>\n\n\n\n<p class=\"\">EC si impegna a promuovere un ambiente di apprendimento che rifletta i valori di rispetto, dignit\u00e0, onest\u00e0, integrit\u00e0, tolleranza, uguaglianza e diversit\u00e0. Ci aspettiamo che gli studenti iscritti a EC si comportino in modo maturo, rispettoso e cooperativo in ogni momento. Insegnanti, personale amministrativo e studenti contribuiscono tutti a creare un ambiente di apprendimento positivo in classe e nel campus.&nbsp;&nbsp;<\/p>\n\n\n\n<p class=\"\">Ci si aspetta che gli studenti:&nbsp;<\/p>\n\n\n\n<ul class=\"wp-block-list\">\n<li>rispettare il personale dell&#8217;EC, gli insegnanti, i compagni studenti e le loro propriet\u00e0 e comportarsi in modo responsabile\u00a0<\/li>\n\n\n\n<li>evitare linguaggio o azioni che potrebbero danneggiare o danneggiare un&#8217;altra persona a scuola\u00a0<\/li>\n\n\n\n<li>identificarsi quando richiesto da un membro dello staff della CE\u00a0<\/li>\n\n\n\n<li>frequentare regolarmente le lezioni e arrivare puntuali in conformit\u00e0 con la politica di frequenza della CE\u00a0<\/li>\n\n\n\n<li>completare i compiti in tempo aiuta e crea un ambiente di apprendimento produttivo durante la lezione\u00a0<\/li>\n\n\n\n<li>mettere via i cellulari in classe quando viene chiesto di farlo\u00a0<\/li>\n\n\n\n<li>evitare azioni che potrebbero danneggiare l&#8217;ambiente scolastico o violare le leggi locali e\/o nazionali\u00a0<\/li>\n\n\n\n<li>Rispettare i cartelli e le leggi sul divieto di fumo e fumare solo nelle aree fumatori designate\u00a0\u00a0<\/li>\n\n\n\n<li>evitare di gettare rifiuti gettando tutti i mozziconi di sigaretta nei posacenere e tutti gli altri rifiuti\/spazzatura nei cestini della spazzatura, sia all&#8217;interno che all&#8217;esterno dell&#8217;edificio scolastico\u00a0\u00a0<\/li>\n<\/ul>\n\n\n\n<ul class=\"wp-block-list\">\n<li>sii rispettoso delle persone che entrano\/escono dall&#8217;edificio o che camminano sui marciapiedi all&#8217;esterno dell&#8217;edificio\u00a0<\/li>\n\n\n\n<li>parlare inglese solo a scuola, comprese le aule, i corridoi, gli uffici e le sale studenti\u00a0<\/li>\n<\/ul>\n<\/div>\n<\/div>\n","protected":false},"excerpt":{"rendered":"<p>Codice di condotta degli studenti EC EC si impegna a promuovere un ambiente di apprendimento che rifletta i valori di<\/p>\n","protected":false},"author":9,"featured_media":0,"parent":4215,"menu_order":0,"comment_status":"closed","ping_status":"closed","template":"","meta":{"_acf_changed":false,"_trash_the_other_posts":false,"footnotes":""},"page_category":[],"activity_category":[],"activity_location":[],"course_category":[],"destination_age_group":[],"destination_category":[],"lesson_category":[],"class_list":["post-4630","page","type-page","status-publish","hentry"],"acf":[],"yoast_head":"<!-- This site is optimized with the Yoast SEO plugin v26.8 - https:\/\/yoast.com\/product\/yoast-seo-wordpress\/ -->\n<title>Codice di condotta degli studenti - EC English<\/title>\n<meta name=\"description\" content=\"Codice di condotta per gli studenti che frequentano le scuole di lingua EC\" \/>\n<meta name=\"robots\" content=\"index, follow, max-snippet:-1, max-image-preview:large, max-video-preview:-1\" \/>\n<link rel=\"canonical\" href=\"https:\/\/ecenglish.com\/it\/politiche\/codice-di-comportamento\/\" \/>\n<meta property=\"og:locale\" content=\"en_US\" \/>\n<meta property=\"og:type\" content=\"article\" \/>\n<meta property=\"og:title\" content=\"Codice di condotta degli studenti - EC English\" \/>\n<meta property=\"og:description\" content=\"Codice di condotta per gli studenti che frequentano le scuole di lingua EC\" \/>\n<meta property=\"og:url\" content=\"https:\/\/ecenglish.com\/it\/politiche\/codice-di-comportamento\/\" \/>\n<meta property=\"og:site_name\" content=\"EC English ( IT )\" \/>\n<meta property=\"article:modified_time\" content=\"2025-03-04T12:09:24+00:00\" \/>\n<meta name=\"twitter:card\" content=\"summary_large_image\" \/>\n<meta name=\"twitter:label1\" content=\"Est. reading time\" \/>\n\t<meta name=\"twitter:data1\" content=\"3 minutes\" \/>\n<script type=\"application\/ld+json\" class=\"yoast-schema-graph\">{\"@context\":\"https:\/\/schema.org\",\"@graph\":[{\"@type\":\"WebPage\",\"@id\":\"https:\/\/ecenglish.com\/it\/politiche\/codice-di-comportamento\/\",\"url\":\"https:\/\/ecenglish.com\/it\/politiche\/codice-di-comportamento\/\",\"name\":\"Codice di condotta degli studenti - EC English\",\"isPartOf\":{\"@id\":\"https:\/\/ecenglish.com\/it\/#website\"},\"datePublished\":\"2025-01-23T11:31:14+00:00\",\"dateModified\":\"2025-03-04T12:09:24+00:00\",\"description\":\"Codice di condotta per gli studenti che frequentano le scuole di lingua EC\",\"breadcrumb\":{\"@id\":\"https:\/\/ecenglish.com\/it\/politiche\/codice-di-comportamento\/#breadcrumb\"},\"inLanguage\":\"en-US\",\"potentialAction\":[{\"@type\":\"ReadAction\",\"target\":[\"https:\/\/ecenglish.com\/it\/politiche\/codice-di-comportamento\/\"]}]},{\"@type\":\"BreadcrumbList\",\"@id\":\"https:\/\/ecenglish.com\/it\/politiche\/codice-di-comportamento\/#breadcrumb\",\"itemListElement\":[{\"@type\":\"ListItem\",\"position\":1,\"name\":\"Home\",\"item\":\"https:\/\/ecenglish.com\/it\/\"},{\"@type\":\"ListItem\",\"position\":2,\"name\":\"Policy Documents\",\"item\":\"https:\/\/ecenglish.com\/it\/politiche\/\"},{\"@type\":\"ListItem\",\"position\":3,\"name\":\"Codice di condotta\"}]},{\"@type\":\"WebSite\",\"@id\":\"https:\/\/ecenglish.com\/it\/#website\",\"url\":\"https:\/\/ecenglish.com\/it\/\",\"name\":\"EC English ( IT )\",\"description\":\"\",\"potentialAction\":[{\"@type\":\"SearchAction\",\"target\":{\"@type\":\"EntryPoint\",\"urlTemplate\":\"https:\/\/ecenglish.com\/it\/?s={search_term_string}\"},\"query-input\":{\"@type\":\"PropertyValueSpecification\",\"valueRequired\":true,\"valueName\":\"search_term_string\"}}],\"inLanguage\":\"en-US\"}]}<\/script>\n<!-- \/ Yoast SEO plugin. -->","yoast_head_json":{"title":"Codice di condotta degli studenti - EC English","description":"Codice di condotta per gli studenti che frequentano le scuole di lingua EC","robots":{"index":"index","follow":"follow","max-snippet":"max-snippet:-1","max-image-preview":"max-image-preview:large","max-video-preview":"max-video-preview:-1"},"canonical":"https:\/\/ecenglish.com\/it\/politiche\/codice-di-comportamento\/","og_locale":"en_US","og_type":"article","og_title":"Codice di condotta degli studenti - EC English","og_description":"Codice di condotta per gli studenti che frequentano le scuole di lingua EC","og_url":"https:\/\/ecenglish.com\/it\/politiche\/codice-di-comportamento\/","og_site_name":"EC English ( IT )","article_modified_time":"2025-03-04T12:09:24+00:00","twitter_card":"summary_large_image","twitter_misc":{"Est. reading time":"3 minutes"},"schema":{"@context":"https:\/\/schema.org","@graph":[{"@type":"WebPage","@id":"https:\/\/ecenglish.com\/it\/politiche\/codice-di-comportamento\/","url":"https:\/\/ecenglish.com\/it\/politiche\/codice-di-comportamento\/","name":"Codice di condotta degli studenti - EC English","isPartOf":{"@id":"https:\/\/ecenglish.com\/it\/#website"},"datePublished":"2025-01-23T11:31:14+00:00","dateModified":"2025-03-04T12:09:24+00:00","description":"Codice di condotta per gli studenti che frequentano le scuole di lingua EC","breadcrumb":{"@id":"https:\/\/ecenglish.com\/it\/politiche\/codice-di-comportamento\/#breadcrumb"},"inLanguage":"en-US","potentialAction":[{"@type":"ReadAction","target":["https:\/\/ecenglish.com\/it\/politiche\/codice-di-comportamento\/"]}]},{"@type":"BreadcrumbList","@id":"https:\/\/ecenglish.com\/it\/politiche\/codice-di-comportamento\/#breadcrumb","itemListElement":[{"@type":"ListItem","position":1,"name":"Home","item":"https:\/\/ecenglish.com\/it\/"},{"@type":"ListItem","position":2,"name":"Policy Documents","item":"https:\/\/ecenglish.com\/it\/politiche\/"},{"@type":"ListItem","position":3,"name":"Codice di condotta"}]},{"@type":"WebSite","@id":"https:\/\/ecenglish.com\/it\/#website","url":"https:\/\/ecenglish.com\/it\/","name":"EC English ( IT )","description":"","potentialAction":[{"@type":"SearchAction","target":{"@type":"EntryPoint","urlTemplate":"https:\/\/ecenglish.com\/it\/?s={search_term_string}"},"query-input":{"@type":"PropertyValueSpecification","valueRequired":true,"valueName":"search_term_string"}}],"inLanguage":"en-US"}]}},"_links":{"self":[{"href":"https:\/\/ecenglish.com\/it\/wp-json\/wp\/v2\/pages\/4630","targetHints":{"allow":["GET"]}}],"collection":[{"href":"https:\/\/ecenglish.com\/it\/wp-json\/wp\/v2\/pages"}],"about":[{"href":"https:\/\/ecenglish.com\/it\/wp-json\/wp\/v2\/types\/page"}],"author":[{"embeddable":true,"href":"https:\/\/ecenglish.com\/it\/wp-json\/wp\/v2\/users\/9"}],"replies":[{"embeddable":true,"href":"https:\/\/ecenglish.com\/it\/wp-json\/wp\/v2\/comments?post=4630"}],"version-history":[{"count":4,"href":"https:\/\/ecenglish.com\/it\/wp-json\/wp\/v2\/pages\/4630\/revisions"}],"predecessor-version":[{"id":14599,"href":"https:\/\/ecenglish.com\/it\/wp-json\/wp\/v2\/pages\/4630\/revisions\/14599"}],"up":[{"embeddable":true,"href":"https:\/\/ecenglish.com\/it\/wp-json\/wp\/v2\/pages\/4215"}],"wp:attachment":[{"href":"https:\/\/ecenglish.com\/it\/wp-json\/wp\/v2\/media?parent=4630"}],"wp:term":[{"taxonomy":"page_category","embeddable":true,"href":"https:\/\/ecenglish.com\/it\/wp-json\/wp\/v2\/page_category?post=4630"},{"taxonomy":"activity_category","embeddable":true,"href":"https:\/\/ecenglish.com\/it\/wp-json\/wp\/v2\/activity_category?post=4630"},{"taxonomy":"activity_location","embeddable":true,"href":"https:\/\/ecenglish.com\/it\/wp-json\/wp\/v2\/activity_location?post=4630"},{"taxonomy":"course_category","embeddable":true,"href":"https:\/\/ecenglish.com\/it\/wp-json\/wp\/v2\/course_category?post=4630"},{"taxonomy":"destination_age_group","embeddable":true,"href":"https:\/\/ecenglish.com\/it\/wp-json\/wp\/v2\/destination_age_group?post=4630"},{"taxonomy":"destination_category","embeddable":true,"href":"https:\/\/ecenglish.com\/it\/wp-json\/wp\/v2\/destination_category?post=4630"},{"taxonomy":"lesson_category","embeddable":true,"href":"https:\/\/ecenglish.com\/it\/wp-json\/wp\/v2\/lesson_category?post=4630"}],"curies":[{"name":"wp","href":"https:\/\/api.w.org\/{rel}","templated":true}]}}