{"id":16405,"date":"2025-04-28T13:50:27","date_gmt":"2025-04-28T13:50:27","guid":{"rendered":"https:\/\/ecenglish.com\/pt\/?page_id=16405"},"modified":"2025-04-28T13:50:27","modified_gmt":"2025-04-28T13:50:27","slug":"job-seminar","status":"publish","type":"page","link":"https:\/\/ecenglish.com\/pt\/job-seminar\/","title":{"rendered":"Semin\u00e1rio de Empregos"},"content":{"rendered":"","protected":false},"excerpt":{"rendered":"<p>Prepare-se para o mercado de trabalho com nosso semin\u00e1rio! Aprenda a criar um curr\u00edculo de destaque, abordar empregadores com confian\u00e7a, se sair bem em entrevistas e manter a motiva\u00e7\u00e3o. O semin\u00e1rio acontece duas vezes por m\u00eas, com oficinas pr\u00e1ticas, simula\u00e7\u00f5es e orienta\u00e7\u00e3o individual.<\/p>\n","protected":false},"author":38,"featured_media":16407,"parent":0,"menu_order":0,"comment_status":"closed","ping_status":"closed","template":"","meta":{"_acf_changed":false,"_trash_the_other_posts":false,"footnotes":""},"page_category":[58],"activity_category":[37],"activity_location":[204],"course_category":[],"destination_age_group":[],"destination_category":[],"lesson_category":[],"class_list":["post-16405","page","type-page","status-publish","has-post-thumbnail","hentry","page_category-travel-activities-category","activity_category-workshops-academicos","activity_location-dublin"],"acf":[],"yoast_head":"<!-- This site is optimized with the Yoast SEO plugin v26.8 - https:\/\/yoast.com\/product\/yoast-seo-wordpress\/ -->\n<title>Semin\u00e1rio de Empregos - EC English ( PT )<\/title>\n<meta name=\"robots\" content=\"index, follow, max-snippet:-1, max-image-preview:large, max-video-preview:-1\" \/>\n<link rel=\"canonical\" href=\"https:\/\/ecenglish.com\/pt\/job-seminar\/\" \/>\n<meta property=\"og:locale\" content=\"en_US\" \/>\n<meta property=\"og:type\" content=\"article\" \/>\n<meta property=\"og:title\" content=\"Semin\u00e1rio de Empregos - EC English ( PT )\" \/>\n<meta property=\"og:description\" content=\"Prepare-se para o mercado de trabalho com nosso semin\u00e1rio! Aprenda a criar um curr\u00edculo de destaque, abordar empregadores com confian\u00e7a, se sair bem em entrevistas e manter a motiva\u00e7\u00e3o. O semin\u00e1rio acontece duas vezes por m\u00eas, com oficinas pr\u00e1ticas, simula\u00e7\u00f5es e orienta\u00e7\u00e3o individual.\" \/>\n<meta property=\"og:url\" content=\"https:\/\/ecenglish.com\/pt\/job-seminar\/\" \/>\n<meta property=\"og:site_name\" content=\"EC English ( PT )\" \/>\n<meta property=\"og:image\" content=\"https:\/\/ecenglish.com\/pt\/wp-content\/uploads\/sites\/11\/2025\/04\/EC-Dublin-Business-workshop-1.jpg\" \/>\n\t<meta property=\"og:image:width\" content=\"1507\" \/>\n\t<meta property=\"og:image:height\" content=\"1005\" \/>\n\t<meta property=\"og:image:type\" content=\"image\/jpeg\" \/>\n<meta name=\"twitter:card\" content=\"summary_large_image\" \/>\n<meta name=\"twitter:label1\" content=\"Est. reading time\" \/>\n\t<meta name=\"twitter:data1\" content=\"1 minute\" \/>\n<script type=\"application\/ld+json\" class=\"yoast-schema-graph\">{\"@context\":\"https:\/\/schema.org\",\"@graph\":[{\"@type\":\"WebPage\",\"@id\":\"https:\/\/ecenglish.com\/pt\/job-seminar\/\",\"url\":\"https:\/\/ecenglish.com\/pt\/job-seminar\/\",\"name\":\"Semin\u00e1rio de Empregos - EC English ( PT )\",\"isPartOf\":{\"@id\":\"https:\/\/ecenglish.com\/pt\/#website\"},\"primaryImageOfPage\":{\"@id\":\"https:\/\/ecenglish.com\/pt\/job-seminar\/#primaryimage\"},\"image\":{\"@id\":\"https:\/\/ecenglish.com\/pt\/job-seminar\/#primaryimage\"},\"thumbnailUrl\":\"https:\/\/ecenglish.com\/pt\/wp-content\/uploads\/sites\/11\/2025\/04\/EC-Dublin-Business-workshop-1.jpg\",\"datePublished\":\"2025-04-28T13:50:27+00:00\",\"breadcrumb\":{\"@id\":\"https:\/\/ecenglish.com\/pt\/job-seminar\/#breadcrumb\"},\"inLanguage\":\"en-US\",\"potentialAction\":[{\"@type\":\"ReadAction\",\"target\":[\"https:\/\/ecenglish.com\/pt\/job-seminar\/\"]}]},{\"@type\":\"ImageObject\",\"inLanguage\":\"en-US\",\"@id\":\"https:\/\/ecenglish.com\/pt\/job-seminar\/#primaryimage\",\"url\":\"https:\/\/ecenglish.com\/pt\/wp-content\/uploads\/sites\/11\/2025\/04\/EC-Dublin-Business-workshop-1.jpg\",\"contentUrl\":\"https:\/\/ecenglish.com\/pt\/wp-content\/uploads\/sites\/11\/2025\/04\/EC-Dublin-Business-workshop-1.jpg\",\"width\":1507,\"height\":1005},{\"@type\":\"BreadcrumbList\",\"@id\":\"https:\/\/ecenglish.com\/pt\/job-seminar\/#breadcrumb\",\"itemListElement\":[{\"@type\":\"ListItem\",\"position\":1,\"name\":\"Home\",\"item\":\"https:\/\/ecenglish.com\/pt\/\"},{\"@type\":\"ListItem\",\"position\":2,\"name\":\"Semin\u00e1rio de Empregos\"}]},{\"@type\":\"WebSite\",\"@id\":\"https:\/\/ecenglish.com\/pt\/#website\",\"url\":\"https:\/\/ecenglish.com\/pt\/\",\"name\":\"EC English ( PT )\",\"description\":\"\",\"potentialAction\":[{\"@type\":\"SearchAction\",\"target\":{\"@type\":\"EntryPoint\",\"urlTemplate\":\"https:\/\/ecenglish.com\/pt\/?s={search_term_string}\"},\"query-input\":{\"@type\":\"PropertyValueSpecification\",\"valueRequired\":true,\"valueName\":\"search_term_string\"}}],\"inLanguage\":\"en-US\"}]}<\/script>\n<!-- \/ Yoast SEO plugin. -->","yoast_head_json":{"title":"Semin\u00e1rio de Empregos - EC English ( PT )","robots":{"index":"index","follow":"follow","max-snippet":"max-snippet:-1","max-image-preview":"max-image-preview:large","max-video-preview":"max-video-preview:-1"},"canonical":"https:\/\/ecenglish.com\/pt\/job-seminar\/","og_locale":"en_US","og_type":"article","og_title":"Semin\u00e1rio de Empregos - EC English ( PT )","og_description":"Prepare-se para o mercado de trabalho com nosso semin\u00e1rio! Aprenda a criar um curr\u00edculo de destaque, abordar empregadores com confian\u00e7a, se sair bem em entrevistas e manter a motiva\u00e7\u00e3o. O semin\u00e1rio acontece duas vezes por m\u00eas, com oficinas pr\u00e1ticas, simula\u00e7\u00f5es e orienta\u00e7\u00e3o individual.","og_url":"https:\/\/ecenglish.com\/pt\/job-seminar\/","og_site_name":"EC English ( PT )","og_image":[{"width":1507,"height":1005,"url":"https:\/\/ecenglish.com\/pt\/wp-content\/uploads\/sites\/11\/2025\/04\/EC-Dublin-Business-workshop-1.jpg","type":"image\/jpeg"}],"twitter_card":"summary_large_image","twitter_misc":{"Est. reading time":"1 minute"},"schema":{"@context":"https:\/\/schema.org","@graph":[{"@type":"WebPage","@id":"https:\/\/ecenglish.com\/pt\/job-seminar\/","url":"https:\/\/ecenglish.com\/pt\/job-seminar\/","name":"Semin\u00e1rio de Empregos - EC English ( PT )","isPartOf":{"@id":"https:\/\/ecenglish.com\/pt\/#website"},"primaryImageOfPage":{"@id":"https:\/\/ecenglish.com\/pt\/job-seminar\/#primaryimage"},"image":{"@id":"https:\/\/ecenglish.com\/pt\/job-seminar\/#primaryimage"},"thumbnailUrl":"https:\/\/ecenglish.com\/pt\/wp-content\/uploads\/sites\/11\/2025\/04\/EC-Dublin-Business-workshop-1.jpg","datePublished":"2025-04-28T13:50:27+00:00","breadcrumb":{"@id":"https:\/\/ecenglish.com\/pt\/job-seminar\/#breadcrumb"},"inLanguage":"en-US","potentialAction":[{"@type":"ReadAction","target":["https:\/\/ecenglish.com\/pt\/job-seminar\/"]}]},{"@type":"ImageObject","inLanguage":"en-US","@id":"https:\/\/ecenglish.com\/pt\/job-seminar\/#primaryimage","url":"https:\/\/ecenglish.com\/pt\/wp-content\/uploads\/sites\/11\/2025\/04\/EC-Dublin-Business-workshop-1.jpg","contentUrl":"https:\/\/ecenglish.com\/pt\/wp-content\/uploads\/sites\/11\/2025\/04\/EC-Dublin-Business-workshop-1.jpg","width":1507,"height":1005},{"@type":"BreadcrumbList","@id":"https:\/\/ecenglish.com\/pt\/job-seminar\/#breadcrumb","itemListElement":[{"@type":"ListItem","position":1,"name":"Home","item":"https:\/\/ecenglish.com\/pt\/"},{"@type":"ListItem","position":2,"name":"Semin\u00e1rio de Empregos"}]},{"@type":"WebSite","@id":"https:\/\/ecenglish.com\/pt\/#website","url":"https:\/\/ecenglish.com\/pt\/","name":"EC English ( PT )","description":"","potentialAction":[{"@type":"SearchAction","target":{"@type":"EntryPoint","urlTemplate":"https:\/\/ecenglish.com\/pt\/?s={search_term_string}"},"query-input":{"@type":"PropertyValueSpecification","valueRequired":true,"valueName":"search_term_string"}}],"inLanguage":"en-US"}]}},"_links":{"self":[{"href":"https:\/\/ecenglish.com\/pt\/wp-json\/wp\/v2\/pages\/16405","targetHints":{"allow":["GET"]}}],"collection":[{"href":"https:\/\/ecenglish.com\/pt\/wp-json\/wp\/v2\/pages"}],"about":[{"href":"https:\/\/ecenglish.com\/pt\/wp-json\/wp\/v2\/types\/page"}],"author":[{"embeddable":true,"href":"https:\/\/ecenglish.com\/pt\/wp-json\/wp\/v2\/users\/38"}],"replies":[{"embeddable":true,"href":"https:\/\/ecenglish.com\/pt\/wp-json\/wp\/v2\/comments?post=16405"}],"version-history":[{"count":2,"href":"https:\/\/ecenglish.com\/pt\/wp-json\/wp\/v2\/pages\/16405\/revisions"}],"predecessor-version":[{"id":16421,"href":"https:\/\/ecenglish.com\/pt\/wp-json\/wp\/v2\/pages\/16405\/revisions\/16421"}],"wp:featuredmedia":[{"embeddable":true,"href":"https:\/\/ecenglish.com\/pt\/wp-json\/wp\/v2\/media\/16407"}],"wp:attachment":[{"href":"https:\/\/ecenglish.com\/pt\/wp-json\/wp\/v2\/media?parent=16405"}],"wp:term":[{"taxonomy":"page_category","embeddable":true,"href":"https:\/\/ecenglish.com\/pt\/wp-json\/wp\/v2\/page_category?post=16405"},{"taxonomy":"activity_category","embeddable":true,"href":"https:\/\/ecenglish.com\/pt\/wp-json\/wp\/v2\/activity_category?post=16405"},{"taxonomy":"activity_location","embeddable":true,"href":"https:\/\/ecenglish.com\/pt\/wp-json\/wp\/v2\/activity_location?post=16405"},{"taxonomy":"course_category","embeddable":true,"href":"https:\/\/ecenglish.com\/pt\/wp-json\/wp\/v2\/course_category?post=16405"},{"taxonomy":"destination_age_group","embeddable":true,"href":"https:\/\/ecenglish.com\/pt\/wp-json\/wp\/v2\/destination_age_group?post=16405"},{"taxonomy":"destination_category","embeddable":true,"href":"https:\/\/ecenglish.com\/pt\/wp-json\/wp\/v2\/destination_category?post=16405"},{"taxonomy":"lesson_category","embeddable":true,"href":"https:\/\/ecenglish.com\/pt\/wp-json\/wp\/v2\/lesson_category?post=16405"}],"curies":[{"name":"wp","href":"https:\/\/api.w.org\/{rel}","templated":true}]}}