{"id":4170,"date":"2025-01-21T14:16:27","date_gmt":"2025-01-21T14:16:27","guid":{"rendered":"https:\/\/ecenglish.com\/pt\/?page_id=4170"},"modified":"2025-03-20T15:00:02","modified_gmt":"2025-03-20T15:00:02","slug":"condicoes-de-cookies","status":"publish","type":"page","link":"https:\/\/ecenglish.com\/pt\/condicoes-de-cookies\/","title":{"rendered":"Pol\u00edtica de Cookies"},"content":{"rendered":"\n<div class=\"wp-block-group alignwide has-global-padding is-layout-constrained wp-block-group-is-layout-constrained\" style=\"padding-top:var(--wp--preset--spacing--xs);padding-bottom:var(--wp--preset--spacing--xs)\">\n<div class=\"wp-block-group alignwide has-global-padding is-content-justification-left is-layout-constrained wp-container-core-group-is-layout-12dd3699 wp-block-group-is-layout-constrained\"><div class=\"yoast-breadcrumbs\"><span><span><a href=\"https:\/\/ecenglish.com\/pt\/\">Home<\/a><\/span> <svg viewBox=\"0 0 4 6\" xmlns=\"http:\/\/www.w3.org\/2000\/svg\"><path d=\"M.863 1.78a.659.659 0 0 1 0-.937.673.673 0 0 1 .946 0l1.976 1.96a.727.727 0 0 1 0 1.032l-1.97 1.953a.673.673 0 0 1-1.091-.215.659.659 0 0 1 .145-.723l1.545-1.531L.863 1.78Z\"\/><\/svg> <span class=\"breadcrumb_last\" aria-current=\"page\">Pol\u00edtica de Cookies<\/span><\/span><\/div><\/div>\n<\/div>\n\n\n\n<div class=\"wp-block-group alignwide has-global-padding is-layout-constrained wp-block-group-is-layout-constrained\" style=\"margin-top:var(--wp--preset--spacing--xxl);margin-bottom:var(--wp--preset--spacing--xxl)\">\n<div class=\"wp-block-group alignwide is-layout-flow wp-container-core-group-is-layout-07b55995 wp-block-group-is-layout-flow\" style=\"margin-top:0;margin-bottom:0\">\n<h1 class=\"wp-block-heading\"><strong>Pol\u00edtica de Cookies<\/strong><\/h1>\n\n\n\n<h2 class=\"wp-block-heading\"><strong>Centros de L\u00edngua Inglesa da <\/strong>EC<\/h2>\n\n\n\n<p style=\"padding-top:var(--wp--preset--spacing--s);padding-bottom:var(--wp--preset--spacing--s)\" class=\"\">O que \u00e9 um cookie?<\/p>\n\n\n\n<p class=\"\">Cookies s\u00e3o pequenos arquivos de texto ou peda\u00e7os de informa\u00e7\u00e3o que s\u00e3o armazenados no seu computador ou dispositivo m\u00f3vel quando voc\u00ea visita nosso site. Um cookie cont\u00e9m o nome do site e um valor, que pode ser usado para uma variedade de prop\u00f3sitos.<\/p>\n\n\n\n<p class=\"\">Os cookies de \u201csess\u00e3o\u201d s\u00e3o mantidos na mem\u00f3ria e s\u00f3 existem durante sua visita ao nosso site. Os cookies \u201cpersistentes\u201d s\u00e3o armazenados no seu dispositivo at\u00e9 que expirem e, portanto, podem ser usados \u200b\u200bpelo nosso site em suas visitas subsequentes. Todos os cookies persistentes t\u00eam um \u201ctempo de vida\u201d que determina por quanto tempo o cookie permanecer\u00e1 ativo no seu dispositivo.<\/p>\n\n\n\n<p class=\"\">Nossos cookies n\u00e3o cont\u00eam nenhum dado que possa ser usado para identific\u00e1-lo pessoalmente.<\/p>\n\n\n\n<p class=\"\">Para que usamos cookies?<\/p>\n\n\n\n<p class=\"\">Usamos cookies para tornar nosso site mais f\u00e1cil de usar e para tornar o conte\u00fado que voc\u00ea v\u00ea mais relevante. Os cookies nos permitem registrar informa\u00e7\u00f5es importantes sobre sua visita e isso nos ajuda a tornar o site melhor para voc\u00ea e para outros visitantes.<\/p>\n\n\n\n<p class=\"\">Tamb\u00e9m usamos cookies para criar estat\u00edsticas que nos ajudam a melhorar a estrutura e o conte\u00fado do nosso site. N\u00e3o podemos identific\u00e1-lo pessoalmente a partir dessas informa\u00e7\u00f5es.<\/p>\n\n\n\n<p class=\"\">Cookies de terceiros<\/p>\n\n\n\n<p class=\"\">Usamos v\u00e1rios sistemas fornecidos por fornecedores externos. Em alguns casos, eles tamb\u00e9m podem definir cookies no seu dispositivo em nosso nome quando voc\u00ea visita nosso site.<\/p>\n\n\n\n<p class=\"\">Gerenciando cookies<\/p>\n\n\n\n<p class=\"\">Todos os navegadores modernos permitem que voc\u00ea controle o uso de cookies no seu dispositivo. Voc\u00ea tamb\u00e9m pode excluir cookies existentes e outros dados armazenados no seu dispositivo, caso deseje faz\u00ea-lo.<\/p>\n\n\n\n<p class=\"\"><a href=\"https:\/\/support.google.com\/accounts\/answer\/61416?hl=en\" target=\"_blank\" rel=\"noreferrer noopener\">Instru\u00e7\u00f5es para Google Chrome<\/a>&nbsp;<\/p>\n\n\n\n<p class=\"\"><a href=\"https:\/\/support.mozilla.org\/en-US\/kb\/cookies-information-websites-store-on-your-computer\" target=\"_blank\" rel=\"noreferrer noopener\"><\/a><a href=\"https:\/\/support.google.com\/accounts\/answer\/61416?hl=en\" target=\"_blank\" rel=\"noreferrer noopener\">Instru\u00e7\u00f5es para<\/a> Firefox&nbsp;<\/p>\n\n\n\n<p class=\"\"><a href=\"http:\/\/windows.microsoft.com\/en-gb\/internet-explorer\/delete-manage-cookies\" target=\"_blank\" rel=\"noreferrer noopener\"><\/a><a href=\"https:\/\/support.google.com\/accounts\/answer\/61416?hl=en\" target=\"_blank\" rel=\"noreferrer noopener\">Instru\u00e7\u00f5es para<\/a> Internet Explorer&nbsp;<\/p>\n\n\n\n<p class=\"\"><a href=\"http:\/\/windows.microsoft.com\/en-us\/windows-10\/edge-privacy-faq\" target=\"_blank\" rel=\"noreferrer noopener\"><\/a><a href=\"https:\/\/support.google.com\/accounts\/answer\/61416?hl=en\" target=\"_blank\" rel=\"noreferrer noopener\">Instru\u00e7\u00f5es para<\/a> Microsoft Edge&nbsp;<\/p>\n\n\n\n<p class=\"\">Os cookies melhoram sua experi\u00eancia em nosso site e recomendamos que voc\u00ea os deixe ativados.<\/p>\n\n\n\n<p class=\"\">Nossos cookies<\/p>\n\n\n\n<p class=\"\">Cookies essenciais<\/p>\n\n\n\n<p class=\"\">Eles s\u00e3o necess\u00e1rios para que nosso site funcione. Se voc\u00ea optar por desativar os cookies para nosso site, n\u00e3o poder\u00e1 usar muitos dos recursos.<\/p>\n\n\n\n<p class=\"\">Exemplos incluem:<\/p>\n\n\n\n<p class=\"\">Cookies de sess\u00e3o que lembram suas a\u00e7\u00f5es enquanto voc\u00ea navega em nossos sites.<\/p>\n\n\n\n<p class=\"\">Cookies de seguran\u00e7a que verificam a validade de suas a\u00e7\u00f5es durante sua visita, ajudando a manter nossos sites e servi\u00e7os seguros e protegidos.<\/p>\n\n\n\n<p class=\"\">Cookies de an\u00e1lise e desempenho<\/p>\n\n\n\n<p class=\"\">Esses cookies nos ajudam a coletar informa\u00e7\u00f5es sobre como voc\u00ea usa nossos sites ao longo do tempo; as \u00e1reas que voc\u00ea visita, o tempo gasto em nossos sites e problemas e erros que voc\u00ea pode encontrar. Essas informa\u00e7\u00f5es nos ajudam a melhorar continuamente as informa\u00e7\u00f5es que fornecemos e o desempenho de nossos sites e servi\u00e7os.<\/p>\n\n\n\n<p class=\"\">Cookies de recursos e servi\u00e7os<\/p>\n\n\n\n<p class=\"\">Usamos recursos e servi\u00e7os fornecidos por terceiros que podem definir cookies em nosso nome. Normalmente, esses servi\u00e7os s\u00e3o incorporados em nossas p\u00e1ginas da web para fornecer funcionalidades como reprodutores de v\u00eddeo e ferramentas de compartilhamento de m\u00eddia social. Esses servi\u00e7os de terceiros podem definir seus pr\u00f3prios cookies, que n\u00e3o podemos controlar ou acessar.<\/p>\n\n\n\n<p class=\"\">Por exemplo, esses servi\u00e7os nos permitem fornecer uma experi\u00eancia personalizada com base em suas visitas anteriores ou localiza\u00e7\u00e3o, permitem que voc\u00ea comente facilmente em nossas postagens de blog usando sua conta do Facebook, interaja com ferramentas sociais ou preencha campos em nossos formul\u00e1rios on-line de forma conveniente.<\/p>\n\n\n\n<p class=\"\">Cookies de publicidade e marketing<\/p>\n\n\n\n<p class=\"\">Esses cookies s\u00e3o usados \u200b\u200bpara medir a efic\u00e1cia da publicidade e fornecer conte\u00fado relevante aos seus interesses. Eles podem ser usados \u200b\u200bpara fornecer publicidade comportamental\/direcionada em outros sites que voc\u00ea visita ou para destacar conte\u00fado e servi\u00e7os que consideramos de seu interesse com base em sua atividade em nossos sites e\/ou outros sites em nossas redes de publicidade.<\/p>\n\n\n\n<p class=\"\">Pixel Tags<\/p>\n\n\n\n<p class=\"\">Usamos pixel tags (clear gifs) que s\u00e3o compartilhados com terceiros para permitir certas atividades de marketing. As informa\u00e7\u00f5es que coletamos nos ajudam a direcionar an\u00fancios e promo\u00e7\u00f5es que aparecem em nosso site.<\/p>\n\n\n\n<p class=\"\">Assim como os cookies, as informa\u00e7\u00f5es que capturamos por meio de pixel tags n\u00e3o podem ser usadas para identific\u00e1-lo pessoalmente.<\/p>\n\n\n\n<p class=\"\">Se voc\u00ea tiver alguma d\u00favida, entre em contato conosco.<\/p>\n\n\n\n<p class=\"\">Usamos o AdRoll para veicular an\u00fancios para retargeting e publicidade. Para ver mais informa\u00e7\u00f5es sobre como seus dados pessoais s\u00e3o usados, clique no link a seguir: https:\/\/www.adrollgroup.com\/privac<em>y<\/em>&nbsp;<\/p>\n<\/div>\n<\/div>\n","protected":false},"excerpt":{"rendered":"<p>Pol\u00edtica de Cookies Centros de L\u00edngua Inglesa da EC O que \u00e9 um cookie? Cookies s\u00e3o pequenos arquivos de texto<\/p>\n","protected":false},"author":12,"featured_media":0,"parent":0,"menu_order":0,"comment_status":"closed","ping_status":"closed","template":"","meta":{"_acf_changed":false,"_trash_the_other_posts":false,"footnotes":""},"page_category":[],"activity_category":[],"activity_location":[],"course_category":[],"destination_age_group":[],"destination_category":[],"lesson_category":[],"class_list":["post-4170","page","type-page","status-publish","hentry"],"acf":[],"yoast_head":"<!-- This site is optimized with the Yoast SEO plugin v26.8 - https:\/\/yoast.com\/product\/yoast-seo-wordpress\/ -->\n<title>EC English - Pol\u00edtica de cookies<\/title>\n<meta name=\"description\" content=\"Pol\u00edtica de Cookies da EC English School. Usamos cookies para tornar nosso site mais f\u00e1cil de usar e para tornar o conte\u00fado que voc\u00ea v\u00ea mais relevante.\" \/>\n<meta name=\"robots\" content=\"index, follow, max-snippet:-1, max-image-preview:large, max-video-preview:-1\" \/>\n<link rel=\"canonical\" href=\"https:\/\/ecenglish.com\/pt\/condicoes-de-cookies\/\" \/>\n<meta property=\"og:locale\" content=\"en_US\" \/>\n<meta property=\"og:type\" content=\"article\" \/>\n<meta property=\"og:title\" content=\"EC English - Pol\u00edtica de cookies\" \/>\n<meta property=\"og:description\" content=\"Pol\u00edtica de Cookies da EC English School. Usamos cookies para tornar nosso site mais f\u00e1cil de usar e para tornar o conte\u00fado que voc\u00ea v\u00ea mais relevante.\" \/>\n<meta property=\"og:url\" content=\"https:\/\/ecenglish.com\/pt\/condicoes-de-cookies\/\" \/>\n<meta property=\"og:site_name\" content=\"EC English ( PT )\" \/>\n<meta property=\"article:modified_time\" content=\"2025-03-20T15:00:02+00:00\" \/>\n<meta name=\"twitter:card\" content=\"summary_large_image\" \/>\n<meta name=\"twitter:label1\" content=\"Est. reading time\" \/>\n\t<meta name=\"twitter:data1\" content=\"3 minutes\" \/>\n<script type=\"application\/ld+json\" class=\"yoast-schema-graph\">{\"@context\":\"https:\/\/schema.org\",\"@graph\":[{\"@type\":\"WebPage\",\"@id\":\"https:\/\/ecenglish.com\/pt\/condicoes-de-cookies\/\",\"url\":\"https:\/\/ecenglish.com\/pt\/condicoes-de-cookies\/\",\"name\":\"EC English - Pol\u00edtica de cookies\",\"isPartOf\":{\"@id\":\"https:\/\/ecenglish.com\/pt\/#website\"},\"datePublished\":\"2025-01-21T14:16:27+00:00\",\"dateModified\":\"2025-03-20T15:00:02+00:00\",\"description\":\"Pol\u00edtica de Cookies da EC English School. Usamos cookies para tornar nosso site mais f\u00e1cil de usar e para tornar o conte\u00fado que voc\u00ea v\u00ea mais relevante.\",\"breadcrumb\":{\"@id\":\"https:\/\/ecenglish.com\/pt\/condicoes-de-cookies\/#breadcrumb\"},\"inLanguage\":\"en-US\",\"potentialAction\":[{\"@type\":\"ReadAction\",\"target\":[\"https:\/\/ecenglish.com\/pt\/condicoes-de-cookies\/\"]}]},{\"@type\":\"BreadcrumbList\",\"@id\":\"https:\/\/ecenglish.com\/pt\/condicoes-de-cookies\/#breadcrumb\",\"itemListElement\":[{\"@type\":\"ListItem\",\"position\":1,\"name\":\"Home\",\"item\":\"https:\/\/ecenglish.com\/pt\/\"},{\"@type\":\"ListItem\",\"position\":2,\"name\":\"Pol\u00edtica de Cookies\"}]},{\"@type\":\"WebSite\",\"@id\":\"https:\/\/ecenglish.com\/pt\/#website\",\"url\":\"https:\/\/ecenglish.com\/pt\/\",\"name\":\"EC English ( PT )\",\"description\":\"\",\"potentialAction\":[{\"@type\":\"SearchAction\",\"target\":{\"@type\":\"EntryPoint\",\"urlTemplate\":\"https:\/\/ecenglish.com\/pt\/?s={search_term_string}\"},\"query-input\":{\"@type\":\"PropertyValueSpecification\",\"valueRequired\":true,\"valueName\":\"search_term_string\"}}],\"inLanguage\":\"en-US\"}]}<\/script>\n<!-- \/ Yoast SEO plugin. -->","yoast_head_json":{"title":"EC English - Pol\u00edtica de cookies","description":"Pol\u00edtica de Cookies da EC English School. Usamos cookies para tornar nosso site mais f\u00e1cil de usar e para tornar o conte\u00fado que voc\u00ea v\u00ea mais relevante.","robots":{"index":"index","follow":"follow","max-snippet":"max-snippet:-1","max-image-preview":"max-image-preview:large","max-video-preview":"max-video-preview:-1"},"canonical":"https:\/\/ecenglish.com\/pt\/condicoes-de-cookies\/","og_locale":"en_US","og_type":"article","og_title":"EC English - Pol\u00edtica de cookies","og_description":"Pol\u00edtica de Cookies da EC English School. Usamos cookies para tornar nosso site mais f\u00e1cil de usar e para tornar o conte\u00fado que voc\u00ea v\u00ea mais relevante.","og_url":"https:\/\/ecenglish.com\/pt\/condicoes-de-cookies\/","og_site_name":"EC English ( PT )","article_modified_time":"2025-03-20T15:00:02+00:00","twitter_card":"summary_large_image","twitter_misc":{"Est. reading time":"3 minutes"},"schema":{"@context":"https:\/\/schema.org","@graph":[{"@type":"WebPage","@id":"https:\/\/ecenglish.com\/pt\/condicoes-de-cookies\/","url":"https:\/\/ecenglish.com\/pt\/condicoes-de-cookies\/","name":"EC English - Pol\u00edtica de cookies","isPartOf":{"@id":"https:\/\/ecenglish.com\/pt\/#website"},"datePublished":"2025-01-21T14:16:27+00:00","dateModified":"2025-03-20T15:00:02+00:00","description":"Pol\u00edtica de Cookies da EC English School. Usamos cookies para tornar nosso site mais f\u00e1cil de usar e para tornar o conte\u00fado que voc\u00ea v\u00ea mais relevante.","breadcrumb":{"@id":"https:\/\/ecenglish.com\/pt\/condicoes-de-cookies\/#breadcrumb"},"inLanguage":"en-US","potentialAction":[{"@type":"ReadAction","target":["https:\/\/ecenglish.com\/pt\/condicoes-de-cookies\/"]}]},{"@type":"BreadcrumbList","@id":"https:\/\/ecenglish.com\/pt\/condicoes-de-cookies\/#breadcrumb","itemListElement":[{"@type":"ListItem","position":1,"name":"Home","item":"https:\/\/ecenglish.com\/pt\/"},{"@type":"ListItem","position":2,"name":"Pol\u00edtica de Cookies"}]},{"@type":"WebSite","@id":"https:\/\/ecenglish.com\/pt\/#website","url":"https:\/\/ecenglish.com\/pt\/","name":"EC English ( PT )","description":"","potentialAction":[{"@type":"SearchAction","target":{"@type":"EntryPoint","urlTemplate":"https:\/\/ecenglish.com\/pt\/?s={search_term_string}"},"query-input":{"@type":"PropertyValueSpecification","valueRequired":true,"valueName":"search_term_string"}}],"inLanguage":"en-US"}]}},"_links":{"self":[{"href":"https:\/\/ecenglish.com\/pt\/wp-json\/wp\/v2\/pages\/4170","targetHints":{"allow":["GET"]}}],"collection":[{"href":"https:\/\/ecenglish.com\/pt\/wp-json\/wp\/v2\/pages"}],"about":[{"href":"https:\/\/ecenglish.com\/pt\/wp-json\/wp\/v2\/types\/page"}],"author":[{"embeddable":true,"href":"https:\/\/ecenglish.com\/pt\/wp-json\/wp\/v2\/users\/12"}],"replies":[{"embeddable":true,"href":"https:\/\/ecenglish.com\/pt\/wp-json\/wp\/v2\/comments?post=4170"}],"version-history":[{"count":12,"href":"https:\/\/ecenglish.com\/pt\/wp-json\/wp\/v2\/pages\/4170\/revisions"}],"predecessor-version":[{"id":16013,"href":"https:\/\/ecenglish.com\/pt\/wp-json\/wp\/v2\/pages\/4170\/revisions\/16013"}],"wp:attachment":[{"href":"https:\/\/ecenglish.com\/pt\/wp-json\/wp\/v2\/media?parent=4170"}],"wp:term":[{"taxonomy":"page_category","embeddable":true,"href":"https:\/\/ecenglish.com\/pt\/wp-json\/wp\/v2\/page_category?post=4170"},{"taxonomy":"activity_category","embeddable":true,"href":"https:\/\/ecenglish.com\/pt\/wp-json\/wp\/v2\/activity_category?post=4170"},{"taxonomy":"activity_location","embeddable":true,"href":"https:\/\/ecenglish.com\/pt\/wp-json\/wp\/v2\/activity_location?post=4170"},{"taxonomy":"course_category","embeddable":true,"href":"https:\/\/ecenglish.com\/pt\/wp-json\/wp\/v2\/course_category?post=4170"},{"taxonomy":"destination_age_group","embeddable":true,"href":"https:\/\/ecenglish.com\/pt\/wp-json\/wp\/v2\/destination_age_group?post=4170"},{"taxonomy":"destination_category","embeddable":true,"href":"https:\/\/ecenglish.com\/pt\/wp-json\/wp\/v2\/destination_category?post=4170"},{"taxonomy":"lesson_category","embeddable":true,"href":"https:\/\/ecenglish.com\/pt\/wp-json\/wp\/v2\/lesson_category?post=4170"}],"curies":[{"name":"wp","href":"https:\/\/api.w.org\/{rel}","templated":true}]}}