{"id":4632,"date":"2025-01-23T11:32:38","date_gmt":"2025-01-23T11:32:38","guid":{"rendered":"https:\/\/ecenglish.com\/pt\/?page_id=4632"},"modified":"2025-03-20T10:20:49","modified_gmt":"2025-03-20T10:20:49","slug":"condicoes-de-alojamento","status":"publish","type":"page","link":"https:\/\/ecenglish.com\/pt\/condicoes\/condicoes-de-alojamento\/","title":{"rendered":"Pol\u00edticas das Acomoda\u00e7\u00f5es"},"content":{"rendered":"\n<div class=\"wp-block-group alignwide has-global-padding is-layout-constrained wp-block-group-is-layout-constrained\" style=\"padding-top:var(--wp--preset--spacing--xs);padding-bottom:var(--wp--preset--spacing--xs)\">\n<div class=\"wp-block-group alignwide has-global-padding is-content-justification-left is-layout-constrained wp-container-core-group-is-layout-12dd3699 wp-block-group-is-layout-constrained\"><div class=\"yoast-breadcrumbs\"><span><span><a href=\"https:\/\/ecenglish.com\/pt\/\">Home<\/a><\/span> <svg viewBox=\"0 0 4 6\" xmlns=\"http:\/\/www.w3.org\/2000\/svg\"><path d=\"M.863 1.78a.659.659 0 0 1 0-.937.673.673 0 0 1 .946 0l1.976 1.96a.727.727 0 0 1 0 1.032l-1.97 1.953a.673.673 0 0 1-1.091-.215.659.659 0 0 1 .145-.723l1.545-1.531L.863 1.78Z\"\/><\/svg> <span><a href=\"https:\/\/ecenglish.com\/pt\/condicoes\/\">Policy Documents<\/a><\/span> <svg viewBox=\"0 0 4 6\" xmlns=\"http:\/\/www.w3.org\/2000\/svg\"><path d=\"M.863 1.78a.659.659 0 0 1 0-.937.673.673 0 0 1 .946 0l1.976 1.96a.727.727 0 0 1 0 1.032l-1.97 1.953a.673.673 0 0 1-1.091-.215.659.659 0 0 1 .145-.723l1.545-1.531L.863 1.78Z\"\/><\/svg> <span class=\"breadcrumb_last\" aria-current=\"page\">Pol\u00edticas das Acomoda\u00e7\u00f5es<\/span><\/span><\/div><\/div>\n<\/div>\n\n\n\n<div class=\"wp-block-group alignwide has-global-padding is-layout-constrained wp-block-group-is-layout-constrained\" style=\"margin-top:var(--wp--preset--spacing--xxl);margin-bottom:var(--wp--preset--spacing--xxl)\">\n<div class=\"wp-block-group alignwide is-layout-flow wp-container-core-group-is-layout-07b55995 wp-block-group-is-layout-flow\" style=\"margin-top:0;margin-bottom:0\">\n<h1 class=\"wp-block-heading\"><strong><strong>Pol\u00edticas das Acomoda\u00e7\u00f5es<\/strong><\/strong><\/h1>\n\n\n\n<h2 class=\"wp-block-heading\"><strong><strong>Termos e Condi\u00e7\u00f5es para estudantes da EC<\/strong><\/strong><\/h2>\n\n\n\n<p style=\"padding-top:var(--wp--preset--spacing--s);padding-bottom:var(--wp--preset--spacing--s)\" class=\"\">POL\u00cdTICAS DE ACOMODA\u00c7\u00c3O&nbsp;<\/p>\n\n\n\n<ul class=\"wp-block-list\">\n<li>Estudantes que chegam em casa de fam\u00edlia ou resid\u00eancia entre 22h00 e 08h00 podem ser solicitados a reservar acomoda\u00e7\u00e3o alternativa em um hotel na primeira noite devido \u00e0 chegada tardia\/antecipada na acomoda\u00e7\u00e3o. Algumas op\u00e7\u00f5es de acomoda\u00e7\u00e3o podem cobrar sobretaxas\/taxas de chegada tardia. Essas informa\u00e7\u00f5es est\u00e3o dispon\u00edveis no momento da reserva.<\/li>\n\n\n\n<li>Um dep\u00f3sito de moradia reembols\u00e1vel pode ser cobrado na chegada de alunos que estejam hospedados em acomoda\u00e7\u00f5es residenciais. Observe que as taxas de dep\u00f3sito variam de acordo com a localiza\u00e7\u00e3o da escola e a taxa e o procedimento est\u00e3o listados no folheto informativo da Resid\u00eancia.<\/li>\n\n\n\n<li>Uma semana parcial entre 3 e 6 noites ser\u00e1 cobrada como acomoda\u00e7\u00e3o de 1 semana. Estadias de 1 ou 2 noites est\u00e3o sujeitas \u00e0 disponibilidade e o pre\u00e7o noturno ser\u00e1 aplicado.<\/li>\n\n\n\n<li>Sempre que poss\u00edvel, requisitos diet\u00e9ticos especiais ser\u00e3o acomodados. A disponibilidade e quaisquer taxas aplic\u00e1veis \u200b\u200bser\u00e3o confirmadas mediante solicita\u00e7\u00e3o.<\/li>\n\n\n\n<li>A EC pode usar parceiros cuidadosamente selecionados para acomodar os alunos em provedores de hospedagem adequados.<\/li>\n\n\n\n<li>Caso a EC receba resultados positivos do pedido de visto menos de 7 dias \u00fateis antes da chegada, a EC reserva-se o direito de oferecer acomoda\u00e7\u00e3o alternativa, o que pode incorrer em custos adicionais.<\/li>\n\n\n\n<li>Caso o dia da chegada seja adiado devido a atrasos nos pedidos de visto, a CE n\u00e3o pode garantir a aloca\u00e7\u00e3o original da acomoda\u00e7\u00e3o.<\/li>\n\n\n\n<li>Caso a EC tenha incorrido em quaisquer custos na reserva de acomoda\u00e7\u00e3o para o aluno devido a altera\u00e7\u00f5es no status do visto, a EC reserva-se o direito de repassar esses custos.<\/li>\n\n\n\n<li>Extens\u00f5es de acomoda\u00e7\u00e3o ap\u00f3s a chegada est\u00e3o sujeitas \u00e0 disponibilidade e n\u00e3o podem ser garantidas. Observe que extens\u00f5es de \u00faltima hora podem estar sujeitas a um aumento de pre\u00e7o.<\/li>\n\n\n\n<li>Os pedidos de acomoda\u00e7\u00e3o para o pr\u00f3ximo ano civil ser\u00e3o cotados nas taxas do ano seguinte. Se a EC descontinuar a oferta do produto de acomoda\u00e7\u00e3o confirmado, as escolas oferecer\u00e3o uma alternativa compar\u00e1vel.<\/li>\n\n\n\n<li>Solicita\u00e7\u00f5es de acomoda\u00e7\u00e3o com mais de 2 anos de anteced\u00eancia s\u00f3 poder\u00e3o ser confirmadas, pois a estadia em casa de fam\u00edlia ser\u00e1 confirmada nas tarifas do ano seguinte.<\/li>\n\n\n\n<li>A taxa do ano de reserva para adiamentos s\u00f3 pode ser garantida por at\u00e9 12 meses a partir da data de in\u00edcio da reserva original. No caso de a EC interromper a oferta do produto de acomoda\u00e7\u00e3o confirmado, as escolas oferecer\u00e3o uma alternativa compar\u00e1vel. Se a reserva for adiada ainda mais, novas taxas ser\u00e3o aplicadas e os alunos ser\u00e3o solicitados a pagar a diferen\u00e7a por qualquer atualiza\u00e7\u00e3o.<\/li>\n\n\n\n<li>N\u00e3o garantimos acomoda\u00e7\u00f5es compartilhadas de um \u00fanico g\u00eanero. No entanto, os alunos que compartilham o mesmo quarto ser\u00e3o do mesmo g\u00eanero. Exce\u00e7\u00f5es podem ser feitas para casais adultos ou irm\u00e3os viajando para uma casa de fam\u00edlia\/resid\u00eancia pedindo para serem acomodados no mesmo quarto. Solicita\u00e7\u00f5es para irm\u00e3os de g\u00eaneros mistos para compartilhar a mesma casa de fam\u00edlia onde um ou ambos s\u00e3o menores de idade podem ser permitidas caso a caso.<\/li>\n\n\n\n<li>As escolas far\u00e3o todos os esfor\u00e7os para garantir que os alunos n\u00e3o sejam designados para compartilhar um quarto\/apartamento com falantes da mesma l\u00edngua. No entanto, isso \u00e9 baseado na disponibilidade e pode n\u00e3o ser operacionalmente poss\u00edvel. Planos de pagamento dispon\u00edveis para alunos de longo prazo<\/li>\n<\/ul>\n\n\n\n<p class=\"\"><strong>POL\u00cdTICAS DE ACOMODA\u00c7\u00c3O PARA MENORES (MENORES DE 18 ANOS)<\/strong>&nbsp;<\/p>\n\n\n\n<ul class=\"wp-block-list\">\n<li>Ao se hospedar em acomoda\u00e7\u00f5es da CE, o menor de 18 anos (U18) deve residir no mesmo quarto que o pai\/m\u00e3e ou respons\u00e1vel.<\/li>\n\n\n\n<li>Solicita\u00e7\u00f5es para irm\u00e3os de g\u00eaneros diferentes compartilharem a mesma casa de fam\u00edlia, quando um ou ambos s\u00e3o menores de idade, podem ser permitidas caso a caso.<\/li>\n\n\n\n<li>Menores de idade devem reservar uma acomoda\u00e7\u00e3o com meia pens\u00e3o com a EC durante a estadia at\u00e9 completarem 18 anos. Quarto duplo se dois alunos viajando juntos forem do mesmo sexo. Exce\u00e7\u00f5es ser\u00e3o feitas somente quando menores ficarem em acomoda\u00e7\u00f5es com seus pais ou respons\u00e1veis \u200b\u200blegais com 25 anos de idade ou mais (conforme indicado e confirmado pelo formul\u00e1rio de consentimento parental fornecido). Alunos reservados em um curso para adultos e que n\u00e3o estejam viajando com um dos pais ou respons\u00e1vel e que cheguem ou partam entre 20:00 e 8:00 devem comprar transfer\u00eancias pela EC<\/li>\n<\/ul>\n\n\n\n<p class=\"\"><strong>EXPULS\u00c3O<\/strong>&nbsp;<\/p>\n\n\n\n<p class=\"\">A EC reserva-se o direito de expulsar alunos de um curso da EC e\/ou alojamento da EC por comportamento inaceit\u00e1vel ou ilegal ou falta de comparecimento. Nenhum reembolso ser\u00e1 dado, e quaisquer taxas n\u00e3o pagas se tornar\u00e3o imediatamente pag\u00e1veis \u200b\u200b(excluindo EUA e Vancouver). A repatria\u00e7\u00e3o \u00e9 por conta do aluno. Alunos expulsos de um curso da EC n\u00e3o s\u00e3o mais eleg\u00edveis para alojamento da EC. Pol\u00edticas de reembolso de alojamento ser\u00e3o aplicadas. A EC tem uma pol\u00edtica de toler\u00e2ncia zero para discrimina\u00e7\u00e3o, intimida\u00e7\u00e3o e ass\u00e9dio no local de trabalho, sala de aula e acomoda\u00e7\u00e3o. A EC espera que os alunos se comportem de uma maneira que seja atenciosa com aqueles ao seu redor. Conduta inapropriada inclui, mas n\u00e3o est\u00e1 limitada a:<\/p>\n\n\n\n<ol class=\"wp-block-list\">\n<li>interrup\u00e7\u00f5es no ambiente de aprendizagem ou no ambiente de vida fornecido pela CE (ou seja, uso de palavr\u00f5es, ass\u00e9dio, etc.)<\/li>\n<\/ol>\n\n\n\n<p class=\"\">2. destrui\u00e7\u00e3o deliberada, uso indevido ou roubo de propriedade da EC, acomoda\u00e7\u00f5es da EC ou propriedade de colegas de classe, anfitri\u00f5es de casas de fam\u00edlia ou colegas de casa.<\/p>\n\n\n\n<p class=\"\">3. viol\u00eancia ou amea\u00e7as de viol\u00eancia contra pessoas ou propriedades de alunos ou funcion\u00e1rios da escola.<\/p>\n\n\n\n<p class=\"\">4. ass\u00e9dio sexual, incluindo investidas indesejadas ou qualquer outro comportamento inapropriado de natureza sexual.<\/p>\n\n\n\n<p class=\"\">5. uso indevido de e-mail ou acesso \u00e0 Internet.<\/p>\n\n\n\n<p class=\"\">6. n\u00e3o cumprimento das leis de direitos autorais.<\/p>\n\n\n\n<p class=\"\">7. uso de drogas (incluindo maconha, quando legal) ou \u00e1lcool nas instala\u00e7\u00f5es da CE, incluindo alojamentos da CE e\/ou quando menor de idade<\/p>\n\n\n\n<p class=\"\"><strong>DANOS \u00c0 PROPRIEDADE<\/strong>&nbsp;<\/p>\n\n\n\n<p class=\"\">Os alunos devem pagar o custo total de qualquer dano que causarem \u00e0 propriedade. Dep\u00f3sitos de danos podem ser aplicados a certas op\u00e7\u00f5es de acomoda\u00e7\u00e3o. Eles s\u00e3o pagos no check-in ou no primeiro dia de aula.<\/p>\n\n\n\n<p class=\"\"><strong>RESPONSABILIDADE<\/strong>&nbsp;<\/p>\n\n\n\n<p class=\"\">A EC e sua equipe e representantes n\u00e3o ser\u00e3o respons\u00e1veis \u200b\u200bpor perdas, danos ou ferimentos a pessoas ou propriedades, independentemente de como causados, exceto quando a responsabilidade for expressamente imposta por lei. A EC n\u00e3o ser\u00e1 respons\u00e1vel no caso de qualquer servi\u00e7o contratado para ser fornecido pela EC se tornar imposs\u00edvel de ser fornecido por qualquer motivo ou qualquer causa fora do controle da EC.<\/p>\n\n\n\n<p class=\"\"><strong>CANCELAMENTO DE ACOMODA\u00c7\u00c3O ANTES DA CHEGADA<\/strong>&nbsp;<\/p>\n\n\n\n<p class=\"\">Estudantes que cancelarem ou adiarem 14 dias ou menos antes das datas de acomoda\u00e7\u00e3o, por motivos que n\u00e3o sejam a nega\u00e7\u00e3o do visto, ser\u00e3o cobrados uma taxa de acomoda\u00e7\u00e3o de duas semanas na taxa citada na lista de pre\u00e7os para a acomoda\u00e7\u00e3o reservada e a taxa de coloca\u00e7\u00e3o da acomoda\u00e7\u00e3o. A acomoda\u00e7\u00e3o reservada pela EC que n\u00e3o esteja sujeita aos termos de cancelamento padr\u00e3o deve ser cancelada ou adiada de acordo com os termos de cancelamento citados no momento da reserva para evitar uma taxa de cancelamento, que pode equivaler \u00e0 taxa total da estadia. Consulte tamb\u00e9m os Termos e Condi\u00e7\u00f5es para cada resid\u00eancia, que est\u00e3o dispon\u00edveis nas folhas de dados relevantes encontradas em ecenglish.com ou verifique com seu representante da EC.<\/p>\n\n\n\n<p class=\"\"><strong>CANCELAMENTO DE ACOMODA\u00c7\u00c3O, REDU\u00c7\u00c3O AP\u00d3S CHEGADA OU \u201cNO SHOWS\u201d<\/strong>&nbsp;<\/p>\n\n\n\n<p class=\"\">Os alunos que deixarem suas acomoda\u00e7\u00f5es devem dar aviso por escrito 4 semanas antes do t\u00e9rmino. Se o per\u00edodo de aviso de 4 semanas n\u00e3o for fornecido, uma taxa de cancelamento igual a 4 semanas do custo da acomoda\u00e7\u00e3o ser\u00e1 aplicada. Ap\u00f3s deduzir o pre\u00e7o da acomoda\u00e7\u00e3o usada na tarifa cotada na lista de pre\u00e7os, incluindo o per\u00edodo de aviso necess\u00e1rio cobrado na mesma tarifa, os alunos ser\u00e3o reembolsados \u200b\u200bpelos custos restantes da acomoda\u00e7\u00e3o. Observa\u00e7\u00e3o: certas op\u00e7\u00f5es de acomoda\u00e7\u00e3o podem estar sujeitas a taxas de cancelamento alternativas. Caso sejam diferentes das acima, os alunos ser\u00e3o notificados no momento da reserva. Consulte tamb\u00e9m os Termos e Condi\u00e7\u00f5es para cada resid\u00eancia, que est\u00e3o dispon\u00edveis nas fichas t\u00e9cnicas relevantes encontradas no site de nossos Parceiros ou verifique com seu representante da EC.<\/p>\n\n\n\n<p class=\"\"><strong>MUDAN\u00c7AS NA ACOMODA\u00c7\u00c3O<\/strong>&nbsp;<\/p>\n\n\n\n<p class=\"\">A EC reserva-se o direito de cobrar uma taxa administrativa de US$ 150\/50 GBP\/80 EUR cada vez que a acomoda\u00e7\u00e3o for alterada ou adiada ap\u00f3s a EC confirmar a acomoda\u00e7\u00e3o solicitada.&nbsp;u adiada ap\u00f3s a EC confirmar a acomoda\u00e7\u00e3o solicitada.\u00a0\u00a0<\/p>\n\n\n\n<p style=\"padding-top:var(--wp--preset--spacing--s);padding-bottom:var(--wp--preset--spacing--s)\" class=\"\"><\/p>\n<\/div>\n<\/div>\n","protected":false},"excerpt":{"rendered":"<p>Pol\u00edticas das Acomoda\u00e7\u00f5es Termos e Condi\u00e7\u00f5es para estudantes da EC POL\u00cdTICAS DE ACOMODA\u00c7\u00c3O&nbsp; POL\u00cdTICAS DE ACOMODA\u00c7\u00c3O PARA MENORES (MENORES DE<\/p>\n","protected":false},"author":9,"featured_media":0,"parent":4215,"menu_order":0,"comment_status":"closed","ping_status":"closed","template":"","meta":{"_acf_changed":false,"_trash_the_other_posts":false,"footnotes":""},"page_category":[],"activity_category":[],"activity_location":[],"course_category":[],"destination_age_group":[],"destination_category":[],"lesson_category":[],"class_list":["post-4632","page","type-page","status-publish","hentry"],"acf":[],"yoast_head":"<!-- This site is optimized with the Yoast SEO plugin v26.8 - https:\/\/yoast.com\/product\/yoast-seo-wordpress\/ -->\n<title>Pol\u00edtica de acomoda\u00e7\u00e3o EC English<\/title>\n<meta name=\"description\" content=\"T&amp;Cs e pol\u00edticas de alojamento da EC English\" \/>\n<meta name=\"robots\" content=\"index, follow, max-snippet:-1, max-image-preview:large, max-video-preview:-1\" \/>\n<link rel=\"canonical\" href=\"https:\/\/ecenglish.com\/pt\/condicoes\/condicoes-de-alojamento\/\" \/>\n<meta property=\"og:locale\" content=\"en_US\" \/>\n<meta property=\"og:type\" content=\"article\" \/>\n<meta property=\"og:title\" content=\"Pol\u00edtica de acomoda\u00e7\u00e3o EC English\" \/>\n<meta property=\"og:description\" content=\"T&amp;Cs e pol\u00edticas de alojamento da EC English\" \/>\n<meta property=\"og:url\" content=\"https:\/\/ecenglish.com\/pt\/condicoes\/condicoes-de-alojamento\/\" \/>\n<meta property=\"og:site_name\" content=\"EC English ( PT )\" \/>\n<meta property=\"article:modified_time\" content=\"2025-03-20T10:20:49+00:00\" \/>\n<meta name=\"twitter:card\" content=\"summary_large_image\" \/>\n<meta name=\"twitter:label1\" content=\"Est. reading time\" \/>\n\t<meta name=\"twitter:data1\" content=\"6 minutes\" \/>\n<script type=\"application\/ld+json\" class=\"yoast-schema-graph\">{\"@context\":\"https:\/\/schema.org\",\"@graph\":[{\"@type\":\"WebPage\",\"@id\":\"https:\/\/ecenglish.com\/pt\/condicoes\/condicoes-de-alojamento\/\",\"url\":\"https:\/\/ecenglish.com\/pt\/condicoes\/condicoes-de-alojamento\/\",\"name\":\"Pol\u00edtica de acomoda\u00e7\u00e3o EC English\",\"isPartOf\":{\"@id\":\"https:\/\/ecenglish.com\/pt\/#website\"},\"datePublished\":\"2025-01-23T11:32:38+00:00\",\"dateModified\":\"2025-03-20T10:20:49+00:00\",\"description\":\"T&Cs e pol\u00edticas de alojamento da EC English\",\"breadcrumb\":{\"@id\":\"https:\/\/ecenglish.com\/pt\/condicoes\/condicoes-de-alojamento\/#breadcrumb\"},\"inLanguage\":\"en-US\",\"potentialAction\":[{\"@type\":\"ReadAction\",\"target\":[\"https:\/\/ecenglish.com\/pt\/condicoes\/condicoes-de-alojamento\/\"]}]},{\"@type\":\"BreadcrumbList\",\"@id\":\"https:\/\/ecenglish.com\/pt\/condicoes\/condicoes-de-alojamento\/#breadcrumb\",\"itemListElement\":[{\"@type\":\"ListItem\",\"position\":1,\"name\":\"Home\",\"item\":\"https:\/\/ecenglish.com\/pt\/\"},{\"@type\":\"ListItem\",\"position\":2,\"name\":\"Policy Documents\",\"item\":\"https:\/\/ecenglish.com\/pt\/condicoes\/\"},{\"@type\":\"ListItem\",\"position\":3,\"name\":\"Pol\u00edticas das Acomoda\u00e7\u00f5es\"}]},{\"@type\":\"WebSite\",\"@id\":\"https:\/\/ecenglish.com\/pt\/#website\",\"url\":\"https:\/\/ecenglish.com\/pt\/\",\"name\":\"EC English ( PT )\",\"description\":\"\",\"potentialAction\":[{\"@type\":\"SearchAction\",\"target\":{\"@type\":\"EntryPoint\",\"urlTemplate\":\"https:\/\/ecenglish.com\/pt\/?s={search_term_string}\"},\"query-input\":{\"@type\":\"PropertyValueSpecification\",\"valueRequired\":true,\"valueName\":\"search_term_string\"}}],\"inLanguage\":\"en-US\"}]}<\/script>\n<!-- \/ Yoast SEO plugin. -->","yoast_head_json":{"title":"Pol\u00edtica de acomoda\u00e7\u00e3o EC English","description":"T&Cs e pol\u00edticas de alojamento da EC English","robots":{"index":"index","follow":"follow","max-snippet":"max-snippet:-1","max-image-preview":"max-image-preview:large","max-video-preview":"max-video-preview:-1"},"canonical":"https:\/\/ecenglish.com\/pt\/condicoes\/condicoes-de-alojamento\/","og_locale":"en_US","og_type":"article","og_title":"Pol\u00edtica de acomoda\u00e7\u00e3o EC English","og_description":"T&Cs e pol\u00edticas de alojamento da EC English","og_url":"https:\/\/ecenglish.com\/pt\/condicoes\/condicoes-de-alojamento\/","og_site_name":"EC English ( PT )","article_modified_time":"2025-03-20T10:20:49+00:00","twitter_card":"summary_large_image","twitter_misc":{"Est. reading time":"6 minutes"},"schema":{"@context":"https:\/\/schema.org","@graph":[{"@type":"WebPage","@id":"https:\/\/ecenglish.com\/pt\/condicoes\/condicoes-de-alojamento\/","url":"https:\/\/ecenglish.com\/pt\/condicoes\/condicoes-de-alojamento\/","name":"Pol\u00edtica de acomoda\u00e7\u00e3o EC English","isPartOf":{"@id":"https:\/\/ecenglish.com\/pt\/#website"},"datePublished":"2025-01-23T11:32:38+00:00","dateModified":"2025-03-20T10:20:49+00:00","description":"T&Cs e pol\u00edticas de alojamento da EC English","breadcrumb":{"@id":"https:\/\/ecenglish.com\/pt\/condicoes\/condicoes-de-alojamento\/#breadcrumb"},"inLanguage":"en-US","potentialAction":[{"@type":"ReadAction","target":["https:\/\/ecenglish.com\/pt\/condicoes\/condicoes-de-alojamento\/"]}]},{"@type":"BreadcrumbList","@id":"https:\/\/ecenglish.com\/pt\/condicoes\/condicoes-de-alojamento\/#breadcrumb","itemListElement":[{"@type":"ListItem","position":1,"name":"Home","item":"https:\/\/ecenglish.com\/pt\/"},{"@type":"ListItem","position":2,"name":"Policy Documents","item":"https:\/\/ecenglish.com\/pt\/condicoes\/"},{"@type":"ListItem","position":3,"name":"Pol\u00edticas das Acomoda\u00e7\u00f5es"}]},{"@type":"WebSite","@id":"https:\/\/ecenglish.com\/pt\/#website","url":"https:\/\/ecenglish.com\/pt\/","name":"EC English ( PT )","description":"","potentialAction":[{"@type":"SearchAction","target":{"@type":"EntryPoint","urlTemplate":"https:\/\/ecenglish.com\/pt\/?s={search_term_string}"},"query-input":{"@type":"PropertyValueSpecification","valueRequired":true,"valueName":"search_term_string"}}],"inLanguage":"en-US"}]}},"_links":{"self":[{"href":"https:\/\/ecenglish.com\/pt\/wp-json\/wp\/v2\/pages\/4632","targetHints":{"allow":["GET"]}}],"collection":[{"href":"https:\/\/ecenglish.com\/pt\/wp-json\/wp\/v2\/pages"}],"about":[{"href":"https:\/\/ecenglish.com\/pt\/wp-json\/wp\/v2\/types\/page"}],"author":[{"embeddable":true,"href":"https:\/\/ecenglish.com\/pt\/wp-json\/wp\/v2\/users\/9"}],"replies":[{"embeddable":true,"href":"https:\/\/ecenglish.com\/pt\/wp-json\/wp\/v2\/comments?post=4632"}],"version-history":[{"count":12,"href":"https:\/\/ecenglish.com\/pt\/wp-json\/wp\/v2\/pages\/4632\/revisions"}],"predecessor-version":[{"id":15994,"href":"https:\/\/ecenglish.com\/pt\/wp-json\/wp\/v2\/pages\/4632\/revisions\/15994"}],"up":[{"embeddable":true,"href":"https:\/\/ecenglish.com\/pt\/wp-json\/wp\/v2\/pages\/4215"}],"wp:attachment":[{"href":"https:\/\/ecenglish.com\/pt\/wp-json\/wp\/v2\/media?parent=4632"}],"wp:term":[{"taxonomy":"page_category","embeddable":true,"href":"https:\/\/ecenglish.com\/pt\/wp-json\/wp\/v2\/page_category?post=4632"},{"taxonomy":"activity_category","embeddable":true,"href":"https:\/\/ecenglish.com\/pt\/wp-json\/wp\/v2\/activity_category?post=4632"},{"taxonomy":"activity_location","embeddable":true,"href":"https:\/\/ecenglish.com\/pt\/wp-json\/wp\/v2\/activity_location?post=4632"},{"taxonomy":"course_category","embeddable":true,"href":"https:\/\/ecenglish.com\/pt\/wp-json\/wp\/v2\/course_category?post=4632"},{"taxonomy":"destination_age_group","embeddable":true,"href":"https:\/\/ecenglish.com\/pt\/wp-json\/wp\/v2\/destination_age_group?post=4632"},{"taxonomy":"destination_category","embeddable":true,"href":"https:\/\/ecenglish.com\/pt\/wp-json\/wp\/v2\/destination_category?post=4632"},{"taxonomy":"lesson_category","embeddable":true,"href":"https:\/\/ecenglish.com\/pt\/wp-json\/wp\/v2\/lesson_category?post=4632"}],"curies":[{"name":"wp","href":"https:\/\/api.w.org\/{rel}","templated":true}]}}