{"id":4682,"date":"2025-01-23T11:58:24","date_gmt":"2025-01-23T11:58:24","guid":{"rendered":"https:\/\/ecenglish.com\/pt\/?page_id=4682"},"modified":"2025-02-21T02:17:58","modified_gmt":"2025-02-21T02:17:58","slug":"condicoes-de-interrupcao-de-sessao","status":"publish","type":"page","link":"https:\/\/ecenglish.com\/pt\/condicoes\/condicoes-de-interrupcao-de-sessao\/","title":{"rendered":"Pol\u00edtica de Intervalo de Sess\u00e3o"},"content":{"rendered":"\n<div class=\"wp-block-group alignwide has-global-padding is-layout-constrained wp-block-group-is-layout-constrained\" style=\"padding-top:var(--wp--preset--spacing--xs);padding-bottom:var(--wp--preset--spacing--xs)\">\n<div class=\"wp-block-group alignwide has-global-padding is-content-justification-left is-layout-constrained wp-container-core-group-is-layout-12dd3699 wp-block-group-is-layout-constrained\"><div class=\"yoast-breadcrumbs\"><span><span><a href=\"https:\/\/ecenglish.com\/pt\/\">Home<\/a><\/span> <svg viewBox=\"0 0 4 6\" xmlns=\"http:\/\/www.w3.org\/2000\/svg\"><path d=\"M.863 1.78a.659.659 0 0 1 0-.937.673.673 0 0 1 .946 0l1.976 1.96a.727.727 0 0 1 0 1.032l-1.97 1.953a.673.673 0 0 1-1.091-.215.659.659 0 0 1 .145-.723l1.545-1.531L.863 1.78Z\"\/><\/svg> <span><a href=\"https:\/\/ecenglish.com\/pt\/condicoes\/\">Policy Documents<\/a><\/span> <svg viewBox=\"0 0 4 6\" xmlns=\"http:\/\/www.w3.org\/2000\/svg\"><path d=\"M.863 1.78a.659.659 0 0 1 0-.937.673.673 0 0 1 .946 0l1.976 1.96a.727.727 0 0 1 0 1.032l-1.97 1.953a.673.673 0 0 1-1.091-.215.659.659 0 0 1 .145-.723l1.545-1.531L.863 1.78Z\"\/><\/svg> <span class=\"breadcrumb_last\" aria-current=\"page\">Pol\u00edtica de Intervalo de Sess\u00e3o<\/span><\/span><\/div><\/div>\n<\/div>\n\n\n\n<div class=\"wp-block-group alignwide has-global-padding is-layout-constrained wp-block-group-is-layout-constrained\" style=\"margin-top:var(--wp--preset--spacing--xxl);margin-bottom:var(--wp--preset--spacing--xxl)\">\n<div class=\"wp-block-group alignwide is-layout-flow wp-container-core-group-is-layout-07b55995 wp-block-group-is-layout-flow\" style=\"margin-top:0;margin-bottom:0\">\n<h1 class=\"wp-block-heading\"><strong><strong>Pol\u00edtica de Intervalo de Sess\u00e3o<\/strong><\/strong><\/h1>\n\n\n\n<p style=\"padding-top:var(--wp--preset--spacing--s);padding-bottom:var(--wp--preset--spacing--s)\" class=\"\">Estudantes de longo prazo estudando em todos os centros EC s\u00e3o bem-vindos para fazer uma pausa na sess\u00e3o para aproveitar algum tempo livre viajando ou voltando para casa para uma visita curta. Deve-se observar que as regras de pausa na sess\u00e3o variam de acordo com o local e s\u00e3o baseadas nos regulamentos de visto locais. Os alunos que retornam de sua pausa na sess\u00e3o n\u00e3o podem esperar retornar \u00e0 mesma classe, professor ou acomoda\u00e7\u00e3o. Nenhum cr\u00e9dito \u00e9 dado para acomoda\u00e7\u00e3o durante as pausas na sess\u00e3o. Os alunos que precisam de um visto para estudo devem garantir que seu visto seja emitido para as datas corretas para incluir quaisquer pausas na sess\u00e3o.<\/p>\n\n\n\n<p class=\"\">As pol\u00edticas de intervalo de sess\u00e3o por local podem ser encontradas abaixo. Para mais perguntas, fale com seu contato do EC.<\/p>\n\n\n\n<p class=\"\"><strong>Estudantes que estudam na EC Malta com visto de turista e permanecem por 90 dias<\/strong>:<\/p>\n\n\n\n<ul class=\"wp-block-list\">\n<li>Os alunos devem estar matriculados em um curso de 8 semanas ou mais para se qualificarem para uma pausa na sess\u00e3o.<\/li>\n<\/ul>\n\n\n\n<ul class=\"wp-block-list\">\n<li>Os alunos que reservarem um curso de 8 a 23 semanas ter\u00e3o direito a um intervalo m\u00e1ximo de 2 semanas.<\/li>\n<\/ul>\n\n\n\n<p class=\"\"><strong>Estudantes que estudam na EC UK, EC Canada, EC Malta (visto de n\u00e3o turista) e EC \u00c1frica do Sul:<\/strong><\/p>\n\n\n\n<ul class=\"wp-block-list\">\n<li>Os alunos devem estar matriculados em um curso de pelo menos 12 semanas para se qualificarem para uma pausa na sess\u00e3o.<\/li>\n<\/ul>\n\n\n\n<ul class=\"wp-block-list\">\n<li>Os alunos que reservaram um curso de 12 a 23 semanas podem ter um intervalo m\u00e1ximo de 2 semanas.<\/li>\n<\/ul>\n\n\n\n<ul class=\"wp-block-list\">\n<li>Os alunos que reservaram 24 semanas ou mais podem ter um intervalo m\u00e1ximo de 4 semanas na sess\u00e3o.<\/li>\n<\/ul>\n\n\n\n<ul class=\"wp-block-list\">\n<li>Alunos com frequ\u00eancia de 80% ou menos n\u00e3o podem solicitar intervalo de sess\u00e3o.<\/li>\n<\/ul>\n\n\n\n<ul class=\"wp-block-list\">\n<li>Os alunos podem usar as semanas de intervalo separadamente ou de uma s\u00f3 vez.<\/li>\n<\/ul>\n\n\n\n<ul class=\"wp-block-list\">\n<li>Os alunos podem usar o intervalo da sess\u00e3o a qualquer momento, exceto durante a prepara\u00e7\u00e3o para o exame.<\/li>\n<\/ul>\n\n\n\n<ul class=\"wp-block-list\">\n<li>Os alunos devem avisar com 2 semanas de anteced\u00eancia.<\/li>\n<\/ul>\n\n\n\n<ul class=\"wp-block-list\">\n<li>Os alunos s\u00e3o os \u00fanicos respons\u00e1veis \u200b\u200bpor garantir que seu visto seja emitido para as datas corretas, incluindo qualquer intervalo de sess\u00e3o.<\/li>\n<\/ul>\n\n\n\n<ul class=\"wp-block-list\">\n<li>As semanas de estudo s\u00e3o adiadas, n\u00e3o perdidas, desde que haja um aviso pr\u00e9vio de 2 semanas (no caso de acomoda\u00e7\u00e3o, a pol\u00edtica de cancelamento da EC \u00e9 seguida, especialmente para aqueles em resid\u00eancias estudantis. Nenhum cr\u00e9dito \u00e9 dado para acomoda\u00e7\u00e3o).<\/li>\n<\/ul>\n\n\n\n<ul class=\"wp-block-list\">\n<li>O n\u00famero de semanas de estudo necess\u00e1rias entre as f\u00e9rias \u00e9 de 4 semanas.<\/li>\n<\/ul>\n\n\n\n<p class=\"\"><strong>Alunos que estudam na EC Dublin:\u00a0<\/strong><\/p>\n\n\n\n<ul class=\"wp-block-list\">\n<li>Os alunos devem estar matriculados em um curso de 8 semanas ou mais para se qualificarem para uma pausa na sess\u00e3o.<\/li>\n<\/ul>\n\n\n\n<ul class=\"wp-block-list\">\n<li>Os alunos da UE\/WHV que reservarem um curso de 8 a 12 semanas ter\u00e3o direito a um intervalo de sess\u00e3o igual a um ter\u00e7o do curso. (at\u00e9 4 semanas)<\/li>\n<\/ul>\n\n\n\n<ul class=\"wp-block-list\">\n<li>Os alunos da UE\/WHV que reservarem um curso de 13 a 24 semanas ter\u00e3o direito a um intervalo de sess\u00e3o igual a um ter\u00e7o do curso (at\u00e9 8 semanas)<\/li>\n<\/ul>\n\n\n\n<ul class=\"wp-block-list\">\n<li>Ano acad\u00eamico fora da UE\/alunos do ILEP com mais de 25 semanas t\u00eam direito a f\u00e9rias de acordo com os regulamentos do INIS. * Veja abaixo.<\/li>\n<\/ul>\n\n\n\n<ul class=\"wp-block-list\">\n<li>Os alunos devem ter um n\u00edvel de frequ\u00eancia geral de 85% ou superior para se qualificarem para um intervalo de sess\u00e3o (se reservado durante o curso)<\/li>\n<\/ul>\n\n\n\n<ul class=\"wp-block-list\">\n<li>Os alunos devem avisar com 2 semanas de anteced\u00eancia ao reservar um intervalo de sess\u00e3o.<\/li>\n<\/ul>\n\n\n\n<ul class=\"wp-block-list\">\n<li>Intervalos de sess\u00e3o podem ser solicitados via MyEC e por e-mail.<\/li>\n<\/ul>\n\n\n\n<ul class=\"wp-block-list\">\n<li>N\u00e3o \u00e9 poss\u00edvel marcar intervalos de sess\u00e3o durante a prepara\u00e7\u00e3o para o exame.<\/li>\n<\/ul>\n\n\n\n<ul class=\"wp-block-list\">\n<li>As semanas de estudo s\u00e3o adiadas, n\u00e3o perdidas, desde que seja dado um aviso pr\u00e9vio de 2 semanas (no caso de acomoda\u00e7\u00e3o, a pol\u00edtica de cancelamento da EC \u00e9 seguida especialmente para aqueles em resid\u00eancias estudantis. Nenhum cr\u00e9dito \u00e9 dado para acomoda\u00e7\u00e3o).<\/li>\n<\/ul>\n\n\n\n<ul class=\"wp-block-list\">\n<li>Os alunos s\u00e3o os \u00fanicos respons\u00e1veis \u200b\u200bpor garantir que seu visto seja emitido para as datas corretas, incluindo quaisquer intervalos de sess\u00e3o.<\/li>\n<\/ul>\n\n\n\n<ul class=\"wp-block-list\">\n<li>Estudantes que precisam de visto (n\u00e3o permiss\u00e3o de perman\u00eancia) devem solicitar um visto m\u00faltiplo\/de reentrada antes de providenciar sua sa\u00edda da Irlanda.<\/li>\n<\/ul>\n\n\n\n<p class=\"\"><strong>As informa\u00e7\u00f5es sobre estudantes n\u00e3o pertencentes \u00e0 UE na Irlanda contidas neste documento foram retiradas da Declara\u00e7\u00e3o de Pol\u00edtica do INIS em 14.9.2018<\/strong><\/p>\n\n\n\n<p class=\"\"><strong>UE \/ Estudantes de F\u00e9rias de Trabalho<\/strong><\/p>\n\n\n\n<ul class=\"wp-block-list\">\n<li>Conforme a pol\u00edtica de intervalo de sess\u00e3o da EC.<\/li>\n<\/ul>\n\n\n\n<ul class=\"wp-block-list\">\n<li>O visto de trabalho e f\u00e9rias deve ser fornecido antes da reserva das f\u00e9rias.<\/li>\n<\/ul>\n\n\n\n<ul class=\"wp-block-list\">\n<li>OBSERVA\u00c7\u00c3O: Os alunos da WHV podem estudar por at\u00e9 6 meses apenas.<\/li>\n<\/ul>\n\n\n\n<p class=\"\"><strong>Estudantes com visto obrigat\u00f3rio e isen\u00e7\u00e3o de visto (permiss\u00e3o para ficar):<\/strong><\/p>\n\n\n\n<ul class=\"wp-block-list\">\n<li>Em conformidade com a pol\u00edtica da EC<\/li>\n<\/ul>\n\n\n\n<p class=\"\"><strong>Adicional<\/strong><\/p>\n\n\n\n<ul class=\"wp-block-list\">\n<li>No momento da matr\u00edcula, os alunos receber\u00e3o um cronograma escrito descrevendo os hor\u00e1rios e datas das aulas di\u00e1rias e semanais.<\/li>\n<\/ul>\n\n\n\n<ul class=\"wp-block-list\">\n<li>O cronograma do programa, incluindo os per\u00edodos de f\u00e9rias, ser\u00e1 descrito nas cartas dos alunos, fornecidas antes do registro de imigra\u00e7\u00e3o. \u202f-\u202fAs cartas podem ser solicitadas atrav\u00e9s do MyEC e recolhidas na recep\u00e7\u00e3o da EC Dublin no prazo de 24 a 48 horas ap\u00f3s a solicita\u00e7\u00e3o.\u00a0<br>o\u202f\u202fCartas de emerg\u00eancia podem ser fornecidas mediante solicita\u00e7\u00e3o.<\/li>\n<\/ul>\n\n\n\n<ul class=\"wp-block-list\">\n<li>Os per\u00edodos de f\u00e9rias devem ser reservados antes do registro de imigra\u00e7\u00e3o via MyEC ou e-mail:<br>o\u202f\u202fSe poss\u00edvel, os per\u00edodos de f\u00e9rias devem ser reservados durante a inscri\u00e7\u00e3o<br>o\u202f\u202fOs per\u00edodos de f\u00e9rias n\u00e3o reservados durante a inscri\u00e7\u00e3o devem ser confirmados por e-mail ou solicita\u00e7\u00e3o do MyEC antes da coleta da documenta\u00e7\u00e3o de registro do INIS.<br>o\u202f \u202fOs pedidos de f\u00e9rias ser\u00e3o aprovados pelo Diretor de Estudos ou Diretor do Centro em conformidade com os requisitos do INIS.<\/li>\n<\/ul>\n\n\n\n<ul class=\"wp-block-list\">\n<li>N\u00e3o \u00e9 poss\u00edvel reservar f\u00e9rias nas primeiras 8 semanas do programa.<\/li>\n<\/ul>\n\n\n\n<ul class=\"wp-block-list\">\n<li>O per\u00edodo de f\u00e9rias n\u00e3o pode exceder 1\/3 do total de semanas decorridas:<br>o\u202f Por exemplo, 10 semanas estudadas = 3 semanas de f\u00e9rias permitidas.<br>o\u202f 12 semanas = 4 semanas de f\u00e9rias permitidas.<\/li>\n<\/ul>\n\n\n\n<ul class=\"wp-block-list\">\n<li>Quaisquer altera\u00e7\u00f5es de hor\u00e1rio ser\u00e3o acordadas com os alunos com anteced\u00eancia.<\/li>\n<\/ul>\n\n\n\n<ul class=\"wp-block-list\">\n<li>N\u00e3o ser\u00e3o permitidas pausas n\u00e3o programadas, exceto em casos documentados de doen\u00e7a ou luto familiar pr\u00f3ximo e de acordo com as regras do GNIB.\u00a0<br>o\u202f As circunst\u00e2ncias em que essas solicita\u00e7\u00f5es podem ser consideradas podem ser encontradas na Pol\u00edtica de Doen\u00e7a.<br>o\u202f Os crit\u00e9rios para aceitar ou recusar uma solicita\u00e7\u00e3o ser\u00e3o documentados, incluindo o processo de tomada de decis\u00e3o.<br>o\u202f O nome da pessoa respons\u00e1vel por tomar tais decis\u00f5es ser\u00e1 documentado e disponibilizado publicamente.<\/li>\n<\/ul>\n\n\n\n<p class=\"\"><em><strong>As informa\u00e7\u00f5es sobre f\u00e9rias acima foram escritas em conformidade com os requisitos do INIS e substituir\u00e3o a pol\u00edtica escolar no caso de alunos com visto obrigat\u00f3rio e isentos de visto.<\/strong><\/em><\/p>\n\n\n\n<p class=\"\"><strong>Estudantes que estudam nos centros EC EUA com um visto de estudante F-1:<\/strong><\/p>\n\n\n\n<ul class=\"wp-block-list\">\n<li>Os alunos devem estar matriculados em um curso de 12 semanas ou mais para se qualificarem para uma pausa na sess\u00e3o.<\/li>\n<\/ul>\n\n\n\n<ul class=\"wp-block-list\">\n<li>Os alunos podem tirar at\u00e9 duas semanas de intervalo de sess\u00e3o ap\u00f3s terem completado 12 semanas consecutivas de estudo. Os intervalos n\u00e3o podem ser combinados e, caso o aluno opte por n\u00e3o tirar as 2 semanas completas dispon\u00edveis, a segunda semana ser\u00e1 perdida.<\/li>\n<\/ul>\n\n\n\n<ul class=\"wp-block-list\">\n<li>Os alunos devem ter pelo menos 4 semanas de cursos reservadas e pagas ao retornar das f\u00e9rias.<\/li>\n<\/ul>\n\n\n\n<ul class=\"wp-block-list\">\n<li>Os alunos devem ter frequ\u00eancia geral de 80% ou mais para se qualificarem para um intervalo de sess\u00e3o.<\/li>\n<\/ul>\n\n\n\n<ul class=\"wp-block-list\">\n<li>Os alunos n\u00e3o podem aproveitar o intervalo da sess\u00e3o durante a prepara\u00e7\u00e3o para o exame.\u00a0<\/li>\n<\/ul>\n\n\n\n<ul class=\"wp-block-list\">\n<li>Alunos transferidos de um EC Center para outro sem intervalo entre os locais podem contar as semanas em seu primeiro centro em dire\u00e7\u00e3o \u00e0s suas 12 semanas de estudo cont\u00ednuo. Se um aluno escolher fazer um intervalo entre os locais, ele deve fazer 12 semanas de estudo cont\u00ednuo em seu novo centro antes de ser eleg\u00edvel para um intervalo de sess\u00e3o.<\/li>\n<\/ul>\n\n\n\n<ul class=\"wp-block-list\">\n<li>Os alunos devem avisar com 2 semanas de anteced\u00eancia antes de fazer uma pausa na sess\u00e3o.\u00a0<\/li>\n<\/ul>\n\n\n\n<ul class=\"wp-block-list\">\n<li>Os alunos que planejam deixar o pa\u00eds durante as f\u00e9rias precisar\u00e3o da assinatura do DSO da escola para viajar.<\/li>\n<\/ul>\n\n\n\n<ul class=\"wp-block-list\">\n<li>Estudantes que planejam deixar o pa\u00eds e t\u00eam menos de 80% de frequ\u00eancia t\u00eam permiss\u00e3o para sair, desde que cancelemos o I-20 atual e emitamos um I-20 para seu retorno. O c\u00e1lculo de frequ\u00eancia ser\u00e1 reiniciado assim que eles retornarem com o novo I-20.<\/li>\n<\/ul>\n\n\n\n<p style=\"padding-top:var(--wp--preset--spacing--s);padding-bottom:var(--wp--preset--spacing--s)\" class=\"\">Os alunos que precisam retornar ao seu pa\u00eds de origem por uma emerg\u00eancia familiar\/m\u00e9dica podem tirar uma licen\u00e7a de at\u00e9 5 meses fora dos EUA. Todas as licen\u00e7as devem ser aprovadas pelo DSO e s\u00e3o tratadas caso a caso. Os alunos em licen\u00e7a por mais de 6 semanas podem ser obrigados a refazer o teste de nivelamento e podem ser considerados uma nova reserva no retorno.<\/p>\n<\/div>\n<\/div>\n","protected":false},"excerpt":{"rendered":"<p>Pol\u00edtica de Intervalo de Sess\u00e3o Estudantes de longo prazo estudando em todos os centros EC s\u00e3o bem-vindos para fazer uma<\/p>\n","protected":false},"author":9,"featured_media":0,"parent":4215,"menu_order":0,"comment_status":"closed","ping_status":"closed","template":"","meta":{"_acf_changed":false,"_trash_the_other_posts":false,"footnotes":""},"page_category":[],"activity_category":[],"activity_location":[],"course_category":[],"destination_age_group":[],"destination_category":[],"lesson_category":[],"class_list":["post-4682","page","type-page","status-publish","hentry"],"acf":[],"yoast_head":"<!-- This site is optimized with the Yoast SEO plugin v26.8 - https:\/\/yoast.com\/product\/yoast-seo-wordpress\/ -->\n<title>Pol\u00edtica de intervalo das sess\u00f5es - EC English Schools<\/title>\n<meta name=\"description\" content=\"Pol\u00edticas de intervalo de sess\u00e3o por destino para alunos da EC English.\" \/>\n<meta name=\"robots\" content=\"index, follow, max-snippet:-1, max-image-preview:large, max-video-preview:-1\" \/>\n<link rel=\"canonical\" href=\"https:\/\/ecenglish.com\/pt\/condicoes\/condicoes-de-interrupcao-de-sessao\/\" \/>\n<meta property=\"og:locale\" content=\"en_US\" \/>\n<meta property=\"og:type\" content=\"article\" \/>\n<meta property=\"og:title\" content=\"Pol\u00edtica de intervalo das sess\u00f5es - EC English Schools\" \/>\n<meta property=\"og:description\" content=\"Pol\u00edticas de intervalo de sess\u00e3o por destino para alunos da EC English.\" \/>\n<meta property=\"og:url\" content=\"https:\/\/ecenglish.com\/pt\/condicoes\/condicoes-de-interrupcao-de-sessao\/\" \/>\n<meta property=\"og:site_name\" content=\"EC English ( PT )\" \/>\n<meta property=\"article:modified_time\" content=\"2025-02-21T02:17:58+00:00\" \/>\n<meta name=\"twitter:card\" content=\"summary_large_image\" \/>\n<meta name=\"twitter:label1\" content=\"Est. reading time\" \/>\n\t<meta name=\"twitter:data1\" content=\"7 minutes\" \/>\n<script type=\"application\/ld+json\" class=\"yoast-schema-graph\">{\"@context\":\"https:\/\/schema.org\",\"@graph\":[{\"@type\":\"WebPage\",\"@id\":\"https:\/\/ecenglish.com\/pt\/condicoes\/condicoes-de-interrupcao-de-sessao\/\",\"url\":\"https:\/\/ecenglish.com\/pt\/condicoes\/condicoes-de-interrupcao-de-sessao\/\",\"name\":\"Pol\u00edtica de intervalo das sess\u00f5es - EC English Schools\",\"isPartOf\":{\"@id\":\"https:\/\/ecenglish.com\/pt\/#website\"},\"datePublished\":\"2025-01-23T11:58:24+00:00\",\"dateModified\":\"2025-02-21T02:17:58+00:00\",\"description\":\"Pol\u00edticas de intervalo de sess\u00e3o por destino para alunos da EC English.\",\"breadcrumb\":{\"@id\":\"https:\/\/ecenglish.com\/pt\/condicoes\/condicoes-de-interrupcao-de-sessao\/#breadcrumb\"},\"inLanguage\":\"en-US\",\"potentialAction\":[{\"@type\":\"ReadAction\",\"target\":[\"https:\/\/ecenglish.com\/pt\/condicoes\/condicoes-de-interrupcao-de-sessao\/\"]}]},{\"@type\":\"BreadcrumbList\",\"@id\":\"https:\/\/ecenglish.com\/pt\/condicoes\/condicoes-de-interrupcao-de-sessao\/#breadcrumb\",\"itemListElement\":[{\"@type\":\"ListItem\",\"position\":1,\"name\":\"Home\",\"item\":\"https:\/\/ecenglish.com\/pt\/\"},{\"@type\":\"ListItem\",\"position\":2,\"name\":\"Policy Documents\",\"item\":\"https:\/\/ecenglish.com\/pt\/condicoes\/\"},{\"@type\":\"ListItem\",\"position\":3,\"name\":\"Pol\u00edtica de Intervalo de Sess\u00e3o\"}]},{\"@type\":\"WebSite\",\"@id\":\"https:\/\/ecenglish.com\/pt\/#website\",\"url\":\"https:\/\/ecenglish.com\/pt\/\",\"name\":\"EC English ( PT )\",\"description\":\"\",\"potentialAction\":[{\"@type\":\"SearchAction\",\"target\":{\"@type\":\"EntryPoint\",\"urlTemplate\":\"https:\/\/ecenglish.com\/pt\/?s={search_term_string}\"},\"query-input\":{\"@type\":\"PropertyValueSpecification\",\"valueRequired\":true,\"valueName\":\"search_term_string\"}}],\"inLanguage\":\"en-US\"}]}<\/script>\n<!-- \/ Yoast SEO plugin. -->","yoast_head_json":{"title":"Pol\u00edtica de intervalo das sess\u00f5es - EC English Schools","description":"Pol\u00edticas de intervalo de sess\u00e3o por destino para alunos da EC English.","robots":{"index":"index","follow":"follow","max-snippet":"max-snippet:-1","max-image-preview":"max-image-preview:large","max-video-preview":"max-video-preview:-1"},"canonical":"https:\/\/ecenglish.com\/pt\/condicoes\/condicoes-de-interrupcao-de-sessao\/","og_locale":"en_US","og_type":"article","og_title":"Pol\u00edtica de intervalo das sess\u00f5es - EC English Schools","og_description":"Pol\u00edticas de intervalo de sess\u00e3o por destino para alunos da EC English.","og_url":"https:\/\/ecenglish.com\/pt\/condicoes\/condicoes-de-interrupcao-de-sessao\/","og_site_name":"EC English ( PT )","article_modified_time":"2025-02-21T02:17:58+00:00","twitter_card":"summary_large_image","twitter_misc":{"Est. reading time":"7 minutes"},"schema":{"@context":"https:\/\/schema.org","@graph":[{"@type":"WebPage","@id":"https:\/\/ecenglish.com\/pt\/condicoes\/condicoes-de-interrupcao-de-sessao\/","url":"https:\/\/ecenglish.com\/pt\/condicoes\/condicoes-de-interrupcao-de-sessao\/","name":"Pol\u00edtica de intervalo das sess\u00f5es - EC English Schools","isPartOf":{"@id":"https:\/\/ecenglish.com\/pt\/#website"},"datePublished":"2025-01-23T11:58:24+00:00","dateModified":"2025-02-21T02:17:58+00:00","description":"Pol\u00edticas de intervalo de sess\u00e3o por destino para alunos da EC English.","breadcrumb":{"@id":"https:\/\/ecenglish.com\/pt\/condicoes\/condicoes-de-interrupcao-de-sessao\/#breadcrumb"},"inLanguage":"en-US","potentialAction":[{"@type":"ReadAction","target":["https:\/\/ecenglish.com\/pt\/condicoes\/condicoes-de-interrupcao-de-sessao\/"]}]},{"@type":"BreadcrumbList","@id":"https:\/\/ecenglish.com\/pt\/condicoes\/condicoes-de-interrupcao-de-sessao\/#breadcrumb","itemListElement":[{"@type":"ListItem","position":1,"name":"Home","item":"https:\/\/ecenglish.com\/pt\/"},{"@type":"ListItem","position":2,"name":"Policy Documents","item":"https:\/\/ecenglish.com\/pt\/condicoes\/"},{"@type":"ListItem","position":3,"name":"Pol\u00edtica de Intervalo de Sess\u00e3o"}]},{"@type":"WebSite","@id":"https:\/\/ecenglish.com\/pt\/#website","url":"https:\/\/ecenglish.com\/pt\/","name":"EC English ( PT )","description":"","potentialAction":[{"@type":"SearchAction","target":{"@type":"EntryPoint","urlTemplate":"https:\/\/ecenglish.com\/pt\/?s={search_term_string}"},"query-input":{"@type":"PropertyValueSpecification","valueRequired":true,"valueName":"search_term_string"}}],"inLanguage":"en-US"}]}},"_links":{"self":[{"href":"https:\/\/ecenglish.com\/pt\/wp-json\/wp\/v2\/pages\/4682","targetHints":{"allow":["GET"]}}],"collection":[{"href":"https:\/\/ecenglish.com\/pt\/wp-json\/wp\/v2\/pages"}],"about":[{"href":"https:\/\/ecenglish.com\/pt\/wp-json\/wp\/v2\/types\/page"}],"author":[{"embeddable":true,"href":"https:\/\/ecenglish.com\/pt\/wp-json\/wp\/v2\/users\/9"}],"replies":[{"embeddable":true,"href":"https:\/\/ecenglish.com\/pt\/wp-json\/wp\/v2\/comments?post=4682"}],"version-history":[{"count":12,"href":"https:\/\/ecenglish.com\/pt\/wp-json\/wp\/v2\/pages\/4682\/revisions"}],"predecessor-version":[{"id":14485,"href":"https:\/\/ecenglish.com\/pt\/wp-json\/wp\/v2\/pages\/4682\/revisions\/14485"}],"up":[{"embeddable":true,"href":"https:\/\/ecenglish.com\/pt\/wp-json\/wp\/v2\/pages\/4215"}],"wp:attachment":[{"href":"https:\/\/ecenglish.com\/pt\/wp-json\/wp\/v2\/media?parent=4682"}],"wp:term":[{"taxonomy":"page_category","embeddable":true,"href":"https:\/\/ecenglish.com\/pt\/wp-json\/wp\/v2\/page_category?post=4682"},{"taxonomy":"activity_category","embeddable":true,"href":"https:\/\/ecenglish.com\/pt\/wp-json\/wp\/v2\/activity_category?post=4682"},{"taxonomy":"activity_location","embeddable":true,"href":"https:\/\/ecenglish.com\/pt\/wp-json\/wp\/v2\/activity_location?post=4682"},{"taxonomy":"course_category","embeddable":true,"href":"https:\/\/ecenglish.com\/pt\/wp-json\/wp\/v2\/course_category?post=4682"},{"taxonomy":"destination_age_group","embeddable":true,"href":"https:\/\/ecenglish.com\/pt\/wp-json\/wp\/v2\/destination_age_group?post=4682"},{"taxonomy":"destination_category","embeddable":true,"href":"https:\/\/ecenglish.com\/pt\/wp-json\/wp\/v2\/destination_category?post=4682"},{"taxonomy":"lesson_category","embeddable":true,"href":"https:\/\/ecenglish.com\/pt\/wp-json\/wp\/v2\/lesson_category?post=4682"}],"curies":[{"name":"wp","href":"https:\/\/api.w.org\/{rel}","templated":true}]}}